{"id":59,"date":"2015-12-12T09:53:07","date_gmt":"2015-12-12T09:53:07","guid":{"rendered":"https:\/\/blogs.ua.es\/humanismouniversidad\/?page_id=59"},"modified":"2015-12-13T09:40:41","modified_gmt":"2015-12-13T09:40:41","slug":"renacimiento-humanismo","status":"publish","type":"page","link":"https:\/\/blogs.ua.es\/humanismouniversidad\/introduccion\/renacimiento-humanismo\/","title":{"rendered":"HUMANISMO-RENACIMIENTO"},"content":{"rendered":"<p style=\"text-align: justify\"><a href=\"https:\/\/blogs.ua.es\/humanismouniversidad\/files\/2015\/12\/289952434-af72740d94-o.jpg\"><img loading=\"lazy\" decoding=\"async\" class=\" wp-image-72 aligncenter\" src=\"https:\/\/blogs.ua.es\/humanismouniversidad\/files\/2015\/12\/289952434-af72740d94-o.jpg\" alt=\"289952434-af72740d94-o\" width=\"276\" height=\"267\" \/><\/a><\/p>\n<p style=\"text-align: justify\">\n<p style=\"text-align: justify\">Hemos visto que el cambio en la ideolog\u00eda de una sociedad fue el hecho detonante para que se puedan producir una serie de transformaciones que han conseguido marcar el origen de una nueva \u00e9poca hist\u00f3rica. Pero, vamos a concretar qu\u00e9 es lo que realmente consideramos por Humanismo y s\u00ed es lo mismo que entendemos por Renacimiento o uno deriva del otro.<\/p>\n<p style=\"text-align: justify\">La palabra \u201chumanista\u201d ya aparec\u00eda en <a href=\"https:\/\/es.wikipedia.org\/wiki\/Marco_Tulio_Cicer%C3%B3n\">Cicer\u00f3n<\/a>. Pero el valor que recibe hoy en d\u00eda viene definido sobre todo por su empleo en los <a href=\"https:\/\/es.wikipedia.org\/wiki\/Categor%C3%ADa:Escritores_de_Italia_del_siglo_XV\">escritores italianos del s. XV,<\/a> que ya se calificaban como verdaderos humanistas que rescataban la literatura del mundo antiguo escrita en lat\u00edn, griego o hebreo. La palabra \u201crenacimiento\u201d quiere decir \u201cvolver a nacer\u201d quiere volver a beber de la belleza est\u00e9tica y perfecci\u00f3n alcanzados en el <a href=\"https:\/\/es.wikipedia.org\/wiki\/Greco-romano\">mundo greco-romano<\/a>. Podemos decir que ambos t\u00e9rminos hacen alusi\u00f3n a un cambio en la ideolog\u00eda por lo que no podemos considerarles como simples hechos aislados surgidos de repente en una \u00e9poca y lugar. Podemos considerar el movimiento humanista como un episodio dentro del Renacimiento y en cierta manera precursor del mismo, centrado sobre todo en el \u00e1mbito literario, filol\u00f3gico y religioso mientras que el Renacimiento abarcar\u00eda m\u00e1s aspectos en si, como el art\u00edstico por ejemplo.<\/p>\n<p style=\"text-align: justify\"><a href=\"https:\/\/lu.linkedin.com\/in\/robertphilippart\">L. Philippart<\/a> define el humanismo como un movimiento est\u00e9tico filos\u00f3fico y religioso al mismo tiempo, preparado por las corrientes del pensamiento medieval, pero que se manifiesta como algo radicalmente diferente, aparecido en el s. XV en Italia y difundido en el s. XVI por toda Europa, caracterizado por un esfuerzo, a la vez individual y social por afirmar el valor del hombre y de su dignidad y fundar\u00a0 en su estudio <em>\u201cun modo de vida por el que el ser humano llegue a ser eterno\u201d<\/em>. Nos parece una buena definici\u00f3n ya que resalta el Humanismo como introductor de un enfoque antropoc\u00e9ntrico que prestigia la personalidad humana frente a la autoridad divina. Pero no hay que olvidar que en general, los humanistas descubrieron al hombre con Dios y no frente a \u00e9l. En esta \u00e9poca a\u00fan ser\u00eda absurdo oponer totalmente\u00a0 al Creador y criatura.<\/p>\n<p style=\"text-align: justify\">As\u00ed podemos decir que el humanismo se fundamenta en una herencia medieval aunque luego reaccione totalmente en su contra. Para la ense\u00f1anza de los j\u00f3venes bebe a\u00fan del <em><a href=\"http:\/\/www.triviumpursuit.com\/articles\/what_is_the_trivium_spanish.php\">Trivium<\/a><\/em> medieval (Gram\u00e1tica, Ret\u00f3rica, Dial\u00e9ctica) aunque ya enfocado en temas m\u00e1s renovadores como, la dignidad humana y la educaci\u00f3n, entendidos como medios para transformar el mundo. Se fundamente en un redescubrimiento de la antig\u00fcedad y en una filosof\u00eda propia del humanismo, donde la raz\u00f3n y el hombre se ponen en la balanza donde antes solo estaba fe y Dios. Destacando la <a href=\"https:\/\/es.wikipedia.org\/wiki\/Academia_de_Atenas\">escuela de Plat\u00f3n<\/a>, el <a href=\"https:\/\/es.wikipedia.org\/wiki\/Neoplatonismo\">neoplatonismo<\/a> y el m\u00e1s pol\u00e9mico <a href=\"http:\/\/www.mercaba.org\/DicFI\/A\/averroismo.htm\">averro\u00edsmo paduano <\/a>\u00a0que apostaba por una separaci\u00f3n total de la filosof\u00eda y de la fe. Se impart\u00eda con frecuencia en la universidad de Padua, mientras se aparentaba criticarla en nombre de la religi\u00f3n amenazada. Se trata de inicios de una filosof\u00eda que va enfocada m\u00e1s hacia el<a href=\"https:\/\/es.wikipedia.org\/wiki\/Racionalismo\"> racionalismo<\/a> en oposici\u00f3n a la <a href=\"https:\/\/es.wikipedia.org\/wiki\/Escol%C3%A1stica\">escol\u00e1stica<\/a> que dominaba todo el pensamiento medieval.<\/p>\n<p style=\"text-align: justify\"><a href=\"https:\/\/blogs.ua.es\/humanismouniversidad\/files\/2015\/12\/dedos.jpg\"><img loading=\"lazy\" decoding=\"async\" class=\" wp-image-90 aligncenter\" src=\"https:\/\/blogs.ua.es\/humanismouniversidad\/files\/2015\/12\/dedos-300x63.jpg\" alt=\"dedos\" width=\"711\" height=\"149\" srcset=\"https:\/\/blogs.ua.es\/humanismouniversidad\/files\/2015\/12\/dedos-300x63.jpg 300w, https:\/\/blogs.ua.es\/humanismouniversidad\/files\/2015\/12\/dedos.jpg 940w\" sizes=\"auto, (max-width: 711px) 100vw, 711px\" \/><\/a><\/p>\n","protected":false},"excerpt":{"rendered":"<p>Hemos visto que el cambio en la ideolog\u00eda de una sociedad fue el hecho detonante para que se puedan producir una serie de transformaciones que han conseguido marcar el origen de una nueva \u00e9poca hist\u00f3rica. Pero, vamos a concretar qu\u00e9 es lo que realmente consideramos por Humanismo y s\u00ed es lo mismo que entendemos por [&hellip;]<\/p>\n","protected":false},"author":3353,"featured_media":75,"parent":27,"menu_order":0,"comment_status":"closed","ping_status":"closed","template":"","meta":{"footnotes":""},"class_list":["post-59","page","type-page","status-publish","has-post-thumbnail","hentry"],"_links":{"self":[{"href":"https:\/\/blogs.ua.es\/humanismouniversidad\/wp-json\/wp\/v2\/pages\/59","targetHints":{"allow":["GET"]}}],"collection":[{"href":"https:\/\/blogs.ua.es\/humanismouniversidad\/wp-json\/wp\/v2\/pages"}],"about":[{"href":"https:\/\/blogs.ua.es\/humanismouniversidad\/wp-json\/wp\/v2\/types\/page"}],"author":[{"embeddable":true,"href":"https:\/\/blogs.ua.es\/humanismouniversidad\/wp-json\/wp\/v2\/users\/3353"}],"replies":[{"embeddable":true,"href":"https:\/\/blogs.ua.es\/humanismouniversidad\/wp-json\/wp\/v2\/comments?post=59"}],"version-history":[{"count":5,"href":"https:\/\/blogs.ua.es\/humanismouniversidad\/wp-json\/wp\/v2\/pages\/59\/revisions"}],"predecessor-version":[{"id":217,"href":"https:\/\/blogs.ua.es\/humanismouniversidad\/wp-json\/wp\/v2\/pages\/59\/revisions\/217"}],"up":[{"embeddable":true,"href":"https:\/\/blogs.ua.es\/humanismouniversidad\/wp-json\/wp\/v2\/pages\/27"}],"wp:featuredmedia":[{"embeddable":true,"href":"https:\/\/blogs.ua.es\/humanismouniversidad\/wp-json\/wp\/v2\/media\/75"}],"wp:attachment":[{"href":"https:\/\/blogs.ua.es\/humanismouniversidad\/wp-json\/wp\/v2\/media?parent=59"}],"curies":[{"name":"wp","href":"https:\/\/api.w.org\/{rel}","templated":true}]}}