{"id":61,"date":"2015-12-12T09:53:40","date_gmt":"2015-12-12T09:53:40","guid":{"rendered":"https:\/\/blogs.ua.es\/humanismouniversidad\/?page_id=61"},"modified":"2015-12-13T18:39:34","modified_gmt":"2015-12-13T18:39:34","slug":"los-vehiculos-del-humanismo","status":"publish","type":"page","link":"https:\/\/blogs.ua.es\/humanismouniversidad\/introduccion\/los-vehiculos-del-humanismo\/","title":{"rendered":"LOS VEH\u00cdCULOS DEL HUMANISMO"},"content":{"rendered":"<p style=\"text-align: justify\">A pesar de las fronteras y los sucesivos conflictos que enfrentaban a los pr\u00edncipes en la edad moderna, se han ido propagando las ideas defendidas por el humanismo. Es cierto que no afectaron en profundidad m\u00e1s que a una peque\u00f1a parte de la \u00e9lite intelectual de la \u00e9poca pero eso fue suficiente para que se perpetuara en la historia este gran cambio. Los veh\u00edculos que hicieron posible esta difusi\u00f3n \u00a0fueron la <a href=\"https:\/\/es.wikipedia.org\/wiki\/Imprenta\">imprenta de tipos m\u00f3viles<\/a> (inventada por <a href=\"https:\/\/es.wikipedia.org\/wiki\/Johannes_Gutenberg\">J. Gutenberg<\/a> hacia 1440 que supuso todo una revoluci\u00f3n cultural), los viajes (como los de <a href=\"https:\/\/es.wikipedia.org\/wiki\/Erasmo_de_R%C3%B3terdam\">Erasmo\u00a0de R\u00f3terdam\u00a0<\/a>\u00a0a Italia e Inglaterra) y claramente la ense\u00f1anza de las universidades, que es el tema que vamos a desarrollar en este blog.<\/p>\n<p style=\"text-align: justify\">Durante la \u00e9poca moderna se produjo una renovaci\u00f3n en todos los \u00e1mbitos de la ense\u00f1anza. En cuanto, a la ense\u00f1anza superior inicialmente planteaba una serie de problemas para sumergirse en estas renovaciones humanistas. Exist\u00edan universidades orgullosas de su antig\u00fcedad y de sus privilegios y no ve\u00edan con buenos ojos a los humanistas que criticaban su ense\u00f1anza esclerotizada. Por lo que se aposto en fundar nuevas universidades y renovar desde el interior a las ya existentes. Se fundaron universidades nuevas como la de <a href=\"https:\/\/es.wikipedia.org\/wiki\/Universidad_de_Alcal%C3%A1\">Alcal\u00e1 de Henares <\/a>fundada en 1509 por el <a href=\"https:\/\/es.wikipedia.org\/wiki\/Francisco_Jim%C3%A9nez_de_Cisneros\">cardenal Cisneros<\/a> con un cuerpo docente parcialmente reclutado en Italia, que enseguida se convirti\u00f3 en centro de irradiaci\u00f3n de <a href=\"https:\/\/es.wikipedia.org\/wiki\/Erasmismo\">erasmismo<\/a> en Espa\u00f1a. Tambi\u00e9n se consigui\u00f3 transformar desde dentro a las universidades m\u00e1s j\u00f3venes, \u00a0situando al frente a un hombre din\u00e1mico y convencido de las nuevas ideas, como por ejemplo en la <a href=\"https:\/\/es.wikipedia.org\/wiki\/Universidad_de_Viena\">universidad de Viena<\/a> fundada en 1465 y reformada por <a href=\"https:\/\/es.wikipedia.org\/wiki\/Conrad_Celtis\">Conrad Celtes<\/a>, antiguo alumno de <a href=\"https:\/\/es.wikipedia.org\/wiki\/Rodolphus_Agricola\">Rudolf Agricola<\/a>. En los siguientes apartados pasaremos a analizar m\u00e1s detalladamente \u00a0la estructura interna y externa de las universidades y veremos las semejanzas y las diferencias que han existido durante este periodo entre las universidades en distintos espacios geogr\u00e1ficos.<\/p>\n<p style=\"text-align: justify\">\u00a0 \u00a0\u00a0<a href=\"https:\/\/blogs.ua.es\/humanismouniversidad\/files\/2015\/12\/Buchdruck-15-jahrhundert_1.jpg\"><img loading=\"lazy\" decoding=\"async\" class=\"alignnone wp-image-83\" src=\"https:\/\/blogs.ua.es\/humanismouniversidad\/files\/2015\/12\/Buchdruck-15-jahrhundert_1-228x300.jpg\" alt=\"Buchdruck-15-jahrhundert_1\" width=\"212\" height=\"279\" srcset=\"https:\/\/blogs.ua.es\/humanismouniversidad\/files\/2015\/12\/Buchdruck-15-jahrhundert_1-228x300.jpg 228w, https:\/\/blogs.ua.es\/humanismouniversidad\/files\/2015\/12\/Buchdruck-15-jahrhundert_1.jpg 242w\" sizes=\"auto, (max-width: 212px) 100vw, 212px\" \/><\/a>\u00a0<a href=\"https:\/\/blogs.ua.es\/humanismouniversidad\/files\/2015\/12\/330px-Holbein-erasmus.jpg\"><img loading=\"lazy\" decoding=\"async\" class=\"alignnone wp-image-84\" src=\"https:\/\/blogs.ua.es\/humanismouniversidad\/files\/2015\/12\/330px-Holbein-erasmus-212x300.jpg\" alt=\"330px-Holbein-erasmus\" width=\"197\" height=\"279\" srcset=\"https:\/\/blogs.ua.es\/humanismouniversidad\/files\/2015\/12\/330px-Holbein-erasmus-212x300.jpg 212w, https:\/\/blogs.ua.es\/humanismouniversidad\/files\/2015\/12\/330px-Holbein-erasmus.jpg 330w\" sizes=\"auto, (max-width: 197px) 100vw, 197px\" \/><\/a><\/p>\n<p style=\"text-align: justify\"><em>\u00a0<a href=\"https:\/\/es.wikipedia.org\/wiki\/Imprenta\">Imprenta europea del s. XV<\/a> \u00a0 <span style=\"color: #000000\">\u00a0 \u00a0 \u00a0 \u00a0 \u00a0 \u00a0 \u00a0 \u00a0\u00a0 <\/span><a href=\"https:\/\/es.wikipedia.org\/wiki\/Erasmo_de_R%C3%B3terdam\">Erasmo de\u00a0R\u00f3terdam<\/a><br \/>\n<\/em><\/p>\n<p style=\"text-align: justify\">\u00a0<a href=\"https:\/\/blogs.ua.es\/humanismouniversidad\/files\/2015\/12\/UNIVER1-e1276530977720.jpg\"><img loading=\"lazy\" decoding=\"async\" class=\"wp-image-99 alignnone\" src=\"https:\/\/blogs.ua.es\/humanismouniversidad\/files\/2015\/12\/UNIVER1-e1276530977720-300x287.jpg\" alt=\"UNIVER1-e1276530977720\" width=\"286\" height=\"272\" \/><\/a><\/p>\n<p style=\"text-align: justify\"><em>\u00a0\u00a0 <a href=\"http:\/\/www.solomirar.com\/la-crisis-universitaria-y-bolonia\/#\">Incorporaci\u00f3n\u00a0de estudiantes a la universidad de Bolonia s. XV<\/a><\/em><\/p>\n<ul>\n<li style=\"text-align: justify\">Video explicativo sobre la imprenta de Gutenberg y su importancia para la transmisi\u00f3n cultural:<\/li>\n<\/ul>\n<p><a href=\"https:\/\/vimeo.com\/36214141\">https:\/\/vimeo.com\/36214141<\/a><\/p>\n<p style=\"text-align: justify\"><em>\u00a0(Fragmento de La serie de Documentales de History Channel llamados &#8220;Inventos y Genios de la Humanidad&#8221; DVD 2.<br \/>\nLa breve historia de como Gutenberg Ideo la primer imprenta.)<\/em><\/p>\n","protected":false},"excerpt":{"rendered":"<p>A pesar de las fronteras y los sucesivos conflictos que enfrentaban a los pr\u00edncipes en la edad moderna, se han ido propagando las ideas defendidas por el humanismo. Es cierto que no afectaron en profundidad m\u00e1s que a una peque\u00f1a parte de la \u00e9lite intelectual de la \u00e9poca pero eso fue suficiente para que se [&hellip;]<\/p>\n","protected":false},"author":3353,"featured_media":75,"parent":27,"menu_order":2,"comment_status":"closed","ping_status":"closed","template":"","meta":{"footnotes":""},"class_list":["post-61","page","type-page","status-publish","has-post-thumbnail","hentry"],"_links":{"self":[{"href":"https:\/\/blogs.ua.es\/humanismouniversidad\/wp-json\/wp\/v2\/pages\/61","targetHints":{"allow":["GET"]}}],"collection":[{"href":"https:\/\/blogs.ua.es\/humanismouniversidad\/wp-json\/wp\/v2\/pages"}],"about":[{"href":"https:\/\/blogs.ua.es\/humanismouniversidad\/wp-json\/wp\/v2\/types\/page"}],"author":[{"embeddable":true,"href":"https:\/\/blogs.ua.es\/humanismouniversidad\/wp-json\/wp\/v2\/users\/3353"}],"replies":[{"embeddable":true,"href":"https:\/\/blogs.ua.es\/humanismouniversidad\/wp-json\/wp\/v2\/comments?post=61"}],"version-history":[{"count":12,"href":"https:\/\/blogs.ua.es\/humanismouniversidad\/wp-json\/wp\/v2\/pages\/61\/revisions"}],"predecessor-version":[{"id":345,"href":"https:\/\/blogs.ua.es\/humanismouniversidad\/wp-json\/wp\/v2\/pages\/61\/revisions\/345"}],"up":[{"embeddable":true,"href":"https:\/\/blogs.ua.es\/humanismouniversidad\/wp-json\/wp\/v2\/pages\/27"}],"wp:featuredmedia":[{"embeddable":true,"href":"https:\/\/blogs.ua.es\/humanismouniversidad\/wp-json\/wp\/v2\/media\/75"}],"wp:attachment":[{"href":"https:\/\/blogs.ua.es\/humanismouniversidad\/wp-json\/wp\/v2\/media?parent=61"}],"curies":[{"name":"wp","href":"https:\/\/api.w.org\/{rel}","templated":true}]}}