{"id":109,"date":"2012-12-31T11:25:27","date_gmt":"2012-12-31T11:25:27","guid":{"rendered":"https:\/\/blogs.ua.es\/humanistaluisvives\/?page_id=109"},"modified":"2013-01-26T16:21:41","modified_gmt":"2013-01-26T16:21:41","slug":"05-biografia-de-luis-vives","status":"publish","type":"page","link":"https:\/\/blogs.ua.es\/humanistaluisvives\/05-biografia-de-luis-vives\/","title":{"rendered":"06 Biograf\u00eda de Juan Luis Vives"},"content":{"rendered":"<h2 style=\"text-align: justify\">Nacimiento de Juan Luis Vives<\/h2>\n<figure id=\"attachment_448\" aria-describedby=\"caption-attachment-448\" style=\"width: 286px\" class=\"wp-caption alignleft\"><a href=\"https:\/\/blogs.ua.es\/humanistaluisvives\/files\/2012\/12\/biograf\u00eda_Juan_Luis_Vives.jpg\"><img loading=\"lazy\" decoding=\"async\" class=\"size-medium wp-image-448\" src=\"https:\/\/blogs.ua.es\/humanistaluisvives\/files\/2012\/12\/biograf\u00eda_Juan_Luis_Vives-286x300.jpg\" alt=\"Biograf\u00eda Juan Luis Vives i March\" width=\"286\" height=\"300\" srcset=\"https:\/\/blogs.ua.es\/humanistaluisvives\/files\/2012\/12\/biograf\u00eda_Juan_Luis_Vives-286x300.jpg 286w, https:\/\/blogs.ua.es\/humanistaluisvives\/files\/2012\/12\/biograf\u00eda_Juan_Luis_Vives.jpg 340w\" sizes=\"auto, (max-width: 286px) 100vw, 286px\" \/><\/a><figcaption id=\"caption-attachment-448\" class=\"wp-caption-text\">Biograf\u00eda Juan Luis Vives i March<\/figcaption><\/figure>\n<p style=\"text-align: justify\"><strong>Juan Luis Vives March<\/strong>, m\u00e1ximo representante del humanismo espa\u00f1ol naci\u00f3 en 1492 en la <strong>ciudad de Valencia<\/strong>, el a\u00f1o en que los Reyes Cat\u00f3licos conquistan el ultimo reino nazar\u00ed de Granada, por lo que comienza un calvario para todo aquel que profese una religi\u00f3n distinta a la cristiana, tanto musulmanes como jud\u00edos tendr\u00e1n que exiliarse o convertirse al catolicismo para que la inquisici\u00f3n sea ben\u00e9vola.<br \/>\nLa familia de Luis ten\u00eda una gran importancia dentro del n\u00facleo de comerciantes jud\u00edos valencianos, poseyendo un estatus acomodado dentro de la capital del Turia.<\/p>\n<p style=\"text-align: justify\">Puesta en marcha una voraz inquisici\u00f3n por parte de los Reyes Cat\u00f3licos, la familia de<strong> Luis Vives<\/strong> se ve obligada a convertirse al <strong>cristianismo<\/strong> para as\u00ed salvar sus vidas y sus bienes, sin embargo siguen practicando el juda\u00edsmo de forma clandestina en una sinagoga cercana a su casa, de la que era un importante miembro un primo hermano de Juan Luis, <strong>Miguel Vives<\/strong>, quien es descubierto en plena liturgia por la inquisici\u00f3n junto con la madre de Juan Luis vives, inici\u00e1ndose as\u00ed un severo y largo proceso contra la familia Vives por parte de la Inquisici\u00f3n.<\/p>\n<h2 style=\"text-align: justify\">Estudios de Juan Luis Vives<\/h2>\n<figure id=\"attachment_449\" aria-describedby=\"caption-attachment-449\" style=\"width: 193px\" class=\"wp-caption alignleft\"><a href=\"https:\/\/blogs.ua.es\/humanistaluisvives\/files\/2012\/12\/juan_luis_vives_universidad.jpg\"><img loading=\"lazy\" decoding=\"async\" class=\"size-medium wp-image-449\" src=\"https:\/\/blogs.ua.es\/humanistaluisvives\/files\/2012\/12\/juan_luis_vives_universidad-193x300.jpg\" alt=\"Juan Luis Vives Humanista.\" width=\"193\" height=\"300\" srcset=\"https:\/\/blogs.ua.es\/humanistaluisvives\/files\/2012\/12\/juan_luis_vives_universidad-193x300.jpg 193w, https:\/\/blogs.ua.es\/humanistaluisvives\/files\/2012\/12\/juan_luis_vives_universidad.jpg 200w\" sizes=\"auto, (max-width: 193px) 100vw, 193px\" \/><\/a><figcaption id=\"caption-attachment-449\" class=\"wp-caption-text\">Juan Luis Vives Humanista.<\/figcaption><\/figure>\n<p style=\"text-align: justify\"><strong>Juan Luis Vives<\/strong> inicia sus estudios con quince a\u00f1os en la <strong>Universidad de Valencia<\/strong>, fundada cinco a\u00f1os antes y a la que asisti\u00f3 entre <strong>1507 y 1509<\/strong>, siendo en este ultimo a\u00f1o cuando el padre de Luis toma la decisi\u00f3n de enviarlo a la <strong>Universidad de la Sorbona<\/strong> para que contin\u00fae los estudios, ya que en Valencia los procesos inquisitoriales est\u00e1n tomando un cariz inapropiado para el joven Juan Luis Vives.<\/p>\n<p style=\"text-align: justify\">En 1512 termina sus estudios y se traslada a la ciudad de <strong>Brujas<\/strong> donde residen mercaderes valencianos y donde conocer\u00e1 a su futura mujer <strong>Margarina Valdaura<\/strong>.<\/p>\n<h2 style=\"text-align: justify\"><\/h2>\n<h2 style=\"text-align: justify\">Luis Vives, Humanista y Fil\u00f3sofo<\/h2>\n<p style=\"text-align: justify\">En la ciudad de Brujas en el a\u00f1o de 1526 recibir\u00e1 la noticia de que su padre es condenado y quemado por la inquisici\u00f3n, y los restos de su madre <strong>Blanca March<\/strong> muerta en 1508 son desenterrados y quemados en 1529. <strong>Luis Vives<\/strong> sumido en una gran depresi\u00f3n opta por trasladarse a <strong>Inglaterra<\/strong>, y en este periodo recibe la oferta para ense\u00f1ar humanismo en la <strong>Universidad de Alcal\u00e1 de Henares,<\/strong> puesto que rechaza por miedo a la inquisici\u00f3n.<\/p>\n<p style=\"text-align: justify\">En <strong>Inglaterra<\/strong> es elegido lector del colegio de <strong>Corpus Christi<\/strong> por el <strong>cardenal Wolsey<\/strong> y canciller de <strong>Enrique VII<\/strong>, viendo as\u00ed realizado su sue\u00f1o establecerse en una corte, \u00fanico lugar en que un humanista puede desarrollar su trabajo en el campo de la cultura, en el que intercambia amistad y opiniones con <strong>Tomas Moro<\/strong>, sin embargo no olvida a sus amigos flamencos como <strong>Erasmo de Rotterdam<\/strong> con quien manten\u00eda apasionadas discusiones sobre el humanismo. Vives volvi\u00f3 a Brujas en 1527 para reencontrarse con sus amigos, y realizar su obra &#8220;<strong>Tratado del socorro de los pobres<\/strong>&#8221; en la que analizaba y sistematizaba la organizaci\u00f3n de ayuda a los pobres y como deb\u00eda hacerse. Por ello se considera a Vives la primera persona en Europa en llevar a la practica un tratado de <strong>asistencia social<\/strong> y por tanto el precursor de los <strong>servicios sociales en Europa<\/strong> y de la consiguiente organizaci\u00f3n pol\u00edtico-social.<\/p>\n<p style=\"text-align: justify\">Los \u00faltimos a\u00f1os de su vida los dedico al estudio human\u00edstico, convirti\u00e9ndose en un <strong>reformador de la cultura europea<\/strong> y en un <strong>fil\u00f3sofo moralista<\/strong> de talla universal, proponiendo el <strong>estudio de las obras de Arist\u00f3teles<\/strong>. Su libro destinado a la ense\u00f1anza del lat\u00edn se publico en 65 ocasiones entre 1538 y 1649.<\/p>\n<p style=\"text-align: justify\">En 1529 su salud era ya muy delicada, padec\u00eda fuertes dolores de cabeza, una \u00falcera estomacal y una avanzada artritis; y el 6 de mayo de 1540 mor\u00eda en su casa de Brujas a causa de un c\u00e1lculo biliar. Fue enterrado en la Iglesia de San Donaciano.<\/p>\n","protected":false},"excerpt":{"rendered":"<p>Nacimiento de Juan Luis Vives Juan Luis Vives March, m\u00e1ximo representante del humanismo espa\u00f1ol naci\u00f3 en 1492 en la ciudad de Valencia, el a\u00f1o en que los Reyes Cat\u00f3licos conquistan el ultimo reino nazar\u00ed de Granada, por lo que comienza un calvario para todo aquel que profese una religi\u00f3n distinta a la cristiana, tanto musulmanes [&hellip;]<\/p>\n","protected":false},"author":2705,"featured_media":0,"parent":0,"menu_order":0,"comment_status":"open","ping_status":"open","template":"","meta":{"footnotes":""},"class_list":["post-109","page","type-page","status-publish","hentry"],"_links":{"self":[{"href":"https:\/\/blogs.ua.es\/humanistaluisvives\/wp-json\/wp\/v2\/pages\/109","targetHints":{"allow":["GET"]}}],"collection":[{"href":"https:\/\/blogs.ua.es\/humanistaluisvives\/wp-json\/wp\/v2\/pages"}],"about":[{"href":"https:\/\/blogs.ua.es\/humanistaluisvives\/wp-json\/wp\/v2\/types\/page"}],"author":[{"embeddable":true,"href":"https:\/\/blogs.ua.es\/humanistaluisvives\/wp-json\/wp\/v2\/users\/2705"}],"replies":[{"embeddable":true,"href":"https:\/\/blogs.ua.es\/humanistaluisvives\/wp-json\/wp\/v2\/comments?post=109"}],"version-history":[{"count":8,"href":"https:\/\/blogs.ua.es\/humanistaluisvives\/wp-json\/wp\/v2\/pages\/109\/revisions"}],"predecessor-version":[{"id":268,"href":"https:\/\/blogs.ua.es\/humanistaluisvives\/wp-json\/wp\/v2\/pages\/109\/revisions\/268"}],"wp:attachment":[{"href":"https:\/\/blogs.ua.es\/humanistaluisvives\/wp-json\/wp\/v2\/media?parent=109"}],"curies":[{"name":"wp","href":"https:\/\/api.w.org\/{rel}","templated":true}]}}