{"id":122,"date":"2012-12-31T14:37:32","date_gmt":"2012-12-31T14:37:32","guid":{"rendered":"https:\/\/blogs.ua.es\/humanistaluisvives\/?page_id=122"},"modified":"2013-01-26T19:22:33","modified_gmt":"2013-01-26T19:22:33","slug":"03-metodologia-utilizada","status":"publish","type":"page","link":"https:\/\/blogs.ua.es\/humanistaluisvives\/03-metodologia-utilizada\/","title":{"rendered":"03 Metodolog\u00eda utilizada"},"content":{"rendered":"<p style=\"text-align: justify\">La metodolog\u00eda seguida para la elaboraci\u00f3n del presente blog, ha sido la investigaci\u00f3n a trav\u00e9s de recursos electr\u00f3nicos y fuentes documentales. Estos conocimientos los hemos adquirido a lo largo de la pr\u00e1cticas y las clases te\u00f3ricas en la asignatura de <em><strong>Fuentes y Documentos para la Historia<\/strong>.<\/em><\/p>\n<figure id=\"attachment_129\" aria-describedby=\"caption-attachment-129\" style=\"width: 304px\" class=\"wp-caption alignleft\"><a href=\"https:\/\/blogs.ua.es\/humanistaluisvives\/files\/2012\/12\/iso.jpg\"><img loading=\"lazy\" decoding=\"async\" class=\"size-full wp-image-129\" src=\"https:\/\/blogs.ua.es\/humanistaluisvives\/files\/2012\/12\/iso.jpg\" alt=\"ISO Logotipo\" width=\"304\" height=\"150\" srcset=\"https:\/\/blogs.ua.es\/humanistaluisvives\/files\/2012\/12\/iso.jpg 304w, https:\/\/blogs.ua.es\/humanistaluisvives\/files\/2012\/12\/iso-300x148.jpg 300w\" sizes=\"auto, (max-width: 304px) 100vw, 304px\" \/><\/a><figcaption id=\"caption-attachment-129\" class=\"wp-caption-text\">Logotipo del International Organization Standardization ISO<\/figcaption><\/figure>\n<p style=\"text-align: justify\">Hemos creado una p\u00e1gina para explicar las t\u00e9cnicas de creaci\u00f3n, posicionamiento y dise\u00f1o para la elaboraci\u00f3n del Blog, est\u00e1 creado como una secci\u00f3n desplegable de esta p\u00e1gina, y la hemos denominado <a title=\"t\u00e9cnica para la elaboraci\u00f3n del blog\" href=\"https:\/\/blogs.ua.es\/humanistaluisvives\/03-metodologia-utilizada\/05-2-tecnica-para-la-elaboracion-del-blog\/\"><strong>t\u00e9cnica para elaboraci\u00f3n del blog.<\/strong><\/a><\/p>\n<p style=\"text-align: justify\">En el apartado de la metodolog\u00eda sobre las referencias incluidas en este blogs\u00a0 hemos consultado distintas <strong>fuentes y recursos electr\u00f3nicos<\/strong>, adem\u00e1s de otras <strong>fuentes documentales<\/strong>, y sobre todo de la <strong>Biblioteca General de la Universidad de Alicante<\/strong>. Juan Luis Vives y March tiene repartida su obra por distintas secciones de esta biblioteca, concretamente sus obras se encuentran diseminadas por las diferentes secciones entre ellas las de: <strong>Filosof\u00eda, Pedagog\u00eda, Humanidades y Lat\u00edn<\/strong>.<\/p>\n<p style=\"text-align: justify\">Tambi\u00e9n hemos utilizado con intensidad los buscadores de recursos de la Universidad de <strong>Alicante, Dialnet, Scopus y Worlcat,<\/strong> proporcion\u00e1ndonos <strong>art\u00edculos de revistas<\/strong> y <strong>libros<\/strong> con una calidad documental, siempre desde el punto de vista acad\u00e9mico y cient\u00edfico.<\/p>\n<p style=\"text-align: justify\">As\u00ed mismo hemos utilizado recursos espec\u00edficos como la Biblioteca Virtual Miguel de Cervantes, La Biblioteca Virtual Lluis Vives, y la Biblioteca Valenciana, en todos estos recursos espec\u00edficos hemos podido tambi\u00e9n encontrar informaci\u00f3n adicional.<\/p>\n<p style=\"text-align: justify\">Finalmente hemos utilizado Google para localizar videos y otros recursos como Podcast, haciendo la b\u00fasqueda en esta caso sobre material de la UNED, encontrando un v\u00eddeo y un audio en podcast relacionados con la tem\u00e1tica del blog.<\/p>\n<p style=\"text-align: justify\">Las referencias utilizadas en la elaboraci\u00f3n del presente blog cumplen la <strong>norma ISO-690-2010<\/strong>. Como norma general la norma <strong>ISO-690-2010<\/strong> tiene la siguiente estructura de cita dependiendo del tipo de recurso consultado:<\/p>\n<h2 style=\"text-align: justify\">03.1 Documentos Impresos<\/h2>\n<ul style=\"text-align: justify\">\n<li>Libros y Monograf\u00edas:<\/li>\n<\/ul>\n<div class=\"referenciaISO690\" style=\"padding-bottom: 30px\">APELLIDOS, Nombre. <em>Titulo. <\/em>Edici\u00f3n. Lugar de edici\u00f3n: Editor, a\u00f1o.(Serie; n\u00ba). ISBN<\/div>\n<ul style=\"text-align: justify;padding-top: 30px\">\n<li>Parte de un Libro o de una Monograf\u00eda:<\/li>\n<\/ul>\n<div class=\"referenciaISO690\">APELLIDOS, Nombre. T\u00edtulo de la Parte<em>.<\/em> En: <em>T\u00edtulo de la obra completa <\/em>. Edici\u00f3n. Lugar de edici\u00f3n: Editor, a\u00f1o, pp. (p\u00e1ginas). ISBN.<\/div>\n<ul style=\"text-align: justify;padding-top: 30px\">\n<li>Revista Completa:<\/li>\n<\/ul>\n<div class=\"referenciaISO690\"><em>T\u00edtulo de la Revista. <\/em>Responsabilidad. A\u00f1o inicio-a\u00f1o de cierre. ISSN.<\/div>\n<ul style=\"text-align: justify;padding-top: 30px\">\n<li>Art\u00edculos de Revistas:<\/li>\n<\/ul>\n<div class=\"referenciaISO690\">APELLIDOS, Nombre<em>. <\/em>T\u00edtulo del Art\u00edculo<em>. T\u00edtulo de la Revista. <\/em>A\u00f1o, Volumen (n\u00ba), pp. ISSN<\/div>\n<h2 style=\"padding-top: 40px\">03.2 Documentos Electr\u00f3nicos<\/h2>\n<ul style=\"text-align: justify;padding-top: 30px\">\n<li>Libros electr\u00f3nicos y monograf\u00edas en l\u00ednea:<\/li>\n<\/ul>\n<div class=\"referenciaISO690\">APELLIDOS, Nombre<em>. T\u00edtulo <\/em>[En l\u00ednea]<em>. <\/em>Lugar de publicaci\u00f3n: Editor, fecha de publicaci\u00f3n [consulta: fecha de consulta]. Formato(pdf), Tama\u00f1o del fichero.Disponible en: http:\/\/<\/div>\n<ul style=\"text-align: justify;padding-top: 30px\">\n<li>Parte de un libro o monograf\u00eda en l\u00ednea:<\/li>\n<\/ul>\n<div class=\"referenciaISO690\">APELLIDOS, Nombre<em>. <\/em>T\u00edtulo de la Parte<em>. <\/em>En: <em>T\u00edtulo de la obra completa <\/em>[En l\u00ednea]<em>. <\/em>Lugar de publicaci\u00f3n: Editor, a\u00f1o, pp [consulta: fecha de consulta]. Disponible en: http:\/\/<\/div>\n<ul style=\"text-align: justify;padding-top: 30px\">\n<li>Revista en l\u00ednea:<\/li>\n<\/ul>\n<div class=\"referenciaISO690\"><em>T\u00edtulo <\/em>[En l\u00ednea]<em>. <\/em>Lugar de edici\u00f3n: Editor, fecha publicaci\u00f3n, volumen, n\u00famero [consulta: fecha de consulta].Nombre de la base de datos(*). ISSN. Disponible en: http:\/\/<\/div>\n<div style=\"text-align: right\">(*)Si es una revista electr\u00f3nica de con una base de datos en comun<\/div>\n<ul style=\"text-align: justify;padding-top: 30px\">\n<li>Art\u00edculo de revista en l\u00ednea:<\/li>\n<\/ul>\n<div class=\"referenciaISO690\">APELLIDOS, Nombre. T\u00edtulo del art\u00edculo<em>. T\u00edtulo de la Revista <\/em>[En l\u00ednea]<em>. <\/em>Lugar: Editor, fecha publicaci\u00f3n, volumen, n\u00famero [consulta: fecha de consulta].ISSN. Disponible en: http:\/\/<\/div>\n<ul style=\"text-align: justify;padding-top: 30px\">\n<li>Sitio Web<\/li>\n<\/ul>\n<div class=\"referenciaISO690\"><em>T\u00edtulo de la web. <\/em>Editor, a\u00f1o,[consulta: fecha de consulta]. Disponible en: http:\/\/<\/div>\n<ul style=\"text-align: justify;padding-top: 30px\">\n<li>Parte de un sitio Web sin autor o autor colectivo<\/li>\n<\/ul>\n<div class=\"referenciaISO690\">T\u00edtulo de la p\u00e1gina.<em> T\u00edtulo de la web. <\/em>[en l\u00ednea]. Fecha y hora de edici\u00f3n o actualizaci\u00f3n [consulta: fecha de consulta]. Disponible en: http:\/\/<\/div>\n<ul style=\"text-align: justify;padding-top: 30px\">\n<li>Ejemplo de p\u00e1gina o parte de un sitio web con autor<\/li>\n<\/ul>\n<div class=\"referenciaISO690\">APELLIDOS, Nombre. T\u00edtulo de la p\u00e1gina o parte. En:<em> T\u00edtulo de la web. <\/em>[en l\u00ednea]. Fecha y hora de edici\u00f3n o actualizaci\u00f3n [consulta: fecha de consulta]. Disponible en: http:\/\/<\/div>\n<h2 style=\"text-align: justify\"><\/h2>\n<h2 style=\"text-align: justify\">03.3 Documentos Especiales<\/h2>\n<ul>\n<li>Im\u00e1genes:<\/li>\n<\/ul>\n<div class=\"referenciaISO690\" style=\"padding-bottom: 30px\">APELLIDOS, Nombre. <em>Titulo de la obra. <\/em>A\u00f1o [imagen digital] Museo&#8230; [consulta: fecha de consulta]. Disponible en: http:\/\/<\/div>\n<p>&nbsp;<\/p>\n<ul>\n<li>Pel\u00edculas:<\/li>\n<\/ul>\n<div class=\"referenciaISO690\" style=\"padding-bottom: 30px\"><em>T\u00edtulo de la pel\u00edcula<\/em> [Pel\u00edcula]. Dirigida por Nombre APELLIDOS. Pa\u00eds: Productora, a\u00f1o. Lugar: distribuida en Espa\u00f1a por\u2026<\/div>\n<p>&nbsp;<\/p>\n<ul>\n<li>Programa de televisi\u00f3n o documental:<\/li>\n<\/ul>\n<div class=\"referenciaISO690\" style=\"padding-bottom: 30px\"><em>Titulo<\/em>. Nombre de la cadena de televisi\u00f3n, fecha.<\/div>\n<p>&nbsp;<\/p>\n<ul>\n<li>Recursos electr\u00f3nicos:<\/li>\n<\/ul>\n<div class=\"referenciaISO690\" style=\"padding-bottom: 30px\">T\u00edtulo. [SOPORTE] [en l\u00ednea],[Consulta: fecha de la consulta]<\/div>\n","protected":false},"excerpt":{"rendered":"<p>La metodolog\u00eda seguida para la elaboraci\u00f3n del presente blog, ha sido la investigaci\u00f3n a trav\u00e9s de recursos electr\u00f3nicos y fuentes documentales. Estos conocimientos los hemos adquirido a lo largo de la pr\u00e1cticas y las clases te\u00f3ricas en la asignatura de Fuentes y Documentos para la Historia. Hemos creado una p\u00e1gina para explicar las t\u00e9cnicas de [&hellip;]<\/p>\n","protected":false},"author":2705,"featured_media":0,"parent":0,"menu_order":0,"comment_status":"open","ping_status":"open","template":"","meta":{"footnotes":""},"class_list":["post-122","page","type-page","status-publish","hentry"],"_links":{"self":[{"href":"https:\/\/blogs.ua.es\/humanistaluisvives\/wp-json\/wp\/v2\/pages\/122","targetHints":{"allow":["GET"]}}],"collection":[{"href":"https:\/\/blogs.ua.es\/humanistaluisvives\/wp-json\/wp\/v2\/pages"}],"about":[{"href":"https:\/\/blogs.ua.es\/humanistaluisvives\/wp-json\/wp\/v2\/types\/page"}],"author":[{"embeddable":true,"href":"https:\/\/blogs.ua.es\/humanistaluisvives\/wp-json\/wp\/v2\/users\/2705"}],"replies":[{"embeddable":true,"href":"https:\/\/blogs.ua.es\/humanistaluisvives\/wp-json\/wp\/v2\/comments?post=122"}],"version-history":[{"count":30,"href":"https:\/\/blogs.ua.es\/humanistaluisvives\/wp-json\/wp\/v2\/pages\/122\/revisions"}],"predecessor-version":[{"id":128,"href":"https:\/\/blogs.ua.es\/humanistaluisvives\/wp-json\/wp\/v2\/pages\/122\/revisions\/128"}],"wp:attachment":[{"href":"https:\/\/blogs.ua.es\/humanistaluisvives\/wp-json\/wp\/v2\/media?parent=122"}],"curies":[{"name":"wp","href":"https:\/\/api.w.org\/{rel}","templated":true}]}}