{"id":328,"date":"2013-01-09T14:17:31","date_gmt":"2013-01-09T14:17:31","guid":{"rendered":"https:\/\/blogs.ua.es\/humanistaluisvives\/?page_id=328"},"modified":"2013-01-26T16:46:19","modified_gmt":"2013-01-26T16:46:19","slug":"04-recursos","status":"publish","type":"page","link":"https:\/\/blogs.ua.es\/humanistaluisvives\/04-recursos\/","title":{"rendered":"04 Recursos"},"content":{"rendered":"<p style=\"text-align: justify\">Las fuentes consultas para la elaboraci\u00f3n del presente blog, han sido consultadas a trav\u00e9s de recursos electr\u00f3nicos de la Universidad de Alicante, \u00a0son un tanto escasas a nivel de informaci\u00f3n universitaria. Se ha tenido que buscar informaci\u00f3n en distintos recursos electr\u00f3nicos como :<\/p>\n<ul style=\"text-align: justify\">\n<li><strong>Universidad de Alicate:<\/strong>\n<ul>\n<li><strong>Catalogo de\u00a0Biblioteca\u00a0Universidad de Alicante<\/strong>, que nos permite localizar libros en cualquiera de las bibliotecas del Campus universitario.<\/li>\n<li><strong>RUA.<\/strong> Es el\u00a0Repositorio Institucional de la Universidad de Alicante, que contiene la informaci\u00f3n en\u00a0formato digital de los documentos generados por los miembros de la Universidad de Alicante en su labor de docencia e investigaci\u00f3n.<\/li>\n<li><strong><strong>BUA. <\/strong><\/strong>\u00a0Es un buscador de bases de datos de la Universidad de Alicante que incluye\u00a0\u00a0entre otras, noticias sobre recursos electr\u00f3nicos, relaci\u00f3n de las cinco bases de datos m\u00e1s consultadas y acceso directo a diferentes plataformas de b\u00fasqueda.<\/li>\n<\/ul>\n<\/li>\n<\/ul>\n<div style=\"text-align: justify\"><span style=\"font-size: 14px\"><br \/>\n<\/span><\/div>\n<ul style=\"text-align: justify\">\n<li><strong><a title=\"Dialnet\" href=\"http:\/\/dialnet.unirioja.es\/\" target=\"_blank\">Dialnet.<\/a> <\/strong>Es uno de los mayores portales bibliogr\u00e1ficos, cuyo principal cometido es dar mayor visibilidad a la literatura cient\u00edfica hispana. Recopila y facilita el acceso a contenidos cient\u00edficos, principalmente a trav\u00e9s de alertas documentales. Adem\u00e1s cuenta con una base de datos exhaustiva, interdisciplinar y actualizada, que permite el dep\u00f3sito de contenidos a texto completo.<\/li>\n<\/ul>\n<ul style=\"text-align: justify\">\n<li><strong><strong><strong><a title=\"Biblioteca Virtual Miguel de Cervantes\" href=\"http:\/\/www.cervantesvirtual.com\/\" target=\"_blank\">Biblioteca Cervantes Virtual.<\/a>\u00a0<\/strong><\/strong><\/strong>La Biblioteca Virtual Miguel de Cervantes ofrece un fondo virtual de obras en lenguas hisp\u00e1nicas con acceso gratuito desde cualquier lugar del mundo a trav\u00e9s de internet. El cat\u00e1logo de la Biblioteca Virtual Miguel de Cervantes. presenta un amplio repertorio de contenidos en distintos formatos: libros en versi\u00f3n texto digital y facsimilar, peri\u00f3dicos y revistas, tesis doctorales, archivos sonoros y audiovisuales, v\u00eddeos en Lengua de Signos Espa\u00f1ola, e im\u00e1genes.<\/li>\n<\/ul>\n<ul style=\"text-align: justify\">\n<li><strong><strong><strong><a title=\"Bibliote Virtual Lluis Vives\" href=\"http:\/\/www.lluisvives.com\/\" target=\"_blank\">Biblioteca LLuis Vives.<\/a>\u00a0<\/strong><\/strong><\/strong>La Biblioteca Virtual Lluis Vives es fruto de un convenio entre la Fundaci\u00f3n Biblioteca Virtual Miguel de Cervantes y la Red de Universidades que forman el Instituto Joan Llu\u00eds Vives. Con este acuerdo se pretende, por un lado, aprovechar, potenciar y difundir al m\u00e1ximo los fondos digitalizados existentes en la red y, por otro, proponer y hacer efectiva la edici\u00f3n digital de las obras m\u00e1s representativas de la cultura catalana, valenciana y balear. El portal rinde homenaje a la figura del importante humanista valenciano Juan Luis Vives , por todo lo que representa su obra en la cultura europea del Renacimiento.<\/li>\n<\/ul>\n<ul style=\"text-align: justify\">\n<li><strong><strong><a title=\"Biblioteca Valenciana\" href=\"http:\/\/bivaldioai.gva.es\/es\/cms\/elemento.cmd?id=estaticos\/paginas\/inicio.html\" target=\"_blank\">Biblioteca Valenciana.<\/a>\u00a0<\/strong><\/strong>La Generalitat Valenciana a trav\u00e9s de la Biblioteca Valenciana, ha creado un repositorio de obras del patrimonio bibliogr\u00e1fico valenciano, para la conservaci\u00f3n y difusi\u00f3n de las obras de autores valencianos. Es muy \u00fatil ya que posee una gran cantidad de recursos de la obra de Juan Luis Vives.<\/li>\n<\/ul>\n<ul style=\"text-align: justify\">\n<li><strong><a title=\"Revista Anales del Seminario de Historia de la Filosof\u00eda\" href=\"http:\/\/revistas.ucm.es\/index.php\/ASHF\/\" target=\"_blank\">Revista\u00a0Anales del Seminario de Historia de la Filosof\u00eda publicada por la Universidad complutense de Madrid 1980- <acronym title=\"International Standard Serial Number\">ISSN<\/acronym>\u00a00211-2337.<\/a>\u00a0<\/strong>\u00a0La Revista Anales del Seminario de Historia de la Filosof\u00eda es una publicaci\u00f3n de periodicidad semestral. En sus p\u00e1ginas se editan investigaciones sobre problemas historiogr\u00e1ficos de la Filosof\u00eda y sobre cuestiones filos\u00f3ficas desde la antig\u00fcedad hasta la actualidad, con especial atenci\u00f3n al pensamiento espa\u00f1ol e hispano-americano. Acepta originales en las principales lenguas occidentales e incluye rese\u00f1as bibliogr\u00e1ficas<\/li>\n<\/ul>\n<ul style=\"text-align: justify\">\n<li><a title=\"Scopus\" href=\"http:\/\/www.scopus.com\/home.url\" target=\"_blank\"><strong>Scopus.<\/strong>\u00a0<\/a>\u00a0Scopus es una base de datos mundial, sobre citaci\u00f3n. Este servicio permite seguir, analizar y visualizar busquedas de trabajos academicos a nivel mundial.<\/li>\n<\/ul>\n<p style=\"text-align: justify\">Otros recursos en Internet:<\/p>\n<ul>\n<li><strong>Google:<\/strong> Buscador que hemos utilizado para localizar las im\u00e1genes y fotos de recurso. Para cada una de las portadas de las entradas.<\/li>\n<\/ul>\n<ul>\n<li><strong>Youtube:<\/strong> Utilizado para buscar informaci\u00f3n sobre reportajes y pel\u00edculas de Luis Vives, hemos buscado junto con la palabra UNED, para comprobar si hab\u00eda alg\u00fan recurso sobre Luis Vives de la UNED, y ha sido muy \u00fatil.<\/li>\n<\/ul>\n","protected":false},"excerpt":{"rendered":"<p>Las fuentes consultas para la elaboraci\u00f3n del presente blog, han sido consultadas a trav\u00e9s de recursos electr\u00f3nicos de la Universidad de Alicante, \u00a0son un tanto escasas a nivel de informaci\u00f3n universitaria. Se ha tenido que buscar informaci\u00f3n en distintos recursos electr\u00f3nicos como : Universidad de Alicate: Catalogo de\u00a0Biblioteca\u00a0Universidad de Alicante, que nos permite localizar libros [&hellip;]<\/p>\n","protected":false},"author":2705,"featured_media":0,"parent":0,"menu_order":0,"comment_status":"open","ping_status":"open","template":"","meta":{"footnotes":""},"class_list":["post-328","page","type-page","status-publish","hentry"],"_links":{"self":[{"href":"https:\/\/blogs.ua.es\/humanistaluisvives\/wp-json\/wp\/v2\/pages\/328","targetHints":{"allow":["GET"]}}],"collection":[{"href":"https:\/\/blogs.ua.es\/humanistaluisvives\/wp-json\/wp\/v2\/pages"}],"about":[{"href":"https:\/\/blogs.ua.es\/humanistaluisvives\/wp-json\/wp\/v2\/types\/page"}],"author":[{"embeddable":true,"href":"https:\/\/blogs.ua.es\/humanistaluisvives\/wp-json\/wp\/v2\/users\/2705"}],"replies":[{"embeddable":true,"href":"https:\/\/blogs.ua.es\/humanistaluisvives\/wp-json\/wp\/v2\/comments?post=328"}],"version-history":[{"count":17,"href":"https:\/\/blogs.ua.es\/humanistaluisvives\/wp-json\/wp\/v2\/pages\/328\/revisions"}],"predecessor-version":[{"id":332,"href":"https:\/\/blogs.ua.es\/humanistaluisvives\/wp-json\/wp\/v2\/pages\/328\/revisions\/332"}],"wp:attachment":[{"href":"https:\/\/blogs.ua.es\/humanistaluisvives\/wp-json\/wp\/v2\/media?parent=328"}],"curies":[{"name":"wp","href":"https:\/\/api.w.org\/{rel}","templated":true}]}}