{"id":84,"date":"2012-12-31T10:15:33","date_gmt":"2012-12-31T10:15:33","guid":{"rendered":"https:\/\/blogs.ua.es\/humanistaluisvives\/?page_id=84"},"modified":"2013-01-26T19:25:45","modified_gmt":"2013-01-26T19:25:45","slug":"02-explicacion-del-tema","status":"publish","type":"page","link":"https:\/\/blogs.ua.es\/humanistaluisvives\/02-explicacion-del-tema\/","title":{"rendered":"02 Explicaci\u00f3n del Tema"},"content":{"rendered":"<figure id=\"attachment_133\" aria-describedby=\"caption-attachment-133\" style=\"width: 256px\" class=\"wp-caption alignleft\"><a href=\"https:\/\/blogs.ua.es\/humanistaluisvives\/files\/2012\/12\/hombreVitrubio.jpg\"><img loading=\"lazy\" decoding=\"async\" class=\"size-full wp-image-133\" src=\"https:\/\/blogs.ua.es\/humanistaluisvives\/files\/2012\/12\/hombreVitrubio.jpg\" alt=\"Europa Renacentista, El hombre de Vitrubio, \" width=\"256\" height=\"351\" srcset=\"https:\/\/blogs.ua.es\/humanistaluisvives\/files\/2012\/12\/hombreVitrubio.jpg 256w, https:\/\/blogs.ua.es\/humanistaluisvives\/files\/2012\/12\/hombreVitrubio-218x300.jpg 218w\" sizes=\"auto, (max-width: 256px) 100vw, 256px\" \/><\/a><figcaption id=\"caption-attachment-133\" class=\"wp-caption-text\">Europa Renacentista. El hombre de Vitrubio realizado por Leonardo Da Vinci en 1490<\/figcaption><\/figure>\n<p style=\"text-align: justify\">En este blog, se trata por un recorrido de la obra del humanista valenciano <strong>Juan Luis Vives i March<\/strong>, en el que se aborda su<strong> pensamiento filos\u00f3fico y sus tratados sobre pedagog\u00eda<\/strong>. \u00a0Juan Luis Vives marca un antes y un despu\u00e9s en el pensamiento filos\u00f3fico de la <strong>Europa renacentista<\/strong> y en concreto a ra\u00edz de su<strong> salida de Espa\u00f1a<\/strong>, sobre todo con <strong>su viaje a Inglaterra<\/strong> donde tiene contacto con <strong>Tomas Moro<\/strong> y su posterior viaje a los <strong>Pa\u00edses Bajos<\/strong>, en particular su establecimiento en la <strong>Universidad de Brujas<\/strong>, donde es seducido por las ideas de <strong>Erasmo de Rotterdam<\/strong>.<\/p>\n<p style=\"text-align: justify\">Su <strong>visi\u00f3n<\/strong> de la <strong>sociedad de la \u00e9poca<\/strong>, y sobre todo su lado <strong>humano<\/strong>, en el que busca la <strong>ayuda del desfavorecido<\/strong> en la <strong>sociedad<\/strong>, y no desde un punto de vista salvador del alma, sino <strong>salvador del cuerpo<\/strong> y de la <strong>sociedad<\/strong>. Esta visi\u00f3n en un principio m\u00edstica se va abriendo paso a una visi\u00f3n <strong>m\u00e1s humana y m\u00e1s terrenal<\/strong> en la ayuda al <strong>ser humano desfavorecido de la \u00e9poca.<\/strong><\/p>\n<p>&nbsp;<\/p>\n<p>&nbsp;<\/p>\n","protected":false},"excerpt":{"rendered":"<p>En este blog, se trata por un recorrido de la obra del humanista valenciano Juan Luis Vives i March, en el que se aborda su pensamiento filos\u00f3fico y sus tratados sobre pedagog\u00eda. \u00a0Juan Luis Vives marca un antes y un despu\u00e9s en el pensamiento filos\u00f3fico de la Europa renacentista y en concreto a ra\u00edz de [&hellip;]<\/p>\n","protected":false},"author":2705,"featured_media":0,"parent":0,"menu_order":0,"comment_status":"open","ping_status":"open","template":"","meta":{"footnotes":""},"class_list":["post-84","page","type-page","status-publish","hentry"],"_links":{"self":[{"href":"https:\/\/blogs.ua.es\/humanistaluisvives\/wp-json\/wp\/v2\/pages\/84","targetHints":{"allow":["GET"]}}],"collection":[{"href":"https:\/\/blogs.ua.es\/humanistaluisvives\/wp-json\/wp\/v2\/pages"}],"about":[{"href":"https:\/\/blogs.ua.es\/humanistaluisvives\/wp-json\/wp\/v2\/types\/page"}],"author":[{"embeddable":true,"href":"https:\/\/blogs.ua.es\/humanistaluisvives\/wp-json\/wp\/v2\/users\/2705"}],"replies":[{"embeddable":true,"href":"https:\/\/blogs.ua.es\/humanistaluisvives\/wp-json\/wp\/v2\/comments?post=84"}],"version-history":[{"count":8,"href":"https:\/\/blogs.ua.es\/humanistaluisvives\/wp-json\/wp\/v2\/pages\/84\/revisions"}],"predecessor-version":[{"id":501,"href":"https:\/\/blogs.ua.es\/humanistaluisvives\/wp-json\/wp\/v2\/pages\/84\/revisions\/501"}],"wp:attachment":[{"href":"https:\/\/blogs.ua.es\/humanistaluisvives\/wp-json\/wp\/v2\/media?parent=84"}],"curies":[{"name":"wp","href":"https:\/\/api.w.org\/{rel}","templated":true}]}}