{"id":82,"date":"2009-03-26T14:44:51","date_gmt":"2009-03-26T13:44:51","guid":{"rendered":"https:\/\/blogs.ua.es\/hume\/?page_id=82"},"modified":"2009-03-26T14:51:01","modified_gmt":"2009-03-26T13:51:01","slug":"aspectos-biograficos","status":"publish","type":"page","link":"https:\/\/blogs.ua.es\/hume\/aspectos-biograficos\/","title":{"rendered":"Aspectos biogr\u00e1ficos"},"content":{"rendered":"<p><code>[kml_flashembed movie=\"http:\/\/www.youtube.com\/v\/RG1BKx10nGM\" width=\"425\" height=\"350\" wmode=\"transparent\" \/]<\/code>David Hume nace en Edimburgo el 7 de mayo de 1711 y fallece el 25 de agosto de 1776, por lo tanto vivi\u00f3 y se nutri\u00f3 su obra del siglo de la Ilustraci\u00f3n. Fue fil\u00f3sofo, economista e historiador. Todo esto hace de \u00e9l una de las figuras m\u00e1s importantes de la filosof\u00eda ocidental y por supuesto, de la ilustraci\u00f3n escocesa. Para comprender mejor los aspectos de su vida en este punto, es importante extraer las refelxiones que \u00e9l mismo desarrolla en su biograf\u00eda <em>&#8220;Mi vida&#8221;<\/em> escrito cuatro meses antes de su muerte. En esta obra encontramos el constante deseo de justificaci\u00f3n personal.<\/p>\n<p style=\"text-align: justify\">M\u00e1s bien parece esta obra un breve resumen agridulce de triunfos y fracasos,o si se quiere, el resultado final de un balance sincero. ESta obra, <em>&#8220;My own life&#8221;,<\/em> fue incluido por voluntad expresa del autor en la priemra edici\u00f3n p\u00f3stuma de su obras y fue hecho p\u00fablico en enero de 1777, junto con una carta de Adam Smith relatando la muerte del fil\u00f3sofo en la revista <em>Scots Magazine<\/em>.<\/p>\n<p style=\"text-align: justify\">Para entrar ya en aspectos biogr\u00e1ficos, Hume pas\u00f3 casi toda su vida consumido en proyectos y ocupaciones de \u00edndole literaria. En primer lugar, su familia no era rica y a esto se a\u00f1ade que \u00e9l era el hermano menor, por lo tanto, su patrimonio fue exiguo de aucerdo con los usos pol\u00edticos y sociales de su pa\u00eds. Pas\u00f3 el per\u00edodo educativo con \u00e9xito y desde muy joven naci\u00f3 en \u00e9l la pasi\u00f3n por la literatura. Su pasi\u00f3n por el estudio hizo pensar en su familia que el Derecho ser\u00eda la profesi\u00f3n m\u00e1s adeucada para \u00e9l, sin embargo, \u00e9l sent\u00eda un verdadero placer por la filosof\u00eda y el conocimiento en general. En palabras de Hume: &#8220;<em>una infranqueable aversi\u00f3n a todo excepto a las indagaciones de la filosof\u00eda y al saber general,y mientras mi familia cre\u00eda que estaba estudiando detenidamente a Voet y Vinnius, Cicer\u00f3n y Virgilio eran los autores que devoraba en secreto.&#8221;<\/em><\/p>\n<p style=\"text-align: justify\">Sin embargo, su esacasa fortuna monetaria le hizo marchar a Bristol en 1734 con algunas recomendaciones para comerciantes. All\u00ed descubri\u00f3 que aquello no iba con \u00e9l y march\u00f3 a Francia con el prop\u00f3sito de continuar sus estudios en un retiro campestre. Primero estuvo en Reims, pero sobre todo en La Fleche (Anjou) donde compuso su &#8220;<em>Tratado de la naturaleza humana&#8221;<\/em>. Volvi\u00f3 a Londres en 1737 y al final public\u00f3 en 1738 su &#8220;<em>Tratado&#8221;<\/em> para volver de nuevo a Edimburgo. Hume reconoce que esta obra fue poco afortunada, pero siendo \u00e9l de un temperamento entusiasta y jovial prosigui\u00f3 con sus estudios. En 1742 imprime en Edimburgo la primera parte de sus &#8220;<em>Essays&#8221;<\/em>, obra recibida favorablemente.<\/p>\n<p style=\"text-align: justify\">Recuper\u00f3 el conocimiento de la lengua griega y en 1745 recibi\u00f3 una carta del Marqu\u00e9s de Annandale invit\u00e1ndole a ir a Inglaterra a vivir con \u00e9l. Este empleo supuso un aumento considerable de su peque\u00f1a fortuna. Despu\u00e9s recibi\u00f3 una invitaci\u00f3n del General St. Clair para ayudarle como secretario en su expedici\u00f3n a las costas de Francia. En 1747 recibi\u00f3 otra invitaci\u00f3n del mismo general para desempe\u00f1ar el mismo cargo en su embajada militar de las Cortes de Viena y Tur\u00edn. All\u00ed ejerci\u00f3 como ayuda de Campo del General. Este empleo propici\u00f3 que poseyera una gran fortuna y como dice \u00e9l en su obra: &#8220;<em>llegu\u00e9 a ser due\u00f1o de una mil libras&#8221;. <\/em><\/p>\n<p style=\"text-align: justify\">En 1749 vuelve a su casa de campo donde publica la segunda parte de sus <em>&#8220;Essays&#8221; <\/em>titulada &#8220;<em>Discursos pol\u00edticos&#8221;<\/em> y tambi\u00e9n llev\u00f3 a cabo &#8220;<em>Investigaci\u00f3n sobre los principios de la moral<\/em>&#8220;.  Sin embargo, habr\u00eda que esperar a 1752 para ver publicada su segunda parte de los Ensayos. En ese mismo a\u00f1o la Facultad de Abogados le nombr\u00f3 Bibliotecario, que seg\u00fan \u00e9l fue: &#8220;<em>un empleo con el que apenas si recib\u00ed alg\u00fan emolumento, pero que puso a mi disposici\u00f3n una vasta biblioteca&#8221;.<\/em> Gracias a esto pudo proyectar su &#8220;<em>Historia de Inglaterra&#8221;, <\/em>comenzando con  la llegada de la Casa Estuardo. Esta obra fue un desenga\u00f1o pues reicibi\u00f3 ataques por todos los lados y el libro pareci\u00f3 sumergirse en el olvido.<\/p>\n<p style=\"text-align: justify\">En 1757 publica &#8220;<em>Historia natural de la religi\u00f3n&#8221; <\/em>donde en un apartado posterior se ana\u00f1izar\u00e1 con mayor profundidad la ideaolog\u00eda y mentalidad religiosa en David Hume. En 1759 publicar\u00e1 su &#8220;<em>Historia de la Casa Tudor&#8221;<\/em> el cual tambi\u00e9n obtuvo reproches. Sin embargo, en estos momentos lleg\u00f3 a convertirse en un hombre independiente y opulento. Se retir\u00f3 a Escocia donde decidi\u00f3 no salir de all\u00ed. Sin embargo, en 1763, recibi\u00f3 una invitaci\u00f3n de Earl of Hertford para acompa\u00f1arle en su embajada a Par\u00eds con la idea de nombrarle secretario de embajada. La estancia en Par\u00eds fue fruct\u00edfera para Hume, obteniendo gran satisfacci\u00f3n llegando a pensar en instalarse all\u00ed. Finalmente volvi\u00f3 a Edimburgo en 1769, muy opulento y con buena salud. Sin embargo, en la primavera de 1775 fue aquejado de una dolencia en los intestinos, pero lleg\u00f3 a admitir con la ancianidad pose\u00eda el mismo ardor de siempre en el estudio. LLeg\u00f3 a decir de s\u00ed mismo: &#8220;<em>he sido un hombre de disposici\u00f3n afable, due\u00f1o de su temperamento, de una abierta, sociable y alegre manera de ser, capaz de encari\u00f1arse con las personas, poco susceptible de enemistad y de una gran moderaci\u00f3n en todas sus pasiones. Y ni siquiera mi deseo de fama literaria lleg\u00f3 jam\u00e1s a agriarme el car\u00e1cter&#8221;.<\/em><\/p>\n<div class=\"mceTemp\" style=\"text-align: justify\">\n<dl>\n<dt><a href=\"https:\/\/blogs.ua.es\/hume\/files\/2009\/02\/hume.jpg\"><img loading=\"lazy\" decoding=\"async\" class=\"size-medium wp-image-22\" src=\"https:\/\/blogs.ua.es\/hume\/files\/2009\/02\/hume-247x300.jpg\" alt=\"Fil\u00f3sofo occidental.\" width=\"247\" height=\"300\" \/><\/a><\/dt>\n<dd>Fil\u00f3sofo occidental.<\/dd>\n<\/dl>\n<\/div>\n","protected":false},"excerpt":{"rendered":"<p>[kml_flashembed movie=&#8221;http:\/\/www.youtube.com\/v\/RG1BKx10nGM&#8221; width=&#8221;425&#8243; height=&#8221;350&#8243; wmode=&#8221;transparent&#8221; \/]David Hume nace en Edimburgo el 7 de mayo de 1711 y fallece el 25 de agosto de 1776, por lo tanto vivi\u00f3 y se nutri\u00f3 su obra del siglo de la Ilustraci\u00f3n. Fue fil\u00f3sofo, economista e historiador. Todo esto hace de \u00e9l una de las figuras m\u00e1s importantes de [&hellip;]<\/p>\n","protected":false},"author":1144,"featured_media":0,"parent":0,"menu_order":1,"comment_status":"open","ping_status":"open","template":"","meta":{"footnotes":""},"class_list":["post-82","page","type-page","status-publish","hentry"],"_links":{"self":[{"href":"https:\/\/blogs.ua.es\/hume\/wp-json\/wp\/v2\/pages\/82","targetHints":{"allow":["GET"]}}],"collection":[{"href":"https:\/\/blogs.ua.es\/hume\/wp-json\/wp\/v2\/pages"}],"about":[{"href":"https:\/\/blogs.ua.es\/hume\/wp-json\/wp\/v2\/types\/page"}],"author":[{"embeddable":true,"href":"https:\/\/blogs.ua.es\/hume\/wp-json\/wp\/v2\/users\/1144"}],"replies":[{"embeddable":true,"href":"https:\/\/blogs.ua.es\/hume\/wp-json\/wp\/v2\/comments?post=82"}],"version-history":[{"count":2,"href":"https:\/\/blogs.ua.es\/hume\/wp-json\/wp\/v2\/pages\/82\/revisions"}],"predecessor-version":[{"id":86,"href":"https:\/\/blogs.ua.es\/hume\/wp-json\/wp\/v2\/pages\/82\/revisions\/86"}],"wp:attachment":[{"href":"https:\/\/blogs.ua.es\/hume\/wp-json\/wp\/v2\/media?parent=82"}],"curies":[{"name":"wp","href":"https:\/\/api.w.org\/{rel}","templated":true}]}}