{"id":7,"date":"2014-05-19T14:29:47","date_gmt":"2014-05-19T14:29:47","guid":{"rendered":"https:\/\/blogs.ua.es\/ibec\/?page_id=7"},"modified":"2014-05-27T09:24:36","modified_gmt":"2014-05-27T09:24:36","slug":"7-2","status":"publish","type":"page","link":"https:\/\/blogs.ua.es\/ibec\/7-2\/","title":{"rendered":"Instituto Iberoamericano de Estudios Constitucionales"},"content":{"rendered":"<p align=\"justify\">No obstante la lejan\u00eda geogr\u00e1fica, los lazos hist\u00f3ricos con Iberoam\u00e9rica hacen que las corrientes de pensamiento, la cultura espa\u00f1ola especialmente y la europea en general sigan ejerciendo gran influencia en las construcciones del conocimiento y en las formas de organizaci\u00f3n social, econ\u00f3mica y pol\u00edtica en los pa\u00edses de Iberoam\u00e9rica. As\u00ed, el constitucionalismo espa\u00f1ol mantiene gran influencia en la teor\u00eda y praxis democr\u00e1ticas actuales en Iberoam\u00e9rica. El desarrollo y los efectos de esta influencia hacen que exista especial sensibilidad hacia la realidad constitucional con los pa\u00edses que siguen manteniendo su mirada hacia la Pen\u00ednsula Ib\u00e9rica.<\/p>\n<p align=\"justify\">La Universidad de Alicante &#8211; UA desde su creaci\u00f3n no ha dejado de realizar intercambios acad\u00e9micos y culturales con las universidades y diversas instituciones latinoamericanas. La UA cuenta desde la d\u00e9cada de 1990 con el Instituto Iberoamericano de Estudios Constitucionales &#8211; IBEC.<\/p>\n<p align=\"justify\">El IBEC tiene una larga experiencia en el estudio del constitucionalismo iberoamericano y su constante voluntad de intercambio cultural y acad\u00e9mico se ha ido consolidando de manera paulatina en distintas \u00e1reas como la docencia y la investigaci\u00f3n desde mediados de los a\u00f1os 90, en los que se fueron creando los primeros v\u00ednculos con las distintas academias y centros de estudios jur\u00eddico constitucionales iberoamericanos.<\/p>\n<p align=\"justify\">Las actividades que viene desarrollando el IBEC se adecuan a los compromisos solidarios de cooperaci\u00f3n que el Estado espa\u00f1ol mantiene con los pa\u00edses iberoamericanos, que en este caso se refiere a materias claves para la consolidaci\u00f3n de reg\u00edmenes democr\u00e1ticos y para su modernizaci\u00f3n social. La coincidencia ling\u00fc\u00edstica y el sustrato cultural com\u00fan que une a Espa\u00f1a con estos pa\u00edses abre las puertas para favorecer encuentros. El IBEC quiere crear lazos de cultura constitucional con todos los centros de ense\u00f1anza y organizaciones acad\u00e9micas que se dediquen a la educaci\u00f3n, promoci\u00f3n, investigaci\u00f3n y aplicaci\u00f3n del conocimiento constitucional, para ello, cuenta con un equipo pluridisciplinar de constitucionalistas iberoamericanos y espa\u00f1oles que mantiene contacto permanente con la realidad iberoamericana.<\/p>\n<p align=\"justify\">El IBEC pretende constituirse en un espacio de reflexi\u00f3n s\u00f3lido para todas las corrientes constitucionales que est\u00e1n eclosionando en ambas orillas del Atl\u00e1ntico a partir del conocimiento exhaustivo de la situaci\u00f3n en la que viven los pa\u00edses iberoamericanos, y adem\u00e1s, en un espacio de conocimiento de la situaci\u00f3n iberoamericana y, de investigaci\u00f3n del mismo ofreci\u00e9ndose a los investigadores j\u00f3venes m\u00e1s prometedores para que puedan seguir alimentando primero en su seno y m\u00e1s tarde en sus respectivos pa\u00edses de origen la riqueza de su pensamiento.<\/p>\n<h3>Objetivos y l\u00edneas de trabajo<\/h3>\n<p><strong>1)<\/strong> Contribuir al fortalecimiento y consolidaci\u00f3n de la democracia en Am\u00e9rica Latina. Este objetivo se concreta en las siguientes acciones:<\/p>\n<ul>\n<li>Observaci\u00f3n de procesos electorales y elaboraci\u00f3n de informes sobre la situaci\u00f3n electoral de los distintos pa\u00edses del \u00e1mbito latinoamericano<\/li>\n<li>Asesor\u00eda internacional<\/li>\n<li>Realizaci\u00f3n de cursos y seminarios para la formaci\u00f3n y capacitaci\u00f3n de t\u00e9cnicos, funcionarios p\u00fablicos y cuadros en las siguientes \u00e1reas:- T\u00e9cnica legislativa, organizaci\u00f3n y gesti\u00f3n parlamentaria<br \/>\n&#8211; Reforma del estado<br \/>\n&#8211; Administraci\u00f3n y gesti\u00f3n p\u00fablica<br \/>\n&#8211; Cooperaci\u00f3n para el desarrollo y gesti\u00f3n de proyectos internacionales<\/li>\n<\/ul>\n<p><strong>2)<\/strong> Formaci\u00f3n en derechos humanos. Ello se concreta en las acciones:<\/p>\n<ul>\n<li>Realizaci\u00f3n de cursos y seminarios para la formaci\u00f3n de jueces y funcionarios p\u00fablicos<\/li>\n<li>Organizaci\u00f3n de cursos de postgrado (doctorado, maestr\u00edas y otras titulaciones)<\/li>\n<\/ul>\n<p><strong>3)<\/strong> Integraci\u00f3n Regional. La importancia acad\u00e9mica y estrat\u00e9gica que la integraci\u00f3n latinoamericana tendr\u00e1 en un futuro pr\u00f3ximo reclaman un centro de investigaci\u00f3n, debate y asesor\u00eda en la materia que debe contar con una fuerte presencia espa\u00f1ola, de manera que Espa\u00f1a se convierta en protagonista de la promoci\u00f3n y el estudio de la integraci\u00f3n latinoamericana<\/p>\n<p><strong>4)<\/strong> Federalismo, descentralizaci\u00f3n y autonom\u00eda municipal. Que se concreta en las acciones:<\/p>\n<ul>\n<li>Apoyo y asesor\u00eda a los procesos de descentralizaci\u00f3n y reforma de la organizaci\u00f3n pol\u00edtica y territorial del estado<\/li>\n<li>Realizaci\u00f3n de cursos de formaci\u00f3n y capacitaci\u00f3n<\/li>\n<\/ul>\n<p><strong>5)<\/strong> Visibilidad de los procesos de cambio. Consistir\u00eda en dar a conocer en Espa\u00f1a y Europa los cambios que se est\u00e1n produciendo en el Derecho constitucional latinoamericano y las aportaciones de la ciencia latinoamericana al constitucionalismo, haciendo patente el papel de la cooperaci\u00f3n espa\u00f1ola en dichos cambios:<\/p>\n<ul>\n<li>Organizaci\u00f3n de cursos, seminarios y titulaciones sobre temas espec\u00edficos latinoamericanos<\/li>\n<li>Publicaci\u00f3n de una revista y mantenimiento de una p\u00e1gina web sobre la problem\u00e1tica constitucional latinoamericana<\/li>\n<li>Creaci\u00f3n de redes tem\u00e1ticas e instrumentos de colaboraci\u00f3n que permitan el intercambio de estudiantes y profesores.<\/li>\n<\/ul>\n<p><a title=\"IBEC, web UA\" href=\"http:\/\/web.ua.es\/es\/ibec\/\">\u00a0http:\/\/web.ua.es\/es\/ibec\/<\/a><\/p>\n<p>&nbsp;<\/p>\n","protected":false},"excerpt":{"rendered":"<p>No obstante la lejan\u00eda geogr\u00e1fica, los lazos hist\u00f3ricos con Iberoam\u00e9rica hacen que las corrientes de pensamiento, la cultura espa\u00f1ola especialmente y la europea en general sigan ejerciendo gran influencia en las construcciones del conocimiento y en las formas de organizaci\u00f3n &hellip; <a href=\"https:\/\/blogs.ua.es\/ibec\/7-2\/\">Continue reading <span class=\"meta-nav\">&rarr;<\/span><\/a><\/p>\n","protected":false},"author":3535,"featured_media":0,"parent":0,"menu_order":0,"comment_status":"open","ping_status":"open","template":"","meta":{"footnotes":""},"class_list":["post-7","page","type-page","status-publish","hentry"],"_links":{"self":[{"href":"https:\/\/blogs.ua.es\/ibec\/wp-json\/wp\/v2\/pages\/7","targetHints":{"allow":["GET"]}}],"collection":[{"href":"https:\/\/blogs.ua.es\/ibec\/wp-json\/wp\/v2\/pages"}],"about":[{"href":"https:\/\/blogs.ua.es\/ibec\/wp-json\/wp\/v2\/types\/page"}],"author":[{"embeddable":true,"href":"https:\/\/blogs.ua.es\/ibec\/wp-json\/wp\/v2\/users\/3535"}],"replies":[{"embeddable":true,"href":"https:\/\/blogs.ua.es\/ibec\/wp-json\/wp\/v2\/comments?post=7"}],"version-history":[{"count":5,"href":"https:\/\/blogs.ua.es\/ibec\/wp-json\/wp\/v2\/pages\/7\/revisions"}],"predecessor-version":[{"id":84,"href":"https:\/\/blogs.ua.es\/ibec\/wp-json\/wp\/v2\/pages\/7\/revisions\/84"}],"wp:attachment":[{"href":"https:\/\/blogs.ua.es\/ibec\/wp-json\/wp\/v2\/media?parent=7"}],"curies":[{"name":"wp","href":"https:\/\/api.w.org\/{rel}","templated":true}]}}