{"id":6,"date":"2013-11-15T17:45:04","date_gmt":"2013-11-15T17:45:04","guid":{"rendered":"https:\/\/blogs.ua.es\/ibi1\/?page_id=6"},"modified":"2014-01-13T14:25:08","modified_gmt":"2014-01-13T14:25:08","slug":"explicacion","status":"publish","type":"page","link":"https:\/\/blogs.ua.es\/ibi1\/explicacion\/","title":{"rendered":"Explicaci\u00f3n"},"content":{"rendered":"<p><!--[if gte mso 9]&gt;--><\/p>\n<p><!--[if gte mso 9]&gt;--><\/p>\n<p class=\"MsoNormal\">Para realizar este blog he tenido que visitar varios lugares de la ciudad de Ibi desde lugares religiosos como el cementerio o la iglesia hasta el Ayuntamiento, parques, etc de los cuales he tenido que tomar varias fotograf\u00edas. Para conseguir todas ellas he tenido que visitar varias veces esta ciudad ya que nunca hab\u00eda estado antes en ella y buscar informaci\u00f3n para saber en qu\u00e9 lugares iba a encontrar lo que necesitaba. Tras varios d\u00edas visitando Ibi logr\u00e9 el mayor n\u00famero de fotograf\u00edas posibles para empezar a realizar este blog e incluso el enterrador del cementerio al que fui a realizar varias fotograf\u00edas me indic\u00f3 los lugares a los que podr\u00eda ir. Tambi\u00e9n obtuve mucha informaci\u00f3n en el Ayuntamiento e incluso algunas personas de la calle a las que acud\u00ed a preguntar. Despu\u00e9s de todo esto y todas las im\u00e1genes conseguidas empec\u00e9 a trabajar con el blog, para ello he buscado la informaci\u00f3n en internet principalmente para poder explicar cada foto. Destacar que muchos de los datos obtenidos los he conseguido de la p\u00e1gina web del Ayuntamiento que es muy completa y explica todo de una forma sencilla y clara, tambi\u00e9n he buscado en otras p\u00e1ginas y he podido explicar todo lo mejor posible.<\/p>\n","protected":false},"excerpt":{"rendered":"<p>Para realizar este blog he tenido que visitar varios lugares de la ciudad de Ibi desde lugares religiosos como el cementerio o la iglesia hasta el Ayuntamiento, parques, etc de los cuales he tenido que tomar varias fotograf\u00edas. Para conseguir &hellip; <a href=\"https:\/\/blogs.ua.es\/ibi1\/explicacion\/\">Continue reading <span class=\"meta-nav\">&rarr;<\/span><\/a><\/p>\n","protected":false},"author":3399,"featured_media":0,"parent":0,"menu_order":1,"comment_status":"open","ping_status":"open","template":"","meta":{"footnotes":""},"class_list":["post-6","page","type-page","status-publish","hentry"],"_links":{"self":[{"href":"https:\/\/blogs.ua.es\/ibi1\/wp-json\/wp\/v2\/pages\/6","targetHints":{"allow":["GET"]}}],"collection":[{"href":"https:\/\/blogs.ua.es\/ibi1\/wp-json\/wp\/v2\/pages"}],"about":[{"href":"https:\/\/blogs.ua.es\/ibi1\/wp-json\/wp\/v2\/types\/page"}],"author":[{"embeddable":true,"href":"https:\/\/blogs.ua.es\/ibi1\/wp-json\/wp\/v2\/users\/3399"}],"replies":[{"embeddable":true,"href":"https:\/\/blogs.ua.es\/ibi1\/wp-json\/wp\/v2\/comments?post=6"}],"version-history":[{"count":5,"href":"https:\/\/blogs.ua.es\/ibi1\/wp-json\/wp\/v2\/pages\/6\/revisions"}],"predecessor-version":[{"id":400,"href":"https:\/\/blogs.ua.es\/ibi1\/wp-json\/wp\/v2\/pages\/6\/revisions\/400"}],"wp:attachment":[{"href":"https:\/\/blogs.ua.es\/ibi1\/wp-json\/wp\/v2\/media?parent=6"}],"curies":[{"name":"wp","href":"https:\/\/api.w.org\/{rel}","templated":true}]}}