{"id":9,"date":"2013-11-15T17:45:32","date_gmt":"2013-11-15T17:45:32","guid":{"rendered":"https:\/\/blogs.ua.es\/ibi1\/?page_id=9"},"modified":"2014-01-13T17:08:56","modified_gmt":"2014-01-13T17:08:56","slug":"valoracion","status":"publish","type":"page","link":"https:\/\/blogs.ua.es\/ibi1\/valoracion\/","title":{"rendered":"Valoraci\u00f3n"},"content":{"rendered":"<p><!--[if gte mso 9]&gt;--><\/p>\n<p><!--[if gte mso 9]&gt;--><\/p>\n<p>&nbsp;<\/p>\n<p class=\"MsoNormal\">En cuanto a la valoraci\u00f3n de este trabajo puedo decir que ha sido muy positiva por diversas razones. El haber realizado este trabajo me ha hecho conocer la ciudad de Ibi que est\u00e1 dotada de muchas cosas importantes que me han llamado mucho la atenci\u00f3n y han hecho que la realizaci\u00f3n de este blog se m\u00e1s amena. Por otra parte destacar\u00eda que haber creado este blog me ha enganchado algo m\u00e1s al mundo de la inform\u00e1tica y que seguro que me va servir m\u00e1s adelante. Lo que m\u00e1s esfuerzo me ha costado para poder hacer las fotos concretamente es el tener que haberme desplazado varios d\u00edas a Ibi ya que ten\u00eda que estar condicionado por el horario de los transportes p\u00fablicos para poder desplazarme. En definitiva ha sido una experiencia muy positiva con un peque\u00f1o problema y es que al principio empezamos a realizar este blog otra persona m\u00e1s y yo, pero por problemas personales la otra persona ha tenido que abandonar la universidad y he tenido que finalizar el trabajo yo; pero sin duda no me importar\u00eda tener que volver a realizar otra ya que me ha gustado que se realicen este tipo de trabajos.<\/p>\n","protected":false},"excerpt":{"rendered":"<p>&nbsp; En cuanto a la valoraci\u00f3n de este trabajo puedo decir que ha sido muy positiva por diversas razones. El haber realizado este trabajo me ha hecho conocer la ciudad de Ibi que est\u00e1 dotada de muchas cosas importantes que &hellip; <a href=\"https:\/\/blogs.ua.es\/ibi1\/valoracion\/\">Continue reading <span class=\"meta-nav\">&rarr;<\/span><\/a><\/p>\n","protected":false},"author":3399,"featured_media":0,"parent":0,"menu_order":2,"comment_status":"open","ping_status":"open","template":"","meta":{"footnotes":""},"class_list":["post-9","page","type-page","status-publish","hentry"],"_links":{"self":[{"href":"https:\/\/blogs.ua.es\/ibi1\/wp-json\/wp\/v2\/pages\/9","targetHints":{"allow":["GET"]}}],"collection":[{"href":"https:\/\/blogs.ua.es\/ibi1\/wp-json\/wp\/v2\/pages"}],"about":[{"href":"https:\/\/blogs.ua.es\/ibi1\/wp-json\/wp\/v2\/types\/page"}],"author":[{"embeddable":true,"href":"https:\/\/blogs.ua.es\/ibi1\/wp-json\/wp\/v2\/users\/3399"}],"replies":[{"embeddable":true,"href":"https:\/\/blogs.ua.es\/ibi1\/wp-json\/wp\/v2\/comments?post=9"}],"version-history":[{"count":4,"href":"https:\/\/blogs.ua.es\/ibi1\/wp-json\/wp\/v2\/pages\/9\/revisions"}],"predecessor-version":[{"id":403,"href":"https:\/\/blogs.ua.es\/ibi1\/wp-json\/wp\/v2\/pages\/9\/revisions\/403"}],"wp:attachment":[{"href":"https:\/\/blogs.ua.es\/ibi1\/wp-json\/wp\/v2\/media?parent=9"}],"curies":[{"name":"wp","href":"https:\/\/api.w.org\/{rel}","templated":true}]}}