{"id":18,"date":"2010-03-08T11:34:06","date_gmt":"2010-03-08T11:34:06","guid":{"rendered":"https:\/\/blogs.ua.es\/ideaspoliticas\/?page_id=18"},"modified":"2011-04-06T08:04:06","modified_gmt":"2011-04-06T08:04:06","slug":"la-inglaterra-renacentista","status":"publish","type":"page","link":"https:\/\/blogs.ua.es\/ideaspoliticas\/la-inglaterra-renacentista\/","title":{"rendered":"La Inglaterra renacentista"},"content":{"rendered":"<p><!-- \t\t@page { margin: 2cm } \t\tH2 { margin-bottom: 0.11cm } \t\tH2.western { font-family: \"Arial\", sans-serif; font-size: 14pt; font-style: italic } \t\tH2.cjk { font-family: \"Lucida Sans Unicode\"; font-size: 14pt; font-style: italic } \t\tH2.ctl { font-family: \"Arial\", sans-serif; font-size: 14pt; font-style: italic } \t\tH3 { margin-bottom: 0.11cm } \t\tH3.western { font-family: \"Arial\", sans-serif; font-size: 13pt } \t\tH3.cjk { font-family: \"Lucida Sans Unicode\"; font-size: 13pt } \t\tH3.ctl { font-family: \"Arial\", sans-serif; font-size: 13pt } \t\tP { margin-bottom: 0.21cm } \t\tA:link { color: #0000ff } --><\/p>\n<h2 style=\"text-align: justify\">1. Introducci\u00f3n<\/h2>\n<p style=\"text-align: justify\">El pensamiento pol\u00edtico de la Inglaterra renacentista se centr\u00f3 en dos temas principales:<\/p>\n<ul style=\"text-align: justify\">\n<li>La construcci\u00f3n del \tEstado Moderno. La monarqu\u00eda de los Tudor tuvo como tarea \tprimordial la construcci\u00f3n del Estado Moderno ingl\u00e9s. Se apoy\u00f3 en \tun pensamiento pol\u00edtico que reforz\u00f3 la autoridad real y que, sobre \ttodo, incidi\u00f3 en la absoluta independencia del monarca ingl\u00e9s \trespecto a cualquier poder exterior.<\/li>\n<li>Las relaciones \tIglesia-Estado. Tras el Cisma anglicano, el rey se convirti\u00f3 en el \tjefe de la Iglesia nacional, independiz\u00e1ndose de la autoridad \tespiritual del Papa. Y aunque era dif\u00edcil justificar que los reyes \tpudiesen tomar decisiones correctas sobre cuestiones doctrinales o \tlit\u00fargicas, los ingleses tendieron a aceptar de forma pragm\u00e1tica \tsu autoridad eclesi\u00e1stica.<\/li>\n<\/ul>\n<p style=\"text-align: justify\">Dejando al margen la <em>Utop\u00eda<\/em> de Tom\u00e1s Moro, que ya analizamos, las dos principales obras de la literatura pol\u00edtica inglesa del siglo XVI fueron escritas y publicadas durante el reinado de Isabel I:<\/p>\n<ul style=\"text-align: justify\">\n<li><em>De republica \tAnglorum<\/em>, de Thomas Smith.<\/li>\n<li><em>Of the Laws of \tEcclesiastical Polity<\/em> (Sobre las leyes del gobierno \teclesi\u00e1stico), de Richard Hooker.<\/li>\n<\/ul>\n<h2 style=\"text-align: justify\">2. La construcci\u00f3n del Estado Moderno<\/h2>\n<p style=\"text-align: justify\">La principal contribuci\u00f3n al tema de la toma de conciencia de las caracter\u00edsticas de la monarqu\u00eda nacional inglesa fue realizada por Sir <span style=\"color: #0000ff\"><span style=\"text-decoration: underline\"><a href=\"http:\/\/en.wikipedia.org\/wiki\/Thomas_Smith_%28diplomat%29\">Thomas Smith<\/a><\/span><\/span> (1513-1577).<\/p>\n<p style=\"text-align: justify\">Tras licenciarse en Derecho en la Universidad de Padua, fue profesor de griego, filosof\u00eda y derecho en Cambridge. Ocup\u00f3 el cargo de rector del prestigioso <span style=\"color: #0000ff\"><span style=\"text-decoration: underline\"><a href=\"http:\/\/en.wikipedia.org\/wiki\/Eton_College\">Eton College<\/a><\/span><\/span>. Tras convertirse al protestantismo, en tiempos de <span style=\"color: #0000ff\"><span style=\"text-decoration: underline\"><a href=\"http:\/\/es.wikipedia.org\/wiki\/Eduardo_VI_de_Inglaterra\">Eduardo VI<\/a><\/span><\/span> lleg\u00f3 a ser secretario de Estado. Cesado por la cat\u00f3lica <span style=\"color: #0000ff\"><span style=\"text-decoration: underline\"><a href=\"http:\/\/es.wikipedia.org\/wiki\/Mar%25C3%25ADa_I_de_Inglaterra\">Mar\u00eda I<\/a><\/span><\/span>, fue nombrado embajador en Francia por <span style=\"color: #0000ff\"><span style=\"text-decoration: underline\"><a href=\"http:\/\/es.wikipedia.org\/wiki\/Isabel_I\">Isabel I<\/a><\/span><\/span>. Durante el desempe\u00f1o de esta actividad escribi\u00f3 <span style=\"color: #0000ff\"><span style=\"text-decoration: underline\"><a href=\"http:\/\/www.archive.org\/stream\/derepublicaanglo00smituoft\/derepublicaanglo00smituoft_djvu.txt\"><em>De republica Anglorum<\/em><\/a><\/span><\/span>, un tratado de tres libros que pretend\u00eda rebatir algunos escritos de propaganda anti-isabelina. De vuelta a Inglaterra, fue nombrado miembro del Consejo Privado y de nuevo secretario de Estado.<\/p>\n<p style=\"text-align: justify\">Smith considera que el r\u00e9gimen pol\u00edtico ingl\u00e9s es considerablemente diferente del resto de estados europeos de su \u00e9poca. Para su mejor comprensi\u00f3n parte del an\u00e1lisis de la sociedad inglesa, ya que considera que las formas pol\u00edticas son respuestas a las necesidades que plantea la sociedad.<\/p>\n<p style=\"text-align: justify\">Divide la naci\u00f3n inglesa en nobleza, <em>gentry<\/em> (baja nobleza y burgues\u00eda comercial y profesional), <em>yeomanry<\/em> (campesinado independiente) y plebe. Todos los ingleses tienen representaci\u00f3n en el Parlamento, que es la entidad suprema del poder.<\/p>\n<p style=\"text-align: justify\">Smith tiene una visi\u00f3n judicial de la vida pol\u00edtica:<\/p>\n<ul style=\"text-align: justify\">\n<li>Por una parte, \tconsidera que el Parlamento es el tribunal supremo del reino y que, \tcomo tal, declara judicialmente la conversi\u00f3n de las disposiciones \ten leyes.<\/li>\n<li>Y por otra, destaca \tdos aspectos especialmente ventajosos de la forma pol\u00edtica inglesa:\n<ul>\n<li>Los jueces de paz, \t\tpara defender el orden p\u00fablico.<\/li>\n<li>Los jurados en los \t\tjuicios criminales, para garantizar a los individuos el derecho a \t\tser juzgados por los de su misma condici\u00f3n.<\/li>\n<\/ul>\n<\/li>\n<\/ul>\n<h2 style=\"text-align: justify\">3. Las relaciones Iglesia-Estado<\/h2>\n<h3 style=\"text-align: justify\"><span style=\"font-size: small\"> 3.1. Los puritanos<\/span><\/h3>\n<p style=\"text-align: justify\">Durante el reinado de Isabel I, los grupos calvinistas m\u00e1s ortodoxos, llamados <em>puritanos<\/em>, comenzaron a hacer p\u00fablicas sus pretensiones de purificar la Iglesia anglicana, liber\u00e1ndola de pr\u00e1cticas mundanas y restos lit\u00fargicos cat\u00f3licos, para recuperar la pureza de la Iglesia primitiva.<\/p>\n<p style=\"text-align: justify\">Con el tiempo, el movimiento se radicaliz\u00f3, rechazando abiertamente la Iglesia anglicana y su organizaci\u00f3n: Plante\u00f3 la sustituci\u00f3n de su jerarqu\u00eda episcopal por una Iglesia presbiteriana:<\/p>\n<ul style=\"text-align: justify\">\n<li>una Iglesia cuyo \tgobierno local hab\u00eda de quedar en manos del presbiterio, del \tcolegio o consistorio de presb\u00edteros, miembros notables de la \tiglesia, elegidos de forma m\u00e1s o menos democr\u00e1tica (o, mejor \tdicho, aristocr\u00e1tica);<\/li>\n<li>y que a nivel \tnacional, deb\u00eda ser gobernada por un presbiterio nacional o s\u00ednodo.<\/li>\n<\/ul>\n<p style=\"text-align: justify\">A partir de 1580, los puritanos empezaron a expresar sus puntos de vista en el Parlamento a trav\u00e9s de diputados de su confesi\u00f3n.<\/p>\n<p style=\"text-align: justify\">Los puritanos no solo defend\u00edan la independencia del gobierno eclesi\u00e1stico respecto al civil, sino que al contrario de la tesis fundamental de la Iglesia anglicana, pensaban que el gobierno eclesi\u00e1stico deb\u00eda dirigir al civil para que este impusiera coactivamente la disciplina religiosa. De acuerdo con esta idea, siempre afirmaron la sumisi\u00f3n a la autoridad civil, negando el derecho de resistencia, aunque los gobernadores seculares no actuasen de forma recta y justa.<\/p>\n<h3 style=\"text-align: justify\"><span style=\"font-size: small\"> 3.2. Los congregacionistas<\/span><\/h3>\n<p style=\"text-align: justify\">Los congregacionistas o independientes eran calvinistas radicales que conceb\u00edan la religi\u00f3n como una relaci\u00f3n entre el individuo y Dios, en la que nada ten\u00eda que ver el poder civil. Ten\u00edan un concepto de Iglesia muy diferente de los dem\u00e1s grupos.<\/p>\n<p style=\"text-align: justify\">Consideraban que la Iglesia hab\u00eda de ser una \u201ccongregaci\u00f3n\u201d independiente y aut\u00f3noma de creyentes, que se asociaban a ella de forma voluntaria. Dado el car\u00e1cter de libre asociaci\u00f3n de los creyentes, la congregaci\u00f3n no ten\u00eda ning\u00fan derecho a controlar sus vidas.<\/p>\n<p style=\"text-align: justify\">Los congregacionistas defend\u00edan cierta tolerancia. No obstante, esta no era plena, ya que los magistrados de las congregaciones hab\u00edan de actuar ante las manifestaciones de idolatr\u00eda o los casos de blasfemia.<\/p>\n<h3 style=\"text-align: justify\"><span style=\"font-size: small\"> 3.3. Los anglicanos<\/span><\/h3>\n<p style=\"text-align: justify\">El principal representante de la tesis oficial anglicana sobre la relaci\u00f3n entre la Iglesia y el Estado es <span style=\"color: #0000ff\"><span style=\"text-decoration: underline\"><a href=\"http:\/\/es.wikipedia.org\/wiki\/Richard_Hooker\">Richard Hooker<\/a><\/span><\/span> (1554-1600), quien escribi\u00f3 el tratado m\u00e1s importante del pensamiento pol\u00edtico ingl\u00e9s de la segunda mitad del XVI, <span style=\"color: #0000ff\"><span style=\"text-decoration: underline\"><a href=\"http:\/\/anglicanhistory.org\/hooker\/\"><em>Of the Laws of Ecclesiastical Polity<\/em><\/a><\/span><\/span>, para refutar la cr\u00edtica de los puritanos a la Iglesia anglicana y los argumentos por los que se negaban a obedecer las leyes eclesi\u00e1sticas promulgadas por el Parlamento.<\/p>\n<p style=\"text-align: justify\">Aunque Hooker trata un problema eclesi\u00e1stico, su obra desarrolla temas propios de la filosof\u00eda pol\u00edtica y jur\u00eddica. El autor consideraba que el gobierno de la Iglesia era una parcela del gobierno general de la sociedad, lo que convert\u00eda la desobediencia de los puritanos a la ley eclesi\u00e1stica en una oposici\u00f3n pol\u00edtica.<\/p>\n<p style=\"text-align: justify\">Hooker realiza la \u00faltima gran exposici\u00f3n de las ideas pol\u00edticas clave de la tradici\u00f3n medieval, influido por el pensamiento de Santo Tom\u00e1s. Afirma que el hombre, por naturaleza, tiende a vivir en sociedad. La multitud organizada en sociedad tiene derecho y poder para decidir sobre las cuestiones que le afectan. No obstante, el poder social difuso no es operativo. Para hacerlo m\u00e1s eficaz, los hombres consienten en que sea ejercido por determinados miembros de la sociedad. De esta forma, nace la autoridad pol\u00edtica, que no es leg\u00edtima sin el consentimiento de la sociedad. Una vez constituida la autoridad, sus leyes, previamente aprobadas por la comunidad, son de obligado cumplimiento para todos los miembros (independientemente de que sean eclesi\u00e1sticas).<\/p>\n<p style=\"text-align: justify\">Al tratar sobre la Iglesia, Hooker afirma que el derecho eclesi\u00e1stico obliga a todos los ingleses como todo el resto del derecho. Sigue a San Agust\u00edn al considerar que la sociedad cristiana es a la vez Iglesia y Rep\u00fablica; pero reforzando esta concepci\u00f3n medieval del Estado con la idea moderna de naci\u00f3n como realidad autosuficiente capaz de asumir una plena autonom\u00eda a trav\u00e9s de su organizaci\u00f3n pol\u00edtica.<\/p>\n<p style=\"text-align: justify\">De esta forma, Hooker polemizaba con los cat\u00f3licos y los puritanos, que afirmaban que la Iglesia y el Estado eran dos entidades distintas, y reconoc\u00edan la supremac\u00eda de la Iglesia sobre el Estado (una autoridad universal -el poder mon\u00e1rquico del papa- en el caso de los cat\u00f3licos; y una autoridad local o nacional \u2013los presbiterios- para los puritanos).<\/p>\n<h2 style=\"text-align: justify\">4. Francis Bacon<\/h2>\n<p style=\"text-align: justify\"><span style=\"color: #0000ff\"><span style=\"text-decoration: underline\"><a href=\"http:\/\/es.wikipedia.org\/wiki\/Francis_bacon\">Francis Bacon<\/a><\/span><\/span> (1561-1626). Sus padres, un alto funcionario de Isabel I (Sir Nicholas Bacon) y una de las mujeres m\u00e1s ilustradas de su \u00e9poca (Ann Cooke), prestaron mucha atenci\u00f3n por su educaci\u00f3n desde la ni\u00f1ez. Durante la adolescencia estudi\u00f3 en el <span style=\"color: #0000ff\"><span style=\"text-decoration: underline\"><a href=\"http:\/\/es.wikipedia.org\/wiki\/Trinity_College,_Cambridge\">Trinity College<\/a><\/span><\/span> de la Universidad de Cambridge, donde comenz\u00f3 a dudar de los m\u00e9todos utilizados en las ciencias. Posteriormente estudi\u00f3 Derecho. Gracias a sus estudios pudo ocupar algunos cargos pol\u00edticos de escasa relevancia durante el reinado de Isabel I. Al subir al trono <span style=\"color: #0000ff\"><span style=\"text-decoration: underline\"><a href=\"http:\/\/es.wikipedia.org\/wiki\/Jacobo_I_de_Inglaterra\">Jacobo I<\/a><\/span><\/span>, comenz\u00f3 a disfrutar de una mejor posici\u00f3n: fue nombrado fiscal general de la Corona (1613), canciller de Inglaterra (1618) y bar\u00f3n de Verulam. Tras verse inmerso en intrigas pol\u00edticas, en 1621 fue condenado por corrupci\u00f3n (venalidad), inhabilitado para el desempe\u00f1o de cargos p\u00fablicos, multado y encarcelado en la Torre de Londres. El rey le perdon\u00f3 las penas y le liber\u00f3. Y a partir de ese momento, Bacon vivi\u00f3 retirado, plenamente dedicado a la  investigaci\u00f3n cient\u00edfica.<\/p>\n<p style=\"text-align: justify\">El pensamiento pol\u00edtico de Bacon se contiene en sus <em>Ensayos<\/em> y en la utop\u00eda <span style=\"color: #0000ff\"><span style=\"text-decoration: underline\"><a href=\"http:\/\/www.ucm.es\/info\/bas\/utopia\/html\/bacon2.htm\">La nueva Atl\u00e1ntida<\/a><\/span><\/span>. Bacon cree que el progreso cient\u00edfico puede aportar las soluciones a los problemas pr\u00e1cticos de la vida del hombre, incluidos los pol\u00edticos. Por ello, no entra en ning\u00fan tipo de especulaciones doctrinales.<\/p>\n<p style=\"text-align: justify\"><em>La nueva Atl\u00e1ntida<\/em> recoge las principales aportaciones de Bacon al pensamiento pol\u00edtico. Siguiendo el ejemplo de Tom\u00e1s Moro, describe una isla imaginaria, llamada Bensalem, situada en el Oc\u00e9ano Pac\u00edfico. La idea central de su utop\u00eda es el valor de la ciencia experimental para el progreso de la sociedad, partiendo de dos premisas:<\/p>\n<ul style=\"text-align: justify\">\n<li>Que para el progreso \tde la ciencia es necesaria la investigaci\u00f3n colectiva organizada, \tsistematizada y met\u00f3dica.<\/li>\n<li>Y que la direcci\u00f3n \tde esta organizaci\u00f3n corresponde al Estado.<\/li>\n<\/ul>\n<p style=\"text-align: justify\">La sociedad de Bensalem tiene su centro en la Casa de Salom\u00f3n, que es un instituto de investigaci\u00f3n en el que trabajan reunidos los mejores cient\u00edficos de la isla. Aunque Bensalem es una sociedad aislada, env\u00eda agentes para ver los adelantos en otros pa\u00edses.<\/p>\n<p style=\"text-align: justify\">La figura de Bacon nos interesa, sobre todo, por su aportaci\u00f3n a la constituci\u00f3n de la ciencia moderna. Concibi\u00f3 una gran obra sobre la restauraci\u00f3n de las ciencias con el t\u00edtulo <em>La gran renovaci\u00f3n<\/em> (<em>Instauratio magna<\/em>), porque Bacon pretend\u00eda que el hombre volviera al estado de sabidur\u00eda que pose\u00eda antes del pecado original. Era un plan grandioso que hab\u00eda de desarrollar en seis partes. Solo pudo elaborar las dos primeras, que se refieren al nuevo orden de las ciencias, <em>De dignitate et augmentis scientiarum<\/em>, y al nuevo m\u00e9todo, <em>Novum Organum<\/em>. De las otras partes solo nos han llegado fragmentos.<\/p>\n","protected":false},"excerpt":{"rendered":"<p>1. Introducci\u00f3n El pensamiento pol\u00edtico de la Inglaterra renacentista se centr\u00f3 en dos temas principales: La construcci\u00f3n del Estado Moderno. La monarqu\u00eda de los Tudor tuvo como tarea primordial la construcci\u00f3n del Estado Moderno ingl\u00e9s. Se apoy\u00f3 en un pensamiento pol\u00edtico que reforz\u00f3 la autoridad real y que, sobre todo, incidi\u00f3 en la absoluta independencia [&hellip;]<\/p>\n","protected":false},"author":936,"featured_media":0,"parent":0,"menu_order":8,"comment_status":"open","ping_status":"open","template":"","meta":{"footnotes":""},"class_list":["post-18","page","type-page","status-publish","hentry"],"_links":{"self":[{"href":"https:\/\/blogs.ua.es\/ideaspoliticas\/wp-json\/wp\/v2\/pages\/18","targetHints":{"allow":["GET"]}}],"collection":[{"href":"https:\/\/blogs.ua.es\/ideaspoliticas\/wp-json\/wp\/v2\/pages"}],"about":[{"href":"https:\/\/blogs.ua.es\/ideaspoliticas\/wp-json\/wp\/v2\/types\/page"}],"author":[{"embeddable":true,"href":"https:\/\/blogs.ua.es\/ideaspoliticas\/wp-json\/wp\/v2\/users\/936"}],"replies":[{"embeddable":true,"href":"https:\/\/blogs.ua.es\/ideaspoliticas\/wp-json\/wp\/v2\/comments?post=18"}],"version-history":[{"count":4,"href":"https:\/\/blogs.ua.es\/ideaspoliticas\/wp-json\/wp\/v2\/pages\/18\/revisions"}],"predecessor-version":[{"id":96,"href":"https:\/\/blogs.ua.es\/ideaspoliticas\/wp-json\/wp\/v2\/pages\/18\/revisions\/96"}],"wp:attachment":[{"href":"https:\/\/blogs.ua.es\/ideaspoliticas\/wp-json\/wp\/v2\/media?parent=18"}],"curies":[{"name":"wp","href":"https:\/\/api.w.org\/{rel}","templated":true}]}}