{"id":22,"date":"2010-03-08T11:35:17","date_gmt":"2010-03-08T11:35:17","guid":{"rendered":"https:\/\/blogs.ua.es\/ideaspoliticas\/?page_id=22"},"modified":"2010-03-08T11:50:20","modified_gmt":"2010-03-08T11:50:20","slug":"el-barroco","status":"publish","type":"page","link":"https:\/\/blogs.ua.es\/ideaspoliticas\/el-barroco\/","title":{"rendered":"El Barroco"},"content":{"rendered":"<p><!-- \t\t@page { margin: 2cm } \t\tH2 { margin-bottom: 0.11cm } \t\tH2.western { font-family: \"Arial\", sans-serif; font-size: 14pt; font-style: italic } \t\tH2.cjk { font-family: \"Lucida Sans Unicode\"; font-size: 14pt; font-style: italic } \t\tH2.ctl { font-family: \"Arial\", sans-serif; font-size: 14pt; font-style: italic } \t\tH3 { margin-bottom: 0.11cm } \t\tH3.western { font-family: \"Arial\", sans-serif; font-size: 13pt } \t\tH3.cjk { font-family: \"Lucida Sans Unicode\"; font-size: 13pt } \t\tH3.ctl { font-family: \"Arial\", sans-serif; font-size: 13pt } \t\tP { margin-bottom: 0.21cm } \t\tA:link { color: #0000ff } --><\/p>\n<h2 style=\"text-align: justify\">1. La cultura del Barroco<\/h2>\n<p style=\"text-align: justify\">Al igual que el Renacimiento, el Barroco tuvo su origen en el Arte y acab\u00f3 designando a una \u00e9poca de la Historia de la Cultura.<\/p>\n<p style=\"text-align: justify\">El inicio del Barroco vino marcado en los distintos Estados europeos por distintos hechos hist\u00f3ricos:<\/p>\n<ul style=\"text-align: justify\">\n<li>En Espa\u00f1a, el \tacceso al trono de Felipe II (1556) y el inicio de la hegemon\u00eda \tespa\u00f1ola (que perdurar\u00eda hasta la Guerra de los Treinta A\u00f1os).<\/li>\n<li>En Italia, la \treuni\u00f3n del Concilio de Trento (1545-1563) y el inicio de la \tContrarreforma.<\/li>\n<li>En Alemania, la Paz \tde Augsburgo (1555).<\/li>\n<li>En Francia, la paz \treligiosa consolidada por el Edicto de Nantes (1598).<\/li>\n<li>En Inglaterra, el \tcambio de dinast\u00eda, de los Tudor a los Estuardo (1603).<\/li>\n<\/ul>\n<p style=\"text-align: justify\">El final, en cambio, fue m\u00e1s homog\u00e9neo: se produjo tras la Guerra de Sucesi\u00f3n Espa\u00f1ola, que dio paso a una nueva era de equilibrio entre las grandes potencias europeas, la \u00e9poca de la Ilustraci\u00f3n.<\/p>\n<p style=\"text-align: justify\">El Barroco es por definici\u00f3n un estilo art\u00edstico que se diferencia y se opone al Renacimiento. Frente al clasicismo renacentista, caracterizado por el orden, la claridad, la armon\u00eda y el rigor, la oposici\u00f3n barroca acent\u00faa los motivos ornamentales, imprime m\u00e1s tensi\u00f3n, dramatismo o pasi\u00f3n a las figuras humanas y da al artista una mayor libertad de expresi\u00f3n. El Renacimiento se centra en el hombre mientras que el Barroco ampl\u00eda la fuente de inspiraci\u00f3n a toda la Naturaleza, de la que el hombre es solo una parte min\u00fascula.<\/p>\n<p style=\"text-align: justify\">Junto al impulso del Arte, el Barroco tambi\u00e9n fue promovido por el empuje espiritual de la Contrarreforma. Frente a la Reforma protestante, el movimiento de renovaci\u00f3n cat\u00f3lica defendi\u00f3 la capacidad del hombre para lograr la salvaci\u00f3n a trav\u00e9s de las buenas obras. Por ello, la Iglesia de la Contrarreforma trata de conmover al hombre a trav\u00e9s de los sentidos utilizando diversos medios:<\/p>\n<ul style=\"text-align: justify\">\n<li>Con la nuevas \texpresiones art\u00edsticas.<\/li>\n<li>A trav\u00e9s de una \tliturgia renovada y efectista, que tiende a convertir los misterios \tde la religi\u00f3n en un espect\u00e1culo, realizado en templos nuevos, de \tgran amplitud para facilitar a los fieles el seguimiento de los \tactos del culto y exuberantemente decorados para causar su \tadmiraci\u00f3n.<\/li>\n<li>Gracias a la acci\u00f3n \tde los sacerdotes, que aparecen elevados a la categor\u00eda de \tministros consagrados por Dios. Con la Contrarreforma, el papel del \tsacerdote en la Iglesia es reforzado con la declaraci\u00f3n dogm\u00e1tica \tdel sacramento del orden y con una mayor atenci\u00f3n por la formaci\u00f3n \ty la disciplina.<\/li>\n<li>Por medio de la \trevalorizaci\u00f3n del culto a los santos y a la Virgen Mar\u00eda.<\/li>\n<\/ul>\n<p style=\"text-align: justify\">En el Barroco, la conciencia de que el hombre no es el centro de la Naturaleza, sino, m\u00e1s bien, la parte m\u00e1s valiosa, tiene como consecuencia el reconocimiento de la Iglesia como \u00fanica realidad que puede conducirle a la salvaci\u00f3n. Por ello, la Contrarreforma refuerza la instituci\u00f3n eclesi\u00e1stica, la jerarqu\u00eda, que tiende a controlar la creatividad, la imaginaci\u00f3n y la expresividad del hombre.<\/p>\n<p style=\"text-align: justify\">La Contrarreforma tambi\u00e9n reafirma la instituci\u00f3n pol\u00edtica, el Estado, por la necesidad mutua de ambos poderes para fortalecerse. El Barroco tambi\u00e9n se manifiesta en torno a la figura de los monarcas, que demuestran de forma suntuosa su poder absoluto desde la corte, afianz\u00e1ndose en la c\u00faspide de la sociedad se\u00f1orial.<\/p>\n<p style=\"text-align: justify\">Por tanto, a diferencia del Renacimiento, que era la cultura de los grandes hombres, el Barroco es la cultura de las grandes instituciones: la Iglesia y el Estado; entidades que viven distintos conflictos y generan un sentimiento de inseguridad en el individuo de la \u00e9poca, que marca con su dramatismo tanto la expresi\u00f3n art\u00edstica como el mismo pensamiento pol\u00edtico.<\/p>\n<p style=\"text-align: justify\">Las monarqu\u00edas absolutas se afirmaron durante el Barroco, pese a que los conflictos pol\u00edticos fueron frecuentes durante todo el tiempo que dur\u00f3 el movimiento:<\/p>\n<ul style=\"text-align: justify\">\n<li>la Guerra de los \tTreinta A\u00f1os;<\/li>\n<li>las guerras de Luis \tXIV, que afectaron a todo el Occidente europeo;<\/li>\n<li>las tres guerras \tangloholandesas;<\/li>\n<li>la guerra civil \tinglesa;<\/li>\n<li>la Fronda en \tFrancia;<\/li>\n<li>la separaci\u00f3n de \tPortugal;<\/li>\n<li>o la sublevaci\u00f3n de \tCatalu\u00f1a.<\/li>\n<\/ul>\n<p style=\"text-align: justify\">En esta continua coyuntura de inestabilidad b\u00e9lica, el individuo hab\u00eda de someterse a la autoridad absoluta del rey, sin expectativa alguna de seguridad o tranquilidad.<\/p>\n<p style=\"text-align: justify\">Tampoco la Iglesia ofrec\u00eda paz espiritual a los fieles. La Contrarreforma hubo de enfrentarse a temas muy pol\u00e9micos, como el avance de la Reforma protestante, la corrupci\u00f3n interna o el proceso de secularizaci\u00f3n social. En la lucha, cobr\u00f3 protagonismo el grupo que estaba mejor preparado para las disputas espirituales e ideol\u00f3gicas: la Compa\u00f1\u00eda de Jes\u00fas.<\/p>\n<p style=\"text-align: justify\">El Barroco fue, por tanto, una \u00e9poca de inseguridad. Por ello, el individuo busc\u00f3 seguridad en las instituciones o en la propia individualidad. Y las instituciones tendieron a reforzar su imagen con grandes s\u00edmbolos, como las construcciones de El Escorial y el Palacio de Versalles por las monarqu\u00edas espa\u00f1ola y francesa, o las impresionantes pinturas y esculturas de tema religioso.<\/p>\n<p style=\"text-align: justify\">En el \u00e1mbito del pensamiento pol\u00edtico, la primera corriente barroco fue la del \u201cderecho divino de los reyes\u201d, que tuvo su origen en Francia, durante la segunda mitad del siglo XVI, y tendi\u00f3 a exaltar la instituci\u00f3n mon\u00e1rquica m\u00e1s all\u00e1 del pensamiento racional.<\/p>\n<h2 style=\"text-align: justify\">2. El siglo del racionalismo<\/h2>\n<h3 style=\"text-align: justify\"><span style=\"font-size: small\">2.1. <\/span><span style=\"font-size: small\"><em>Racionalismo y empirismo<\/em><\/span><\/h3>\n<p style=\"text-align: justify\">Durante el Barroco los principales pensadores se incluyeron en dos grandes corrientes de pensamiento, el racionalismo y el empirismo, que daban primac\u00eda respectivamente a la raz\u00f3n y a la experiencia. Ambas corrientes se desarrollaron en lugares distintos de la geograf\u00eda europea: mientras el racionalismo encontr\u00f3 m\u00e1s seguidores en el continente, el empirismo se desarroll\u00f3 sobre todo en Inglaterra. Descartes fue el principal representante del racionalismo y Bacon fue la figura m\u00e1s destacada del empirismo. La influencia de ambas fue dispar; en el conjunto del pensamiento del siglo XVII, la corriente empirista tuvo menos peso y, por ello, la Historia del Pensamiento suele llamar a la \u00e9poca barroca el \u201cSiglo del Racionalismo\u201d. Ello no implica que se desprecien los planteamientos empiristas. Al contrario, es fundamental tenerlos en consideraci\u00f3n ya que del cruce de ambas corrientes naci\u00f3 en el Seiscientos la ciencia moderna, que consiste en la aplicaci\u00f3n del aparato matem\u00e1tico (racionalismo) a la interpretaci\u00f3n de los datos de la experiencia (empirismo).<\/p>\n<h3 style=\"text-align: justify\"><span style=\"font-size: small\">2.2. <\/span><span style=\"font-size: small\"><em>Bases del racionalismo<\/em><\/span><\/h3>\n<p style=\"text-align: justify\">Para el racionalismo, solo el conocimiento racional es perfecto, absoluto y verdadero. Solo a trav\u00e9s de la raz\u00f3n, el hombre puede captar la esencia de la realidad; por medio de los sentidos, solo puede tener un conocimiento superficial, coyuntural e inseguro de la misma.<\/p>\n<p style=\"text-align: justify\">El conocimiento racional es el verdadero por diferentes motivos:<\/p>\n<ul style=\"text-align: justify\">\n<li>Es objetivo, porque \tpresenta la cosa tal como es, libre de impresiones subjetivas que \tpueden alterar la percepci\u00f3n de la realidad.<\/li>\n<li>Es universal, porque \tsu objeto son los conceptos universales, que no est\u00e1n limitados por \tel espacio o el tiempo, o por las circunstancias puntuales.<\/li>\n<li>Es necesario, porque \tpermite conocer c\u00f3mo son las cosas y que no pueden ser de otra \tforma.<\/li>\n<li>Es exacto, es tan \tpreciso que es comprensible por todas las personas y, por tanto, ha \tde ser aceptado por todos.<\/li>\n<\/ul>\n<p style=\"text-align: justify\">La ciencia que mejor re\u00fane los requisitos del saber racional son las matem\u00e1ticas:<\/p>\n<ul style=\"text-align: justify\">\n<li>El saber matem\u00e1tico \tes un conocimiento objetivo; las f\u00f3rmulas y operaciones matem\u00e1ticas \ttienen su propia l\u00f3gica con independencia del conocimiento \tindividual y subjetivo de quien las utilice o realice.<\/li>\n<li>Es universal, porque \tes independiente del lugar y el tiempo, y porque nadie discute la \tveracidad de los conceptos y teoremas matem\u00e1ticos una vez \tentendidos y demostrados.<\/li>\n<li>Es esencial, porque \tsu formalismo lo independiza de las cosas concretas a las que se \taplica.<\/li>\n<li>Es necesario, porque \tlas verdades matem\u00e1ticas, una vez comprendidas, producen completa \tcerteza.<\/li>\n<li>Es exacto, por su \trigor (de hecho, las matem\u00e1ticas suelen ser llamadas ciencias \texactas).<\/li>\n<\/ul>\n<p style=\"text-align: justify\">El gran iniciador del racionalismo moderno fue Ren\u00e9 Descartes, el inventor de la geometr\u00eda anal\u00edtica. El siglo del racionalismo fue una \u00e9poca de grandes matem\u00e1ticos. Las matem\u00e1ticas son las ciencia modelo cuyo m\u00e9todo, rigor y exactitud deb\u00edan imitar las dem\u00e1s ciencias.<\/p>\n<p style=\"text-align: justify\">El triunfo del racionalismo qued\u00f3 confirmado cuando se produjo la fusi\u00f3n de las dos corrientes de pensamiento; cuando el racionalismo matem\u00e1tico se aplic\u00f3 a analizar y explicar los resultados de la investigaci\u00f3n emp\u00edrica, es decir, cuando naci\u00f3 la ciencia moderna gracias a Galileo Galilei.<\/p>\n<h2 style=\"text-align: justify\">3. Galileo Galilei<\/h2>\n<h3 style=\"text-align: justify\"><span style=\"font-size: small\">3.1. <\/span><span style=\"font-size: small\"><em>Rese\u00f1a biogr\u00e1fica<\/em><\/span><\/h3>\n<p style=\"text-align: justify\">Galileo Galilei (1564-1642), naci\u00f3 en Pisa, poblaci\u00f3n en cuya universidad estudi\u00f3 Medicina, Filosof\u00eda y Matem\u00e1ticas (disciplina en la que se centr\u00f3 finalmente). En 1589 consigui\u00f3 una c\u00e1tedra de Matem\u00e1ticas en la universidad de su ciudad natal. Entre 1592 y 1610 ejerci\u00f3 como profesor de Geometr\u00eda, Mec\u00e1nica y Astronom\u00eda en la Universidad de Padua, donde goz\u00f3 de gran libertad intelectual. Gracias al descubrimiento del telescopio, la ciudad de Venecia le dio estabilidad econ\u00f3mica. Asegurado el sustento familiar, Galileo desarroll\u00f3 el telescopio para realizar observaciones astron\u00f3micas, que le llevaron a la publicaci\u00f3n de <em>Sidereus Nuntius<\/em> (<em>El mensajero de las estrellas<\/em>). En 1611 present\u00f3 con \u00e9xito sus investigaciones en Roma, pero los partidarios de la teor\u00eda geoc\u00e9ntrica comenzaron a atacarle. Galileo volvi\u00f3 a Florencia y sigui\u00f3 con sus trabajos. En los a\u00f1os siguientes, hubo de enfrentarse a nuevas pol\u00e9micas. En 1619 inici\u00f3 una agria controversia con el jesuita Horazio Grassi, a quien ridiculiz\u00f3 en <span style=\"color: #0000ff\"><span style=\"text-decoration: underline\"><a href=\"http:\/\/www.liberliber.it\/biblioteca\/g\/galilei\/il_saggiatore\/html\/index.htm\"><em>Il Saggiatore<\/em><\/a><\/span><\/span> (<em>El ensayador<\/em>). En 1622 fue nombrado papa con el nombre de Urbano VIII el cardenal Barberini, amigo de Galileo. Durante los a\u00f1os siguientes, pese a los ataques de los aristot\u00e9licos, el pisano realiz\u00f3 nuevos experimentos con cierta tranquilidad. En 1633 public\u00f3 el <em>Dialogo sopra i due massimi sistemi del mondo<\/em> (<em>Di\u00e1logo sobre los dos m\u00e1ximos sistemas del mundo<\/em>), en el que se manifestaba a favor del sistema copernicano y en contra del geocentrismo de Ptolomeo. La cr\u00edtica de Galileo hacia los astr\u00f3nomos y te\u00f3logos le llev\u00f3 a un proceso de la Inquisici\u00f3n romana. Galileo fue obligado a abjurar de sus ideas. Galileo permaneci\u00f3 confinado en su casa de Florencia entre 1533 y 1538. Tras perder la vista, march\u00f3 a Arcetri, donde permaneci\u00f3 hasta su muerte, en 1642.<\/p>\n<h3 style=\"text-align: justify\"><span style=\"font-size: small\">3.2. <\/span><span style=\"font-size: small\"><em>Investigaciones y descubrimientos<\/em><\/span><\/h3>\n<p style=\"text-align: justify\">Entre los principales descubrimientos de Galileo, podemos citar los siguientes:<\/p>\n<ul style=\"text-align: justify\">\n<li>En el campo de la \tAstronom\u00eda, contradijo diversas ideas de origen aristot\u00e9lico, \tinvalidando la distinci\u00f3n entre mundo sublunar (la Tierra y todo lo \tcomprendido entre el planeta y la Luna; un mundo imperfecto y \tcambiante) y traslunar (la Luna y m\u00e1s all\u00e1; un espacio con formas \tgeom\u00e9tricas perfectas y movimientos regulares e inmutables):\n<ul>\n<li>Descubri\u00f3 que la \t\tsuperficie de la Luna no era llana (como afirmaban los \t\taristot\u00e9licos), sino que ten\u00eda monta\u00f1as y valles.<\/li>\n<li>Descubri\u00f3 las \t\t<span style=\"color: #0000ff\"><span style=\"text-decoration: underline\"><a href=\"http:\/\/es.wikipedia.org\/wiki\/Mancha_solar\">manchas \t\tsolares<\/a><\/span><\/span>, demostrando que en el sol hab\u00eda zonas de \t\tdiversa constituci\u00f3n y que en la estrella se produc\u00edan cambios \t\t(no eran inmutables).<\/li>\n<li>Descubri\u00f3 los \t\t\u201castros mediceos\u201d, cuatro sat\u00e9lites de J\u00fapiter, demostrando \t\tque no todos los astros giraban alrededor de la Tierra (como \t\tsosten\u00edan los aristot\u00e9licos).<\/li>\n<li>Descubri\u00f3 las \t\tfases de Venus y Mercurio, solo comprensibles si se aceptaba el \t\tcopernicanismo.<\/li>\n<li>Descubri\u00f3 que la \t\tV\u00eda L\u00e1ctea era una acumulaci\u00f3n de estrellas.<\/li>\n<li>Descubri\u00f3 el \t\tanillo de Saturno (aunque lo interpret\u00f3 como dos sat\u00e9lites).<\/li>\n<\/ul>\n<\/li>\n<li>Galileo tambi\u00e9n \tpropici\u00f3 diversos avances en el \u00e1mbito de la Mec\u00e1nica (la parte \tde la F\u00edsica que estudia el movimiento):\n<ul>\n<li>Ley de isocron\u00eda \t\tde la oscilaci\u00f3n pendular. Demostr\u00f3 que el tiempo de oscilaci\u00f3n \t\tde un <span style=\"color: #0000ff\"><span style=\"text-decoration: underline\"><a href=\"http:\/\/es.wikipedia.org\/wiki\/P%25C3%25A9ndulo\">p\u00e9ndulo<\/a><\/span><\/span> era siempre el mismo, independientemente de la distancia recorrida \t\tpor este.<\/li>\n<li>La independencia \t\tdel peso en la velocidad de ca\u00edda de los cuerpos.<\/li>\n<li>La forma parab\u00f3lica \t\tdel movimiento de ca\u00edda de los proyectiles.<\/li>\n<li>El principio de \t\tinercia, seg\u00fan el cual un cuerpo permanece en reposo o en \t\tmovimiento rectil\u00edneo, a menos que una fuerza le haga variar de \t\testado.<\/li>\n<li>El principio de \t\trelatividad, seg\u00fan el cual Galileo demostr\u00f3 la imposibilidad de \t\tsaber si un cuerpo est\u00e1 en estado de reposo o en movimiento \t\trectil\u00edneo y uniforme (sin tener referencia exterior alguna).<\/li>\n<\/ul>\n<\/li>\n<\/ul>\n<p style=\"text-align: justify\">Galileo tambi\u00e9n invent\u00f3 distintos instrumentos:<\/p>\n<ul style=\"text-align: justify\">\n<li>Construy\u00f3 \ttelescopios tras conocer que alguien hab\u00eda desarrollado uno en \tHolanda.<\/li>\n<li>Invent\u00f3 el \tpuls\u00f3metro, que utiliz\u00f3 para medir la duraci\u00f3n del movimiento \tpendular.<\/li>\n<li>Construy\u00f3 un \ttermoscopio, que permit\u00eda comparar los niveles de fr\u00edo y calor.<\/li>\n<li>Invent\u00f3 el \tmicroscopio.<\/li>\n<\/ul>\n<h3 style=\"text-align: justify\"><span style=\"font-size: small\">3.3. <\/span><span style=\"font-size: small\"><em>El m\u00e9todo cient\u00edfico resolutivo-compositivo<\/em><\/span><\/h3>\n<p style=\"text-align: justify\">Todas las aportaciones se\u00f1aladas sit\u00faan a Galileo entre los cient\u00edficos m\u00e1s importantes de la Historia. No obstante, su contribuci\u00f3n m\u00e1s importante y que le ha dado el t\u00edtulo de fundador de la ciencia moderna fue la reflexi\u00f3n sobre el m\u00e9todo a seguir para la investigaci\u00f3n. El pisano expuso su m\u00e9todo cient\u00edfico \u201cresolutivo-compositivo\u201d en <em>Il saggiatore<\/em>. Presenta las siguientes caracter\u00edsticas:<\/p>\n<ul style=\"text-align: justify\">\n<li>Rechazo del criterio \tde autoridad, tanto si la autoridad se basa en una persona, por \tilustre que sea (como, por ejemplo, Arist\u00f3teles), como si descansa \ten el consentimiento universal o de la mayor\u00eda. Galileo criticaba \tla creencia generalizada de que para investigar era preciso apoyarse \ten las opiniones de terceros.<\/li>\n<li>Observaci\u00f3n \trigurosa del fen\u00f3meno.<\/li>\n<li>Fijaci\u00f3n de \thip\u00f3tesis de trabajo.<\/li>\n<li>An\u00e1lisis de todos \tlos factores que tienen influencia sobre el fen\u00f3meno estudiado.<\/li>\n<li>Descubrimiento de \tlas relaciones matem\u00e1ticas existentes entre los distintos elementos \trelacionados con el fen\u00f3meno.<\/li>\n<li>Realizaci\u00f3n de \tprevisiones o c\u00e1lculos previos para probar la hip\u00f3tesis \texplicativa del fen\u00f3meno con experimentos.<\/li>\n<li>Formulaci\u00f3n de la \tley del fen\u00f3meno, con expresi\u00f3n en una ecuaci\u00f3n matem\u00e1tica.<\/li>\n<\/ul>\n<h2 style=\"text-align: justify\">4. El racionalismo pol\u00edtico<\/h2>\n<p style=\"text-align: justify\">Gran parte del pensamiento pol\u00edtico del siglo XVIII est\u00e1 concebido de acuerdo con las pautas del racionalismo cartesiano y del cientifismo galileano:<\/p>\n<ul style=\"text-align: justify\">\n<li>La confianza en el \tm\u00e9todo racional inspirado en el m\u00e9todo matem\u00e1tico adquiri\u00f3 su \tconsagraci\u00f3n con Descartes, pero fue aplicado anteriormente a los \ttemas del Derecho por <span style=\"color: #0000ff\"><span style=\"text-decoration: underline\"><a href=\"http:\/\/es.wikipedia.org\/wiki\/Hugo_Grocio\">Hugo \tGrocio<\/a><\/span><\/span>. En el siglo XVII estuvo de moda la \tconstrucci\u00f3n de sistemas jur\u00eddicos o pol\u00edticos demostrativos, \tcomo, por ejemplo, el modelo del Derecho Natural.<\/li>\n<li>Respecto al \tcientifismo galileano, la influencia de su m\u00e9todo \tresolutivo-compositivo marc\u00f3 a muchos de los pensadores del siglo \tXVII, que trasladaron la cosmovisi\u00f3n mecanicista a la sociedad. \tPara ellos, la sociedad no era un organismo integrado por \u00f3rganos y \tmiembros, sino una m\u00e1quina formada por un conjunto de piezas \tindividuales.\n<ul>\n<li>Resoluci\u00f3n. Para \t\tinvestigar la sociedad, recurrieron al an\u00e1lisis de sus \t\tcomponentes, de los elementos \u00faltimos que la formaban, esto es, \t\tdel individuo, de la naturaleza humana, con sus pasiones y su \t\traz\u00f3n, con su deseo de felicidad y de prosperidad. As\u00ed, superaron \t\tla concepci\u00f3n aristot\u00e9lica de que los \u00faltimos componentes \t\tsociales eran los ciudadanos, o la idea medieval de que la sociedad \t\testaba compuesta por grupos humanos de distinto status (sacerdotes, \t\tguerreros y trabajadores). La sociedad deja de ser entendida con \t\tcriterios org\u00e1nicos para ser concebida con criterios mec\u00e1nicos. \t\tLa nueva concepci\u00f3n se basa en el individuo, lo que lleva a su \t\tmadurez filos\u00f3fica al individualismo aparecido con el \t\tRenacimiento. La fase resolutiva del m\u00e9todo terminaba en una \t\trealidad llamada \u201cestado de naturaleza\u201d, formada por una \t\tpluralidad de individuos libres, pero sin ning\u00fan v\u00ednculo social \t\tentre ellos.<\/li>\n<li>Composici\u00f3n. Una \t\tvez terminada la resoluci\u00f3n, los pensadores trataron de recomponer \t\tla sociedad de individuos libres. Al no poder recurrir a f\u00f3rmulas \t\tmatem\u00e1ticas, recurrieron a las leyes para explicar el paso del \t\testado de naturaleza al de sociedad, y del individuo a ciudadano o \t\ts\u00fabdito. Para ello recurrieron a la forma jur\u00eddica que mejor \t\texplica la aplicaci\u00f3n del consentimiento a la constituci\u00f3n de la \t\tsociedad: el contrato.<\/li>\n<\/ul>\n<\/li>\n<\/ul>\n<p style=\"text-align: justify\">El racionalismo del siglo XVI llev\u00f3 al individualismo al reconocer al individuo como la base sobre la que hab\u00eda que construir la sociedad. Por ello, era necesario estudiar su psicolog\u00eda y descubrir las leyes mediante las cuales los individuos se relacionan de forma estable y pac\u00edfica entre s\u00ed. Solo entonces era posible formular los principios cient\u00edficos sobre los que pudiese construirse la sociedad. El individualismo racionalista confirm\u00f3 y reforz\u00f3 el individualismo vitalista y secular del Renacimiento, tratando de conseguir que el individuo fuese reconocido como el valor supremo de la existencia secular. La primac\u00eda del individuo ser\u00eda dogma del pensamiento pol\u00edtico hasta Rousseau.<\/p>\n<h2 style=\"text-align: justify\">5. El Derecho natural tradicional y el Derecho natural racionalista<\/h2>\n<p style=\"text-align: justify\">Como hemos comentado antes, los pensadores del siglo XVII tendieron a recurrir a la ciencia jur\u00eddica para estudiar las relaciones sociales de los individuos. La forma m\u00e1s extendida de pensamiento pol\u00edtico del siglo XVII se present\u00f3 como una reflexi\u00f3n sobre el Derecho natural y los tratados pol\u00edticos se presentan como tratados de Derecho natural.<\/p>\n<p style=\"text-align: justify\">El Derecho natural fue formulado por primera vez por los estoicos (fundamentalmente, por Cicer\u00f3n) como un conjunto de leyes procedentes de la raz\u00f3n. Posteriormente, durante la Edad Media, con San Agust\u00edn y Santo Tom\u00e1s, el Derecho natural fue considerado como una norma superior de justicia que pod\u00eda servir para juzgar tanto a cristianos como a paganos.<\/p>\n<p style=\"text-align: justify\">En el siglo XVII, el concepto de ley natural es el eje de todo el pensamiento pol\u00edtico. Los pensadores introducen dos importantes modificaciones:<\/p>\n<ul style=\"text-align: justify\">\n<li>El secularismo, que \ten el \u00e1mbito intelectual fue impulsado por el retroceso de las \tcontroversias religiosas y el avance de las ciencias, reforz\u00f3 la \tconcepci\u00f3n de la autonom\u00eda absoluta de la raz\u00f3n y la creencia de \tque el Derecho natural no depend\u00eda de la existencia de Dios.<\/li>\n<li>El individualismo \tdio m\u00e1s valor al ser humano individual, lo que llev\u00f3 al nacimiento \tdel concepto del derecho subjetivo, del derecho como facultad para \tobrar. El Derecho natural fue concebido como el derecho del \tindividuo, como el conjunto de facultades que pueden aducirse frente \tal poder pol\u00edtico.<\/li>\n<\/ul>\n<p style=\"text-align: justify\">La concepci\u00f3n laica del Derecho natural fue apuntada por los jesuitas, pero se inici\u00f3 con Hugo Grocio y fue ganando terreno en los pa\u00edses protestantes (como los Pa\u00edses Bajos, Alemania o Suiza), en los que se fundaron c\u00e1tedras de Derecho natural.<\/p>\n","protected":false},"excerpt":{"rendered":"<p>1. La cultura del Barroco Al igual que el Renacimiento, el Barroco tuvo su origen en el Arte y acab\u00f3 designando a una \u00e9poca de la Historia de la Cultura. El inicio del Barroco vino marcado en los distintos Estados europeos por distintos hechos hist\u00f3ricos: En Espa\u00f1a, el acceso al trono de Felipe II (1556) [&hellip;]<\/p>\n","protected":false},"author":936,"featured_media":0,"parent":0,"menu_order":10,"comment_status":"open","ping_status":"open","template":"","meta":{"footnotes":""},"class_list":["post-22","page","type-page","status-publish","hentry"],"_links":{"self":[{"href":"https:\/\/blogs.ua.es\/ideaspoliticas\/wp-json\/wp\/v2\/pages\/22","targetHints":{"allow":["GET"]}}],"collection":[{"href":"https:\/\/blogs.ua.es\/ideaspoliticas\/wp-json\/wp\/v2\/pages"}],"about":[{"href":"https:\/\/blogs.ua.es\/ideaspoliticas\/wp-json\/wp\/v2\/types\/page"}],"author":[{"embeddable":true,"href":"https:\/\/blogs.ua.es\/ideaspoliticas\/wp-json\/wp\/v2\/users\/936"}],"replies":[{"embeddable":true,"href":"https:\/\/blogs.ua.es\/ideaspoliticas\/wp-json\/wp\/v2\/comments?post=22"}],"version-history":[{"count":2,"href":"https:\/\/blogs.ua.es\/ideaspoliticas\/wp-json\/wp\/v2\/pages\/22\/revisions"}],"predecessor-version":[{"id":46,"href":"https:\/\/blogs.ua.es\/ideaspoliticas\/wp-json\/wp\/v2\/pages\/22\/revisions\/46"}],"wp:attachment":[{"href":"https:\/\/blogs.ua.es\/ideaspoliticas\/wp-json\/wp\/v2\/media?parent=22"}],"curies":[{"name":"wp","href":"https:\/\/api.w.org\/{rel}","templated":true}]}}