{"id":5,"date":"2010-03-08T11:28:37","date_gmt":"2010-03-08T11:28:37","guid":{"rendered":"https:\/\/blogs.ua.es\/ideaspoliticas\/?page_id=5"},"modified":"2010-03-08T11:45:04","modified_gmt":"2010-03-08T11:45:04","slug":"el-estado-moderno","status":"publish","type":"page","link":"https:\/\/blogs.ua.es\/ideaspoliticas\/el-estado-moderno\/","title":{"rendered":"El Estado Moderno"},"content":{"rendered":"<p><!-- \t\t@page { margin: 2cm } \t\tH2 { margin-bottom: 0.11cm } \t\tH2.western { font-family: \"Arial\", sans-serif; font-size: 14pt; font-style: italic } \t\tH2.cjk { font-family: \"Lucida Sans Unicode\"; font-size: 14pt; font-style: italic } \t\tH2.ctl { font-family: \"Arial\", sans-serif; font-size: 14pt; font-style: italic } \t\tP { margin-bottom: 0.21cm } \t\tA:link { color: #0000ff } --><\/p>\n<h2 style=\"text-align: justify\">1. La nueva forma pol\u00edtica<\/h2>\n<p style=\"text-align: justify\">Los profundos cambios culturales, sociales, econ\u00f3micos y geogr\u00e1ficos derivados del Renacimiento conllevaron tambi\u00e9n cambios pol\u00edticos.<\/p>\n<p style=\"text-align: justify\"><em>Origen<\/em>.<\/p>\n<p style=\"text-align: justify\">Durante la Baja Edad Media, paralelamente al desarrollo de las ciudades, los reyes fueron fortaleciendo su poder en un proceso gradual que culmin\u00f3 con la aparici\u00f3n de una nueva forma de gobierno, el Estado moderno, que tuvo su principal manifestaci\u00f3n pol\u00edtica en la constituci\u00f3n de monarqu\u00edas nacionales.<\/p>\n<p style=\"text-align: justify\"><em>Obst\u00e1culos<\/em>.<\/p>\n<p style=\"text-align: justify\">Los monarcas tuvieron que vencer resistencias a dos niveles:<\/p>\n<ul style=\"text-align: justify\">\n<li>Resistencias \tinternas: la estructura disgregada del poder, propia del feudalismo.<\/li>\n<li>Resistencias \texternas: el ideal medieval del Sacro Imperio Romano.<\/li>\n<\/ul>\n<p style=\"text-align: justify\"><em>Caracter\u00edsticas de las monarqu\u00edas nacionales<\/em>:<\/p>\n<ul style=\"text-align: justify\">\n<li>El poder real es \tabsoluto.<\/li>\n<li>Los monarcas aspiran \ta mantener su independencia respecto de cualquier poder pol\u00edtico \tsuperpuesto (del Imperio e, incluso, de la Santa Sede, si se implica \ten cuestiones temporales).<\/li>\n<li>Los reyes desean \treafirmar su identidad diferenci\u00e1ndose de los dem\u00e1s Estados.<\/li>\n<\/ul>\n<p style=\"text-align: justify\"><em>Ejemplos<\/em>: las monarqu\u00edas de Francia, Inglaterra, \u201cEspa\u00f1a\u201d, Portugal, Dinamarca, Suecia, Polonia o Austria.<\/p>\n<p style=\"text-align: justify\"><em>Evoluci\u00f3n de la monarqu\u00eda estamental a la nacional<\/em>.<\/p>\n<ul style=\"text-align: justify\">\n<li>Durante los siglos \tXIII y XIV la monarqu\u00eda feudal evoluciona hacia una nueva forma \tdenominada monarqu\u00eda estamental. Esta se basa en la aparici\u00f3n de \tuna conciencia nacional y pol\u00edtica, concretada en el <em>regnum<\/em>, \tel reino al que pertenecen todos los nacidos en un territorio \tdeterminado. Este <em>regnum<\/em> supera la disgregaci\u00f3n feudal del \tpoder, aceptando la supremac\u00eda jer\u00e1rquica de la corona y la \texistencia de asambleas de representaci\u00f3n estamental (<span style=\"color: #0000ff\"><span style=\"text-decoration: underline\"><a href=\"http:\/\/es.wikipedia.org\/wiki\/Cortes_de_Castilla\">Cortes<\/a><\/span><\/span> o Corts, <span style=\"color: #0000ff\"><span style=\"text-decoration: underline\"><a href=\"http:\/\/es.wikipedia.org\/wiki\/Estados_Generales_de_Francia\">Estados \tGenerales<\/a><\/span><\/span>, Parlamento, etc.). El rey pasa a ser la \tcabeza del reino y su poder se encuentra menos limitado que en el \tmodelo feudal.<\/li>\n<li>Durante los siglos \tXIV y XV, en los distintos reinos europeos se producen dos procesos \trelacionados: el debilitamiento de los poderes feudales de los \testamentos y el fortalecimiento de la autoridad real.<\/li>\n<li>A finales del siglo \tXV, culmina la crisis de la monarqu\u00eda estamental, dando paso a la \tconsolidaci\u00f3n de la monarqu\u00eda nacional. En ella, el rey es ya \tcapaz de asumir en solitario la representaci\u00f3n de toda la naci\u00f3n. \tLas asambleas estamentales no son suprimidas; siguen existiendo por \t\u201cinercia hist\u00f3rica\u201d;  pero pierden protagonismo pol\u00edtico y \tquedan reducidas en muchos reinos ya en el siglo XVI a entidades \tmeramente votadoras de tributos reales.<\/li>\n<\/ul>\n<p style=\"text-align: justify\"><em>Casos: Francia, Inglaterra y \u201cEspa\u00f1a\u201d<\/em>.<\/p>\n<ul style=\"text-align: justify\">\n<li>Francia. La \tmonarqu\u00eda francesa sali\u00f3 fortalecida de la <span style=\"color: #0000ff\"><span style=\"text-decoration: underline\"><a href=\"http:\/\/es.wikipedia.org\/wiki\/Guerra_de_los_Cien_A%25C3%25B1os\">Guerra \tde los Cien A\u00f1os<\/a><\/span><\/span>. El <em>regnum<\/em> adquiri\u00f3 poco a \tpoco el sentido nacional franc\u00e9s (como reacci\u00f3n a la guerra contra \tlos ingleses). Adem\u00e1s, <span style=\"color: #0000ff\"><span style=\"text-decoration: underline\"><a href=\"http:\/\/es.wikipedia.org\/wiki\/Carlos_VII_de_Francia\">Carlos \tVII<\/a><\/span><\/span> (1422-1461), salvado por la intervenci\u00f3n militar \tde <span style=\"color: #0000ff\"><span style=\"text-decoration: underline\"><a href=\"http:\/\/es.wikipedia.org\/wiki\/Juana_de_Arco\">Juana \tde Arco<\/a><\/span><\/span> y por la gesti\u00f3n administrativa del burgu\u00e9s \t<span style=\"color: #0000ff\"><span style=\"text-decoration: underline\"><a href=\"http:\/\/es.wikipedia.org\/wiki\/Jacques_Coeur\">Jacques \tCoeur<\/a><\/span><\/span>, consigui\u00f3 establecer impuestos regulares (la \t<span style=\"color: #0000ff\"><span style=\"text-decoration: underline\"><a href=\"http:\/\/es.wikipedia.org\/wiki\/Taille\">taille<\/a><\/span><\/span> y la <em>aide<\/em>), que le permitieron reducir su dependencia de las \tconcesiones de los Estados Generales y de los se\u00f1ores feudales. De \testa forma, durante la segunda mitad del siglo XV Francia pas\u00f3 a \tser la naci\u00f3n m\u00e1s estructurada pol\u00edtica y administrativamente de \tEuropa. La asamblea estamental fue perdiendo poder; de hecho, los \tEstados Generales no fueron convocados desde 1489 hasta 1560. \tAdem\u00e1s, el sucesor de Carlos VII, <span style=\"color: #0000ff\"><span style=\"text-decoration: underline\"><a href=\"http:\/\/es.wikipedia.org\/wiki\/Luis_XI_de_Francia\">Luis \tXI<\/a><\/span><\/span> (1461-1483), extendi\u00f3 el poder de la corona a \ttodo el territorio excepto la Breta\u00f1a, que ser\u00eda finalmente \tanexionada durante el reinado de <span style=\"color: #0000ff\"><span style=\"text-decoration: underline\"><a href=\"http:\/\/es.wikipedia.org\/wiki\/Carlos_VIII_de_Francia\">Carlos \tVIII<\/a><\/span><\/span> (1483-1498). Consolidada la unidad pol\u00edtica de \tla naci\u00f3n francesa, la corona pas\u00f3 a la ofensiva internacional y \ttrat\u00f3 de expandirse por Italia (donde se encontr\u00f3 con los \tintereses hisp\u00e1nicos).<\/li>\n<li>Inglaterra. Tras la \tbatalla de <span style=\"color: #0000ff\"><span style=\"text-decoration: underline\"><a href=\"http:\/\/es.wikipedia.org\/wiki\/Batalla_de_Hastings\">Hastings<\/a><\/span><\/span> (1066), <span style=\"color: #0000ff\"><span style=\"text-decoration: underline\"><a href=\"http:\/\/es.wikipedia.org\/wiki\/Guillermo_I_de_Inglaterra\">Guillermo \tI el Conquistador<\/a><\/span><\/span> pudo instaurar una monarqu\u00eda menos \tencorsetada por la jerarqu\u00eda feudal. El rey se relacionaba \tdirectamente con los vasallos de clase media, de quienes recaudaba \tlos tributos. Aunque en Inglaterra se desarroll\u00f3 una poderosa \tnobleza feudal, los nobles no llegaron a ser en la pr\u00e1ctica se\u00f1ores \tjurisdiccionales porque el monarca mantuvo siempre la relaci\u00f3n con \tel pueblo y control\u00f3 el poder judicial. El resultado de las \ttensiones entre la nobleza y el monarca se tradujo en la publicaci\u00f3n \tde la <span style=\"color: #0000ff\"><span style=\"text-decoration: underline\"><a href=\"http:\/\/es.wikipedia.org\/wiki\/Carta_Magna\">Carta \tMagna<\/a><\/span><\/span> en 1215, que supuso la transformaci\u00f3n de la \tmonarqu\u00eda feudal en estamental, con la dualidad \tmonarqu\u00eda-parlamento. La alianza de los reyes con la burgues\u00eda \treforz\u00f3 la C\u00e1mara baja del Parlamento, la de los Comunes. En \tcambio, en el siglo XV, despu\u00e9s de que la nobleza quedase muy \tdebilitada como consecuencia de la <span style=\"color: #0000ff\"><span style=\"text-decoration: underline\"><a href=\"http:\/\/es.wikipedia.org\/wiki\/Guerra_de_las_dos_rosas\">Guerra \tde las Dos Rosas<\/a><\/span><\/span>, la C\u00e1mara de los Lores qued\u00f3 \tpol\u00edticamente neutralizada.<\/li>\n<li>La Monarqu\u00eda \tHisp\u00e1nica. Hasta el reinado de Isabel la Cat\u00f3lica, Castilla vivi\u00f3 \tdurante el siglo XV una situaci\u00f3n de anarqu\u00eda feudal. Ni Juan II \tni Enrique IV el <em>Impotente<\/em> pudieron frenar los intereses \tnobiliarios. Tras la muerte de este \u00faltimo, la guerra civil entre \tlos partidarios de Juana la <em>Beltraneja<\/em> (con el apoyo de \tPortugal) y los de <span style=\"color: #0000ff\"><span style=\"text-decoration: underline\"><a href=\"http:\/\/es.wikipedia.org\/wiki\/Isabel_la_cat%25C3%25B3lica\">Isabel \tla Cat\u00f3lica<\/a><\/span><\/span> (con el apoyo de Arag\u00f3n, por su \tmatrimonio en <span style=\"color: #0000ff\"><span style=\"text-decoration: underline\"><a href=\"http:\/\/es.wikipedia.org\/wiki\/Fernando_II_de_Arag%25C3%25B3n\">Fernando \tel Cat\u00f3lico<\/a><\/span><\/span>) termin\u00f3 con la victoria de esta \u00faltima \ty dio paso a la uni\u00f3n de las coronas de Castilla y Arag\u00f3n. A \tpartir de esta uni\u00f3n personal, la monarqu\u00eda fortaleci\u00f3 su poder \trespecto a la nobleza y a las entidades de representaci\u00f3n \testamental, con mayor \u00e9xito en Castilla que en Arag\u00f3n.<\/li>\n<\/ul>\n<p style=\"text-align: justify\"><em>Bases econ\u00f3micas de la evoluci\u00f3n hacia el Estado Moderno<\/em>.<\/p>\n<p style=\"text-align: justify\">El Estado Moderno naci\u00f3 como consecuencia del impulso burgu\u00e9s, que necesitaba un nuevo tipo de sociedad. A lo largo de la Baja Edad Media, los intercambios econ\u00f3micos crecieron y superaron el \u00e1mbito local, demandando seguridad y libertad, y estas solo pod\u00edan ser consolidadas por un poder efectivo superior a los distintos poderes locales feudales. El adversario social de la burgues\u00eda naciente era la nobleza feudal y la \u00fanica v\u00eda para controlarla era el fortalecimiento de la autoridad real y la progresiva sumisi\u00f3n de los parlamentos a dicho poder mon\u00e1rquico.<\/p>\n<h2 style=\"text-align: justify\">2. La materia del Estado<\/h2>\n<p style=\"text-align: justify\">La identidad del Estado Moderno est\u00e1 formada por tres elementos fundamentales: el territorio, la poblaci\u00f3n y el poder centralizado en la figura del rey. El territorio y la poblaci\u00f3n son considerados la materia del Estado y el poder, la forma.<\/p>\n<p style=\"text-align: justify\"><em>El territorio<\/em>.<\/p>\n<p style=\"text-align: justify\">En la Baja Edad Media, las ciudades tendieron a constituirse en entidades aut\u00e1rquicas (suficientes) y aut\u00f3nomas (independientes); y se consolidaron como unidades sociales diferenciadas, definidas por sus l\u00edmites territoriales, sus pobladores y sus aspiraciones.<\/p>\n<p style=\"text-align: justify\">No obstante, la creciente complejidad de las relaciones sociales desbord\u00f3 el marco de las ciudades y fue el Estado la entidad encargada de asegurar la independencia y la \u201csuficiencia\u201d al pueblo. Al igual que las ciudades, los Estados trataron de definir sus l\u00edmites territoriales. Este inter\u00e9s por reconocer y fijar con precisi\u00f3n los l\u00edmites geogr\u00e1ficos de su poder propici\u00f3 el desarrollo del concepto de \u201cfrontera\u201d, pr\u00e1cticamente inexistente en la Edad Media. En la \u00e9poca medieval, las marcas eran los l\u00edmites del Imperio Carolingio o de otros reinos feudales. No eran regiones bien definidas, al tratarse de zonas de dominio disputado e inseguro.<\/p>\n<p style=\"text-align: justify\"><em>La poblaci\u00f3n.<\/em><\/p>\n<p style=\"text-align: justify\">La condici\u00f3n imprescindible para la integraci\u00f3n de la poblaci\u00f3n de un territorio en un Estado es el desarrollo de sentimientos de pertenencia, de \u201cpatriotismo\u201d. El uso de la palabra \u201c<span style=\"color: #0000ff\"><span style=\"text-decoration: underline\"><a href=\"http:\/\/buscon.rae.es\/draeI\/SrvltConsulta?TIPO_BUS=3&amp;LEMA=patria\">patria<\/a><\/span><\/span>\u201d indica que la poblaci\u00f3n de la Baja Edad Media empez\u00f3 a comprender la novedad de la unidad pol\u00edtica de la que formaba parte, una entidad distinta del Estado feudal.<\/p>\n<p style=\"text-align: justify\">Por otra parte, tambi\u00e9n la palabra \u201c<span style=\"color: #0000ff\"><span style=\"text-decoration: underline\"><a href=\"http:\/\/buscon.rae.es\/draeI\/SrvltConsulta?TIPO_BUS=3&amp;LEMA=naci%25F3n\">naci\u00f3n<\/a><\/span><\/span>\u201d ampli\u00f3 su significado para hacer referencia a la integraci\u00f3n de la poblaci\u00f3n en el Estado. En primer lugar, fue utilizada para designar a grupos humanos de origen com\u00fan (del mismo linaje). Posteriormente, aludi\u00f3 a integrantes de \u201cgremios\u201d o de los grupos estamentales, o a las personas que hablaban la misma lengua. Y finalmente, termin\u00f3 refiri\u00e9ndose a la comunidad en la que el individuo se integra y hacia la que tiene deber de lealtad, es decir, hacia el Estado.<\/p>\n<h2 style=\"text-align: justify\">3. El poder del Estado<\/h2>\n<p style=\"text-align: justify\">El poder del Estado Moderno se reafirm\u00f3 en disputa con otros dos focos de poder:<\/p>\n<ul style=\"text-align: justify\">\n<li>Las instancias \tuniversales del poder en Europa (el <span style=\"color: #0000ff\"><span style=\"text-decoration: underline\"><a href=\"http:\/\/es.wikipedia.org\/wiki\/Sacro_Imperio_Romano_Germ%25C3%25A1nico\">Imperio<\/a><\/span><\/span> y la <span style=\"color: #0000ff\"><span style=\"text-decoration: underline\"><a href=\"http:\/\/es.wikipedia.org\/wiki\/Estados_Pontificios\">Santa \tSede<\/a><\/span><\/span>).<\/li>\n<li>Las instancias \tparticulares, internas de la sociedad feudal, dentro de su \tterritorio.<\/li>\n<\/ul>\n<p style=\"text-align: justify\">En esa lucha utiliz\u00f3 varios medios:<\/p>\n<ul style=\"text-align: justify\">\n<li>Reforz\u00f3 su \tdimensi\u00f3n nacional.<\/li>\n<li>Monopoliz\u00f3 la \trepresentaci\u00f3n de la naci\u00f3n.<\/li>\n<li>Y asumi\u00f3 en nombre \tde la naci\u00f3n potestades que antes no ten\u00eda.<\/li>\n<\/ul>\n<p style=\"text-align: justify\">Para poder hacer efectivos dichos medios, el Estado se personaliz\u00f3 en la figura del pr\u00edncipe, del rey, en calidad de titular del poder.<\/p>\n<p style=\"text-align: justify\">A partir del siglo XIII, el monarca afirm\u00f3 su independencia completa del emperador. El rey asumi\u00f3 la <em>auctoritas<\/em> y la <em>potestas<\/em>, que se supon\u00edan propiedad de aquel y se consider\u00f3 \u201c<em>imperator in regno suo<\/em>\u201d. As\u00ed mismo, empez\u00f3 a recibir el tratamiento de <span style=\"color: #0000ff\"><span style=\"text-decoration: underline\"><a href=\"http:\/\/enciclopedia.us.es\/index.php\/Majestad\">majestad<\/a><\/span><\/span>, que era propio del emperador (\u201c<em>maiestas populi romani<\/em>\u201d).<\/p>\n<p style=\"text-align: justify\">Por otra parte, el monarca tambi\u00e9n afirm\u00f3 su poder frente a los se\u00f1ores feudales y a la organizaci\u00f3n estamental (parlamentos, cortes, estados generales, etc.), que fue la \u00fanica instituci\u00f3n que aspir\u00f3 a compartir o competir con la superioridad real. Los parlamentos actuaron con sentido nacional en diversos momentos, impidiendo acciones del rey en contra de la unidad nacional, como enajenaciones o particiones entre herederos. No obstante, con mayor frecuencia se dedicaron a defender intereses puramente feudales. La instituci\u00f3n mon\u00e1rquica fue la que desarroll\u00f3 las aspiraciones burguesas de una nueva sociedad, asumiendo potestades que anteriormente se encontraban en manos feudales y desarrollando bajo su mando un aparato de poder (administraci\u00f3n, ej\u00e9rcito).<\/p>\n<p style=\"text-align: justify\">Tras afirmar su supremac\u00eda sobre las instituciones feudales, los reyes se enfrentaron a otro obst\u00e1culo que imped\u00eda la reafirmaci\u00f3n de su poder: la presencia en sus dominios de una instituci\u00f3n universal, la Iglesia, que ten\u00eda sus propios sistemas econ\u00f3mico, tributario y jurisdiccional. Por ello, los reyes se plantearon varios objetivos en relaci\u00f3n con la Iglesia:<\/p>\n<ul style=\"text-align: justify\">\n<li>Reducir su \tinfluencia al terreno puramente espiritual, sin permitir ninguna \tinterferencia en el secular.<\/li>\n<li>Y utilizar la \treligi\u00f3n como instrumento de poder, para cimentar la unidad del \treino y reforzar su propia autoridad.<\/li>\n<\/ul>\n<p style=\"text-align: justify\">Para conseguir ambos objetivos, los monarcas intentaron controlar en mayor o menor grado a la Iglesia en sus dominios (acercando la organizaci\u00f3n religiosa a la estatal) y trataron de mantener la unidad religiosa de sus s\u00fabditos, formando \u201ciglesias nacionales\u201d (seg\u00fan el principio \u201c<em>cuius regio eius religio<\/em>\u201d, generalizado por la <span style=\"color: #0000ff\"><span style=\"text-decoration: underline\"><a href=\"http:\/\/es.wikipedia.org\/wiki\/Paz_de_Augsburgo\">Paz de Augsburgo<\/a><\/span><\/span> en 1555).<\/p>\n<ul style=\"text-align: justify\">\n<li>En los estados \tprotestantes, las nuevas iglesias nacionales rompieron la \tvinculaci\u00f3n con la Santa Sede y quedaron bajo la direcci\u00f3n de los \tmonarcas.<\/li>\n<li>Los estados \tcat\u00f3licos siguieron reconociendo la autoridad espiritual del sumo \tpont\u00edfice pero afirmaron el poder real en sus dominios de varias \tmaneras:\n<ul>\n<li>Limitando la \t\tjurisdicci\u00f3n de los jueces eclesi\u00e1sticos a temas espirituales y \t\tdisputando su intervenci\u00f3n en causas mixtas.<\/li>\n<li>Tratando de \t\tcontrolar a la jerarqu\u00eda eclesi\u00e1stica, ejerciendo el derecho de \t\tpresentaci\u00f3n de candidatos \u201cnacionales\u201d y de confianza al \t\tpapa.<\/li>\n<li>Controlando la \t\t<span style=\"color: #0000ff\"><span style=\"text-decoration: underline\"><a href=\"http:\/\/es.wikipedia.org\/wiki\/Inquisici%25C3%25B3n\">Inquisici\u00f3n<\/a><\/span><\/span>.<\/li>\n<\/ul>\n<\/li>\n<\/ul>\n<p style=\"text-align: justify\">La intervenci\u00f3n de los monarcas en temas religiosos fue posible por la aceptaci\u00f3n generalizada del car\u00e1cter divino del poder real y de la monarqu\u00eda. El rey asumi\u00f3 la condici\u00f3n de <em>vicarius Christi<\/em>, propia del emperador.<\/p>\n<h2 style=\"text-align: justify\">4. La organizaci\u00f3n del Estado<\/h2>\n<p style=\"text-align: justify\">La nueva monarqu\u00eda hubo de integrar en su organizaci\u00f3n pol\u00edtica espacios mucho m\u00e1s amplios que los feudales, con una poblaci\u00f3n mucho mayor. Estas dimensiones geogr\u00e1ficas y humanas (y la dificultad de las comunicaciones) impidieron que el Estado crease nuevas instituciones que le permitiesen gobernar de modo efectivo y exclusivo todo el territorio y a todos los s\u00fabditos. No obstante, aunque algunas estructuras feudales pervivieron, la nueva monarqu\u00eda s\u00ed que desarroll\u00f3 nuevos instrumentos que le permitieron afianzar su poder y llegar a convertirse en un Estado moderno.<\/p>\n<p style=\"text-align: justify\">El primer objetivo de los monarcas fue asegurarse la obediencia de los s\u00fabditos en todo el reino. Para ello, centraron su atenci\u00f3n en la organizaci\u00f3n del aparato del poder, es decir, la administraci\u00f3n estatal en sus distintos niveles y el instrumento m\u00e1s importante y eficaz del poder, el ej\u00e9rcito.<\/p>\n<ul style=\"text-align: justify\">\n<li><em>La creaci\u00f3n del \tej\u00e9rcito permanente<\/em>. Los monarcas tendieron a crear en sus \testados un ej\u00e9rcito permanente que por su dimensi\u00f3n, organizaci\u00f3n, \tpreparaci\u00f3n profesional, armamento y capacidad ofensiva, pudiese \tservirles, en primera instancia, para imponer su autoridad sobre las \tmilicias feudales y poder afrontar con garant\u00edas de \u00e9xito los \t\u201cactos de rebeld\u00eda\u201d de los nobles descontentos. En segunda \tinstancia, este ej\u00e9rcito permanente les sirvi\u00f3 para la afirmaci\u00f3n \ty extensi\u00f3n internacional de su poder. Por ambos motivos, el \tej\u00e9rcito cobr\u00f3 tal importancia para el Estado moderno que gran \tparte de la administraci\u00f3n y de la pol\u00edtica econ\u00f3mica de los \tmonarcas qued\u00f3 orientada a la consecuci\u00f3n de fondos y provisiones \tpara su dotaci\u00f3n. De hecho, el ej\u00e9rcito se convirti\u00f3 en el primer \tconsumidor del mercado e indujo a la aparici\u00f3n de industrias \tdestinadas directamente a su suministro.<\/li>\n<li><em>El desarrollo de \tla administraci\u00f3n real<\/em>. Los reyes no pretendieron el monopolio \tadministrativo en sus territorios. Tuvieron que desarrollar su \taparato de estado de forma paralela a las instituciones \tadministrativas feudales. Los \u201coficiales\u201d reales no sustituyeron \tni a los de los nobles, ni a los de los eclesi\u00e1sticos, ni a los que \tse encargaban del gobierno en las ciudades. Les respetaron su \tdignidad y sus ingresos, pero tendieron a controlar y a limitar sus \tatribuciones y competencias, apoy\u00e1ndose en la supremac\u00eda legal del \tpoder real. Ello dio lugar a m\u00faltiples conflictos que, en su \tmayor\u00eda, terminaron con el triunfo del rey. Con el tiempo, la \tvoluntad de los monarcas de mejorar la eficacia de sus agentes les \tmovi\u00f3 a exigir a los oficiales que tuviesen conocimientos de \tDerecho (por lo que primaron a los juristas, titulados \tuniversitarios) y sentimientos patri\u00f3ticos o, al menos, de \tfidelidad. As\u00ed mismo, para mejorar las condiciones laborales, \ttendieron a definir sus pautas de acci\u00f3n, a estabilizar los cargos \ty a asignarles retribuciones del presupuesto del Estado. Estas \tmedidas llevaron progresivamente a la profesionalizaci\u00f3n de dicho \toficio y a la aparici\u00f3n de la figura del funcionario.<\/li>\n<li><em>La b\u00fasqueda de \trecursos regulares<\/em>. De acuerdo con la tradici\u00f3n medieval, el \trey deb\u00eda vivir \u00fanicamente de las rentas de sus derechos feudales, \tde los beneficios de sus posesiones (bosques y tierras), del \tproducto de los derechos de regal\u00eda (como la acu\u00f1aci\u00f3n de moneda) \ty de las concesiones de las instituciones representativas de los \testamentos. Estas rentas \u201cordinarias\u201d no eran suficientes para \tafrontar los gastos de la nueva administraci\u00f3n real y del ej\u00e9rcito \tpermanente. Por ello, los monarcas trabajaron para conseguir \trecursos \u201cextraordinarios\u201d, que en la mayor\u00eda de los casos \tobtuvieron por medio de impuestos sobre las personas y los bienes o \ttasas sobre los intercambios comerciales.<\/li>\n<li><em>Las l\u00edneas de \tactuaci\u00f3n del Estado<\/em>. Junto al control del orden p\u00fablico (por \tmedio de la administraci\u00f3n de justicia), el Estado moderno mostr\u00f3 \tuna creciente preocupaci\u00f3n por sus s\u00fabditos y comenz\u00f3 a emprender \tacciones destinadas a la mejora de la situaci\u00f3n sanitaria, laboral, \tsocial y econ\u00f3mica, as\u00ed como a la construcci\u00f3n de obras p\u00fablicas.<\/li>\n<\/ul>\n<h2 style=\"text-align: justify\">5. El \u201cpluriverso\u201d de Estados<\/h2>\n<p style=\"text-align: justify\">El Estado moderno consigui\u00f3 reforzar su identidad, asegurando su independencia respecto al Imperio y remarcando sus diferencias y peculiaridades respecto al resto de estados. Por ello, Europa se convirti\u00f3 en la Edad Moderna en un \u201cpluriverso\u201d (en contraposici\u00f3n a universo) de estados en el que no exist\u00eda ya un gobernante universal (emperador) que impusiese su autoridad.<\/p>\n<p style=\"text-align: justify\">El nuevo orden se bas\u00f3 en el principio de equilibrio de fuerzas entre los distintos estados. Dicho equilibrio no fue estable, ya que las distintas monarqu\u00edas nacionales tendieron a reforzarse por medio de conquistas exteriores y estas actividades expansivas llevaron a las monarqu\u00edas a un estado casi continuado de guerra.<\/p>\n<p style=\"text-align: justify\">Durante el Renacimiento las relaciones entre los estados se intensificaron hasta tal punto que llegaron a institucionalizarse. De esta forma naci\u00f3 y se desarroll\u00f3 la diplomacia, con sus agentes espec\u00edficos: los embajadores permanentes. Las alianzas entre estados, consolidadas con enlaces entre las principales dinast\u00edas, fueron claves en el equilibrio y en la evoluci\u00f3n de los poderes del pluriverso europeo.<\/p>\n<p style=\"text-align: justify\">Otro elemento decisivo en las relaciones exteriores de los estados modernos fue el desarrollo del Derecho internacional. La contribuci\u00f3n de los escol\u00e1sticos espa\u00f1oles, entre los que cabe destacar a <span style=\"color: #0000ff\"><span style=\"text-decoration: underline\"><a href=\"http:\/\/es.wikipedia.org\/wiki\/Francisco_de_Vitoria\">Francisco de Vitoria<\/a><\/span><\/span>, fue fundamental. Las relaciones entre las monarqu\u00edas quedaron sometidas a las exigencias de la justicia y el orden moral, y no solamente al uso de la fuerza.<\/p>\n<p style=\"text-align: justify\">&nbsp;<\/p>\n","protected":false},"excerpt":{"rendered":"<p>1. La nueva forma pol\u00edtica Los profundos cambios culturales, sociales, econ\u00f3micos y geogr\u00e1ficos derivados del Renacimiento conllevaron tambi\u00e9n cambios pol\u00edticos. Origen. Durante la Baja Edad Media, paralelamente al desarrollo de las ciudades, los reyes fueron fortaleciendo su poder en un proceso gradual que culmin\u00f3 con la aparici\u00f3n de una nueva forma de gobierno, el Estado [&hellip;]<\/p>\n","protected":false},"author":936,"featured_media":0,"parent":0,"menu_order":2,"comment_status":"open","ping_status":"open","template":"","meta":{"footnotes":""},"class_list":["post-5","page","type-page","status-publish","hentry"],"_links":{"self":[{"href":"https:\/\/blogs.ua.es\/ideaspoliticas\/wp-json\/wp\/v2\/pages\/5","targetHints":{"allow":["GET"]}}],"collection":[{"href":"https:\/\/blogs.ua.es\/ideaspoliticas\/wp-json\/wp\/v2\/pages"}],"about":[{"href":"https:\/\/blogs.ua.es\/ideaspoliticas\/wp-json\/wp\/v2\/types\/page"}],"author":[{"embeddable":true,"href":"https:\/\/blogs.ua.es\/ideaspoliticas\/wp-json\/wp\/v2\/users\/936"}],"replies":[{"embeddable":true,"href":"https:\/\/blogs.ua.es\/ideaspoliticas\/wp-json\/wp\/v2\/comments?post=5"}],"version-history":[{"count":3,"href":"https:\/\/blogs.ua.es\/ideaspoliticas\/wp-json\/wp\/v2\/pages\/5\/revisions"}],"predecessor-version":[{"id":99,"href":"https:\/\/blogs.ua.es\/ideaspoliticas\/wp-json\/wp\/v2\/pages\/5\/revisions\/99"}],"wp:attachment":[{"href":"https:\/\/blogs.ua.es\/ideaspoliticas\/wp-json\/wp\/v2\/media?parent=5"}],"curies":[{"name":"wp","href":"https:\/\/api.w.org\/{rel}","templated":true}]}}