{"id":33,"date":"2008-04-01T10:51:06","date_gmt":"2008-04-01T09:51:06","guid":{"rendered":"https:\/\/blogs.ua.es\/ijraneda\/blog\/"},"modified":"2008-04-19T00:01:08","modified_gmt":"2008-04-18T22:01:08","slug":"blog-personal","status":"publish","type":"page","link":"https:\/\/blogs.ua.es\/ijraneda\/blog-personal\/","title":{"rendered":"Blog"},"content":{"rendered":"<p align=\"right\"><a href=\"#cas1\">cas<\/a> val<\/p>\n<p>Com sabeu, avui 18 d\u2019abril finalitza el per\u00edode de la campanya electoral i, per tant, ja no puc continuar rebent els vostres comentaris a trav\u00e9s del blog. Gr\u00e0cies a tots els que haveu participat i gr\u00e0cies tamb\u00e9 a tots els que us haveu connectat en algun moment, encara que no heu escrit res. Estic enormement satisfet ja que la participaci\u00f3 ha sigut molt alta, tot superant les meues expectatives i desbordant-me en alguns moments a causa de l\u2019estretor del calendiari electoral. Tot i aix\u00f2, la meua intenci\u00f3 ha sigut respondre-vos a tots amb la major brevetat possible.<br \/>\nEl resultat ha sigut molt satisfactori i les vostres propostes formen, des d\u2019avui, part del meu programa electoral. Nom\u00e9s em queda demanar-vos que el dia 22 digueu amb mi:<br \/>\n<strong> S\u00ed als estudiants<\/strong>,<br \/>\n<strong> S\u00ed al professorat<\/strong>,<br \/>\n<strong> S\u00ed al personal d\u2019administraci\u00f3 i serveis,<\/strong><br \/>\n<strong> S\u00ed a aquesta Universitat<\/strong>.<\/p>\n<p><a name=\"cas1\" title=\"cas1\"><\/a><br \/>\n<font color=\"#905e31\"><br \/>\nComo sab\u00e9is, hoy 18 de abril finaliza el per\u00edodo de campa\u00f1a electoral, y por tanto ya no puedo seguir recibiendo vuestros comentarios a trav\u00e9s del blog. Gracias a todos los que hab\u00e9is participado, y gracias tambi\u00e9n a todos los que os hay\u00e1is conectado en alg\u00fan momento al mismo, aun sin haber escrito nada. Estoy enormemente satisfecho ya que la participaci\u00f3n ha sido muy alta, superando mis expectativas y desbord\u00e1ndome en algunos momentos debido al apretado calendario electoral. A pesar de ello, mi intenci\u00f3n ha sido responderos a todos con la mayor brevedad posible.<br \/>\nEl resultado ha sido muy satisfactorio y vuestras demandas forman, desde hoy, parte de mi programa electoral. S\u00f3lo me resta pediros que el d\u00eda 22 dig\u00e1is conmigo:<br \/>\n<strong> S\u00ed a los estudiantes<\/strong>,<br \/>\n<strong> S\u00ed al profesorado<\/strong>,<br \/>\n<strong> S\u00ed al personal de administraci\u00f3n y servicios<\/strong>,<br \/>\n<strong> S\u00ed a esta Universidad<\/strong>. <\/font><\/p>\n<p><img loading=\"lazy\" decoding=\"async\" src=\"https:\/\/blogs.ua.es\/ijra\/files\/2008\/04\/linea.gif\" alt=\"linea\" height=\"1\" width=\"450\" \/><\/p>\n<p align=\"right\"><a href=\"#cas\">cas<\/a> val<\/p>\n<p>Benvinguts\/des al blog de la meua cadidatura, la posada en marxa del qual respon al meu desig de con\u00e9ixer quines s\u00f3n les vostres inquietuds, immediates i futures, en refer\u00e8ncia als temes universitaris, per tal de respondre directament a totes aquelles preguntes o dubtes que vulgueu plantejar-me.<\/p>\n<p>Les noves tecnologies permeten establir un contacte directe que la vor\u00e0gine del treball diari impedeix realitzar. Per aquest motiu, vull posar a la vostra disposici\u00f3 aquesta eina virtual, per invitar-vos a participar activament amb les vostres opinions en el proc\u00e9s que hem d\u2019afrontar en els pr\u00f2xims anys.  La participaci\u00f3 en la planificaci\u00f3 del futur de la nostra Universitat \u00e9s fonamental i necess\u00e0ria i, amb aquest blog, desitge mantenir un di\u00e0leg permanent i constructiu amb tots\/es vosaltres.<\/p>\n<p>Gr\u00e0cies per la vostra participaci\u00f3.<\/p>\n<p>Ignacio Jim\u00e9nez Raneda<\/p>\n<p><a name=\"cas\" title=\"cas\"><\/a><br \/>\n<font color=\"#905e31\">Bienvenid@s al blog de mi candidatura cuya puesta en marcha responde a mi deseo de conocer cu\u00e1les son vuestras inquietudes inmediatas y futuras respecto a los temas universitarios y responder directamente a cuantas preguntas o dudas quer\u00e1is hacerme.<\/font><\/p>\n<p><font color=\"#905e31\">Las nuevas tecnolog\u00edas permiten entablar un contacto directo que la vor\u00e1gine del trabajo diario impide realizar. Por este motivo, quiero poner a vuestra disposici\u00f3n esta herramienta virtual para invitaros a participar activamente con vuestras opiniones en el proceso que debemos afrontar en los pr\u00f3ximos a\u00f1os. La participaci\u00f3n en la planificaci\u00f3n del futuro de nuestra universidad es fundamental y necesaria y con este blog deseo mantener un di\u00e1logo permanente y constructivo con tod@s vosotr@s.<\/font><\/p>\n<p><font color=\"#905e31\">Gracias por vuestra participaci\u00f3n<\/font><\/p>\n<p><font color=\"#905e31\">Ignacio Jim\u00e9nez Raneda<\/font><\/p>\n","protected":false},"excerpt":{"rendered":"<p>cas val Com sabeu, avui 18 d\u2019abril finalitza el per\u00edode de la campanya electoral i, per tant, ja no puc continuar rebent els vostres comentaris a trav\u00e9s del blog. Gr\u00e0cies a tots els que haveu participat i gr\u00e0cies tamb\u00e9 a tots els que us haveu connectat en algun moment, encara que no heu escrit res. [&hellip;]<\/p>\n","protected":false},"author":734,"featured_media":0,"parent":0,"menu_order":1,"comment_status":"closed","ping_status":"closed","template":"","meta":{"footnotes":""},"class_list":["post-33","page","type-page","status-publish","hentry"],"_links":{"self":[{"href":"https:\/\/blogs.ua.es\/ijraneda\/wp-json\/wp\/v2\/pages\/33","targetHints":{"allow":["GET"]}}],"collection":[{"href":"https:\/\/blogs.ua.es\/ijraneda\/wp-json\/wp\/v2\/pages"}],"about":[{"href":"https:\/\/blogs.ua.es\/ijraneda\/wp-json\/wp\/v2\/types\/page"}],"author":[{"embeddable":true,"href":"https:\/\/blogs.ua.es\/ijraneda\/wp-json\/wp\/v2\/users\/734"}],"replies":[{"embeddable":true,"href":"https:\/\/blogs.ua.es\/ijraneda\/wp-json\/wp\/v2\/comments?post=33"}],"version-history":[{"count":0,"href":"https:\/\/blogs.ua.es\/ijraneda\/wp-json\/wp\/v2\/pages\/33\/revisions"}],"wp:attachment":[{"href":"https:\/\/blogs.ua.es\/ijraneda\/wp-json\/wp\/v2\/media?parent=33"}],"curies":[{"name":"wp","href":"https:\/\/api.w.org\/{rel}","templated":true}]}}