{"id":34,"date":"2008-04-01T10:51:57","date_gmt":"2008-04-01T09:51:57","guid":{"rendered":"https:\/\/blogs.ua.es\/ijraneda\/programa-v\/"},"modified":"2008-04-10T18:35:47","modified_gmt":"2008-04-10T16:35:47","slug":"programa-v","status":"publish","type":"page","link":"https:\/\/blogs.ua.es\/ijraneda\/programa-v\/","title":{"rendered":"Programa (v)"},"content":{"rendered":"<table>\n<tr>\n<td>&nbsp;<\/td>\n<\/tr>\n<\/table>\n<ul>\n<li><a href=\"un-model-duniversitat-obert-al-futur\">Un model d&#8217;universitat obert al futur<\/a><\/li>\n<\/ul>\n<table>\n<tr>\n<td>&nbsp;<\/td>\n<\/tr>\n<\/table>\n<ul>\n<li><a href=\"ensenyar-formar-aprendre\">Ensenyar, formar, aprendre<\/a><\/li>\n<li><a href=\"investigar-i-innovar\">Investigar i innovar<\/a><\/li>\n<li><a href=\"compromesos-amb-la-societat-la-cultura-i-lesport\">Compromesos amb la societat, la cultura i l&#8217;esport<\/a><\/li>\n<\/ul>\n<table>\n<tr>\n<td>&nbsp;<\/td>\n<\/tr>\n<\/table>\n<ul>\n<li><font color=\"#ce1126\">Les persones<\/font>\n<ul>\n<li><a href=\"estudiants\">Estudiants<\/a><\/li>\n<li><a href=\"personal-docent-i-investigador\">Personal docent i investigador<\/a><\/li>\n<li><a href=\"personal-d%E2%80%99administracio-i-serveis\">Personal d&#8217;administraci\u00f3 i serveis<\/a><\/li>\n<\/ul>\n<\/li>\n<\/ul>\n<table>\n<tr>\n<td>&nbsp;<\/td>\n<\/tr>\n<\/table>\n<ul>\n<li><font color=\"#ce1126\">Els instruments<\/font>\n<ul>\n<li><a href=\"infraestructures-espais-i-medi-ambient\">Infraestructures, espais i medi ambient<\/a><\/li>\n<li><a href=\"direccio-i-organitzacio\">Direcci\u00f3 i organitzaci\u00f3<\/a><\/li>\n<li><a href=\"comunicacio\">Comunicaci\u00f3<\/a><\/li>\n<\/ul>\n<\/li>\n<\/ul>\n<table>\n<tr>\n<td>&nbsp;<\/td>\n<\/tr>\n<\/table>\n","protected":false},"excerpt":{"rendered":"<p>&nbsp; Un model d&#8217;universitat obert al futur &nbsp; Ensenyar, formar, aprendre Investigar i innovar Compromesos amb la societat, la cultura i l&#8217;esport &nbsp; Les persones Estudiants Personal docent i investigador Personal d&#8217;administraci\u00f3 i serveis &nbsp; Els instruments Infraestructures, espais i medi ambient Direcci\u00f3 i organitzaci\u00f3 Comunicaci\u00f3 &nbsp;<\/p>\n","protected":false},"author":734,"featured_media":0,"parent":0,"menu_order":2,"comment_status":"closed","ping_status":"closed","template":"","meta":{"footnotes":""},"class_list":["post-34","page","type-page","status-publish","hentry"],"_links":{"self":[{"href":"https:\/\/blogs.ua.es\/ijraneda\/wp-json\/wp\/v2\/pages\/34","targetHints":{"allow":["GET"]}}],"collection":[{"href":"https:\/\/blogs.ua.es\/ijraneda\/wp-json\/wp\/v2\/pages"}],"about":[{"href":"https:\/\/blogs.ua.es\/ijraneda\/wp-json\/wp\/v2\/types\/page"}],"author":[{"embeddable":true,"href":"https:\/\/blogs.ua.es\/ijraneda\/wp-json\/wp\/v2\/users\/734"}],"replies":[{"embeddable":true,"href":"https:\/\/blogs.ua.es\/ijraneda\/wp-json\/wp\/v2\/comments?post=34"}],"version-history":[{"count":0,"href":"https:\/\/blogs.ua.es\/ijraneda\/wp-json\/wp\/v2\/pages\/34\/revisions"}],"wp:attachment":[{"href":"https:\/\/blogs.ua.es\/ijraneda\/wp-json\/wp\/v2\/media?parent=34"}],"curies":[{"name":"wp","href":"https:\/\/api.w.org\/{rel}","templated":true}]}}