{"id":37,"date":"2008-04-01T10:54:53","date_gmt":"2008-04-01T09:54:53","guid":{"rendered":"https:\/\/blogs.ua.es\/ijraneda\/programa-v\/investigar-i-innovar\/"},"modified":"2008-04-10T17:43:05","modified_gmt":"2008-04-10T15:43:05","slug":"investigar-i-innovar","status":"publish","type":"page","link":"https:\/\/blogs.ua.es\/ijraneda\/programa-v\/investigar-i-innovar\/","title":{"rendered":"Investigar i innovar"},"content":{"rendered":"<p>La investigaci\u00f3 cient\u00edfica, el desenvolupament tecnol\u00f2gic, la transfer\u00e8ncia dels resultats de la investigaci\u00f3 i la innovaci\u00f3 formen un altre dels pilars en el qual es fonamenta el nostre model d\u2019Universitat.<br \/>\nUna adequada pol\u00edtica universit\u00e0ria en mat\u00e8ria de ci\u00e8ncia i tecnologia \u00e9s clau per al futur de la Universitat i per al desenvolupament de la societat. Tenim el comprom\u00eds de promoure el desenvolupament d\u2019una investigaci\u00f3 de qualitat i d\u2019avantguarda, de fomentar la cultura emprenedora i d\u2019afavorir la transfer\u00e8ncia de coneixement d\u2019acord amb la naturalesa i caracter\u00edstiques dels diferents models d\u2019investigaci\u00f3 que es porten a terme en la Universitat d\u2019Alacant.<br \/>\nUna universitat p\u00fablica t\u00e9 l\u2019obligaci\u00f3 de refor\u00e7ar el proc\u00e9s que converteix en projectes d\u2019investigaci\u00f3 problemes que s\u00f3n rellevants per a la societat, aix\u00ed com facilitar l\u2019aplicaci\u00f3 dels resultats que es generen en la investigaci\u00f3 b\u00e0sica. Aquests han de ser objectius prioritaris per a la instituci\u00f3, i per aix\u00f2 \u00e9s necessari procurar, per mitj\u00e0 dels corresponents incentius, la cooperaci\u00f3 de grups d\u2019investigaci\u00f3, establir sinergies interdisciplin\u00e0ries, afavorir la internacionalitzaci\u00f3 i incentivar l\u2019intercanvi de coneixement.<br \/>\nConsiderem que la pol\u00edtica universit\u00e0ria en mat\u00e8ria de ci\u00e8ncia i tecnologia pot articular-se entorn de tres eixos centrals basats en la qualitat, la planificaci\u00f3, la innovaci\u00f3 i la transfer\u00e8ncia del coneixement.<br \/>\nEn primer lloc es tracta de fomentar la investigaci\u00f3 cient\u00edfica de qualitat, d\u2019impulsar la investigaci\u00f3 interdisciplin\u00e0ria i de procurar una inserci\u00f3 cada vegada major dels nostres investigadors en el pl\u00e0nol internacional.<br \/>\nEn segon lloc \u00e9s necessari articular un marc per al desenvolupament del sistema de ci\u00e8ncia i tecnologia de la Universitat d\u2019Alacant que permeta la vertebraci\u00f3, coordinaci\u00f3 i finan\u00e7ament de les estructures d\u2019investigaci\u00f3. Per a aix\u00f2 \u00e9s fonamental que disposem de les infraestructures cient\u00edfiques i tecnol\u00f2giques precises, d\u2019espais adequats en dimensi\u00f3 i dotaci\u00f3 en els quals realitzar la investigaci\u00f3 i el desenvolupament tecnol\u00f2gic en les millors condicions i amb el capital hum\u00e0 m\u00e9s qualificat.<br \/>\nEn tercer lloc es pret\u00e9n posar les activitats d\u2019investigaci\u00f3, desenvolupament i innovaci\u00f3 al servei de la societat. Els resultats d\u2019aquestes activitats han de constituir un factor de millora de la competitivitat empresarial, per a la qual cosa el Parc Cient\u00edfic d\u2019Alacant ocupar\u00e0 un paper important. L\u2019acord recentment signat per la Generalitat Valenciana, l\u2019Ajuntament i la Universitat permetr\u00e0 el seu r\u00e0pid desenvolupament, de manera que el Parc ser\u00e0 un dels principals motors de progr\u00e9s i de desenvolupament cientificotecnol\u00f2gic en el sector. El Parc Cient\u00edfic ha de ser una realitat que ha de consolidar-se en els pr\u00f2xims anys.<\/p>\n<p>Objectius<\/p>\n<p>1. Seguir potenciant una investigaci\u00f3 de qualitat, competitiva i de refer\u00e8ncia internacional.<br \/>\n2. Desenvolupar i implantar un pla d&#8217;I+D+i estable, \u00e0mpliament consensuat i convergent amb les l\u00ednies priorit\u00e0ries dels plans plurianuals nacionals i internacionals.<br \/>\n3. Desenvolupar i implantar un marc d\u2019investigaci\u00f3 i desenvolupament tecnol\u00f2gic que vertebre, coordine, i finance les estructures d\u2019investigaci\u00f3 segons els seus resultats.<br \/>\n4. Continuar amb el desenvolupament del Parc Cient\u00edfic d\u2019Alacant com espai d\u2019innovaci\u00f3 i dinamitzador de les relacions empresa-Universitat.<br \/>\n5. Aconseguir una plantilla de personal investigador i de personal de suport a la investigaci\u00f3 qualificada.<br \/>\n6. Millorar la posici\u00f3 de la Universitat d\u2019Alacant en els principals \u00edndexs internacionals de reconeixement de l\u2019activitat investigadora.<br \/>\n7. Incrementar la interacci\u00f3 entre l\u2019entorn socioecon\u00f2mic i el coneixement generat en la UA, i impulsar les iniciatives empresarials basades en la investigaci\u00f3 i el coneixement generat en la nostra Universitat.<br \/>\n8. Donar suport als Instituts Universitaris d\u2019Investigaci\u00f3 de manera que es possibilite la creaci\u00f3 de centres mixts d\u2019investigaci\u00f3.<\/p>\n<p>Propostes d&#8217;actuaci\u00f3<\/p>\n<p>* Fomentar l\u2019activitat investigadora de qualitat mitjan\u00e7ant incentius que prevalguen el compliment d\u2019objectius d\u2019investigaci\u00f3 adequats a les diferents branques del coneixement cient\u00edfic.<br \/>\n* Definir un pla d\u2019investigaci\u00f3 que facilite l\u2019increment de la producci\u00f3 investigadora d\u2019alt impacte i que permeta proporcionar suport als grups d\u2019investigaci\u00f3 perqu\u00e8 siguen referents internacionals en els seus respectius camps.<br \/>\n* Establir incentius per a la cooperaci\u00f3 entre grups d\u2019investigaci\u00f3 de la nostra Universitat.<br \/>\n* Adequar a les caracter\u00edstiques de les diferents branques del coneixement el barem per a l\u2019avaluaci\u00f3 de l\u2019activitat investigadora contingut en el POI.<br \/>\n* Fomentar l\u2019\u00fas compartit de la infraestructura cient\u00edfica de la Universitat i prioritzar les sol\u2022licituds d\u2019adquisici\u00f3 que impliquen a diversos grups.<br \/>\n* Realitzar estudis per a identificar la demanda de l\u2019entorn econ\u00f2mic i productiu i establir canals de comunicaci\u00f3 entre l\u2019empresa i la Universitat amb la finalitat de fomentar la cooperaci\u00f3 en investigaci\u00f3 sectorial.<br \/>\n* Establir un marc jur\u00eddic que regule el funcionament del Parc Cient\u00edfic.<br \/>\n* Establir aliances estrat\u00e8giques amb organismes d\u2019investigaci\u00f3 p\u00fablics i privats de rellev\u00e0ncia nacional i internacional.<br \/>\n* Fomentar les estades d\u2019investigadors de la Universitat d\u2019Alacant en universitats i empreses de rellev\u00e0ncia internacional.<br \/>\n* Fomentar la creaci\u00f3 d\u2019empreses de base tecnol\u00f2gica a partir de l\u2019activitat investigadora desenvolupada en la UA i la participaci\u00f3 en aquestes empreses dels seus investigadors.<br \/>\n* Definir i desenvolupar una normativa espec\u00edfica per a la creaci\u00f3 d\u2019empreses de base tecnol\u00f2gica.<br \/>\n* Establir accions formatives espec\u00edfiques per al personal de suport a la gesti\u00f3 de la investigaci\u00f3.<br \/>\n* Incrementar el pla d\u2019adquisici\u00f3 d\u2019infraestructura cient\u00edfica i tecnol\u00f2gica, instal\u2022lacions singulars i plataformes tecnol\u00f2giques.<br \/>\n* Establir un pla de auditoria i d\u2019assignaci\u00f3 d\u2019infraestructures en funci\u00f3 de criteris d\u2019investigaci\u00f3, flexible i amb renovaci\u00f3 peri\u00f2dica.<br \/>\n* Definir les necessitats b\u00e0siques en infraestructures per a rellan\u00e7ar i donar suport a grups d\u2019investigaci\u00f3 emergents.<br \/>\n* Incrementar el programa de captaci\u00f3 de talents (S\u00c8NIOR).<br \/>\n* Facilitar l\u2019acc\u00e9s a les bases de dades i publicacions cient\u00edfiques com instruments essencials en el proc\u00e9s investigador.<br \/>\n* Impulsar i donar suport els projectes d\u2019investigaci\u00f3 en mat\u00e8ria de Cooperaci\u00f3 al Desenvolupament.<br \/>\n* Desenvolupar un pla de m\u00e0rqueting de l\u2019activitat investigadora integrat en el pla de comunicaci\u00f3 de la Universitat d\u2019Alacant.<br \/>\n* Afavorir la participaci\u00f3 del PAS en projectes d\u2019investigaci\u00f3.<br \/>\n* Eliminar les retencions del pagament a personal propi de projectes d\u2019investigaci\u00f3.<br \/>\n* Dotar de major flexibilitat la gesti\u00f3 administrativa de la investigaci\u00f3.<br \/>\n* Fomentar la cultura cient\u00edfica i tecnol\u00f2gica entre els nostres estudiants.<\/p>\n","protected":false},"excerpt":{"rendered":"<p>La investigaci\u00f3 cient\u00edfica, el desenvolupament tecnol\u00f2gic, la transfer\u00e8ncia dels resultats de la investigaci\u00f3 i la innovaci\u00f3 formen un altre dels pilars en el qual es fonamenta el nostre model d\u2019Universitat. Una adequada pol\u00edtica universit\u00e0ria en mat\u00e8ria de ci\u00e8ncia i tecnologia \u00e9s clau per al futur de la Universitat i per al desenvolupament de la societat. [&hellip;]<\/p>\n","protected":false},"author":734,"featured_media":0,"parent":34,"menu_order":2,"comment_status":"closed","ping_status":"closed","template":"","meta":{"footnotes":""},"class_list":["post-37","page","type-page","status-publish","hentry"],"_links":{"self":[{"href":"https:\/\/blogs.ua.es\/ijraneda\/wp-json\/wp\/v2\/pages\/37","targetHints":{"allow":["GET"]}}],"collection":[{"href":"https:\/\/blogs.ua.es\/ijraneda\/wp-json\/wp\/v2\/pages"}],"about":[{"href":"https:\/\/blogs.ua.es\/ijraneda\/wp-json\/wp\/v2\/types\/page"}],"author":[{"embeddable":true,"href":"https:\/\/blogs.ua.es\/ijraneda\/wp-json\/wp\/v2\/users\/734"}],"replies":[{"embeddable":true,"href":"https:\/\/blogs.ua.es\/ijraneda\/wp-json\/wp\/v2\/comments?post=37"}],"version-history":[{"count":0,"href":"https:\/\/blogs.ua.es\/ijraneda\/wp-json\/wp\/v2\/pages\/37\/revisions"}],"up":[{"embeddable":true,"href":"https:\/\/blogs.ua.es\/ijraneda\/wp-json\/wp\/v2\/pages\/34"}],"wp:attachment":[{"href":"https:\/\/blogs.ua.es\/ijraneda\/wp-json\/wp\/v2\/media?parent=37"}],"curies":[{"name":"wp","href":"https:\/\/api.w.org\/{rel}","templated":true}]}}