{"id":42,"date":"2008-04-01T11:00:18","date_gmt":"2008-04-01T10:00:18","guid":{"rendered":"https:\/\/blogs.ua.es\/ijraneda\/programa-v\/infraestructures-espais-i-medi-ambient\/"},"modified":"2008-04-10T17:42:21","modified_gmt":"2008-04-10T15:42:21","slug":"infraestructures-espais-i-medi-ambient","status":"publish","type":"page","link":"https:\/\/blogs.ua.es\/ijraneda\/programa-v\/infraestructures-espais-i-medi-ambient\/","title":{"rendered":"Infraestructures, espais i medi ambient"},"content":{"rendered":"<p>El nostre campus \u00e9s un espai ben organitzat des del punt de vista urban\u00edstic i amb una alta qualitat ambiental. Per a mantenir-la \u00e9s necessari realitzar un treball permanent en la millora dels edificis, en els elements estructurals i en procediments d\u2019avaluaci\u00f3 que han de contribuir a l\u2019augment de la qualitat funcional del campus.<br \/>\nL\u2019escassesa d\u2019espais que tenim en aquests moments ha de pal\u2022liar-se, en un futur pr\u00f2xim, amb el creixement en les zones projectades d\u2019ampliaci\u00f3 i amb la redistribuci\u00f3 dels espais i edificis que siguen alliberats a mesura que es constru\u00efsquen els nous. El ple desenvolupament de l\u2019expansi\u00f3 del campus ser\u00e0 una realitat a mitj\u00e0 termini. No obstant aix\u00f2, ser\u00e0 necess\u00e0ria la revisi\u00f3 del model d\u2019assignaci\u00f3 i gesti\u00f3 d\u2019espais, de manera que incorpore les noves estructures que han sorgit en els \u00faltims anys. Tots els projectes d\u2019infraestructures es realitzaran d\u2019acord amb els principis de sostenibilitat i de comprom\u00eds amb el medi ambient.<br \/>\nCom marc de reflexi\u00f3 i de participaci\u00f3 disposem del Pla sectorial de medi ambient, que ja hem iniciat, i que sota l&#8217;ep\u00edgraf d&#8217;AGENDA 21 reuneix la diagnosi, la participaci\u00f3 i l\u2019establiment de plans d\u2019acci\u00f3 en aquells aspectes socioecon\u00f2mics i ambientals que afavoreixen la nostra vida en la Universitat.<br \/>\nEn l\u2019actualitat les infraestructures TIC resulten essencials per a un desenvolupament efica\u00e7 de les diferents funcions que correspon ocupar a la universitat. Per tant, \u00e9s necessari que posem a disposici\u00f3 de la comunitat universit\u00e0ria una infraestructura TIC ubiqua, de maneig simple, accessible des de qualsevol lloc, flexible, que preste servei de forma permanent, que garantisca la seguretat i que satisfa\u00e7a plenament les necessitats de la doc\u00e8ncia, de la investigaci\u00f3 i del conjunt dels usuaris.<\/p>\n<p><strong>Objectius<\/strong><\/p>\n<ol>\n<li>Disposar d\u2019espais, d\u2019infraestructures i de serveis adequats, i optimitzar-ne la gesti\u00f3.<\/li>\n<li>Garantir una infraestructura TIC accessible des de qualsevol lloc, segura i amb servei permanent.<\/li>\n<li>Fomentar l\u2019\u00fas de les eines tecnol\u00f2giques per a facilitar entorns de col\u2022laboraci\u00f3 i interactius i donar suport al proc\u00e9s d\u2019ensenyament\/aprenentatge.<\/li>\n<li>Continuar l\u2019ampliaci\u00f3 del Campus mantenint la qualitat urban\u00edstica i mediambiental caracter\u00edstiques de la UA.<\/li>\n<li>Assegurar la qualitat dels serveis complementaris que contribu\u00efsquen a conciliar la vida laboral i familiar i faciliten la vida en el campus.<\/li>\n<\/ol>\n<p><strong>Propostes d\u2019actuaci\u00f3<\/strong><\/p>\n<ul>\n<li>Consolidar el sistema de gesti\u00f3 de la qualitat dels serveis i aplicar sistemes d\u2019avaluaci\u00f3 del grau de satisfacci\u00f3 per part dels usuaris d\u2019infraestructures, serveis externs, serveis TIC, etc.<\/li>\n<li>Crear una taula de coordinaci\u00f3 del transport universitari.<\/li>\n<li>Elaborar plans anuals d\u2019infraestructures docents i d\u2019investigaci\u00f3.<\/li>\n<li>Habilitar noves zones d\u2019aparcament en les zones d\u2019ampliaci\u00f3 del Campus.<\/li>\n<li>Desenvolupar un programa progressiu d\u2019adequaci\u00f3 o de substituci\u00f3 dels sistemes de climatitzaci\u00f3 dels edificis que ho necessiten.<\/li>\n<li>Finalitzar el pla d\u2019accessibilitat del campus amb les accions necess\u00e0ries que permeten eliminar tota barrera arquitect\u00f2nica.<\/li>\n<li>Revisar el model d\u2019assignaci\u00f3 i gesti\u00f3 d\u2019espais de la Universitat d\u2019Alacant.<\/li>\n<li>Finalitzar la planificaci\u00f3 urban\u00edstica de l\u2019ampliaci\u00f3 de la Universitat i del parc cient\u00edfic, de manera que tota la zona quede urbanitzada en el 2012.<\/li>\n<li>Construir un edifici per al Centre de Creaci\u00f3 d\u2019Empreses en la zona del parc cient\u00edfic.<\/li>\n<li>Finalitzar la construcci\u00f3 dels edificis dels Instituts Universitaris.<\/li>\n<li>Construir la nova Facultat d\u2019Educaci\u00f3.<\/li>\n<li>Construcci\u00f3 d\u2019un nou aulari, dissenyat segons les exig\u00e8ncies que planteja l\u2019 EEES.<\/li>\n<li>Continuar amb el desenvolupament del Pla de qualitat mediambiental (Agenda 21).<\/li>\n<li>Habilitar l\u2019acc\u00e9s dels carrils bici fins a les zones per als vianants de la UA.<\/li>\n<li>Renovar i completar el mobiliari urb\u00e0 del campus<\/li>\n<li>Afavorir l\u2019\u00fas d\u2019energies renovables mitjan\u00e7ant la instal\u2022laci\u00f3 de panells fotovoltaics en els edificis de la Universitat d\u2019Alacant que ho permeten.<\/li>\n<li>Implantar un programa d\u2019estalvi energ\u00e8tic en la il\u2022luminaci\u00f3 dels edificis i zones exteriors.<\/li>\n<li>Instal\u2022lar mesures d\u2019estalvi d\u2019aigua en lavabos de forma generalitzada, i incorporar m\u00e9s punts de beguda d\u2019aigua en els edificis del campus.<\/li>\n<li>Creaci\u00f3 d\u2019un \u201cecosistema tecnol\u00f2gic\u201d que integre tots els recursos propis de les tecnologies de la informaci\u00f3 i la comunicaci\u00f3 orientats a la millora de la doc\u00e8ncia i de la interacci\u00f3 entre docents i estudiants.<\/li>\n<li>Potenciar  l\u2019\u00e0rea de suport a la doc\u00e8ncia del Servei d\u2019Inform\u00e0tica.<\/li>\n<li>Afavorir les iniciatives que condueixen a la implantaci\u00f3 de l\u2019administraci\u00f3 electr\u00f2nica.<\/li>\n<li>Establir una normativa d\u2019\u00fas de formats oberts per a l\u2019intercanvi d\u2019informaci\u00f3 en la Universitat.<\/li>\n<li>Garantir el funcionament dels sistemes inform\u00e0tics cr\u00edtics.<\/li>\n<li>Dotar de les instal\u2022lacions adequades el Servei d\u2019Inform\u00e0tica.<\/li>\n<li>Posada en funcionament de l\u2019Escola Infantil. Una vegada elaborat el llibre blanc de l\u2019\u201dEscola Infantil de la Universitat d\u2019Alacant\u201d ens comprometem a la seua posada en funcionament durant aquest mandat. Per a aix\u00f2 s\u2019establiran els contactes necessaris amb les Administracions P\u00fabliques que puguen veure\u2019s involucrades, i es realitzaran per part de la Universitat tots els esfor\u00e7os i les accions pertinents.<\/li>\n<li>Realitzar un estudi sobre la necessitat d\u2019un centre de dia per a majors i, si escau, elaboraci\u00f3 d\u2019un llibre blanc per a la seua creaci\u00f3.<\/li>\n<\/ul>\n","protected":false},"excerpt":{"rendered":"<p>El nostre campus \u00e9s un espai ben organitzat des del punt de vista urban\u00edstic i amb una alta qualitat ambiental. Per a mantenir-la \u00e9s necessari realitzar un treball permanent en la millora dels edificis, en els elements estructurals i en procediments d\u2019avaluaci\u00f3 que han de contribuir a l\u2019augment de la qualitat funcional del campus. L\u2019escassesa [&hellip;]<\/p>\n","protected":false},"author":734,"featured_media":0,"parent":34,"menu_order":8,"comment_status":"closed","ping_status":"closed","template":"","meta":{"footnotes":""},"class_list":["post-42","page","type-page","status-publish","hentry"],"_links":{"self":[{"href":"https:\/\/blogs.ua.es\/ijraneda\/wp-json\/wp\/v2\/pages\/42","targetHints":{"allow":["GET"]}}],"collection":[{"href":"https:\/\/blogs.ua.es\/ijraneda\/wp-json\/wp\/v2\/pages"}],"about":[{"href":"https:\/\/blogs.ua.es\/ijraneda\/wp-json\/wp\/v2\/types\/page"}],"author":[{"embeddable":true,"href":"https:\/\/blogs.ua.es\/ijraneda\/wp-json\/wp\/v2\/users\/734"}],"replies":[{"embeddable":true,"href":"https:\/\/blogs.ua.es\/ijraneda\/wp-json\/wp\/v2\/comments?post=42"}],"version-history":[{"count":0,"href":"https:\/\/blogs.ua.es\/ijraneda\/wp-json\/wp\/v2\/pages\/42\/revisions"}],"up":[{"embeddable":true,"href":"https:\/\/blogs.ua.es\/ijraneda\/wp-json\/wp\/v2\/pages\/34"}],"wp:attachment":[{"href":"https:\/\/blogs.ua.es\/ijraneda\/wp-json\/wp\/v2\/media?parent=42"}],"curies":[{"name":"wp","href":"https:\/\/api.w.org\/{rel}","templated":true}]}}