{"id":45,"date":"2008-04-01T11:02:37","date_gmt":"2008-04-01T10:02:37","guid":{"rendered":"https:\/\/blogs.ua.es\/ijraneda\/programa-c\/"},"modified":"2008-04-10T17:36:58","modified_gmt":"2008-04-10T15:36:58","slug":"programa-c","status":"publish","type":"page","link":"https:\/\/blogs.ua.es\/ijraneda\/programa-c\/","title":{"rendered":"Programa (c)"},"content":{"rendered":"<table>\n<tr>\n<td>&nbsp;<\/td>\n<\/tr>\n<\/table>\n<ul>\n<li><a href=\"un-modelo-de-universidad-abierto-al-futuro\">Un modelo de universidad abierto al futuro<\/a><\/li>\n<\/ul>\n<table>\n<tr>\n<td>&nbsp;<\/td>\n<\/tr>\n<\/table>\n<ul>\n<li><a href=\"ensenar-formar-aprender\">Ense\u00f1ar, formar, aprender<\/a><\/li>\n<li><a href=\"investigar-e-innovar\">Investigar e innovar<\/a><\/li>\n<li><a href=\"comprometidos-con-la-sociedad-la-cultura-y-el-deporte\">Comprometidos con la sociedad, la cultura y el deporte<\/a><\/li>\n<\/ul>\n<table>\n<tr>\n<td>&nbsp;<\/td>\n<\/tr>\n<\/table>\n<ul>\n<li><font color=\"#ce1126\">Las personas<\/font>\n<ul>\n<li><a href=\"estudiantes\">Estudiantes<\/a><\/li>\n<li><a href=\"personal-docente-e-investigador\">Personal docente e investigador<\/a><\/li>\n<li><a href=\"personal-de-administracion-y-servicios\">Personal de administraci\u00f3n y servicios<\/a><\/li>\n<\/ul>\n<\/li>\n<\/ul>\n<table>\n<tr>\n<td>&nbsp;<\/td>\n<\/tr>\n<\/table>\n<ul>\n<li><font color=\"#ce1126\">Los instrumentos<\/font>\n<ul>\n<li><a href=\"infraestructuras-espacios-y-medio-ambiente\">Infraestructuras, espacios y medio ambiente<\/a><\/li>\n<li><a href=\"direccion-y-organizacion\">Direcci\u00f3n y organizaci\u00f3n<\/a><\/li>\n<li><a href=\"comunicacion\">Comunicaci\u00f3n<\/a><\/li>\n<\/ul>\n<\/li>\n<\/ul>\n<table>\n<tr>\n<td>&nbsp;<\/td>\n<\/tr>\n<\/table>\n","protected":false},"excerpt":{"rendered":"<p>&nbsp; Un modelo de universidad abierto al futuro &nbsp; Ense\u00f1ar, formar, aprender Investigar e innovar Comprometidos con la sociedad, la cultura y el deporte &nbsp; Las personas Estudiantes Personal docente e investigador Personal de administraci\u00f3n y servicios &nbsp; Los instrumentos Infraestructuras, espacios y medio ambiente Direcci\u00f3n y organizaci\u00f3n Comunicaci\u00f3n &nbsp;<\/p>\n","protected":false},"author":734,"featured_media":0,"parent":0,"menu_order":3,"comment_status":"closed","ping_status":"closed","template":"","meta":{"footnotes":""},"class_list":["post-45","page","type-page","status-publish","hentry"],"_links":{"self":[{"href":"https:\/\/blogs.ua.es\/ijraneda\/wp-json\/wp\/v2\/pages\/45","targetHints":{"allow":["GET"]}}],"collection":[{"href":"https:\/\/blogs.ua.es\/ijraneda\/wp-json\/wp\/v2\/pages"}],"about":[{"href":"https:\/\/blogs.ua.es\/ijraneda\/wp-json\/wp\/v2\/types\/page"}],"author":[{"embeddable":true,"href":"https:\/\/blogs.ua.es\/ijraneda\/wp-json\/wp\/v2\/users\/734"}],"replies":[{"embeddable":true,"href":"https:\/\/blogs.ua.es\/ijraneda\/wp-json\/wp\/v2\/comments?post=45"}],"version-history":[{"count":0,"href":"https:\/\/blogs.ua.es\/ijraneda\/wp-json\/wp\/v2\/pages\/45\/revisions"}],"wp:attachment":[{"href":"https:\/\/blogs.ua.es\/ijraneda\/wp-json\/wp\/v2\/media?parent=45"}],"curies":[{"name":"wp","href":"https:\/\/api.w.org\/{rel}","templated":true}]}}