{"id":46,"date":"2008-04-01T11:03:35","date_gmt":"2008-04-01T10:03:35","guid":{"rendered":"https:\/\/blogs.ua.es\/ijraneda\/programa-c\/un-modelo-de-universidad-abierto-al-futuro\/"},"modified":"2008-04-10T17:43:20","modified_gmt":"2008-04-10T15:43:20","slug":"un-modelo-de-universidad-abierto-al-futuro","status":"publish","type":"page","link":"https:\/\/blogs.ua.es\/ijraneda\/programa-c\/un-modelo-de-universidad-abierto-al-futuro\/","title":{"rendered":"Un modelo de universidad abierto al futuro"},"content":{"rendered":"<p>La Universidad de Alicante ha alcanzado un gran prestigio en nuestro entorno y ha conseguido un merecido reconocimiento internacional. Ello ha sido posible en un corto espacio de tiempo, gracias al esfuerzo realizado por las personas que hemos tenido la oportunidad de formar parte de la misma.<br \/>\nEstamos orgullosos de lo que nuestra Universidad es hoy, pero debemos seguir trabajando con esp\u00edritu de superaci\u00f3n y con la vista puesta en el futuro. La construcci\u00f3n del futuro ha de ser una tarea colectiva basada en la experiencia adquirida. Nuestro programa electoral toma como referencia el Plan Estrat\u00e9gico de la Universidad de Alicante, que es fruto de las aportaciones de los diversos colectivos que conforman la comunidad universitaria.<br \/>\nEste programa contiene un conjunto de propuestas encaminadas a hacer posible que la visi\u00f3n contenida en nuestro Plan Estrat\u00e9gico para la Universidad de Alicante sea una realidad en los pr\u00f3ximos a\u00f1os. Sin embargo, un programa electoral no debe ser \u00fanicamente una mera sucesi\u00f3n de iniciativas sino que tiene que contener un conjunto de ideas, objetivos y propuestas de acci\u00f3n que, a partir de la realidad actual, nos permita construir una Universidad modelo. En este programa definimos las principales caracter\u00edsticas de la universidad que queremos para poder afrontar con \u00e9xito los grandes retos que se nos presentan de manera inmediata. Una universidad que hemos de construir entre todos, puesto que lo que seamos capaces de hacer durante los pr\u00f3ximos cuatro a\u00f1os va a ser fundamental para modelar la personalidad de la Universidad de Alicante en el contexto del Espacio Europeo de Educaci\u00f3n Superior, en los \u00e1mbitos de la investigaci\u00f3n y de la transferencia tecnol\u00f3gica, en su proyecci\u00f3n internacional, en su dimensi\u00f3n como productora de bienes culturales y tambi\u00e9n para mejorar todav\u00eda m\u00e1s nuestro campus como lugar de convivencia.<\/p>\n<p>Mi candidatura quiere liderar la consecuci\u00f3n de los objetivos contenidos en nuestro Plan Estrat\u00e9gico a partir de un conjunto de premisas:<\/p>\n<p><strong>Una Universidad con una misi\u00f3n clara<\/strong><\/p>\n<p>En su Plan Estrat\u00e9gico la Universidad de Alicante ha definido y asumido como su raz\u00f3n de ser la formaci\u00f3n integral de sus estudiantes y el compromiso con el avance y la mejora de la sociedad, por medio de la creaci\u00f3n y transmisi\u00f3n del conocimiento y del desarrollo cultural, cient\u00edfico y tecnol\u00f3gico. La definici\u00f3n de cu\u00e1l es nuestra misi\u00f3n, acompa\u00f1ada de un an\u00e1lisis cr\u00edtico de d\u00f3nde estamos y una reflexi\u00f3n meditada de donde nos gustar\u00eda estar en un futuro cercano, nos va a permitir dise\u00f1ar los pasos necesarios para avanzar en la direcci\u00f3n adecuada. Los cambios que se avecinan y los retos que una universidad del siglo XXI ha de asumir necesitan de una direcci\u00f3n estrat\u00e9gica eficaz, eficiente, transparente y con visi\u00f3n de futuro, para la que es imprescindible la participaci\u00f3n y la implicaci\u00f3n de cada uno de los componentes de nuestra comunidad universitaria, pues s\u00f3lo de esta forma podremos transformar el modelo educativo universitario de acuerdo con las nuevas exigencias.<\/p>\n<p><strong>Una Universidad con valores<\/strong><\/p>\n<p>Defendemos un modelo de universidad con valores que orienten el comportamiento de la misma, en la que la cultura de la calidad sea una pauta directriz. Una universidad comprometida con la sociedad y con la cooperaci\u00f3n al desarrollo, con conciencia medioambiental, que propugne la igualdad, la integraci\u00f3n, la participaci\u00f3n y la tolerancia, con una mentalidad abierta al cambio, la innovaci\u00f3n, la creatividad y el pensamiento cr\u00edtico, y que est\u00e9 caracterizada por la transparencia en todas sus actuaciones.<\/p>\n<p><strong>Una Universidad centrada en las personas<\/strong><\/p>\n<p>Queremos seguir construyendo una Universidad al servicio de las personas y enfocada en el usuario, en su sentido m\u00e1s amplio, en la que se impliquen todos los actores, para, de esta manera, responder a la riqueza y pluralidad de la misma. Las personas son el principal activo de nuestra Universidad, y para hacer realidad la Universidad que deseamos para un futuro ya inmediato son necesarias todas las aportaciones, por medio de la asunci\u00f3n de las responsabilidades individuales y del libre ejercicio de la cr\u00edtica.<\/p>\n<p><strong>Una Universidad para trabajar y convivir<\/strong><\/p>\n<p>Hemos trabajado, y deseamos seguir haci\u00e9ndolo, por una Universidad en la que se potencien las interacciones entre las personas que la componen. El entorno en el que se desarrollan estas interacciones condiciona la calidad de las mismas. Para ello debemos mantener y mejorar nuestro campus, en el que pasamos gran parte de nuestro tiempo. Un campus para trabajar y para convivir, que facilite conciliar la vida personal y la profesional, con instalaciones y servicios adecuados, con zonas para el estudio, para el debate, para la cultura y para el deporte.<\/p>\n<p><strong>Una Universidad en el siglo XXI<\/strong><\/p>\n<p>Tenemos el compromiso de construir una Universidad a la altura de las necesidades del siglo XXI, en la que se armonice su autonom\u00eda con la necesaria rendici\u00f3n de cuentas a la sociedad, en la que el di\u00e1logo y el intercambio creativo de ideas se combinen adecuadamente con el uso racional de las tecnolog\u00edas m\u00e1s avanzadas. Una Universidad en la que se realice una autorreflexi\u00f3n que le permita aprovechar estos momentos de cambio como una oportunidad para resolver los diversos problemas que tiene planteados en los \u00e1mbitos de la docencia, la investigaci\u00f3n y la gesti\u00f3n.<\/p>\n<p><strong>Un modelo de universidad para una Universidad modelo<\/strong><\/p>\n<p>Todos podemos compartir el deseo de lograr que la Universidad de Alicante sea una universidad modelo, con prestigio y respetada internacionalmente, y que sea percibida como un referente en su entorno social. Estamos ante la oportunidad de construir entre todos una oferta de t\u00edtulos que corresponda a las exigencias de calidad requeridas por el Espacio Europeo de Educaci\u00f3n Superior, que responda a las demandas sociales y que, a la vez, est\u00e9 orientada a la formaci\u00f3n integral y a la formaci\u00f3n a lo largo de la vida. Hemos de fomentar una mayor participaci\u00f3n de los estudiantes, su compromiso con el autoaprendizaje y con el af\u00e1n de superaci\u00f3n. Hemos de fomentar la empleabilidad de nuestros egresados, la flexibilidad y la movilidad de los profesores, de los estudiantes y del personal de administraci\u00f3n y servicios. La Universidad de Alicante tiene ya una prestigiosa actividad investigadora que es necesario apoyar para que se puedan incrementar sus \u00edndices de impacto cient\u00edfico y socio-econ\u00f3mico.<\/p>\n","protected":false},"excerpt":{"rendered":"<p>La Universidad de Alicante ha alcanzado un gran prestigio en nuestro entorno y ha conseguido un merecido reconocimiento internacional. Ello ha sido posible en un corto espacio de tiempo, gracias al esfuerzo realizado por las personas que hemos tenido la oportunidad de formar parte de la misma. Estamos orgullosos de lo que nuestra Universidad es [&hellip;]<\/p>\n","protected":false},"author":734,"featured_media":0,"parent":45,"menu_order":0,"comment_status":"closed","ping_status":"closed","template":"","meta":{"footnotes":""},"class_list":["post-46","page","type-page","status-publish","hentry"],"_links":{"self":[{"href":"https:\/\/blogs.ua.es\/ijraneda\/wp-json\/wp\/v2\/pages\/46","targetHints":{"allow":["GET"]}}],"collection":[{"href":"https:\/\/blogs.ua.es\/ijraneda\/wp-json\/wp\/v2\/pages"}],"about":[{"href":"https:\/\/blogs.ua.es\/ijraneda\/wp-json\/wp\/v2\/types\/page"}],"author":[{"embeddable":true,"href":"https:\/\/blogs.ua.es\/ijraneda\/wp-json\/wp\/v2\/users\/734"}],"replies":[{"embeddable":true,"href":"https:\/\/blogs.ua.es\/ijraneda\/wp-json\/wp\/v2\/comments?post=46"}],"version-history":[{"count":0,"href":"https:\/\/blogs.ua.es\/ijraneda\/wp-json\/wp\/v2\/pages\/46\/revisions"}],"up":[{"embeddable":true,"href":"https:\/\/blogs.ua.es\/ijraneda\/wp-json\/wp\/v2\/pages\/45"}],"wp:attachment":[{"href":"https:\/\/blogs.ua.es\/ijraneda\/wp-json\/wp\/v2\/media?parent=46"}],"curies":[{"name":"wp","href":"https:\/\/api.w.org\/{rel}","templated":true}]}}