{"id":48,"date":"2008-04-01T11:05:21","date_gmt":"2008-04-01T10:05:21","guid":{"rendered":"https:\/\/blogs.ua.es\/ijraneda\/programa-c\/investigar-e-innovar\/"},"modified":"2008-04-10T17:43:52","modified_gmt":"2008-04-10T15:43:52","slug":"investigar-e-innovar","status":"publish","type":"page","link":"https:\/\/blogs.ua.es\/ijraneda\/programa-c\/investigar-e-innovar\/","title":{"rendered":"Investigar e innovar"},"content":{"rendered":"<p>La investigaci\u00f3n cient\u00edfica, el desarrollo tecnol\u00f3gico, la transferencia de de los resultados de la investigaci\u00f3n y la innovaci\u00f3n forman otro de los pilares en el que se fundamenta nuestro modelo de Universidad.<\/p>\n<p>Una adecuada pol\u00edtica universitaria en materia de ciencia y tecnolog\u00eda es clave para el futuro de la Universidad y para el desarrollo de la sociedad. Tenemos el compromiso de promover el desarrollo de una investigaci\u00f3n de calidad y de vanguardia, de fomentar la cultura emprendedora y de favorecer la transferencia de conocimiento de manera acorde con la naturaleza y caracter\u00edsticas de los diferentes modelos de investigaci\u00f3n que se llevan a cabo en la Universidad de Alicante.<\/p>\n<p>Una universidad p\u00fablica tiene la obligaci\u00f3n de reforzar el proceso que convierte en proyectos de investigaci\u00f3n problemas que son relevantes para la sociedad, as\u00ed como facilitar la aplicaci\u00f3n de los resultados que se generan en la investigaci\u00f3n b\u00e1sica. Estos han de ser objetivos prioritarios para la instituci\u00f3n, y por ello es necesario procurar, por medio de los correspondientes incentivos, la cooperaci\u00f3n de grupos de investigaci\u00f3n, establecer sinergias interdisciplinares, favorecer la internacionalizaci\u00f3n e incentivar el intercambio de conocimiento.<\/p>\n<p>Consideramos que la pol\u00edtica universitaria en materia de ciencia y tecnolog\u00eda puede articularse en torno a tres ejes centrales basados en la calidad, la planificaci\u00f3n, la innovaci\u00f3n y la transferencia del conocimiento.<\/p>\n<p>En primer lugar se trata de fomentar la investigaci\u00f3n cient\u00edfica de calidad, de impulsar la investigaci\u00f3n interdisciplinar y de procurar una inserci\u00f3n cada vez mayor de nuestros investigadores en el plano internacional.<\/p>\n<p>En segundo lugar es necesario articular un marco para el desarrollo del sistema de ciencia y tecnolog\u00eda de la Universidad de Alicante que permita la vertebraci\u00f3n, coordinaci\u00f3n y financiaci\u00f3n de las estructuras de investigaci\u00f3n. Para ello es fundamental que dispongamos de las infraestructuras cient\u00edficas y tecnol\u00f3gicas precisas, de espacios adecuados en dimensi\u00f3n y dotaci\u00f3n en los  que realizar la investigaci\u00f3n y el desarrollo tecnol\u00f3gico en las mejores condiciones y con el capital humano m\u00e1s cualificado.<\/p>\n<p>En tercer lugar se pretende poner las actividades de investigaci\u00f3n, desarrollo e innovaci\u00f3n al servicio de la sociedad. Los resultados de estas actividades deben constituir un factor de mejora de la competitividad empresarial, para lo que el Parque Cient\u00edfico de Alicante desempe\u00f1ar\u00e1 un papel importante. El acuerdo recientemente firmado por la Generalitat Valenciana, el Ayuntamiento y la Universidad va a permitir su r\u00e1pido desarrollo, de manera que el Parque ser\u00e1 uno de los principales motores de progreso y desarrollo cient\u00edfico-tecnol\u00f3gico en el sector. El Parque Cient\u00edfico debe ser una realidad que ha de consolidarse en los pr\u00f3ximos a\u00f1os.<\/p>\n<p><strong>Objetivos<\/strong><\/p>\n<ol>\n<li>Seguir potenciando una investigaci\u00f3n de calidad, competitiva y de referencia internacional.<\/li>\n<li> Desarrollar e implantar un plan de I+D+i estable, ampliamente consensuado y convergente con las l\u00edneas prioritarias de los planes plurianuales nacionales e internacionales.<\/li>\n<li> Desarrollar e implantar un marco de investigaci\u00f3n y desarrollo tecnol\u00f3gico que vertebre, coordine, y financie las estructuras de investigaci\u00f3n seg\u00fan sus resultados.<\/li>\n<li> Continuar con el desarrollo del Parque Cient\u00edfico de Alicante como espacio de innovaci\u00f3n y dinamizador de las relaciones empresa-Universidad.<\/li>\n<li> Conseguir una plantilla de personal investigador y de personal de apoyo a la investigaci\u00f3n cualificada.<\/li>\n<li> Mejorar la posici\u00f3n de la Universidad de Alicante en los principales \u00edndices internacionales de reconocimiento de la actividad investigadora.<\/li>\n<li> Incrementar la interacci\u00f3n entre el entorno socioecon\u00f3mico y el conocimiento generado en la UA, e impulsar las iniciativas empresariales basadas en la investigaci\u00f3n y el conocimiento generado en nuestra Universidad.<\/li>\n<li> Apoyar a los Institutos Universitarios de Investigaci\u00f3n de manera que se posibilite la creaci\u00f3n de centros mixtos de investigaci\u00f3n.<\/li>\n<\/ol>\n<p><strong>Propuestas de actuaci\u00f3n<\/strong><\/p>\n<ul>\n<li>Fomentar la actividad investigadora de calidad mediante incentivos que primen el cumplimiento de objetivos de investigaci\u00f3n adecuados a las diferentes ramas del conocimiento cient\u00edfico.<\/li>\n<li> Definir un plan de investigaci\u00f3n que facilite el incremento de la producci\u00f3n investigadora de alto impacto y que permita proporcionar soporte a los grupos de investigaci\u00f3n para que sean referentes internacionales en sus respectivos campos.<\/li>\n<li> Establecer incentivos para la cooperaci\u00f3n entre grupos de investigaci\u00f3n de nuestra Universidad.<\/li>\n<li> Adecuar a las caracter\u00edsticas de las distintas ramas del conocimiento el baremo para la evaluaci\u00f3n de la actividad investigadora contenido en el POI.<\/li>\n<li> Fomentar el uso compartido de la infraestructura cient\u00edfica de la Universidad y priorizar las solicitudes de adquisici\u00f3n que impliquen a varios grupos.<\/li>\n<li> Realizar estudios para identificar la demanda del entorno econ\u00f3mico y productivo y establecer canales de comunicaci\u00f3n entre la empresa y la Universidad con el fin de fomentar la cooperaci\u00f3n en investigaci\u00f3n sectorial.<\/li>\n<li> Establecer un marco jur\u00eddico que regule el funcionamiento del Parque Cient\u00edfico.<\/li>\n<li> Establecer alianzas estrat\u00e9gicas con organismos de investigaci\u00f3n p\u00fablicos y privados de relevancia nacional e internacional.<\/li>\n<li> Fomentar las estancias de investigadores de la Universidad de Alicante en universidades y empresas de relevancia internacional.<\/li>\n<li> Fomentar la creaci\u00f3n de empresas de base tecnol\u00f3gica a partir de la actividad investigadora desarrollada en la UA y la participaci\u00f3n en las mismas de sus investigadores.<\/li>\n<li> Definir y desarrollar una normativa espec\u00edfica para la creaci\u00f3n de empresas de base tecnol\u00f3gica<\/li>\n<li> Establecer acciones formativas espec\u00edficas para el personal de apoyo a la gesti\u00f3n de la investigaci\u00f3n.<\/li>\n<li> Incrementar el plan de adquisici\u00f3n de infraestructura cient\u00edfico tecnol\u00f3gica, instalaciones singulares y plataformas tecnol\u00f3gicas.<\/li>\n<li> Establecer un plan de auditoria y asignaci\u00f3n de infraestructuras en funci\u00f3n de criterios de investigaci\u00f3n, flexible y con renovaci\u00f3n peri\u00f3dica.<\/li>\n<li> Definir las necesidades b\u00e1sicas en infraestructuras para relanzar y apoyar a grupos de investigaci\u00f3n emergentes.<\/li>\n<li> Incrementar el programa de captaci\u00f3n de talentos (SENIOR).<\/li>\n<li> Facilitar el acceso a las bases de datos y publicaciones cient\u00edficas como instrumentos esenciales en el proceso investigador.<\/li>\n<li> Impulsar y apoyar los proyectos de investigaci\u00f3n en materia de Cooperaci\u00f3n al Desarrollo.<\/li>\n<li> Desarrollar un plan de marketing de la actividad investigadora integrado en el plan de comunicaci\u00f3n de la Universidad de Alicante.<\/li>\n<li> Favorecer la participaci\u00f3n del PAS en proyectos de investigaci\u00f3n.<\/li>\n<li> Eliminar las retenciones del pago a personal propio de proyectos de investigaci\u00f3n.<\/li>\n<li> Dotar de mayor flexibilidad a la gesti\u00f3n administrativa de la investigaci\u00f3n.<\/li>\n<li> Fomentar la cultura cient\u00edfica y tecnol\u00f3gica entre nuestros estudiantes.<\/li>\n<\/ul>\n","protected":false},"excerpt":{"rendered":"<p>La investigaci\u00f3n cient\u00edfica, el desarrollo tecnol\u00f3gico, la transferencia de de los resultados de la investigaci\u00f3n y la innovaci\u00f3n forman otro de los pilares en el que se fundamenta nuestro modelo de Universidad. Una adecuada pol\u00edtica universitaria en materia de ciencia y tecnolog\u00eda es clave para el futuro de la Universidad y para el desarrollo de [&hellip;]<\/p>\n","protected":false},"author":734,"featured_media":0,"parent":45,"menu_order":2,"comment_status":"closed","ping_status":"closed","template":"","meta":{"footnotes":""},"class_list":["post-48","page","type-page","status-publish","hentry"],"_links":{"self":[{"href":"https:\/\/blogs.ua.es\/ijraneda\/wp-json\/wp\/v2\/pages\/48","targetHints":{"allow":["GET"]}}],"collection":[{"href":"https:\/\/blogs.ua.es\/ijraneda\/wp-json\/wp\/v2\/pages"}],"about":[{"href":"https:\/\/blogs.ua.es\/ijraneda\/wp-json\/wp\/v2\/types\/page"}],"author":[{"embeddable":true,"href":"https:\/\/blogs.ua.es\/ijraneda\/wp-json\/wp\/v2\/users\/734"}],"replies":[{"embeddable":true,"href":"https:\/\/blogs.ua.es\/ijraneda\/wp-json\/wp\/v2\/comments?post=48"}],"version-history":[{"count":0,"href":"https:\/\/blogs.ua.es\/ijraneda\/wp-json\/wp\/v2\/pages\/48\/revisions"}],"up":[{"embeddable":true,"href":"https:\/\/blogs.ua.es\/ijraneda\/wp-json\/wp\/v2\/pages\/45"}],"wp:attachment":[{"href":"https:\/\/blogs.ua.es\/ijraneda\/wp-json\/wp\/v2\/media?parent=48"}],"curies":[{"name":"wp","href":"https:\/\/api.w.org\/{rel}","templated":true}]}}