{"id":49,"date":"2008-04-01T11:06:15","date_gmt":"2008-04-01T10:06:15","guid":{"rendered":"https:\/\/blogs.ua.es\/ijraneda\/programa-c\/comprometidos-con-la-sociedad-la-cultura-y-el-deporte\/"},"modified":"2008-04-10T17:44:14","modified_gmt":"2008-04-10T15:44:14","slug":"comprometidos-con-la-sociedad-la-cultura-y-el-deporte","status":"publish","type":"page","link":"https:\/\/blogs.ua.es\/ijraneda\/programa-c\/comprometidos-con-la-sociedad-la-cultura-y-el-deporte\/","title":{"rendered":"Comprometidos con la sociedad, la cultura y el deporte"},"content":{"rendered":"<p>La Universidad de Alicante ha destacado siempre por su compromiso con la sociedad a la que sirve. Actualmente, somos un referente en la actividad cultural, en las posibilidades y programas espec\u00edficos de formaci\u00f3n a lo largo de toda la vida, en las acciones de cooperaci\u00f3n para el desarrollo y en el fomento del deporte y, para continuar si\u00e9ndolo en el futuro, es necesario que realicemos un ejercicio de adecuaci\u00f3n constante a las demandas de la sociedad actual, conforme a las disposiciones del art\u00edculo 93 de la Ley Org\u00e1nica de Universidades y del Estatuto de la Universidad de Alicante.<\/p>\n<p>Bajo el concepto gen\u00e9rico de extensi\u00f3n universitaria se agrupan diversas funciones que contemplamos como un servicio p\u00fablico y como un instrumento de acci\u00f3n integral al servicio de la sociedad.<\/p>\n<p>La organizaci\u00f3n de actividades dirigidas a la formaci\u00f3n complementaria e integral de toda la comunidad universitaria; la creaci\u00f3n y la difusi\u00f3n de la cultura con actitud cr\u00edtica y participativa; el fomento y refuerzo de la presencia de la Universidad en el tejido social por medio de las Sedes Universitarias y la colaboraci\u00f3n con municipios y entidades culturales y deportivas; la difusi\u00f3n de la producci\u00f3n cient\u00edfica y cultural de la Universidad en la sociedad; el apoyo a los procesos de formaci\u00f3n a lo largo de toda la vida y la promoci\u00f3n del deporte como parte integrante del proceso educativo que contribuye a una mejor calidad de vida son caracter\u00edsticas que tambi\u00e9n definen a la Universidad de Alicante.<\/p>\n<p>La incorporaci\u00f3n de las nuevas tendencias culturales en la programaci\u00f3n cultural de la Universidad debe ser el reto permanente con el fin de elaborar una oferta complementaria adecuada para la formaci\u00f3n de toda la comunidad universitaria, satisfacer las demandas de participaci\u00f3n de nuestros estudiantes y desempe\u00f1ar su funci\u00f3n de ser promotora y difusora de la cultura y de sus valores en la sociedad.<\/p>\n<p>Esta concepci\u00f3n de la extensi\u00f3n universitaria como servicio p\u00fablico e instrumento de presencia social constituye una de las se\u00f1as de identidad de nuestra Universidad, cuya valoraci\u00f3n se ha visto sustancialmente reforzada en los \u00faltimos a\u00f1os gracias al incremento de actividades desarrolladas en los diferentes municipios de la provincia, a los cursos de verano, la Universidad de Verano Rafael Altamira, la consolidaci\u00f3n de la Universidad Permanente, la reorganizaci\u00f3n de los grupos estables y de los distintos programas de artes esc\u00e9nicas. Igualmente, la renovaci\u00f3n de las instalaciones deportivas de la Universidad ha permitido dar una mejor cobertura a las necesidades docentes, al deporte de competici\u00f3n y a los programas dirigidos a toda la comunidad universitaria para el fomento de la pr\u00e1ctica deportiva.<\/p>\n<p>La Universidad de Alicante es tambi\u00e9n una instituci\u00f3n solidaria y comprometida que dedica una parte de sus recursos a los programas y acciones de Cooperaci\u00f3n y Desarrollo. Impulsar la implicaci\u00f3n de la Universidad como instituci\u00f3n, y fomentar los canales que permitan una participaci\u00f3n m\u00e1s activa de la comunidad universitaria en los programas de cooperaci\u00f3n al desarrollo son obligaciones \u00e9ticas ineludibles.<\/p>\n<p><strong>Objetivos<\/strong><\/p>\n<ol>\n<li>Ofrecer una programaci\u00f3n cultural y de extensi\u00f3n universitaria que responda a las necesidades de formaci\u00f3n complementaria de los estudiantes, contribuya a enriquecer la formaci\u00f3n de la comunidad universitaria y desempe\u00f1e la funci\u00f3n de ser promotora y difusora de la cultura en la sociedad.<\/li>\n<li> Consolidar las vertientes interna y externa de los distintos programas de extensi\u00f3n universitaria como instrumentos de formaci\u00f3n y de conexi\u00f3n con las redes sociales.<\/li>\n<li> Garantizar que los programas de extensi\u00f3n universitaria se caractericen por las actitudes participativas, cr\u00edticas y contribuyan a la formaci\u00f3n de la comunidad universitaria y de la sociedad.<\/li>\n<li> Incrementar la presencia de la Universidad en el tejido social por medio de las sedes universitarias y de la colaboraci\u00f3n con entidades locales, financieras, empresas, asociaciones y medios de comunicaci\u00f3n.<\/li>\n<li> Intensificar el compromiso adquirido por la Universidad de Alicante en los distintos \u00e1mbitos de la Cooperaci\u00f3n al Desarrollo.<\/li>\n<li>Fomentar y facilitar la pr\u00e1ctica del deporte a la comunidad universitaria como parte integrante del proceso de formaci\u00f3n y como medio que contribuye a mejorar la salud y la calidad de vida.<\/li>\n<\/ol>\n<p><strong>Propuestas de actuaci\u00f3n<\/strong><\/p>\n<ul>\n<li>Estimular, impulsar y contribuir al desarrollo de las iniciativas culturales propuestas por todos los colectivos que conforman la comunidad de la Universidad de Alicante.<\/li>\n<li>Promover las actividades culturales y de extensi\u00f3n universitaria y cultural cuya lengua vehicular sea el valenciano<\/li>\n<li>Satisfacer las crecientes demandas de actividades en lenguas extranjeras.<\/li>\n<li>Potenciar la colaboraci\u00f3n con otras universidades, especialmente con las de la Comunidad Valenciana, con el fin de obtener rendimientos m\u00e1s satisfactorios en la formaci\u00f3n integral del colectivo universitario.<\/li>\n<li>Apoyar las actividades de formaci\u00f3n a lo largo de toda la vida por medio de la Universidad Permanente.<\/li>\n<li>Proporcionar soporte y colaboraci\u00f3n a las iniciativas de extensi\u00f3n universitaria surgidas de los Centros, Departamentos, Institutos de investigaci\u00f3n, as\u00ed como de los diferentes colectivos existentes en el seno de la Universidad.<\/li>\n<li>Potenciar las sedes universitarias como centros activos de la presencia cient\u00edfica, cultural y social de la Universidad de Alicante en el \u00e1mbito provincial, y que sean lugares de encuentro con las demandas efectivas de la sociedad en la que se hallan imbricadas.<\/li>\n<li>Reorganizar el conjunto de la oferta de cursos de verano para ampliar su proyecci\u00f3n internacional y adecuarlos al EEES.<\/li>\n<li>Fomentar la colaboraci\u00f3n con diferentes entidades p\u00fablicas y privadas que permitan que los espacios culturales de que disponemos, y especialmente el Museo de la Universidad de Alicante (MUA) se integren en los circuitos m\u00e1s relevantes del arte y de la cultura.<\/li>\n<li>Servir de plataforma de difusi\u00f3n para aquellos colectivos que menos posibilidades tienen de acceder a espacios expositivos sujetos a condiciones de mercado.<\/li>\n<li>Fomentar los premios de cultura para incentivar la participaci\u00f3n de los diferentes colectivos universitarios, abriendo la convocatoria a otras universidades, con una especial atenci\u00f3n a disciplinas como las artes pl\u00e1sticas, la fotograf\u00eda, la literatura y la difusi\u00f3n y divulgaci\u00f3n cient\u00edfica y t\u00e9cnica.<\/li>\n<li>Mantener el compromiso, com\u00fan con otras universidades, de ampliar los objetivos de la Universidad Permanente con el fin de permitir el acceso a una ense\u00f1anza reglada de car\u00e1cter universitario que enriquezca el proceso de formaci\u00f3n de las personas mayores, y de forma que se propicie el reconocimiento por la Administraci\u00f3n de los t\u00edtulos de las personas egresadas de la Universidad Permanente.<\/li>\n<li>Procurar la proyecci\u00f3n internacional de los programas de extensi\u00f3n universitaria de la Universidad de Alicante, as\u00ed como ofrecer en la programaci\u00f3n contenidos procedentes de otras culturas.<\/li>\n<li>Realizar el inventario del patrimonio hist\u00f3rico y cultural de nuestra Universidad para establecer las medidas correspondientes para su salvaguarda y conservaci\u00f3n.<\/li>\n<li>Apoyar y consolidar los grupos culturales permanentes, como la OFUA, Coral Universitaria, Aulas de Teatro, etc<\/li>\n<li>Potenciar el Reglamento para la Promoci\u00f3n y Apoyo al Deportista universitario.<\/li>\n<li>Apoyar la continuidad y el alto nivel de los equipos de la Universidad de Alicante en competiciones federadas por medio de acuerdos de patrocinio deportivo.<\/li>\n<li>Incentivar la pr\u00e1ctica del deporte adaptado a las necesidades de los diferentes colectivos de la Universidad para favorecer la vida saludable.<\/li>\n<li>Prestar especial apoyo a las iniciativas que tengan como objetivos el compromiso social, la igualdad y la defensa de los derechos humanos.<\/li>\n<li>Consolidar el conjunto de actividades llevadas a cabo por la comunidad universitaria orientadas a la transformaci\u00f3n social de los pa\u00edses desfavorecidos en pro de la paz, la equidad, el desarrollo humano y la sostenibilidad medioambiental como expresi\u00f3n del compromiso solidario de la UA.<\/li>\n<li>Mejorar la evaluaci\u00f3n de los Proyectos de Cooperaci\u00f3n al Desarrollo que se realizan desde la UA, tanto de su pertinencia e idoneidad como de sus resultados.<\/li>\n<li>Coordinar desde la Oficina de Cooperaci\u00f3n la diversidad de iniciativas que se generan desde la comunidad universitaria, apoyando la gesti\u00f3n de los proyectos, facilitando el acceso a la financiaci\u00f3n externa y asegurando la evaluaci\u00f3n de las actividades.<\/li>\n<\/ul>\n","protected":false},"excerpt":{"rendered":"<p>La Universidad de Alicante ha destacado siempre por su compromiso con la sociedad a la que sirve. Actualmente, somos un referente en la actividad cultural, en las posibilidades y programas espec\u00edficos de formaci\u00f3n a lo largo de toda la vida, en las acciones de cooperaci\u00f3n para el desarrollo y en el fomento del deporte y, [&hellip;]<\/p>\n","protected":false},"author":734,"featured_media":0,"parent":45,"menu_order":3,"comment_status":"closed","ping_status":"closed","template":"","meta":{"footnotes":""},"class_list":["post-49","page","type-page","status-publish","hentry"],"_links":{"self":[{"href":"https:\/\/blogs.ua.es\/ijraneda\/wp-json\/wp\/v2\/pages\/49","targetHints":{"allow":["GET"]}}],"collection":[{"href":"https:\/\/blogs.ua.es\/ijraneda\/wp-json\/wp\/v2\/pages"}],"about":[{"href":"https:\/\/blogs.ua.es\/ijraneda\/wp-json\/wp\/v2\/types\/page"}],"author":[{"embeddable":true,"href":"https:\/\/blogs.ua.es\/ijraneda\/wp-json\/wp\/v2\/users\/734"}],"replies":[{"embeddable":true,"href":"https:\/\/blogs.ua.es\/ijraneda\/wp-json\/wp\/v2\/comments?post=49"}],"version-history":[{"count":0,"href":"https:\/\/blogs.ua.es\/ijraneda\/wp-json\/wp\/v2\/pages\/49\/revisions"}],"up":[{"embeddable":true,"href":"https:\/\/blogs.ua.es\/ijraneda\/wp-json\/wp\/v2\/pages\/45"}],"wp:attachment":[{"href":"https:\/\/blogs.ua.es\/ijraneda\/wp-json\/wp\/v2\/media?parent=49"}],"curies":[{"name":"wp","href":"https:\/\/api.w.org\/{rel}","templated":true}]}}