{"id":51,"date":"2008-04-01T11:08:01","date_gmt":"2008-04-01T10:08:01","guid":{"rendered":"https:\/\/blogs.ua.es\/ijraneda\/programa-c\/personal-docente-e-investigador\/"},"modified":"2008-04-10T17:44:56","modified_gmt":"2008-04-10T15:44:56","slug":"personal-docente-e-investigador","status":"publish","type":"page","link":"https:\/\/blogs.ua.es\/ijraneda\/programa-c\/personal-docente-e-investigador\/","title":{"rendered":"Personal docente e investigador"},"content":{"rendered":"<p>La Universidad de Alicante se ha dotado de un Plan de Ordenaci\u00f3n  Integral en el que se contemplan las diferentes funciones que desempe\u00f1a el personal docente e investigador. Para que sea un instrumento eficaz y cumpla los diferentes objetivos que comprende &#8211; Plan de Ordenaci\u00f3n Docente, Plan de Investigaci\u00f3n, Modelo de Plantilla, Planes y Programas de Mejora y Programa de Modulaci\u00f3n del Complemento Auton\u00f3mico- es necesario que en su desarrollo participen activamente todos los colectivos e instancias implicadas.<\/p>\n<p><strong>Objetivos<\/strong><\/p>\n<ol>\n<li>Desarrollar y aplicar el Plan de Ordenaci\u00f3n Integral de la Universidad de Alicante.<\/li>\n<li>Desarrollar un modelo de plantilla acorde con los principios establecidos en el POI y con el futuro Plan Plurianual de Financiaci\u00f3n de las Universidades Valencianas.<\/li>\n<li>Incentivar, con los programas y planes adecuados, la estabilizaci\u00f3n y la promoci\u00f3n del personal docente e investigador.<\/li>\n<li>Facilitar la participaci\u00f3n en los programas de formaci\u00f3n que contribuyan a incrementar la calidad de la docencia en el marco del Espacio Europeo de Educaci\u00f3n Superior.<\/li>\n<li>Incrementar la movilidad del personal docente e investigador<\/li>\n<\/ol>\n<p><strong>Propuestas de actuaci\u00f3n<\/strong><\/p>\n<ul>\n<li>Favorecer la dotaci\u00f3n de plazas que permitan la promoci\u00f3n a CU de los actuales TU y CEU que hayan obtenido la habilitaci\u00f3n o acreditaci\u00f3n nacional.<\/li>\n<li>Realizar la interpretaci\u00f3n m\u00e1s favorable de lo establecido en la Disposici\u00f3n Adicional segunda de la Ley Org\u00e1nica 4\/2007 y en la Disposici\u00f3n Adicional primera del R.D. 1312\/2007 (reconocimiento de la gesti\u00f3n realizada en \u00f3rganos acad\u00e9micos unipersonales asimilables a los cargos acad\u00e9micos recogidos en el Estatuto de la UA), que permita la promoci\u00f3n de los TEU doctores a TU.<\/li>\n<li>Promover la estabilidad del PDI en formaci\u00f3n que haya obtenido su acreditaci\u00f3n como TU, mediante la creaci\u00f3n de aquellas plazas de TU que se encuentren dentro de las previsiones del POI.<\/li>\n<li>Utilizar las contrataciones laborales indefinidas para aquellos casos especiales en los que no sea posible la creaci\u00f3n de plazas de TU. Entre estos casos especiales se encontrar\u00edan las situaciones de profesores que no sean ciudadanos de la Uni\u00f3n Europea, el cumplimiento de los acuerdos suscritos para la estabilizaci\u00f3n de los contratados en los programas Ram\u00f3n y Cajal, o similares, y las previsiones que sobre profesores colaboradores contempla la Disposici\u00f3n Transitoria segunda de la LOMLOU.<\/li>\n<li>Definir e implementar planes espec\u00edficos de formaci\u00f3n del PDI.<\/li>\n<li>Incrementar la oferta de cursos formativos no presenciales.<\/li>\n<li>Reconocer de manera efectiva toda la docencia oficial impartida a los efectos del complemento POI.<\/li>\n<li>Facilitar a los Departamentos la gesti\u00f3n interna del POI.<\/li>\n<li>Simplificar los procedimientos conducentes a la ponderaci\u00f3n de los distintos componentes contemplados en el POI para la satisfacci\u00f3n de los incentivos previstos.<\/li>\n<li>Impulsar los diferentes programas de movilidad del profesorado, especialmente los destinados al profesorado en formaci\u00f3n.<\/li>\n<\/ul>\n","protected":false},"excerpt":{"rendered":"<p>La Universidad de Alicante se ha dotado de un Plan de Ordenaci\u00f3n Integral en el que se contemplan las diferentes funciones que desempe\u00f1a el personal docente e investigador. Para que sea un instrumento eficaz y cumpla los diferentes objetivos que comprende &#8211; Plan de Ordenaci\u00f3n Docente, Plan de Investigaci\u00f3n, Modelo de Plantilla, Planes y Programas [&hellip;]<\/p>\n","protected":false},"author":734,"featured_media":0,"parent":45,"menu_order":5,"comment_status":"closed","ping_status":"closed","template":"","meta":{"footnotes":""},"class_list":["post-51","page","type-page","status-publish","hentry"],"_links":{"self":[{"href":"https:\/\/blogs.ua.es\/ijraneda\/wp-json\/wp\/v2\/pages\/51","targetHints":{"allow":["GET"]}}],"collection":[{"href":"https:\/\/blogs.ua.es\/ijraneda\/wp-json\/wp\/v2\/pages"}],"about":[{"href":"https:\/\/blogs.ua.es\/ijraneda\/wp-json\/wp\/v2\/types\/page"}],"author":[{"embeddable":true,"href":"https:\/\/blogs.ua.es\/ijraneda\/wp-json\/wp\/v2\/users\/734"}],"replies":[{"embeddable":true,"href":"https:\/\/blogs.ua.es\/ijraneda\/wp-json\/wp\/v2\/comments?post=51"}],"version-history":[{"count":0,"href":"https:\/\/blogs.ua.es\/ijraneda\/wp-json\/wp\/v2\/pages\/51\/revisions"}],"up":[{"embeddable":true,"href":"https:\/\/blogs.ua.es\/ijraneda\/wp-json\/wp\/v2\/pages\/45"}],"wp:attachment":[{"href":"https:\/\/blogs.ua.es\/ijraneda\/wp-json\/wp\/v2\/media?parent=51"}],"curies":[{"name":"wp","href":"https:\/\/api.w.org\/{rel}","templated":true}]}}