{"id":52,"date":"2008-04-01T11:08:47","date_gmt":"2008-04-01T10:08:47","guid":{"rendered":"https:\/\/blogs.ua.es\/ijraneda\/programa-c\/personal-de-administracion-y-servicios\/"},"modified":"2008-04-10T17:45:14","modified_gmt":"2008-04-10T15:45:14","slug":"personal-de-administracion-y-servicios","status":"publish","type":"page","link":"https:\/\/blogs.ua.es\/ijraneda\/programa-c\/personal-de-administracion-y-servicios\/","title":{"rendered":"Personal de administraci\u00f3n y servicios"},"content":{"rendered":"<p>El Personal de Administraci\u00f3n y Servicios constituye un elemento esencial para el desarrollo de la actividad universitaria.<\/p>\n<p>Los procesos de actualizaci\u00f3n operados en la estructura de este colectivo deben completarse con la elaboraci\u00f3n de un documento que, basado en criterios objetivos, permita ordenar el crecimiento de sus plantillas. La reciente aprobaci\u00f3n del POI por una parte y por otra la aprobaci\u00f3n de la reestructuraci\u00f3n de los centros de la Universidad de Alicante nos aportan elementos importantes para una adecuada planificaci\u00f3n de la plantilla de Personal de Administraci\u00f3n y Servicios a medio plazo.<\/p>\n<p>La formaci\u00f3n del personal es un elemento clave para garantizar una administraci\u00f3n y unos servicios universitarios de calidad y, en consecuencia, es necesario prestar especial atenci\u00f3n al dise\u00f1o de una programaci\u00f3n plurianual de actividades formativas adecuada a las necesidades de los distintos colectivos, unidades y puestos de trabajo.<\/p>\n<p>Es tambi\u00e9n preciso incidir en que, aunque en la \u00faltima \u00e9poca han sido importantes los avances realizados en materia de conciliaci\u00f3n de la vida  laboral y familiar, debemos permanecer atentos para incorporar cuantas mejoras contribuyan en mayor medida a dicha conciliaci\u00f3n.<\/p>\n<p><strong>Objetivos<\/strong><\/p>\n<ol>\n<li>Configurar una plantilla de Personal de Administraci\u00f3n y Servicios equilibrada y ajustada a las necesidades de la organizaci\u00f3n.<\/li>\n<li>Proporcionar al Personal de Administraci\u00f3n y Servicios una formaci\u00f3n adecuada a sus funciones y tareas que garantice la calidad de la gesti\u00f3n,<\/li>\n<li>Continuar posibilitando la promoci\u00f3n del Personal de Administraci\u00f3n y Servicios y el desarrollo de itinerarios profesionales.<\/li>\n<li>Mantener a la Universidad de Alicante a la cabeza de las instituciones en lo relativo a  medidas encaminadas a la conciliaci\u00f3n de la vida laboral y familiar.<\/li>\n<\/ol>\n<p><strong>Propuestas de actuaci\u00f3n<\/strong><\/p>\n<ul>\n<li>Elaborar un Plan de Ordenaci\u00f3n del PAS en el plazo m\u00e1ximo de 6 meses, de forma que sus resultados sean aplicables en 2009, que comprenda:\n<ul>\n<li>Un documento de plantilla de PAS basado en criterios objetivos.<\/li>\n<li>Un sistema de evaluaci\u00f3n del desempe\u00f1o que permita establecer un complemento de productividad al que pueda tener acceso todo el Personal de Administraci\u00f3n y Servicios.<\/li>\n<\/ul>\n<\/li>\n<li>Elaborar una programaci\u00f3n plurianual de actividades de formaci\u00f3n (cursos, talleres, seminarios, intercambios, etc.), contando con la participaci\u00f3n de los responsables de los servicios y unidades y los propios interesados.<\/li>\n<li>Crear itinerarios formativos que favorezcan el desarrollo de cualificaciones espec\u00edficas.<\/li>\n<li>Incrementar de manera significativa la oferta de cursos no presenciales.<\/li>\n<li>Incrementar la participaci\u00f3n del PAS en acciones de movilidad internacional, promoviendo su participaci\u00f3n en programas de asesoramiento y cooperaci\u00f3n, as\u00ed como en intercambios nacionales e internacionales.<\/li>\n<li>Mejorar el control de calidad de las actividades de formaci\u00f3n mediante encuestas de evaluaci\u00f3n del profesorado, grado de satisfacci\u00f3n de los usuarios etc.<\/li>\n<li>Continuar mejorando el sistema actual de promoci\u00f3n del personal: contenido, calendario y horario de los cursos y dise\u00f1o de las pruebas de evaluaci\u00f3n.<\/li>\n<li>Promover la comunicaci\u00f3n transversal y la coordinaci\u00f3n entre los servicios de la administraci\u00f3n, que permitan un incremento del trabajo en equipo.<\/li>\n<li>Mejorar la coordinaci\u00f3n entre los distintos niveles organizativos.<\/li>\n<li>Incorporar a nuestra normativa propia todas aquellas medidas que, sin menoscabo del servicio, favorezcan la conciliaci\u00f3n de la vida laboral y familiar.<\/li>\n<li>Promover la participaci\u00f3n mediante la creaci\u00f3n de premios a la iniciativa, reconocidos como m\u00e9rito en el expediente administrativo, y valorados en la provisi\u00f3n de puestos de trabajo.<\/li>\n<li>Instar a la Conseller\u00eda, junto con el resto de Universidades P\u00fablicas Valencianas a que incluya en el nuevo Plan de Financiaci\u00f3n los recursos necesarios para la aplicaci\u00f3n en las mismas del Acuerdo Administraci\u00f3n-Sindicatos de 20 de Febrero de 2008, de la Mesa Sectorial de la Funci\u00f3n P\u00fablica sobre condiciones de trabajo para el periodo 2008-2011.<\/li>\n<li>Presentar con car\u00e1cter urgente, y previa negociaci\u00f3n con los representantes del personal, una propuesta de modificaci\u00f3n del baremo a aplicar en los concursos de provisi\u00f3n de puestos de trabajo y tras su aprobaci\u00f3n sacar a concurso de manera inmediata todas aquellas plazas vacantes ocupadas actualmente en comisi\u00f3n de servicios.<\/li>\n<li>Establecer los mecanismos que permitan, incentiven y favorezcan la aplicaci\u00f3n de los conocimientos y la experiencia del PAS en las tareas docentes e investigadoras.<\/li>\n<li>Promover actuaciones para establecer planes de jubilaci\u00f3n anticipada y\/o parcial en el marco de la legislaci\u00f3n vigente.<\/li>\n<li>Disminuci\u00f3n de la jornada de trabajo hasta un m\u00e1ximo de dos horas diarias para las personas mayores de 60 a\u00f1os, manteniendo \u00edntegras las retribuciones.<\/li>\n<li>Reducir el 50% la jornada laboral de las personas entre 63 y 65 a\u00f1os y con 30 a\u00f1os de servicios prestados, manteniendo \u00edntegras las retribuciones (quienes se acojan a esta reducci\u00f3n deber\u00e1n jubilarse necesariamente al cumplir 65 a\u00f1os).<\/li>\n<\/ul>\n","protected":false},"excerpt":{"rendered":"<p>El Personal de Administraci\u00f3n y Servicios constituye un elemento esencial para el desarrollo de la actividad universitaria. Los procesos de actualizaci\u00f3n operados en la estructura de este colectivo deben completarse con la elaboraci\u00f3n de un documento que, basado en criterios objetivos, permita ordenar el crecimiento de sus plantillas. La reciente aprobaci\u00f3n del POI por una [&hellip;]<\/p>\n","protected":false},"author":734,"featured_media":0,"parent":45,"menu_order":6,"comment_status":"closed","ping_status":"closed","template":"","meta":{"footnotes":""},"class_list":["post-52","page","type-page","status-publish","hentry"],"_links":{"self":[{"href":"https:\/\/blogs.ua.es\/ijraneda\/wp-json\/wp\/v2\/pages\/52","targetHints":{"allow":["GET"]}}],"collection":[{"href":"https:\/\/blogs.ua.es\/ijraneda\/wp-json\/wp\/v2\/pages"}],"about":[{"href":"https:\/\/blogs.ua.es\/ijraneda\/wp-json\/wp\/v2\/types\/page"}],"author":[{"embeddable":true,"href":"https:\/\/blogs.ua.es\/ijraneda\/wp-json\/wp\/v2\/users\/734"}],"replies":[{"embeddable":true,"href":"https:\/\/blogs.ua.es\/ijraneda\/wp-json\/wp\/v2\/comments?post=52"}],"version-history":[{"count":0,"href":"https:\/\/blogs.ua.es\/ijraneda\/wp-json\/wp\/v2\/pages\/52\/revisions"}],"up":[{"embeddable":true,"href":"https:\/\/blogs.ua.es\/ijraneda\/wp-json\/wp\/v2\/pages\/45"}],"wp:attachment":[{"href":"https:\/\/blogs.ua.es\/ijraneda\/wp-json\/wp\/v2\/media?parent=52"}],"curies":[{"name":"wp","href":"https:\/\/api.w.org\/{rel}","templated":true}]}}