{"id":53,"date":"2008-04-01T11:09:41","date_gmt":"2008-04-01T10:09:41","guid":{"rendered":"https:\/\/blogs.ua.es\/ijraneda\/programa-c\/infraestructuras-espacios-y-medio-ambiente\/"},"modified":"2008-04-10T17:45:37","modified_gmt":"2008-04-10T15:45:37","slug":"infraestructuras-espacios-y-medio-ambiente","status":"publish","type":"page","link":"https:\/\/blogs.ua.es\/ijraneda\/programa-c\/infraestructuras-espacios-y-medio-ambiente\/","title":{"rendered":"Infraestructuras, espacios y medio ambiente"},"content":{"rendered":"<p>Nuestro campus es un espacio bien organizado desde el punto de vista urban\u00edstico y con una alta calidad ambiental. Para mantenerla es necesario realizar un trabajo permanente en la mejora de los edificios, en los elementos estructurales y en procedimientos de evaluaci\u00f3n que tienen que contribuir al aumento de la calidad funcional del campus.<\/p>\n<p>La escasez de espacios que tenemos en estos momentos debe paliarse en un futuro pr\u00f3ximo con el crecimiento en las zonas proyectadas de ampliaci\u00f3n y con la redistribuci\u00f3n de los espacios y edificios que sean liberados conforme se construyan los nuevos. El pleno desarrollo de la expansi\u00f3n del campus ser\u00e1 una realidad a medio plazo. No obstante ser\u00e1 necesaria la revisi\u00f3n del modelo de asignaci\u00f3n y gesti\u00f3n de espacios, de manera que incorpore las nuevas estructuras que han surgido en los \u00faltimos a\u00f1os. Todos los proyectos de infraestructuras se realizar\u00e1n de forma acorde con los principios de sostenibilidad y de compromiso con el medioambiente.<\/p>\n<p>Como marco de reflexi\u00f3n y de participaci\u00f3n disponemos del Plan sectorial de medioambiente, que ya hemos iniciado, y que bajo el ep\u00edgrafe de AGENDA 21 re\u00fane la diagnosis, la participaci\u00f3n y el establecimiento de planes de acci\u00f3n en aquellos aspectos socio-econ\u00f3mico-ambientales que favorecen nuestra vida en la Universidad.<\/p>\n<p>En la actualidad las infraestructuras TIC resultan esenciales para un desarrollo eficaz de las distintas funciones que corresponde desempe\u00f1ar a la universidad. Por lo tanto es necesario que pongamos a disposici\u00f3n de la comunidad universitaria una infraestructura TIC ubicua, de manejo simple, accesible desde cualquier lugar, flexible, que preste servicio de forma permanente, que garantice la seguridad y que satisfaga plenamente las necesidades de la docencia, de la investigaci\u00f3n y del conjunto de los usuarios.<\/p>\n<p><strong>Objetivos<\/strong><\/p>\n<ol>\n<li>Disponer de espacios, infraestructuras y servicios adecuados, y optimizar la gesti\u00f3n de los mismos.<\/li>\n<li>Garantizar una infraestructura TIC accesible desde cualquier lugar, segura y con servicio permanente.<\/li>\n<li>Fomentar el uso de las herramientas tecnol\u00f3gicas para facilitar entornos de colaboraci\u00f3n e interactivos y apoyar el proceso de ense\u00f1anza\/aprendizaje.<\/li>\n<li>Continuar la ampliaci\u00f3n del Campus manteniendo la calidad urban\u00edstica y medioambiental caracter\u00edsticas de la UA.<\/li>\n<li>Asegurar la calidad de los servicios complementarios que contribuyan a conciliar la vida laboral y familiar y faciliten la vida en el campus.<\/li>\n<\/ol>\n<p><strong>Propuestas de actuaci\u00f3n<\/strong><\/p>\n<ul>\n<li>Consolidar el sistema de gesti\u00f3n de la calidad de los servicios y aplicar sistemas de evaluaci\u00f3n de satisfacci\u00f3n por parte de los usuarios de infraestructuras, servicios externos, servicios TIC, etc.<\/li>\n<li>Crear una mesa de coordinaci\u00f3n del trasporte universitario.<\/li>\n<li>Elaborar planes anuales de infraestructuras docentes y de investigaci\u00f3n.<\/li>\n<li>Habilitar nuevas zonas de aparcamiento en las zonas de ampliaci\u00f3n del Campus.<\/li>\n<li>Desarrollar un programa progresivo de adecuaci\u00f3n o de sustituci\u00f3n de los sistemas de climatizaci\u00f3n de los edificios que lo necesiten.<\/li>\n<li>Finalizar el plan de accesibilidad del campus con las acciones necesarias que permitan eliminar toda barrera arquitect\u00f3nica.<\/li>\n<li>Revisar el modelo de asignaci\u00f3n y gesti\u00f3n de espacios de la Universidad de Alicante.<\/li>\n<li>Finalizar la planificaci\u00f3n urban\u00edstica de la ampliaci\u00f3n de la Universidad y del parque cient\u00edfico, de forma que toda la zona quede urbanizada en el 2012.<\/li>\n<li>Construir un edificio para el Centro de Creaci\u00f3n de Empresas en la zona del parque cient\u00edfico.<\/li>\n<li>Finalizar la construcci\u00f3n de los edificios de los Institutos Universitarios.<\/li>\n<li>Construir la nueva Facultad de Educaci\u00f3n.<\/li>\n<li>Construcci\u00f3n de un nuevo aulario, dise\u00f1ado seg\u00fan las exigencias que plantea el EEES.<\/li>\n<li>Continuar con el desarrollo del plan de calidad medioambiental (Agenda 21).<\/li>\n<li>Habilitar el acceso de los carriles bici hasta las zonas peatonales de la UA.<\/li>\n<li>Renovar y completar el mobiliario urbano del campus<\/li>\n<li>Favorecer el uso de energ\u00edas renovables mediante la instalaci\u00f3n de paneles fotovoltaicos en los edificios de la Universidad de Alicante que lo permitan.<\/li>\n<li>Implantar un programa de ahorro energ\u00e9tico en la iluminaci\u00f3n de los edificios y zonas exteriores.<\/li>\n<li>Instalar medidas de ahorro de agua en lavabos y aseos de forma generalizada, e incorporar m\u00e1s puntos de bebida de agua en los edificios del campus.<\/li>\n<li>Creaci\u00f3n de un \u201cecosistema tecnol\u00f3gico\u201d que integre todos los recursos propios de las tecnolog\u00edas de la informaci\u00f3n y la comunicaci\u00f3n orientados a la mejora de la docencia y de la interacci\u00f3n entre docentes y estudiantes.<\/li>\n<li>Potenciar al \u00e1rea de soporte a la docencia del Servicio de Inform\u00e1tica.<\/li>\n<li>Favorecer las iniciativas conducentes a la implantaci\u00f3n de la administraci\u00f3n electr\u00f3nica.<\/li>\n<li>Establecer una normativa de uso de formatos abiertos para el intercambio de informaci\u00f3n en la Universidad.<\/li>\n<li>Garantizar el funcionamiento de los sistemas inform\u00e1ticos cr\u00edticos.<\/li>\n<li>Dotar de las instalaciones adecuadas al Servicio de Inform\u00e1tica.<\/li>\n<li>Puesta en funcionamiento de la Escuela Infantil. Una vez elaborado el libro blanco de la \u201cEscuela Infantil de la Universidad de Alicante\u201d nos comprometemos a su puesta en funcionamiento durante este mandato. Para ello se establecer\u00e1n los contactos necesarios con las Administraciones P\u00fablicas que puedan verse involucradas, realiz\u00e1ndose por parte de la Universidad todos los esfuerzos y las acciones pertinentes a este fin.<\/li>\n<li>Realizar un estudio acerca de la necesidad de un centro de d\u00eda para mayores y, en su caso, elaboraci\u00f3n de un libro blanco para su creaci\u00f3n.<\/li>\n<\/ul>\n","protected":false},"excerpt":{"rendered":"<p>Nuestro campus es un espacio bien organizado desde el punto de vista urban\u00edstico y con una alta calidad ambiental. Para mantenerla es necesario realizar un trabajo permanente en la mejora de los edificios, en los elementos estructurales y en procedimientos de evaluaci\u00f3n que tienen que contribuir al aumento de la calidad funcional del campus. La [&hellip;]<\/p>\n","protected":false},"author":734,"featured_media":0,"parent":45,"menu_order":7,"comment_status":"closed","ping_status":"closed","template":"","meta":{"footnotes":""},"class_list":["post-53","page","type-page","status-publish","hentry"],"_links":{"self":[{"href":"https:\/\/blogs.ua.es\/ijraneda\/wp-json\/wp\/v2\/pages\/53","targetHints":{"allow":["GET"]}}],"collection":[{"href":"https:\/\/blogs.ua.es\/ijraneda\/wp-json\/wp\/v2\/pages"}],"about":[{"href":"https:\/\/blogs.ua.es\/ijraneda\/wp-json\/wp\/v2\/types\/page"}],"author":[{"embeddable":true,"href":"https:\/\/blogs.ua.es\/ijraneda\/wp-json\/wp\/v2\/users\/734"}],"replies":[{"embeddable":true,"href":"https:\/\/blogs.ua.es\/ijraneda\/wp-json\/wp\/v2\/comments?post=53"}],"version-history":[{"count":0,"href":"https:\/\/blogs.ua.es\/ijraneda\/wp-json\/wp\/v2\/pages\/53\/revisions"}],"up":[{"embeddable":true,"href":"https:\/\/blogs.ua.es\/ijraneda\/wp-json\/wp\/v2\/pages\/45"}],"wp:attachment":[{"href":"https:\/\/blogs.ua.es\/ijraneda\/wp-json\/wp\/v2\/media?parent=53"}],"curies":[{"name":"wp","href":"https:\/\/api.w.org\/{rel}","templated":true}]}}