{"id":55,"date":"2008-04-01T11:11:22","date_gmt":"2008-04-01T10:11:22","guid":{"rendered":"https:\/\/blogs.ua.es\/ijraneda\/programa-c\/comunicacion\/"},"modified":"2008-04-10T17:46:19","modified_gmt":"2008-04-10T15:46:19","slug":"comunicacion","status":"publish","type":"page","link":"https:\/\/blogs.ua.es\/ijraneda\/programa-c\/comunicacion\/","title":{"rendered":"Comunicaci\u00f3n"},"content":{"rendered":"<p>Avanzar en la vinculaci\u00f3n cada vez m\u00e1s estrecha entre la Universidad y la sociedad requiere dise\u00f1ar pol\u00edticas adecuadas de comunicaci\u00f3n y de proyecci\u00f3n social con el fin de ofrecer una imagen n\u00edtida de la Universidad como instituci\u00f3n de servicio p\u00fablico.<\/p>\n<p>La capacidad que tenemos para ofrecer una docencia de calidad, la investigaci\u00f3n la innovaci\u00f3n y la transferencia de conocimiento entendidas como contribuci\u00f3n al progreso social, hacer patente el compromiso que la Universidad de Alicante tiene con los programas de Cooperaci\u00f3n al Desarrollo y como productora y difusora de bienes culturales son hechos que deben ponerse de manifiesto puesto que es el conjunto de todos ellos lo que nos permite establecer una mayor sinergia con la sociedad a la que debemos rendir cuentas.<\/p>\n<p>Establecer una relaci\u00f3n fluida con los diferentes agentes sociales ha de ser un objetivo com\u00fan para la comunidad universitaria, de manera que implica transversalmente a todos los ejes del Plan Estrat\u00e9gico de la Universidad de Alicante. En id\u00e9ntico sentido es necesario continuar con el desarrollo de los canales que facilitan la comunicaci\u00f3n en el seno de la propia comunidad universitaria puesto que una informaci\u00f3n \u00e1gil contribuye a incrementar la transparencia y la coordinaci\u00f3n interna.<\/p>\n<p>En una Universidad concebida para el progreso de la sociedad resulta imprescindible llevar a cabo una pol\u00edtica de comunicaci\u00f3n que garantice la correcta percepci\u00f3n por la sociedad de las distintas funciones que cumplimos. Del mismo modo, un correcto desarrollo de la comunicaci\u00f3n de la Universidad con su entorno facilita tambi\u00e9n la percepci\u00f3n de las demandas sociales, punto clave en la concepci\u00f3n de nuestra instituci\u00f3n como un espacio abierto y receptivo a las necesidades e inquietudes de la sociedad actual.<\/p>\n<p><strong>Objetivos<\/strong><\/p>\n<ol>\n<li>Garantizar la correcta percepci\u00f3n por la sociedad de la misi\u00f3n de la Universidad de Alicante.<\/li>\n<li>Lograr una mayor imbricaci\u00f3n con el entorno social mediante una adecuada pol\u00edtica de comunicaci\u00f3n.<\/li>\n<li>Favorecer el flujo de informaci\u00f3n que permita la apreciaci\u00f3n de las demandas sociales.<\/li>\n<li>Difundir la producci\u00f3n cient\u00edfica y cultural de la Universidad de Alicante en la sociedad.<\/li>\n<li>Garantizar una comunicaci\u00f3n interna fluida y eficaz que abarque los distintos \u00e1mbitos de inter\u00e9s de la comunidad universitaria.<\/li>\n<\/ol>\n<p><strong>Propuestas de actuaci\u00f3n<\/strong><\/p>\n<ul>\n<li>Dise\u00f1ar el plan estrat\u00e9gico sectorial de comunicaci\u00f3n.<\/li>\n<li>Concretar y establecer mecanismos de comunicaci\u00f3n interna para reforzar la difusi\u00f3n de las actividades a los diferentes colectivos universitarios.<\/li>\n<li>Elaborar programas de colaboraci\u00f3n con los medios de comunicaci\u00f3n.<\/li>\n<li>Desarrollar programas espec\u00edficos de promoci\u00f3n y difusi\u00f3n de las titulaciones de la Universidad de Alicante en los centros de Ense\u00f1anza Secundaria.<\/li>\n<li>Difundir y promocionar la oferta de titulaciones de posgrado de la Universidad.<\/li>\n<li>Elaborar un plan de promoci\u00f3n internacional de la Universidad de Alicante para favorecer el proceso de internacionalizaci\u00f3n y atraer estudiantes extranjeros.<\/li>\n<li>Dotar de la estructura y de los medios necesarios al Gabinete de Comunicaci\u00f3n para el adecuado desarrollo de sus funciones.<\/li>\n<li>Dise\u00f1ar programas dirigidos a la mantener la colaboraci\u00f3n de los egresados con la Universidad.<\/li>\n<li>Potenciar la oferta de servicios de la web institucional.<\/li>\n<\/ul>\n","protected":false},"excerpt":{"rendered":"<p>Avanzar en la vinculaci\u00f3n cada vez m\u00e1s estrecha entre la Universidad y la sociedad requiere dise\u00f1ar pol\u00edticas adecuadas de comunicaci\u00f3n y de proyecci\u00f3n social con el fin de ofrecer una imagen n\u00edtida de la Universidad como instituci\u00f3n de servicio p\u00fablico. La capacidad que tenemos para ofrecer una docencia de calidad, la investigaci\u00f3n la innovaci\u00f3n y [&hellip;]<\/p>\n","protected":false},"author":734,"featured_media":0,"parent":45,"menu_order":9,"comment_status":"closed","ping_status":"closed","template":"","meta":{"footnotes":""},"class_list":["post-55","page","type-page","status-publish","hentry"],"_links":{"self":[{"href":"https:\/\/blogs.ua.es\/ijraneda\/wp-json\/wp\/v2\/pages\/55","targetHints":{"allow":["GET"]}}],"collection":[{"href":"https:\/\/blogs.ua.es\/ijraneda\/wp-json\/wp\/v2\/pages"}],"about":[{"href":"https:\/\/blogs.ua.es\/ijraneda\/wp-json\/wp\/v2\/types\/page"}],"author":[{"embeddable":true,"href":"https:\/\/blogs.ua.es\/ijraneda\/wp-json\/wp\/v2\/users\/734"}],"replies":[{"embeddable":true,"href":"https:\/\/blogs.ua.es\/ijraneda\/wp-json\/wp\/v2\/comments?post=55"}],"version-history":[{"count":0,"href":"https:\/\/blogs.ua.es\/ijraneda\/wp-json\/wp\/v2\/pages\/55\/revisions"}],"up":[{"embeddable":true,"href":"https:\/\/blogs.ua.es\/ijraneda\/wp-json\/wp\/v2\/pages\/45"}],"wp:attachment":[{"href":"https:\/\/blogs.ua.es\/ijraneda\/wp-json\/wp\/v2\/media?parent=55"}],"curies":[{"name":"wp","href":"https:\/\/api.w.org\/{rel}","templated":true}]}}