{"id":56,"date":"2008-04-01T11:12:07","date_gmt":"2008-04-01T10:12:07","guid":{"rendered":"https:\/\/blogs.ua.es\/ijraneda\/equipequipo\/"},"modified":"2008-04-10T17:36:39","modified_gmt":"2008-04-10T15:36:39","slug":"equipequipo","status":"publish","type":"page","link":"https:\/\/blogs.ua.es\/ijraneda\/equipequipo\/","title":{"rendered":"Equip\/Equipo"},"content":{"rendered":"<p align=\"center\"><img loading=\"lazy\" decoding=\"async\" src=\"https:\/\/blogs.ua.es\/ijra\/files\/2008\/03\/equipo.jpg\" alt=\"Equipo\" align=\"middle\" border=\"0\" height=\"239\" width=\"450\" \/><\/p>\n<table>\n<tr>\n<td>&nbsp;<\/td>\n<\/tr>\n<\/table>\n<p align=\"center\"><a href=\"ignacio-jimenez-raneda\">Ignacio Jim\u00e9nez Raneda<\/a><\/p>\n<p align=\"center\">&nbsp;<\/p>\n<p align=\"center\"><a href=\"el-meu-equip-mi-equipo\/#pradells\">Jes\u00fas Pradells Nadal<\/a><br \/>\n<a href=\"el-meu-equip-mi-equipo\/#palomar\">Manuel Palomar Sanz<\/a><br \/>\n<a href=\"el-meu-equip-mi-equipo\/#marhuenda\">Joaqu\u00edn Marhuenda Fructuoso<\/a><br \/>\n<a href=\"el-meu-equip-mi-equipo\/#calzada\">Ar\u00e1nzazu Calzada Gonz\u00e1lez<\/a><br \/>\n<a href=\"el-meu-equip-mi-equipo\/#cabezuelo\">Jos\u00e9 Vicente Cabezuelo Pliego<\/a><br \/>\n<a href=\"el-meu-equip-mi-equipo\/#llorens\">Fara\u00f3n Llorens Largo<\/a><br \/>\n<a href=\"el-meu-equip-mi-equipo\/#montiel\">Vicente Montiel Leguey<\/a><br \/>\n<a href=\"el-meu-equip-mi-equipo\/#gomez\">M\u00aa Cecilia G\u00f3mez Lucas<\/a><br \/>\n<a href=\"el-meu-equip-mi-equipo\/#bueno\">Josefina Bueno Alonso<\/a><br \/>\n<a href=\"el-meu-equip-mi-equipo\/#sanmiguel\">Bego\u00f1a San Miguel del Hoyo<\/a><br \/>\n<a href=\"el-meu-equip-mi-equipo\/#subiza\">Bego\u00f1a Subiza Mart\u00ednez<\/a><br \/>\n<a href=\"el-meu-equip-mi-equipo\/#fernandez\">Nuria Fern\u00e1ndez P\u00e9rez<\/a><br \/>\n<a href=\"el-meu-equip-mi-equipo\/#carrillo\">Rafael Carrillo Pa\u00f1os<\/a><\/p>\n<table>\n<tr>\n<td>&nbsp;<\/td>\n<\/tr>\n<\/table>\n","protected":false},"excerpt":{"rendered":"<p>&nbsp; Ignacio Jim\u00e9nez Raneda &nbsp; Jes\u00fas Pradells Nadal Manuel Palomar Sanz Joaqu\u00edn Marhuenda Fructuoso Ar\u00e1nzazu Calzada Gonz\u00e1lez Jos\u00e9 Vicente Cabezuelo Pliego Fara\u00f3n Llorens Largo Vicente Montiel Leguey M\u00aa Cecilia G\u00f3mez Lucas Josefina Bueno Alonso Bego\u00f1a San Miguel del Hoyo Bego\u00f1a Subiza Mart\u00ednez Nuria Fern\u00e1ndez P\u00e9rez Rafael Carrillo Pa\u00f1os &nbsp;<\/p>\n","protected":false},"author":734,"featured_media":0,"parent":0,"menu_order":5,"comment_status":"closed","ping_status":"closed","template":"","meta":{"footnotes":""},"class_list":["post-56","page","type-page","status-publish","hentry"],"_links":{"self":[{"href":"https:\/\/blogs.ua.es\/ijraneda\/wp-json\/wp\/v2\/pages\/56","targetHints":{"allow":["GET"]}}],"collection":[{"href":"https:\/\/blogs.ua.es\/ijraneda\/wp-json\/wp\/v2\/pages"}],"about":[{"href":"https:\/\/blogs.ua.es\/ijraneda\/wp-json\/wp\/v2\/types\/page"}],"author":[{"embeddable":true,"href":"https:\/\/blogs.ua.es\/ijraneda\/wp-json\/wp\/v2\/users\/734"}],"replies":[{"embeddable":true,"href":"https:\/\/blogs.ua.es\/ijraneda\/wp-json\/wp\/v2\/comments?post=56"}],"version-history":[{"count":0,"href":"https:\/\/blogs.ua.es\/ijraneda\/wp-json\/wp\/v2\/pages\/56\/revisions"}],"wp:attachment":[{"href":"https:\/\/blogs.ua.es\/ijraneda\/wp-json\/wp\/v2\/media?parent=56"}],"curies":[{"name":"wp","href":"https:\/\/api.w.org\/{rel}","templated":true}]}}