{"id":57,"date":"2008-04-01T11:12:55","date_gmt":"2008-04-01T10:12:55","guid":{"rendered":"https:\/\/blogs.ua.es\/ijraneda\/equipequipo\/ignacio-jimenez-raneda\/"},"modified":"2008-04-01T11:12:55","modified_gmt":"2008-04-01T10:12:55","slug":"ignacio-jimenez-raneda","status":"publish","type":"page","link":"https:\/\/blogs.ua.es\/ijraneda\/equipequipo\/ignacio-jimenez-raneda\/","title":{"rendered":"Ignacio Jim\u00e9nez Raneda"},"content":{"rendered":"<p align=\"center\"><img loading=\"lazy\" decoding=\"async\" src=\"https:\/\/blogs.ua.es\/ijra\/files\/2008\/03\/equipo.jpg\" alt=\"Equipo\" align=\"middle\" border=\"0\" height=\"239\" width=\"450\" \/><\/p>\n<p align=\"right\"><a href=\"#cas\">cas<\/a> val<\/p>\n<p align=\"left\"><strong>Ignacio Jim\u00e9nez Raneda<\/strong><\/p>\n<p><em>Exrector i candidat a rector de la Universitat d\u2019Alacant<\/em><br \/>\n<font color=\"#905e31\"><em> Ex rector y candidato a rector de la Universidad de Alicante<\/em><\/font><\/p>\n<p>Nascut a Alag\u00f3 (Saragossa) en 1951. Casat i amb dos fills. Despr\u00e9s dels estudis primaris i secundaris a Saragossa, va cursar ci\u00e8ncies pol\u00edtiques, econ\u00f2miques i comercials a la Universitat de Val\u00e8ncia. Llicenciat en la secci\u00f3 de Ci\u00e8ncies Econ\u00f2miques, l\u2019any 1973, se li va concedir el premi Ca\u00f1ada Blanch, amb el qual es reconeixien les millors tesines. La seua carrera acad\u00e8mica comen\u00e7\u00e0 a la Universitat de Val\u00e8ncia com a ajudant i becari de FPI. En 1978 va obtenir el grau de doctor en ci\u00e8ncies econ\u00f2miques i es va incorporar a l&#8217;antic Col\u2022legi Universitari (CEU). Integrat a la Universitat d&#8217;Alacant des de la seua creaci\u00f3, va obtenir la pla\u00e7a de professor adjunt numerari en 1984 i la de catedr\u00e0tic d&#8217;universitat, en l&#8217;\u00c0rea de Fonaments de l&#8217;An\u00e0lisi Econ\u00f2mica, l\u2019any 1986. La seua activitat investigadora s&#8217;ha centrat sobretot en el camp de la microeconomia, en particular en models d&#8217;economia internacional i en l&#8217;an\u00e0lisi de models lineals d&#8217;equilibri general. \u00c9s autor de dos llibres i ha publicat diversos articles en revistes nacionals i internacionals especialitzades. Ha participat en diversos projectes d&#8217;investigaci\u00f3 de la CICYT, ha presentat pon\u00e8ncies en congressos i ha impartit seminaris centrats en les \u00e0rees de la seua especialitzaci\u00f3. Tamb\u00e9 ha format part de comit\u00e9s externs d&#8217;avaluaci\u00f3 del Pla Nacional d&#8217;Avaluaci\u00f3 de les Universitats. En 1986 forma part del Consell d&#8217;Administraci\u00f3 de la CAM, de la qual va ser vicepresident segon i president del Consell Territorial d&#8217;Alacant. El seu comprom\u00eds amb la gesti\u00f3 universit\u00e0ria comen\u00e7a en 1984. Primerament com a vicedeg\u00e0 de la Facultat de Ci\u00e8ncies Econ\u00f2miques, durant dos anys, i despr\u00e9s com a deg\u00e0 de 1986 a 1990. Ha sigut director del Departament de Fonaments de l&#8217;An\u00e0lisi Econ\u00f2mica (1990-1992) i, pel juny de 2001, es va fer c\u00e0rrec del Vicerectorat de Planificaci\u00f3 Econ\u00f2mica, Infraestructures i Serveis. En 2004 fou escollit rector de la Universitat d&#8217;Alacant, per \u00e0mplia majoria, c\u00e0rrec que ha ocupat fins a la seua petici\u00f3 volunt\u00e0ria de cessament per a conc\u00f3rrer a les actuals eleccions.<\/p>\n<p><a name=\"cas\" title=\"cas\"><\/a><\/p>\n<p><font color=\"#905e31\">Nacido en Alag\u00f3n (Zaragoza) en 1951. Casado y con dos hijos. Despu\u00e9s de realizar sus estudios primarios y secundarios en Zaragoza, curs\u00f3 Ciencias Pol\u00edticas, Econ\u00f3micas y Comerciales en la Universidad de Valencia. Licenciado en la secci\u00f3n de Ciencias Econ\u00f3micas, en 1973, se le concedi\u00f3 el premio \u201cCa\u00f1ada Blanch\u201d con el que se reconoc\u00edan las mejores tesinas. Su carrera acad\u00e9mica dio comienzo en la Universidad de Valencia en calidad de ayudante y becario de FPI. En 1978 obtuvo el grado de doctor en Ciencias Econ\u00f3micas y se incorpor\u00f3 al antiguo Colegio Universitario (CEU). Integrado en la Universidad de Alicante desde el momento de su creaci\u00f3n, obtuvo la plaza de Profesor Adjunto Numerario en 1984 y, en 1986, la de Catedr\u00e1tico de Universidad en el \u00e1rea de Fundamentos del An\u00e1lisis Econ\u00f3mico. Su actividad investigadora se ha centrado sobre todo en el campo de la Microeconom\u00eda, en particular en modelos de econom\u00eda internacional y en el an\u00e1lisis de modelos lineales de equilibrio general. Es autor de dos libros y ha publicado diversos art\u00edculos en revistas nacionales e internacionales especializadas. Ha participado en diferentes proyectos de investigaci\u00f3n de la CICYT, presentado ponencias en congresos e impartido seminarios centrados en las \u00e1reas de su especializaci\u00f3n. Tambi\u00e9n ha formado parte de Comit\u00e9s Externos de Evaluaci\u00f3n del Plan Nacional de Evaluaci\u00f3n de las Universidades. En 1986 pas\u00f3 a formar parte del Consejo de Administraci\u00f3n de la Caja de Ahorros de Alicante y Murcia, de la que fue Vicepresidente Segundo y Presidente del Consejo Territorial de Alicante. Su compromiso con la gesti\u00f3n universitaria dio comienzo en 1984. Primero como Vicedecano de la Facultad de Ciencias Econ\u00f3micas, en el bienio 1984-1984, y luego como Decano de la misma desde 1986 a 1990. Ha sido Director del Departamento de Fundamentos del An\u00e1lisis Econ\u00f3mico (1990-1992) y, en junio del a\u00f1o 2001 se hizo cargo del Vicerrectorado de Planificaci\u00f3n Econ\u00f3mica, Infraestructuras y Servicios.<br \/>\nEn 2004 fue elegido Rector de la Universidad de Alicante, por amplia mayor\u00eda, cargo que ha desempe\u00f1ado hasta su petici\u00f3n voluntaria de cese para concurrir a las actuales elecciones.<br \/>\n<\/font><\/p>\n","protected":false},"excerpt":{"rendered":"<p>cas val Ignacio Jim\u00e9nez Raneda Exrector i candidat a rector de la Universitat d\u2019Alacant Ex rector y candidato a rector de la Universidad de Alicante Nascut a Alag\u00f3 (Saragossa) en 1951. Casat i amb dos fills. Despr\u00e9s dels estudis primaris i secundaris a Saragossa, va cursar ci\u00e8ncies pol\u00edtiques, econ\u00f2miques i comercials a la Universitat de [&hellip;]<\/p>\n","protected":false},"author":734,"featured_media":0,"parent":56,"menu_order":0,"comment_status":"closed","ping_status":"closed","template":"","meta":{"footnotes":""},"class_list":["post-57","page","type-page","status-publish","hentry"],"_links":{"self":[{"href":"https:\/\/blogs.ua.es\/ijraneda\/wp-json\/wp\/v2\/pages\/57","targetHints":{"allow":["GET"]}}],"collection":[{"href":"https:\/\/blogs.ua.es\/ijraneda\/wp-json\/wp\/v2\/pages"}],"about":[{"href":"https:\/\/blogs.ua.es\/ijraneda\/wp-json\/wp\/v2\/types\/page"}],"author":[{"embeddable":true,"href":"https:\/\/blogs.ua.es\/ijraneda\/wp-json\/wp\/v2\/users\/734"}],"replies":[{"embeddable":true,"href":"https:\/\/blogs.ua.es\/ijraneda\/wp-json\/wp\/v2\/comments?post=57"}],"version-history":[{"count":0,"href":"https:\/\/blogs.ua.es\/ijraneda\/wp-json\/wp\/v2\/pages\/57\/revisions"}],"up":[{"embeddable":true,"href":"https:\/\/blogs.ua.es\/ijraneda\/wp-json\/wp\/v2\/pages\/56"}],"wp:attachment":[{"href":"https:\/\/blogs.ua.es\/ijraneda\/wp-json\/wp\/v2\/media?parent=57"}],"curies":[{"name":"wp","href":"https:\/\/api.w.org\/{rel}","templated":true}]}}