{"id":59,"date":"2008-04-01T11:14:55","date_gmt":"2008-04-01T10:14:55","guid":{"rendered":"https:\/\/blogs.ua.es\/ijraneda\/agenda\/"},"modified":"2008-04-14T15:23:48","modified_gmt":"2008-04-14T13:23:48","slug":"agenda","status":"publish","type":"page","link":"https:\/\/blogs.ua.es\/ijraneda\/agenda\/","title":{"rendered":"Agenda"},"content":{"rendered":"<p><strong>Dimarts 1 d&#8217;abril \/ <font color=\"#905310\">Martes 1 de Abril<\/font><\/strong><\/p>\n<table>\n<tr>\n<td colspan=\"3\"><img loading=\"lazy\" decoding=\"async\" src=\"https:\/\/blogs.ua.es\/ijra\/files\/2008\/04\/linea.gif\" alt=\"linea\" height=\"1\" width=\"450\" \/><\/td>\n<\/tr>\n<tr>\n<td><strong><font color=\"#f95602\">12:00<\/font><\/strong><\/td>\n<td>&nbsp;<\/td>\n<td><strong>Acte de Presentaci\u00f3 Inici de Campanya Electoral<\/strong><\/td>\n<\/tr>\n<tr>\n<td>&nbsp;<\/td>\n<td>&nbsp;<\/td>\n<td><strong><font color=\"#905310\">Acto de Presentaci\u00f3n Inicio de Campa\u00f1a Electoral<\/font><\/strong><\/td>\n<\/tr>\n<tr>\n<td>&nbsp;<\/td>\n<td>&nbsp;<\/td>\n<td>Sal\u00f3 de Graus de la Facultat de Ci\u00e8ncies Econ\u00f2miques i Empresarials<\/td>\n<\/tr>\n<tr>\n<td>&nbsp;<\/td>\n<td>&nbsp;<\/td>\n<td><font color=\"#905310\">Sal\u00f3n de Grados de la Facultad de Ciencias Econ\u00f3micas y Empresariales<\/font><\/td>\n<\/tr>\n<tr>\n<td colspan=\"3\"><img loading=\"lazy\" decoding=\"async\" src=\"https:\/\/blogs.ua.es\/ijra\/files\/2008\/04\/linea.gif\" alt=\"linea\" align=\"middle\" height=\"1\" width=\"450\" \/><\/td>\n<\/tr>\n<\/table>\n<p><strong>Dilluns 7 d&#8217;abril \/ <font color=\"#905310\">Lunes 7 de Abril<\/font><\/strong><\/p>\n<table>\n<tr>\n<td colspan=\"3\"><img loading=\"lazy\" decoding=\"async\" src=\"https:\/\/blogs.ua.es\/ijra\/files\/2008\/04\/linea.gif\" alt=\"linea\" height=\"1\" width=\"450\" \/><\/td>\n<\/tr>\n<tr>\n<td><strong><font color=\"#f95602\">11:00<\/font><\/strong><\/td>\n<td>&nbsp;<\/td>\n<td><strong>Acte de Presentaci\u00f3 a la Facultat de Filosofia i Lletres <\/strong><\/td>\n<\/tr>\n<tr>\n<td>&nbsp;<\/td>\n<td>&nbsp;<\/td>\n<td><strong><font color=\"#905310\">Acto de Presentaci\u00f3n a la Facultad de Filosof\u00eda y Letras<\/font><\/strong><\/td>\n<\/tr>\n<tr>\n<td>&nbsp;<\/td>\n<td>&nbsp;<\/td>\n<td>Aula Magna de la Facultat de Filosofia i Lletres<\/td>\n<\/tr>\n<tr>\n<td>&nbsp;<\/td>\n<td>&nbsp;<\/td>\n<td><font color=\"#905310\">Aula Magna de la Facultad de Filosof\u00eda y Letras<\/font><\/td>\n<\/tr>\n<tr>\n<td colspan=\"3\"><img loading=\"lazy\" decoding=\"async\" src=\"https:\/\/blogs.ua.es\/ijra\/files\/2008\/04\/linea.gif\" alt=\"linea\" align=\"middle\" height=\"1\" width=\"450\" \/><\/td>\n<\/tr>\n<\/table>\n<p><strong>Dimecres 9 d&#8217;abril \/ <font color=\"#905310\">Mi\u00e9rcoles 9 de Abril<\/font><\/strong><\/p>\n<table>\n<tr>\n<td colspan=\"3\"><img loading=\"lazy\" decoding=\"async\" src=\"https:\/\/blogs.ua.es\/ijra\/files\/2008\/04\/linea.gif\" alt=\"linea\" height=\"1\" width=\"450\" \/><\/td>\n<\/tr>\n<tr>\n<td><strong><font color=\"#f95602\">09:00<\/font><\/strong><\/td>\n<td>&nbsp;<\/td>\n<td><strong>Acte de Presentaci\u00f3 al Personal d&#8217;Administraci\u00f3 i Serveis <\/strong><\/td>\n<\/tr>\n<tr>\n<td>&nbsp;<\/td>\n<td>&nbsp;<\/td>\n<td><strong><font color=\"#905310\">Acto de Presentaci\u00f3n al Personal de Administraci\u00f3n y Servicios<\/font><\/strong><\/td>\n<\/tr>\n<tr>\n<td>&nbsp;<\/td>\n<td>&nbsp;<\/td>\n<td>Sal\u00f3 d&#8217;Actes de l&#8217;Escola Polit\u00e8cnica Superior IV<\/td>\n<\/tr>\n<tr>\n<td>&nbsp;<\/td>\n<td>&nbsp;<\/td>\n<td><font color=\"#905310\">Sal\u00f3n de Actos de la Escuela Polit\u00e9cnica Superior IV<\/font><\/td>\n<\/tr>\n<tr>\n<td colspan=\"3\"><img loading=\"lazy\" decoding=\"async\" src=\"https:\/\/blogs.ua.es\/ijra\/files\/2008\/04\/linea.gif\" alt=\"linea\" align=\"middle\" height=\"1\" width=\"450\" \/><\/td>\n<\/tr>\n<tr>\n<td><strong><font color=\"#f95602\">11:00<\/font><\/strong><\/td>\n<td>&nbsp;<\/td>\n<td><strong>Acte de Presentaci\u00f3 a la Facultat d&#8217;Educaci\u00f3 <\/strong><\/td>\n<\/tr>\n<tr>\n<td>&nbsp;<\/td>\n<td>&nbsp;<\/td>\n<td><strong><font color=\"#905310\">Acto de Presentaci\u00f3n a la Facultad de Educaci\u00f3n<\/font><\/strong><\/td>\n<\/tr>\n<tr>\n<td>&nbsp;<\/td>\n<td>&nbsp;<\/td>\n<td>Aula Magna de la Facultat de Filosofia i Lletres<\/td>\n<\/tr>\n<tr>\n<td>&nbsp;<\/td>\n<td>&nbsp;<\/td>\n<td><font color=\"#905310\">Aula Magna de la Facultad de Filosof\u00eda y Letras<\/font><\/td>\n<\/tr>\n<tr>\n<td colspan=\"3\"><img loading=\"lazy\" decoding=\"async\" src=\"https:\/\/blogs.ua.es\/ijra\/files\/2008\/04\/linea.gif\" alt=\"linea\" align=\"middle\" height=\"1\" width=\"450\" \/><\/td>\n<\/tr>\n<\/table>\n<p><strong>Divendres 11 d&#8217;abril \/ <font color=\"#905310\">Viernes 11 de Abril<\/font><\/strong><\/p>\n<table>\n<tr>\n<td colspan=\"3\"><img loading=\"lazy\" decoding=\"async\" src=\"https:\/\/blogs.ua.es\/ijra\/files\/2008\/04\/linea.gif\" alt=\"linea\" height=\"1\" width=\"450\" \/><\/td>\n<\/tr>\n<tr>\n<td><strong><font color=\"#f95602\">10:00<\/font><\/strong><\/td>\n<td>&nbsp;<\/td>\n<td><strong>Acte de Presentaci\u00f3 a l&#8217;Escola Universit\u00e0ria de Ci\u00e8ncies Empresarials \u201cGerm\u00e1n Bern\u00e1cer\u201d<\/strong><\/td>\n<\/tr>\n<tr>\n<td>&nbsp;<\/td>\n<td>&nbsp;<\/td>\n<td><strong><font color=\"#905310\">Acto de Presentaci\u00f3n a la Escuela Universitaria de Ciencias Empresariales \u201cGerm\u00e1n Bern\u00e1cer\u201d<\/font><\/strong><\/td>\n<\/tr>\n<tr>\n<td>&nbsp;<\/td>\n<td>&nbsp;<\/td>\n<td>Sal\u00f3 d&#8217;Actes de l\u2019 E.U.C.E. \u201cGerm\u00e1n Bern\u00e1cer\u201d<\/td>\n<\/tr>\n<tr>\n<td>&nbsp;<\/td>\n<td>&nbsp;<\/td>\n<td><font color=\"#905310\">Sal\u00f3n de Actos de la E.U.C.E. \u201cGerm\u00e1n Bern\u00e1cer\u201d<\/font><\/td>\n<\/tr>\n<tr>\n<td colspan=\"3\"><img loading=\"lazy\" decoding=\"async\" src=\"https:\/\/blogs.ua.es\/ijra\/files\/2008\/04\/linea.gif\" alt=\"linea\" align=\"middle\" height=\"1\" width=\"450\" \/><\/td>\n<\/tr>\n<tr>\n<td><strong><font color=\"#f95602\">12:00<\/font><\/strong><\/td>\n<td>&nbsp;<\/td>\n<td><strong>Acte de Presentaci\u00f3 a l&#8217;Escola Universit\u00e0ria d&#8217;Infermeria<\/strong><\/td>\n<\/tr>\n<tr>\n<td>&nbsp;<\/td>\n<td>&nbsp;<\/td>\n<td><strong><font color=\"#905310\">Acto de Presentaci\u00f3n a la Escuela Universitaria de Enfermer\u00eda<\/font><\/strong><\/td>\n<\/tr>\n<tr>\n<td>&nbsp;<\/td>\n<td>&nbsp;<\/td>\n<td>Sal\u00f3 de Graus de la Facultat de Ci\u00e8ncies Econ\u00f2miques i Empresarials<\/td>\n<\/tr>\n<tr>\n<td>&nbsp;<\/td>\n<td>&nbsp;<\/td>\n<td><font color=\"#905310\">Sal\u00f3n de Grados de la Facultad de Ciencias Econ\u00f3micas y Empresariales<\/font><\/td>\n<\/tr>\n<tr>\n<td colspan=\"3\"><img loading=\"lazy\" decoding=\"async\" src=\"https:\/\/blogs.ua.es\/ijra\/files\/2008\/04\/linea.gif\" alt=\"linea\" align=\"middle\" height=\"1\" width=\"450\" \/><\/td>\n<\/tr>\n<\/table>\n<p><strong>Dilluns 14 d&#8217;abril \/ <font color=\"#905310\">Lunes 14 de Abril<\/font><\/strong><\/p>\n<table>\n<tr>\n<td colspan=\"3\"><img loading=\"lazy\" decoding=\"async\" src=\"https:\/\/blogs.ua.es\/ijra\/files\/2008\/04\/linea.gif\" alt=\"linea\" height=\"1\" width=\"450\" \/><\/td>\n<\/tr>\n<tr>\n<td><strong><font color=\"#f95602\">10:00<\/font><\/strong><\/td>\n<td>&nbsp;<\/td>\n<td><strong>Acte de Presentaci\u00f3 a la Facultat de Ci\u00e8ncies<\/strong><\/td>\n<\/tr>\n<tr>\n<td>&nbsp;<\/td>\n<td>&nbsp;<\/td>\n<td><strong><font color=\"#905310\">Acto de Presentaci\u00f3n a la Facultad de Ciencias<\/font><\/strong><\/td>\n<\/tr>\n<tr>\n<td>&nbsp;<\/td>\n<td>&nbsp;<\/td>\n<td>Sala de Juntes de la Facultat de Ci\u00e8ncies<\/td>\n<\/tr>\n<tr>\n<td>&nbsp;<\/td>\n<td>&nbsp;<\/td>\n<td><font color=\"#905310\">Sala de Juntas de la Facultad de Ciencias<\/font><\/td>\n<\/tr>\n<tr>\n<td colspan=\"3\"><img loading=\"lazy\" decoding=\"async\" src=\"https:\/\/blogs.ua.es\/ijra\/files\/2008\/04\/linea.gif\" alt=\"linea\" align=\"middle\" height=\"1\" width=\"450\" \/><\/td>\n<\/tr>\n<tr>\n<td><strong><font color=\"#f95602\">12:00<\/font><\/strong><\/td>\n<td>&nbsp;<\/td>\n<td><strong>Acte de Presentaci\u00f3 a l&#8217;Escola Polit\u00e8cnica Superior<\/strong><\/td>\n<\/tr>\n<tr>\n<td>&nbsp;<\/td>\n<td>&nbsp;<\/td>\n<td><strong><font color=\"#905310\">Acto de Presentaci\u00f3n a la Escuela Polit\u00e9cnica Superior<\/font><\/strong><\/td>\n<\/tr>\n<tr>\n<td>&nbsp;<\/td>\n<td>&nbsp;<\/td>\n<td>Sal\u00f3 d&#8217;Actes de l&#8217;Escola Polit\u00e8cnica Superior I<\/td>\n<\/tr>\n<tr>\n<td>&nbsp;<\/td>\n<td>&nbsp;<\/td>\n<td><font color=\"#905310\">Sal\u00f3n de Actos de la Escuela Polit\u00e9cnica Superior I<\/font><\/td>\n<\/tr>\n<tr>\n<td colspan=\"3\"><img loading=\"lazy\" decoding=\"async\" src=\"https:\/\/blogs.ua.es\/ijra\/files\/2008\/04\/linea.gif\" alt=\"linea\" align=\"middle\" height=\"1\" width=\"450\" \/><\/td>\n<\/tr>\n<tr>\n<td><strong><font color=\"#f95602\">20:00<\/font><\/strong><\/td>\n<td>&nbsp;<\/td>\n<td><strong>Debat \u201cClub Informaci\u00f3n&#8221; (<a href=\"http:\/\/www.clubinformacion.com\/acto.jsp?pIdActo=1514\">+info<\/a>)<br \/>\n<\/strong><\/td>\n<\/tr>\n<tr>\n<td>&nbsp;<\/td>\n<td>&nbsp;<\/td>\n<td><strong><font color=\"#905310\">Debate \u201cClub Informaci\u00f3n\u201d (<a href=\"http:\/\/www.clubinformacion.com\/acto.jsp?pIdActo=1514\">+info<\/a>) <\/font><\/strong><\/td>\n<\/tr>\n<tr>\n<td colspan=\"3\"><img loading=\"lazy\" decoding=\"async\" src=\"https:\/\/blogs.ua.es\/ijra\/files\/2008\/04\/linea.gif\" alt=\"linea\" align=\"middle\" height=\"1\" width=\"450\" \/><\/td>\n<\/tr>\n<\/table>\n<p><strong>Dimarts 15 d&#8217;abril \/ <font color=\"#905310\">Martes 15 de Abril<\/font><\/strong><\/p>\n<table>\n<tr>\n<td colspan=\"3\"><img loading=\"lazy\" decoding=\"async\" src=\"https:\/\/blogs.ua.es\/ijra\/files\/2008\/04\/linea.gif\" alt=\"linea\" height=\"1\" width=\"450\" \/><\/td>\n<\/tr>\n<tr>\n<td><strong><font color=\"#f95602\">11:00<\/font><\/strong><\/td>\n<td>&nbsp;<\/td>\n<td><strong>Acte de Presentaci\u00f3 al Personal d&#8217;Administraci\u00f3 i Serveis<\/strong><\/td>\n<\/tr>\n<tr>\n<td>&nbsp;<\/td>\n<td>&nbsp;<\/td>\n<td><strong><font color=\"#905310\">Acto de Presentaci\u00f3n al Personal de Administraci\u00f3n y Servicios<\/font><\/strong><\/td>\n<\/tr>\n<tr>\n<td>&nbsp;<\/td>\n<td>&nbsp;<\/td>\n<td>Sal\u00f3 d&#8217;actes de l\u2019 E.U.C.E. \u201cGerm\u00e1n Bern\u00e1cer\u201d<\/td>\n<\/tr>\n<tr>\n<td>&nbsp;<\/td>\n<td>&nbsp;<\/td>\n<td><font color=\"#905310\">Sal\u00f3n de actos de la E.U.C.E. \u201cGerm\u00e1n Bern\u00e1cer\u201d<\/font><\/td>\n<\/tr>\n<tr>\n<td colspan=\"3\"><img loading=\"lazy\" decoding=\"async\" src=\"https:\/\/blogs.ua.es\/ijra\/files\/2008\/04\/linea.gif\" alt=\"linea\" align=\"middle\" height=\"1\" width=\"450\" \/><\/td>\n<\/tr>\n<tr>\n<td><strong><font color=\"#f95602\">19:00<\/font><\/strong><\/td>\n<td>&nbsp;<\/td>\n<td><strong>Debat \u201cCadena SER&#8221;<\/strong><\/td>\n<\/tr>\n<tr>\n<td>&nbsp;<\/td>\n<td>&nbsp;<\/td>\n<td><strong><font color=\"#905310\">Debate \u201cCadena SER\u201d<\/font><\/strong><\/td>\n<\/tr>\n<tr>\n<td colspan=\"3\"><img loading=\"lazy\" decoding=\"async\" src=\"https:\/\/blogs.ua.es\/ijra\/files\/2008\/04\/linea.gif\" alt=\"linea\" align=\"middle\" height=\"1\" width=\"450\" \/><\/td>\n<\/tr>\n<\/table>\n<p><strong>Dimecres 16 d&#8217;abril \/ <font color=\"#905310\">Mi\u00e9rcoles 16 de Abril<\/font><\/strong><\/p>\n<table>\n<tr>\n<td colspan=\"3\"><img loading=\"lazy\" decoding=\"async\" src=\"https:\/\/blogs.ua.es\/ijra\/files\/2008\/04\/linea.gif\" alt=\"linea\" height=\"1\" width=\"450\" \/><\/td>\n<\/tr>\n<tr>\n<td><strong><font color=\"#f95602\">09:30<\/font><\/strong><\/td>\n<td>&nbsp;<\/td>\n<td><strong>Acte de Presentaci\u00f3 als Estudiants<\/strong><\/td>\n<\/tr>\n<tr>\n<td>&nbsp;<\/td>\n<td>&nbsp;<\/td>\n<td><strong><font color=\"#905310\">Acto de Presentaci\u00f3n a los Estudiantes<\/font><\/strong><\/td>\n<\/tr>\n<tr>\n<td>&nbsp;<\/td>\n<td>&nbsp;<\/td>\n<td>Sal\u00f3 d&#8217;Actes de l&#8217;Escola Polit\u00e8cnica Superior I<\/td>\n<\/tr>\n<tr>\n<td>&nbsp;<\/td>\n<td>&nbsp;<\/td>\n<td><font color=\"#905310\">Sal\u00f3n de Actos de la Escuela Polit\u00e9cnica Superior I<\/font><\/td>\n<\/tr>\n<tr>\n<td colspan=\"3\"><img loading=\"lazy\" decoding=\"async\" src=\"https:\/\/blogs.ua.es\/ijra\/files\/2008\/04\/linea.gif\" alt=\"linea\" align=\"middle\" height=\"1\" width=\"450\" \/><\/td>\n<\/tr>\n<tr>\n<td><strong><font color=\"#f95602\">12:00<\/font><\/strong><\/td>\n<td>&nbsp;<\/td>\n<td><strong>Acte de Presentaci\u00f3 a la Facultat de Dret i a l&#8217;Escola Universit\u00e0ria de Relacions Laborals<\/strong><\/td>\n<\/tr>\n<tr>\n<td>&nbsp;<\/td>\n<td>&nbsp;<\/td>\n<td><strong><font color=\"#905310\">Acto de Presentaci\u00f3n a la Facultad de Derecho y a la Escuela Universitaria de Relaciones Laborales<\/font><\/strong><\/td>\n<\/tr>\n<tr>\n<td>&nbsp;<\/td>\n<td>&nbsp;<\/td>\n<td>Sal\u00f3 de Graus de la Facultat de Dret<\/td>\n<\/tr>\n<tr>\n<td>&nbsp;<\/td>\n<td>&nbsp;<\/td>\n<td><font color=\"#905310\">Sal\u00f3n de Grados de la Facultad de Derecho<\/font><\/td>\n<\/tr>\n<tr>\n<td colspan=\"3\"><img loading=\"lazy\" decoding=\"async\" src=\"https:\/\/blogs.ua.es\/ijra\/files\/2008\/04\/linea.gif\" alt=\"linea\" align=\"middle\" height=\"1\" width=\"450\" \/><\/td>\n<\/tr>\n<tr>\n<td><strong><font color=\"#f95602\">16:00<\/font><\/strong><\/td>\n<td>&nbsp;<\/td>\n<td><strong>Acte de Presentaci\u00f3 a l&#8217;Escola Universit\u00e0ria d&#8217;\u00d2ptica i Optometria<\/strong><\/td>\n<\/tr>\n<tr>\n<td>&nbsp;<\/td>\n<td>&nbsp;<\/td>\n<td><strong><font color=\"#905310\">Acto de Presentaci\u00f3n a la Escuela Universitaria de \u00d3ptica y Optometr\u00eda<\/font><\/strong><\/td>\n<\/tr>\n<tr>\n<td>&nbsp;<\/td>\n<td>&nbsp;<\/td>\n<td>Sal\u00f3 d&#8217;Actes de l&#8217;Escola Universit\u00e0ria d&#8217;\u00d2ptica i Optometria<\/td>\n<\/tr>\n<tr>\n<td>&nbsp;<\/td>\n<td>&nbsp;<\/td>\n<td><font color=\"#905310\">Sal\u00f3n de Actos de la Escuela Universitaria de \u00d3ptica y Optometr\u00eda<\/font><\/td>\n<\/tr>\n<tr>\n<td colspan=\"3\"><img loading=\"lazy\" decoding=\"async\" src=\"https:\/\/blogs.ua.es\/ijra\/files\/2008\/04\/linea.gif\" alt=\"linea\" align=\"middle\" height=\"1\" width=\"450\" \/><\/td>\n<\/tr>\n<\/table>\n<p><strong>Dijous 17 d&#8217;abril \/ <font color=\"#905310\">Jueves 17 de Abril<\/font><\/strong><\/p>\n<table>\n<tr>\n<td colspan=\"3\"><img loading=\"lazy\" decoding=\"async\" src=\"https:\/\/blogs.ua.es\/ijra\/files\/2008\/04\/linea.gif\" alt=\"linea\" height=\"1\" width=\"450\" \/><\/td>\n<\/tr>\n<tr>\n<td><strong><font color=\"#f95602\">10:00<\/font><\/strong><\/td>\n<td>&nbsp;<\/td>\n<td><strong>Acte de Presentaci\u00f3 a l&#8217;Escola Universit\u00e0ria de Treball Social<\/strong><\/td>\n<\/tr>\n<tr>\n<td>&nbsp;<\/td>\n<td>&nbsp;<\/td>\n<td><strong><font color=\"#905310\">Acto de Presentaci\u00f3n a la Escuela Universitaria de Trabajo Social<\/font><\/strong><\/td>\n<\/tr>\n<tr>\n<td>&nbsp;<\/td>\n<td>&nbsp;<\/td>\n<td>Sal\u00f3 Actes de l&#8217;Escola Universit\u00e0ria d&#8217;\u00d2ptica i Optometria<\/td>\n<\/tr>\n<tr>\n<td>&nbsp;<\/td>\n<td>&nbsp;<\/td>\n<td><font color=\"#905310\">Sal\u00f3n Actos de la Escuela Universitaria de \u00d3ptica y Optometr\u00eda<\/font><\/td>\n<\/tr>\n<tr>\n<td colspan=\"3\"><img loading=\"lazy\" decoding=\"async\" src=\"https:\/\/blogs.ua.es\/ijra\/files\/2008\/04\/linea.gif\" alt=\"linea\" align=\"middle\" height=\"1\" width=\"450\" \/><\/td>\n<\/tr>\n<\/table>\n<p><strong>Divendres 18 d&#8217;abril \/ <font color=\"#905310\">Viernes 18 de Abril<\/font><\/strong><\/p>\n<table>\n<tr>\n<td colspan=\"3\"><img loading=\"lazy\" decoding=\"async\" src=\"https:\/\/blogs.ua.es\/ijra\/files\/2008\/04\/linea.gif\" alt=\"linea\" height=\"1\" width=\"450\" \/><\/td>\n<\/tr>\n<tr>\n<td><strong><font color=\"#f95602\">11:00<\/font><\/strong><\/td>\n<td>&nbsp;<\/td>\n<td><strong>Acte de Presentaci\u00f3 a la Facultat de Ci\u00e8ncies Econ\u00f2miques i Empresarials<\/strong><\/td>\n<\/tr>\n<tr>\n<td>&nbsp;<\/td>\n<td>&nbsp;<\/td>\n<td><strong><font color=\"#905310\">Acto de Presentaci\u00f3n a la Facultad de Ciencias Econ\u00f3micas y Empresariales<\/font><\/strong><\/td>\n<\/tr>\n<tr>\n<td>&nbsp;<\/td>\n<td>&nbsp;<\/td>\n<td>Sal\u00f3 de Graus de la Facultat de Ci\u00e8ncies Econ\u00f2miques i Empresarials<\/td>\n<\/tr>\n<tr>\n<td>&nbsp;<\/td>\n<td>&nbsp;<\/td>\n<td><font color=\"#905310\">Sal\u00f3n de Grados de la Facultad de Ciencias Econ\u00f3micas y Empresariales<\/font><\/td>\n<\/tr>\n<tr>\n<td colspan=\"3\"><img loading=\"lazy\" decoding=\"async\" src=\"https:\/\/blogs.ua.es\/ijra\/files\/2008\/04\/linea.gif\" alt=\"linea\" align=\"middle\" height=\"1\" width=\"450\" \/><\/td>\n<\/tr>\n<\/table>\n","protected":false},"excerpt":{"rendered":"<p>Dimarts 1 d&#8217;abril \/ Martes 1 de Abril 12:00 &nbsp; Acte de Presentaci\u00f3 Inici de Campanya Electoral &nbsp; &nbsp; Acto de Presentaci\u00f3n Inicio de Campa\u00f1a Electoral &nbsp; &nbsp; Sal\u00f3 de Graus de la Facultat de Ci\u00e8ncies Econ\u00f2miques i Empresarials &nbsp; &nbsp; Sal\u00f3n de Grados de la Facultad de Ciencias Econ\u00f3micas y Empresariales Dilluns 7 d&#8217;abril [&hellip;]<\/p>\n","protected":false},"author":734,"featured_media":0,"parent":0,"menu_order":6,"comment_status":"closed","ping_status":"closed","template":"","meta":{"footnotes":""},"class_list":["post-59","page","type-page","status-publish","hentry"],"_links":{"self":[{"href":"https:\/\/blogs.ua.es\/ijraneda\/wp-json\/wp\/v2\/pages\/59","targetHints":{"allow":["GET"]}}],"collection":[{"href":"https:\/\/blogs.ua.es\/ijraneda\/wp-json\/wp\/v2\/pages"}],"about":[{"href":"https:\/\/blogs.ua.es\/ijraneda\/wp-json\/wp\/v2\/types\/page"}],"author":[{"embeddable":true,"href":"https:\/\/blogs.ua.es\/ijraneda\/wp-json\/wp\/v2\/users\/734"}],"replies":[{"embeddable":true,"href":"https:\/\/blogs.ua.es\/ijraneda\/wp-json\/wp\/v2\/comments?post=59"}],"version-history":[{"count":0,"href":"https:\/\/blogs.ua.es\/ijraneda\/wp-json\/wp\/v2\/pages\/59\/revisions"}],"wp:attachment":[{"href":"https:\/\/blogs.ua.es\/ijraneda\/wp-json\/wp\/v2\/media?parent=59"}],"curies":[{"name":"wp","href":"https:\/\/api.w.org\/{rel}","templated":true}]}}