{"id":62,"date":"2008-04-10T18:33:36","date_gmt":"2008-04-10T16:33:36","guid":{"rendered":"https:\/\/blogs.ua.es\/ijraneda\/col\u00b7lectiuscolectivos\/estudiants\/"},"modified":"2008-04-10T23:32:42","modified_gmt":"2008-04-10T21:32:42","slug":"estudiants","status":"publish","type":"page","link":"https:\/\/blogs.ua.es\/ijraneda\/col%c2%b7lectiuscolectivos\/estudiants\/","title":{"rendered":"Estudiants"},"content":{"rendered":"<p><strong>Propostes d&#8217;actuaci\u00f3<\/strong><\/p>\n<ul>\n<li>Preparar, amb la participaci\u00f3 directa dels estudiants, una proposta d&#8217;estatut de l&#8217;estudiant de la Universitat d&#8217;Alacant que regule i desenvolupe els seus drets acad\u00e8mics, socioecon\u00f2mics i els seus drets de participaci\u00f3 i informaci\u00f3.<\/li>\n<li>Incrementar la dotaci\u00f3 de les ajudes a estudiants.<\/li>\n<li>Acordar amb entitats financeres pr\u00e9stecs sense inter\u00e9s a reintegrar en un any per a matr\u00edcula, mobilitat, adquisici\u00f3 de port\u00e0tils, formaci\u00f3 en lleng\u00fces estrangeres, etc., de manera que la Universitat assumiria els costos financers que pogueren produir-se.<\/li>\n<li>Elaborar propostes de t\u00edtols de grau de manera consensuada que garantisquen un nivell adequat de coneixement teoricopr\u00e0ctic i que faciliten l\u2019ocupaci\u00f3 dels qui han acabat els seus estudis.<\/li>\n<li>Continuar amb el Programa d&#8217;Acci\u00f3 Tutorial (PAT) per a estudiants de nou ingr\u00e9s i estendre&#8217;l gradualment a la totalitat dels estudiants de la Universitat.<\/li>\n<li>Implantaci\u00f3 d&#8217;un sistema de garantia de qualitat, que fomente la tecnologia aplicada a la doc\u00e8ncia.<\/li>\n<li>Continuar amb el desenvolupament del pla de qualitat mediambiental (Agenda 21).<\/li>\n<li>Finalitzar el pla d&#8217;accessibilitat del campus amb les accions necess\u00e0ries que permeten eliminar tota barrera arquitect\u00f2nica.<\/li>\n<li>Prestar l&#8217;adequada atenci\u00f3 a les peculiaritats d&#8217;aquells estudiants que presenten necessitats espec\u00edfiques, mitjan\u00e7ant el disseny d&#8217;itineraris curriculars especials, eliminaci\u00f3 de barreres f\u00edsiques i pedag\u00f2giques, etc.<\/li>\n<li>Garantir que els estudiants coneguen les condicions en les quals es desenvolupar\u00e0 el seu aprenentatge (programa, tutories, criteris d&#8217;avaluaci\u00f3&#8230;).<\/li>\n<li>Millorar els sistemes d&#8217;informaci\u00f3, acollida i ajuda per a alumnes de nou ingr\u00e9s.<\/li>\n<li>Desenvolupar un programa d&#8217;enquestes per mitj\u00e0 del Campus Virtual per a con\u00e8ixer de manera directa l&#8217;opini\u00f3 dels estudiants sobre les q\u00fcestions que els afecten.<\/li>\n<li>Propiciar, en coordinaci\u00f3 amb els centres, la formaci\u00f3 de f\u00f2rums de trobada d&#8217;estudiants i professors per titulacions.<\/li>\n<li>Estimular iniciatives de participaci\u00f3 dels estudiants en la presa de decisions sobre el funcionament dels centres.<\/li>\n<li>Fomentar la participaci\u00f3 de les delegacions de centres i dels representants de cursos i titulacions fent compatibles els seus estudis i el desenvolupament de la seua activitat representativa.<\/li>\n<li>Potenciar i recon\u00e8ixer amb cr\u00e8dits la participaci\u00f3 i representaci\u00f3 dels estudiants en tots els \u00f2rgans acad\u00e8mics<\/li>\n<li>Estudiar la possibilitat de concentrar les dates de les eleccions a representants d&#8217;estudiants<\/li>\n<li>Donar suport a les iniciatives promogudes pels \u00f2rgans de representaci\u00f3 i les associacions d&#8217;estudiants, en particular aquelles amb finalitats solid\u00e0ries.<\/li>\n<li>Incrementar i diversificar el nombre de convenis de mobilitat amb altres universitats, ampliant la informaci\u00f3 sobre els plans de mobilitat: dates, convocat\u00f2ries, etc.<\/li>\n<li>Evitar la coincid\u00e8ncia en les convocat\u00f2ries dels Programes de Mobilitat Nacional i Internacional i arbitrar mecanismes per a conciliar les estades dels estudiants en altres universitats amb el normal desenvolupament dels cursos acad\u00e8mics.<\/li>\n<li>Continuar amb la promoci\u00f3 de pol\u00edtiques actives per al foment de la doc\u00e8ncia en valenci\u00e0.<\/li>\n<li>Prestar especial atenci\u00f3 a l&#8217;aprenentatge d&#8217;idiomes per part dels estudiants.<\/li>\n<li>Incrementar la qualitat de les \u201cpr\u00e0ctiques en empresa\u201d en institucions p\u00fabliques i privades, millorant el seguiment i les tutories de l&#8217;estudiant en pr\u00e0ctiques.<\/li>\n<li>Prestar als centres organitzadors de les pr\u00e0ctiques curriculars i a les empreses i institucions que acullen als nostres estudiants el suport t\u00e8cnic que precisen.<\/li>\n<li>Afavorir la inserci\u00f3 dels universitaris en el mercat de treball d&#8217;acord amb la seua titulaci\u00f3 per mitj\u00e0 d&#8217;una adequada orientaci\u00f3 laboral.<\/li>\n<li>Participar al costat d\u2019altres universitats en un Portal d&#8217;Ocupaci\u00f3 Interuniversit\u00e0ria per a augmentar i millorar la qualitat de l&#8217;oferta.<\/li>\n<li>Dissenyar noves formes de contacte i seguiment d\u2019aquells qui han acabat els seus estudis per a con\u00e8ixer el seu grau de satisfacci\u00f3, l&#8217;acomodaci\u00f3 dels seus perfils al lloc de treball, les seues necessitats de formaci\u00f3 permanent, aix\u00ed com els nivells i tipus d&#8217;ocupaci\u00f3 que han arribat.<\/li>\n<li>Incrementar les prestacions del Campus Virtual com eina del proc\u00e9s docent.<\/li>\n<li>Continuar amb el programa de millora dels equipaments i de l&#8217;acondicionament d&#8217;aules, laboratoris, biblioteques i sales d&#8217;estudi.<\/li>\n<li>Generalitzar l&#8217;\u00fas del port\u00e0til com material b\u00e0sic de l&#8217;estudiant.<\/li>\n<li>Avaluar les necessitats per a adaptar les infraestructures de cada Centre al desenvolupament de les compet\u00e8ncies dels estudiants, facilitant els espais necessaris.<\/li>\n<li>Facilitar la creaci\u00f3 de la Casa de l&#8217;Estudiant.<\/li>\n<li>Simplificar els procediments de gesti\u00f3 a realitzar pels estudiants i fomentar els recursos electr\u00f2nics.<\/li>\n<li>Potenciar el Reglament per a la Promoci\u00f3 i Suport a l&#8217;Esportista universitari.<\/li>\n<li>Donar suport a la continu\u00eftat i l&#8217;alt nivell dels equips de la Universitat d&#8217;Alacant en competicions federades per mitj\u00e0 d&#8217;acords de patrocini esportiu.<\/li>\n<li>Donar suport i consolidar els grups culturals permanents, com l\u2019OFUA, Coral Universit\u00e0ria, Aules de Teatre, etc., i estimular les iniciatives culturals propostes per tots els col\u2022lectius de la comunitat universit\u00e0ria.<\/li>\n<li>Elaborar un reglament d&#8217;usos ling\u00fc\u00edstics que fixe uns criteris generals per als usos administratius i institucionals.<\/li>\n<li>Elaborar i desenvolupar un pla d&#8217;igualtat<\/li>\n<li>Construir la nova Facultat d&#8217;Educaci\u00f3.<\/li>\n<li>Prestar especial suport a les iniciatives que tinguen com a objectius el comprom\u00eds social, la igualtat i la defensa dels drets humans.<\/li>\n<li>Promoure i garantir les activitats culturals i d&#8217;extensi\u00f3 universit\u00e0ria i cultural la llengua vehicular de les quals siga el valenci\u00e0<\/li>\n<li>Donar suport a les activitats de formaci\u00f3 al llarg de tota la vida per mitj\u00e0 de la Universitat Permanent.<\/li>\n<li>Fomentar la cultura cient\u00edfica i tecnol\u00f2gica entre els nostres estudiants.<\/li>\n<li>Intensificar el programa de  \u201cxarxes docents\u201d en les diferents titulacions, promovent la participaci\u00f3 conjunta de PDI, estudiants i PAS.<\/li>\n<li>Habilitar l&#8217;acc\u00e9s dels carrils bici fins a les zones per als vianants de la UA.<\/li>\n<li>Habilitar noves zones d&#8217;aparcament en les zones d&#8217;ampliaci\u00f3 del Campus.<\/li>\n<\/ul>\n","protected":false},"excerpt":{"rendered":"<p>Propostes d&#8217;actuaci\u00f3 Preparar, amb la participaci\u00f3 directa dels estudiants, una proposta d&#8217;estatut de l&#8217;estudiant de la Universitat d&#8217;Alacant que regule i desenvolupe els seus drets acad\u00e8mics, socioecon\u00f2mics i els seus drets de participaci\u00f3 i informaci\u00f3. Incrementar la dotaci\u00f3 de les ajudes a estudiants. Acordar amb entitats financeres pr\u00e9stecs sense inter\u00e9s a reintegrar en un any [&hellip;]<\/p>\n","protected":false},"author":734,"featured_media":0,"parent":61,"menu_order":0,"comment_status":"closed","ping_status":"closed","template":"","meta":{"footnotes":""},"class_list":["post-62","page","type-page","status-publish","hentry"],"_links":{"self":[{"href":"https:\/\/blogs.ua.es\/ijraneda\/wp-json\/wp\/v2\/pages\/62","targetHints":{"allow":["GET"]}}],"collection":[{"href":"https:\/\/blogs.ua.es\/ijraneda\/wp-json\/wp\/v2\/pages"}],"about":[{"href":"https:\/\/blogs.ua.es\/ijraneda\/wp-json\/wp\/v2\/types\/page"}],"author":[{"embeddable":true,"href":"https:\/\/blogs.ua.es\/ijraneda\/wp-json\/wp\/v2\/users\/734"}],"replies":[{"embeddable":true,"href":"https:\/\/blogs.ua.es\/ijraneda\/wp-json\/wp\/v2\/comments?post=62"}],"version-history":[{"count":0,"href":"https:\/\/blogs.ua.es\/ijraneda\/wp-json\/wp\/v2\/pages\/62\/revisions"}],"up":[{"embeddable":true,"href":"https:\/\/blogs.ua.es\/ijraneda\/wp-json\/wp\/v2\/pages\/61"}],"wp:attachment":[{"href":"https:\/\/blogs.ua.es\/ijraneda\/wp-json\/wp\/v2\/media?parent=62"}],"curies":[{"name":"wp","href":"https:\/\/api.w.org\/{rel}","templated":true}]}}