{"id":64,"date":"2008-04-10T18:29:18","date_gmt":"2008-04-10T16:29:18","guid":{"rendered":"https:\/\/blogs.ua.es\/ijraneda\/col\u00b7lectiuscolectivos\/personal-docent-i-investigador\/"},"modified":"2008-04-10T18:36:38","modified_gmt":"2008-04-10T16:36:38","slug":"personal-docent-i-investigador","status":"publish","type":"page","link":"https:\/\/blogs.ua.es\/ijraneda\/col%c2%b7lectiuscolectivos\/personal-docent-i-investigador\/","title":{"rendered":"Personal docent i investigador"},"content":{"rendered":"<p><strong>Propostes d&#8217;actuaci\u00f3<\/strong><\/p>\n<ul>\n<li>Afavorir la dotaci\u00f3 de places que permeten la promoci\u00f3 a CU dels actuals TU i CEU que hagen obtingut l&#8217;habilitaci\u00f3 o acreditaci\u00f3 nacional.<\/li>\n<li>Realitzar la interpretaci\u00f3 m\u00e9s favorable de l&#8217;establit en la Disposici\u00f3 Addicional segona de la Llei Org\u00e0nica 4\/2007 i en la Disposici\u00f3 Addicional primera del RD 1312\/2007 (reconeixement de la gesti\u00f3 realitzada en \u00f2rgans acad\u00e8mics unipersonals assimilables als c\u00e0rrecs acad\u00e8mics recollits en l&#8217;Estatut de la UA), que permeta la promoci\u00f3 dels TEU doctors al TU.<\/li>\n<li>Promoure l&#8217;estabilitat del PDI en formaci\u00f3 que haja obtingut la seua acreditaci\u00f3 com TU, mitjan\u00e7ant la creaci\u00f3 d&#8217;aquelles places de TU que es troben dins de les previsions del POI.<\/li>\n<li>Utilitzar les contractacions laborals indefinides per a aquells casos especials en els quals no siga possible la creaci\u00f3 de places de TU, tals com els professors que no siguen ciutadans de la Uni\u00f3 Europea, el compliment dels acords subscrits per a l&#8217;estabilitzaci\u00f3 dels contractats en els programes Ram\u00f3n i Cajal, o similars, i les previsions que sobre professors col\u2022laboradors contempla la Disposici\u00f3 Transit\u00f2ria segona de la LOMLOU.<\/li>\n<li>Aplicaci\u00f3 del Pla d&#8217;Ordenaci\u00f3 Integral de la UA (POI)<\/li>\n<li>Recon\u00e8ixer de manera efectiva tota la doc\u00e8ncia oficial impartida a l&#8217;efecte del complement POI.<\/li>\n<li>Facilitar als Departaments la gesti\u00f3 interna del POI.<\/li>\n<li>Simplificar els procediments conduents a la ponderaci\u00f3 dels diferents components contemplats en el POI per a la satisfacci\u00f3 dels incentius previstos.<\/li>\n<li>Adequar a les caracter\u00edstiques de les diferents branques del coneixement el barem per a l&#8217;avaluaci\u00f3 de l&#8217;activitat investigadora contingut en el POI.<\/li>\n<li>Fomentar la implantaci\u00f3 de titulacions conjuntes amb universitats europees i d&#8217;altres pa\u00efsos, i impulsar la creaci\u00f3 de Erasmus Mundus i de doctorats europeus<\/li>\n<li>Incentivar l&#8217;oferta de formaci\u00f3 cont\u00ednua de postgrau, ajustada a les necessitats d&#8217;especialitzaci\u00f3 i actualitzaci\u00f3 del coneixement.<\/li>\n<li>Intensificar el programa de  \u201cxarxes docents\u201d en les diferents titulacions, promovent la participaci\u00f3 conjunta de PDI, estudiants i PAS<\/li>\n<li>Donar suport, fomentar i promocionar la doc\u00e8ncia en valenci\u00e0.<\/li>\n<li>Promoure la qualitat i la innovaci\u00f3 educativa, millorant els serveis de formaci\u00f3, consultoria i assist\u00e8ncia a la comunitat universit\u00e0ria.<\/li>\n<li>Facilitar la preparaci\u00f3 del PDI en el maneig de les TIC i potenciar l&#8217;aplicaci\u00f3 d\u2019aquestes com instrument docent<\/li>\n<li>Incrementar l&#8217;\u00fas de les lleng\u00fces estrangeres amb una oferta adequada de cursos i intercanvis<\/li>\n<li>Millorar i desenvolupar el sistema de garantia de qualitat docent.<\/li>\n<li>Definir i implementar plans espec\u00edfics de formaci\u00f3 del PDI, i incrementar l\u2019oferta de cursos formatius no presencials.<\/li>\n<li>Dotar de major flexibilitat a la gesti\u00f3 administrativa de la investigaci\u00f3.<\/li>\n<li>Establir un marc jur\u00eddic que regule el funcionament del Parc Cient\u00edfic.<\/li>\n<li>Desenvolupar un pla de m\u00e0rqueting de l&#8217;activitat investigadora integrat en el pla de comunicaci\u00f3 de la Universitat d&#8217;Alacant.<\/li>\n<li>Donar suport a grups d&#8217;investigaci\u00f3 emergents i incrementar el programa de captaci\u00f3 de talents (S\u00c8NIOR).<\/li>\n<li>Impulsar i donar suport els projectes d&#8217;investigaci\u00f3 en mat\u00e8ria de Cooperaci\u00f3 al Desenvolupament.<\/li>\n<li>Impulsar els diferents programes de mobilitat del professorat, i fomentar les estades d&#8217;investigadors de la Universitat d&#8217;Alacant en universitats i empreses de rellev\u00e0ncia internacional.<\/li>\n<li>Elaborar un reglament d&#8217;usos ling\u00fc\u00edstics que fixe uns criteris generals per als usos administratius i institucionals.<\/li>\n<li>Potenciar a l&#8217;\u00e0rea de suport a la doc\u00e8ncia del Servei d&#8217;Inform\u00e0tica.<\/li>\n<li>Estimular, impulsar i contribuir al desenvolupament de les iniciatives culturals propostes per tots els col\u2022lectius que conformen la comunitat de la Universitat d&#8217;Alacant<\/li>\n<li>Promoure les activitats culturals i d&#8217;extensi\u00f3 universit\u00e0ria la llengua vehicular de la qual siga el valenci\u00e0<\/li>\n<li>Continuar amb el desenvolupament del pla de qualitat mediambiental (Agenda 21).<\/li>\n<li>Finalitzar el pla d&#8217;accessibilitat del campus amb les accions necess\u00e0ries que permeten eliminar tota barrera arquitect\u00f2nica.<\/li>\n<li>Prestar especial suport a les iniciatives que tinguen com a objectius el comprom\u00eds social, la igualtat i la defensa dels drets humans.<\/li>\n<li>Elaborar i desenvolupar un pla d&#8217;igualtat<\/li>\n<li>Posada en funcionament de l&#8217;Escola Infantil.<\/li>\n<li>Realitzar un estudi sobre la necessitat d&#8217;un centre de dia per a majors<\/li>\n<li>Habilitar l&#8217;acc\u00e9s dels carrils bici fins a les zones per als vianants de la UA.<\/li>\n<li>Habilitar noves zones d&#8217;aparcament en les zones d&#8217;ampliaci\u00f3 del Campus.<br \/>\nConstruir la nova Facultat d&#8217;Educaci\u00f3.<\/li>\n<li>Incentivar la pr\u00e0ctica de l&#8217;esport adaptat a les necessitats dels diferents col\u2022lectius de la Universitat per a afavorir la vida saludable.<\/li>\n<\/ul>\n","protected":false},"excerpt":{"rendered":"<p>Propostes d&#8217;actuaci\u00f3 Afavorir la dotaci\u00f3 de places que permeten la promoci\u00f3 a CU dels actuals TU i CEU que hagen obtingut l&#8217;habilitaci\u00f3 o acreditaci\u00f3 nacional. Realitzar la interpretaci\u00f3 m\u00e9s favorable de l&#8217;establit en la Disposici\u00f3 Addicional segona de la Llei Org\u00e0nica 4\/2007 i en la Disposici\u00f3 Addicional primera del RD 1312\/2007 (reconeixement de la gesti\u00f3 [&hellip;]<\/p>\n","protected":false},"author":734,"featured_media":0,"parent":61,"menu_order":2,"comment_status":"closed","ping_status":"closed","template":"","meta":{"footnotes":""},"class_list":["post-64","page","type-page","status-publish","hentry"],"_links":{"self":[{"href":"https:\/\/blogs.ua.es\/ijraneda\/wp-json\/wp\/v2\/pages\/64","targetHints":{"allow":["GET"]}}],"collection":[{"href":"https:\/\/blogs.ua.es\/ijraneda\/wp-json\/wp\/v2\/pages"}],"about":[{"href":"https:\/\/blogs.ua.es\/ijraneda\/wp-json\/wp\/v2\/types\/page"}],"author":[{"embeddable":true,"href":"https:\/\/blogs.ua.es\/ijraneda\/wp-json\/wp\/v2\/users\/734"}],"replies":[{"embeddable":true,"href":"https:\/\/blogs.ua.es\/ijraneda\/wp-json\/wp\/v2\/comments?post=64"}],"version-history":[{"count":0,"href":"https:\/\/blogs.ua.es\/ijraneda\/wp-json\/wp\/v2\/pages\/64\/revisions"}],"up":[{"embeddable":true,"href":"https:\/\/blogs.ua.es\/ijraneda\/wp-json\/wp\/v2\/pages\/61"}],"wp:attachment":[{"href":"https:\/\/blogs.ua.es\/ijraneda\/wp-json\/wp\/v2\/media?parent=64"}],"curies":[{"name":"wp","href":"https:\/\/api.w.org\/{rel}","templated":true}]}}