{"id":65,"date":"2008-04-10T18:30:13","date_gmt":"2008-04-10T16:30:13","guid":{"rendered":"https:\/\/blogs.ua.es\/ijraneda\/col\u00b7lectiuscolectivos\/personal-docente-e-investigador\/"},"modified":"2008-04-10T18:37:00","modified_gmt":"2008-04-10T16:37:00","slug":"personal-docente-e-investigador","status":"publish","type":"page","link":"https:\/\/blogs.ua.es\/ijraneda\/col%c2%b7lectiuscolectivos\/personal-docente-e-investigador\/","title":{"rendered":"Personal docente e investigador"},"content":{"rendered":"<p><strong>Propuestas de actuaci\u00f3n<\/strong><\/p>\n<ul>\n<li>Favorecer la dotaci\u00f3n de plazas que permitan la promoci\u00f3n a CU de los actuales TU y CEU que hayan obtenido la habilitaci\u00f3n o acreditaci\u00f3n nacional.<\/li>\n<li>Realizar la interpretaci\u00f3n m\u00e1s favorable de lo establecido en la Disposici\u00f3n Adicional segunda de la Ley Org\u00e1nica 4\/2007 y en la Disposici\u00f3n Adicional primera del R.D. 1312\/2007 (reconocimiento de la gesti\u00f3n realizada en \u00f3rganos acad\u00e9micos unipersonales asimilables a los cargos acad\u00e9micos recogidos en el Estatuto de la UA), que permita la promoci\u00f3n de los TEU doctores a TU.<\/li>\n<li>Promover la estabilidad del PDI en formaci\u00f3n que haya obtenido su acreditaci\u00f3n como TU, mediante la creaci\u00f3n de aquellas plazas de TU que se encuentren dentro de las previsiones del POI.<\/li>\n<li>Utilizar las contrataciones laborales indefinidas para aquellos casos especiales en los que no sea posible la creaci\u00f3n de plazas de TU, tales como los profesores que no sean ciudadanos de la Uni\u00f3n Europea, el cumplimiento de los acuerdos suscritos para la estabilizaci\u00f3n de los contratados en los programas Ram\u00f3n y Cajal, o similares, y las previsiones que sobre profesores colaboradores contempla la Disposici\u00f3n Transitoria segunda de la LOMLOU.<\/li>\n<li>Aplicaci\u00f3n del Plan de Ordenaci\u00f3n Integral de la UA (POI)<\/li>\n<li>Reconocer de manera efectiva toda la docencia oficial impartida a los efectos del complemento POI.<\/li>\n<li>Facilitar a los Departamentos la gesti\u00f3n interna del POI.<\/li>\n<li>Simplificar los procedimientos conducentes a la ponderaci\u00f3n de los distintos componentes contemplados en el POI para la satisfacci\u00f3n de los incentivos previstos.<\/li>\n<li>Adecuar a las caracter\u00edsticas de las distintas ramas del conocimiento el baremo para la evaluaci\u00f3n de la actividad investigadora contenido en el POI.<\/li>\n<li>Fomentar la implantaci\u00f3n de titulaciones conjuntas con universidades europeas y de otros pa\u00edses, e impulsar la creaci\u00f3n de Erasmus Mundus y de doctorados europeos<\/li>\n<li>Incentivar la oferta de formaci\u00f3n continua de posgrado, ajustada a las necesidades de especializaci\u00f3n y actualizaci\u00f3n del conocimiento.<\/li>\n<li>Intensificar el programa de \u201credes docentes\u201d en las distintas titulaciones, promoviendo la participaci\u00f3n conjunta de PDI, estudiantes y PAS<\/li>\n<li>Apoyar, fomentar  y promocionar la docencia en valenciano.<\/li>\n<li>Promover la calidad y la innovaci\u00f3n educativa, mejorando los servicios de formaci\u00f3n, consultor\u00eda y asistencia a la comunidad universitaria.<\/li>\n<li>Facilitar la preparaci\u00f3n del PDI en el manejo de las TIC y potenciar la aplicaci\u00f3n de las mismas como instrumento docente<\/li>\n<li>Incrementar el uso de las lenguas extranjeras con una oferta adecuada de cursos e intercambios<\/li>\n<li>Mejorar y desarrollar el sistema de garant\u00eda de calidad docente.<\/li>\n<li>Definir e implementar planes espec\u00edficos de formaci\u00f3n del PDI, e incrementas oferta de cursos formativos no presenciales.<\/li>\n<li>Dotar de mayor flexibilidad a la gesti\u00f3n administrativa de la investigaci\u00f3n.<\/li>\n<li>Establecer un marco jur\u00eddico que regule el funcionamiento del Parque Cient\u00edfico.<\/li>\n<li>Desarrollar un plan de marketing de la actividad investigadora integrado en el plan de comunicaci\u00f3n de la Universidad de Alicante.<\/li>\n<li>Apoyar a grupos de investigaci\u00f3n emergentes e incrementar el programa de captaci\u00f3n de talentos (SENIOR).<\/li>\n<li>Impulsar y apoyar los proyectos de investigaci\u00f3n en materia de Cooperaci\u00f3n al Desarrollo.<\/li>\n<li>Impulsar los diferentes programas de movilidad del profesorado, y fomentar las estancias de investigadores de la Universidad de Alicante en universidades y empresas de relevancia internacional.<\/li>\n<li>Elaborar un reglamento de usos ling\u00fc\u00edsticos que fije unos criterios generales para los usos administrativos e institucionales.<\/li>\n<li>Potenciar al \u00e1rea de soporte a la docencia del Servicio de Inform\u00e1tica.<\/li>\n<li>Estimular, impulsar y contribuir al desarrollo de las iniciativas culturales propuestas por todos los colectivos que conforman la comunidad de la Universidad de Alicante<\/li>\n<li>Promover las actividades culturales y de extensi\u00f3n universitaria cuya lengua vehicular sea el valenciano<\/li>\n<li>Continuar con el desarrollo del plan de calidad medioambiental (Agenda 21).<\/li>\n<li>Finalizar el plan de accesibilidad del campus con las acciones necesarias que permitan eliminar toda barrera arquitect\u00f3nica.<\/li>\n<li>Prestar especial apoyo a las iniciativas que tengan como objetivos el compromiso social, la igualdad y la defensa de los derechos humanos.<\/li>\n<li>Elaborar y desarrollar un plan de igualdad<\/li>\n<li>Puesta en funcionamiento de la Escuela Infantil.<\/li>\n<li>Realizar un estudio acerca de la necesidad de un centro de d\u00eda para mayores<\/li>\n<li>Habilitar el acceso de los carriles bici hasta las zonas peatonales de la UA.<\/li>\n<li>Habilitar nuevas zonas de aparcamiento en las zonas de ampliaci\u00f3n del Campus.<\/li>\n<li>Construir la nueva Facultad de Educaci\u00f3n.<\/li>\n<li>Incentivar la pr\u00e1ctica del deporte adaptado a las necesidades de los diferentes colectivos de la Universidad para favorecer la vida saludable.<\/li>\n<\/ul>\n","protected":false},"excerpt":{"rendered":"<p>Propuestas de actuaci\u00f3n Favorecer la dotaci\u00f3n de plazas que permitan la promoci\u00f3n a CU de los actuales TU y CEU que hayan obtenido la habilitaci\u00f3n o acreditaci\u00f3n nacional. Realizar la interpretaci\u00f3n m\u00e1s favorable de lo establecido en la Disposici\u00f3n Adicional segunda de la Ley Org\u00e1nica 4\/2007 y en la Disposici\u00f3n Adicional primera del R.D. 1312\/2007 [&hellip;]<\/p>\n","protected":false},"author":734,"featured_media":0,"parent":61,"menu_order":3,"comment_status":"closed","ping_status":"closed","template":"","meta":{"footnotes":""},"class_list":["post-65","page","type-page","status-publish","hentry"],"_links":{"self":[{"href":"https:\/\/blogs.ua.es\/ijraneda\/wp-json\/wp\/v2\/pages\/65","targetHints":{"allow":["GET"]}}],"collection":[{"href":"https:\/\/blogs.ua.es\/ijraneda\/wp-json\/wp\/v2\/pages"}],"about":[{"href":"https:\/\/blogs.ua.es\/ijraneda\/wp-json\/wp\/v2\/types\/page"}],"author":[{"embeddable":true,"href":"https:\/\/blogs.ua.es\/ijraneda\/wp-json\/wp\/v2\/users\/734"}],"replies":[{"embeddable":true,"href":"https:\/\/blogs.ua.es\/ijraneda\/wp-json\/wp\/v2\/comments?post=65"}],"version-history":[{"count":0,"href":"https:\/\/blogs.ua.es\/ijraneda\/wp-json\/wp\/v2\/pages\/65\/revisions"}],"up":[{"embeddable":true,"href":"https:\/\/blogs.ua.es\/ijraneda\/wp-json\/wp\/v2\/pages\/61"}],"wp:attachment":[{"href":"https:\/\/blogs.ua.es\/ijraneda\/wp-json\/wp\/v2\/media?parent=65"}],"curies":[{"name":"wp","href":"https:\/\/api.w.org\/{rel}","templated":true}]}}