{"id":26,"date":"2008-12-03T19:52:24","date_gmt":"2008-12-03T17:52:24","guid":{"rendered":"https:\/\/blogs.ua.es\/ilustracionycomedia\/?page_id=26"},"modified":"2008-12-03T19:53:43","modified_gmt":"2008-12-03T17:53:43","slug":"corral-de-comedias-de-alcala-2","status":"publish","type":"page","link":"https:\/\/blogs.ua.es\/ilustracionycomedia\/corral-de-comedias-de-alcala-2\/","title":{"rendered":"Corral de comedias de Alcal\u00e1"},"content":{"rendered":"<p><!--[endif]--><\/p>\n<p class=\"MsoNormal\"><span style=\"font-family: &quot;Times New Roman&quot;,&quot;serif&amp;quot\">En 1601, el carpintero Francisco S\u00e1nchez levant\u00f3 un teatro, sin asientos en el patio y con aposentos en los laterales, situado en la cervantina ciudad de Alcal\u00e1 de Henares, es <span> <\/span>el corral de comedias m\u00e1s antiguo de Europa. Este corral era llamado entonces Corral de Comedias de la Sacramental de Santa Mar\u00eda la Mayor. Continu\u00f3 as\u00ed hasta<span> <\/span>1769, cuando fue techado. En 1831, sufri\u00f3 una reforma que lo convirti\u00f3 en un coliseo rom\u00e1ntico, hasta que a mitad del siglo XX, se transform\u00f3 en el &#8216;Cine Cervantes\u2019, <span> <\/span>como se mantuvo hasta su cierre en 1972. <\/span><\/p>\n<p class=\"MsoNormal\"><span style=\"font-family: &quot;Times New Roman&quot;,&quot;serif&amp;quot\">Tras el cierre del cine dos estudiantes de Alcal\u00e1 descubrieron unos artilugios del siglo XVII identificando su origen con el corral de comedias. Este hecho dio lugar a que se iniciase la restauraci\u00f3n del actual corral de comedias, que realizad\u00f3 el arquitecto Jos\u00e9 Miguel P\u00e9rez Gonz\u00e1lez.Que mantuvo del antiguo corral de comedias de 1601, la estructura del espacio, el foso bajo el tablado de representaci\u00f3n que estaba sujeto por cuatro columnas y una gran viga en el techo. <span> <\/span>Adem\u00e1s el propio escenario cuenta todav\u00eda con una ventana aut\u00e9ntica de uno de los edificios que sirve de pared al teatro, por la que los habitantes de esa casa pueden asomarse a las tablas y contemplar la representaci\u00f3n, sin ser vistos por el p\u00fablico pero s\u00ed por los actores. Los espectadores pueden ver la boca aut\u00e9ntica del pozo del corral y, cuando se retira la tarima que lo protege, pisar el pavimento original del patio de butacas. Tambi\u00e9n se puede contemplar la estructura de la cazuela, el espacio espec\u00edfico para las mujeres cuando acud\u00edan al teatro y que, en 1831, se convirtieron en los actuales palcos de la primera planta. La estructura del espect\u00e1culo del corral de comedias se realizaba primero, con la recitaci\u00f3n de una loa y se continuaba con tres actos (dos de ellos comedia) entre los que se hac\u00eda un entrem\u00e9s. Finalmente hab\u00eda un baile o mojigansa, terminando as \u00ed la obra. <\/span><\/p>\n<p>El viejo teatro se convirti\u00f3 en un cine, durante el siglo XX y funcion\u00f3 como tal hasta los a\u00f1os setenta. A ra\u00edz del deterioro, cay\u00f3 en el olvido y fue abandonado. Estuvo cercano a ser derribado, hasta que finalmente Miguel \u00c1ngel Coso Mar\u00edn, Mercedes Higuera S\u00e1nchez Pardo y Juan Sanz Ballesteros comenzaron una prolongada investigaci\u00f3n &#8220;in situ&#8221; y archiv\u00edstica. Adem\u00e1s al mismo tiempo lucharon para que este edificio fuera recuperado con la dignidad y profundidad que se merec\u00eda. Tras 20 a\u00f1os de intenso trabajo y gracias a una cuidada restauraci\u00f3n a d\u00eda se traslucen vestigios de todos estos tiempos haciendo que en este lugar se respire la memoria de nuestras artes esc\u00e9nicas, de gran encanto.<\/p>\n<p>A solicitud de la <a title=\"Comunidad de Madrid\" href=\"http:\/\/es.wikipedia.org\/wiki\/Comunidad_de_Madrid\"><span style=\"text-decoration: none;color: #000000\">Comunidad de Madrid<\/span><\/a> (propietaria del espacio), desde 2005 el equipo del &lt;a title=&#8221;Teatro de La Abad<\/p>\n","protected":false},"excerpt":{"rendered":"<p>En 1601, el carpintero Francisco S\u00e1nchez levant\u00f3 un teatro, sin asientos en el patio y con aposentos en los laterales, situado en la cervantina ciudad de Alcal\u00e1 de Henares, es el corral de comedias m\u00e1s antiguo de Europa. Este corral era llamado entonces Corral de Comedias de la Sacramental de Santa Mar\u00eda la Mayor. Continu\u00f3 [&hellip;]<\/p>\n","protected":false},"author":917,"featured_media":0,"parent":0,"menu_order":0,"comment_status":"open","ping_status":"open","template":"","meta":{"footnotes":""},"class_list":["post-26","page","type-page","status-publish","hentry"],"_links":{"self":[{"href":"https:\/\/blogs.ua.es\/ilustracionycomedia\/wp-json\/wp\/v2\/pages\/26","targetHints":{"allow":["GET"]}}],"collection":[{"href":"https:\/\/blogs.ua.es\/ilustracionycomedia\/wp-json\/wp\/v2\/pages"}],"about":[{"href":"https:\/\/blogs.ua.es\/ilustracionycomedia\/wp-json\/wp\/v2\/types\/page"}],"author":[{"embeddable":true,"href":"https:\/\/blogs.ua.es\/ilustracionycomedia\/wp-json\/wp\/v2\/users\/917"}],"replies":[{"embeddable":true,"href":"https:\/\/blogs.ua.es\/ilustracionycomedia\/wp-json\/wp\/v2\/comments?post=26"}],"version-history":[{"count":2,"href":"https:\/\/blogs.ua.es\/ilustracionycomedia\/wp-json\/wp\/v2\/pages\/26\/revisions"}],"predecessor-version":[{"id":28,"href":"https:\/\/blogs.ua.es\/ilustracionycomedia\/wp-json\/wp\/v2\/pages\/26\/revisions\/28"}],"wp:attachment":[{"href":"https:\/\/blogs.ua.es\/ilustracionycomedia\/wp-json\/wp\/v2\/media?parent=26"}],"curies":[{"name":"wp","href":"https:\/\/api.w.org\/{rel}","templated":true}]}}