{"id":100,"date":"2012-12-09T01:51:37","date_gmt":"2012-12-09T01:51:37","guid":{"rendered":"https:\/\/blogs.ua.es\/ilustradosalicante\/?page_id=100"},"modified":"2013-01-28T11:29:20","modified_gmt":"2013-01-28T11:29:20","slug":"recursos-consultados","status":"publish","type":"page","link":"https:\/\/blogs.ua.es\/ilustradosalicante\/recursos-consultados\/","title":{"rendered":"Recursos consultados"},"content":{"rendered":"<p style=\"text-align: justify\"><a href=\"http:\/\/www.wikipaintings.org\/en\/giuseppe-arcimboldo\/the-librarian\"><img loading=\"lazy\" decoding=\"async\" class=\"alignleft\" src=\"http:\/\/uploads2.wikipaintings.org\/the-librarian(1).jpg!Blog.jpg\" alt=\"\" width=\"193\" height=\"270\" \/><\/a>A lo largo de estos dos \u00faltimos y laboriosos meses hemos consultado una gran variedad de recursos. Si bien el libro impreso y de biblioteca ha sido quiz\u00e1 la fuente de informaci\u00f3n m\u00e1s utilizada (creemos que, sin subestimar la innovaci\u00f3n y aporte de utilidad que ha supuesto Internet, la lectura en papel impreso y el recorrido a pie por una biblioteca son experiencias m\u00e1s humanas y por tanto m\u00e1s satisfactorias), tambi\u00e9n los libros y las revistas digitales, especialmente estas \u00faltimas, nos han servido de gran ayuda.<\/p>\n<p style=\"text-align: justify\">A la hora de buscar los materiales que m\u00e1s tarde nos iban a servir (\u00abb\u00fasqueda bibliogr\u00e1fica\u00bb), hemos empleado dos estrategias: la m\u00e1s tradicional aunque m\u00e1s lenta de buscar uno mismo y sin apoyo de cat\u00e1logos entre los pasillos de las bibliotecas, dejando que la vista se pose en los libros con los t\u00edtulos m\u00e1s oportunos (este m\u00e9todo tiene numerosas ventajas, entre ellas la posibilidad de tocar y hojear el libro all\u00ed mismo, as\u00ed como ver qu\u00e9 libros, posiblemente relacionados, se encuentran en la misma estanter\u00eda); y la estrategia, m\u00e1s empleada para este trabajo y sin duda m\u00e1s r\u00e1pida, de rastrear desde un ordenador en bases de datos, repositorios, cat\u00e1logos y bibliotecas digitales. A continuaci\u00f3n listamos las fuentes de informaci\u00f3n consultadas m\u00e1s relevantes:<\/p>\n<ul>\n<li>La base de datos <a href=\"http:\/\/dialnet.unirioja.es\/info\/ayuda\/indice\">Dialnet<\/a>,\u00a0especializada en ciencias humanas y sociales.<\/li>\n<li>La <a href=\"http:\/\/xlpv.cult.gva.es\/absysnetopac\/\">Xarxa electr\u00f2nica de lectura p\u00fablica valenciana<\/a>.<\/li>\n<li>El <a href=\"http:\/\/rua.ua.es\/dspace\/\">Repositorio Institucional de la Universidad de Alicante<\/a> (RUA).<\/li>\n<li>El cat\u00e1logo de la <a href=\"http:\/\/gaudi.ua.es\/uhtbin\/cgisirsi\/0\/0\/SIRSI\/57\/49?user_id=WEBCAS\">Biblioteca Universidad de Alicante<\/a> (BUA), con un extenso y diverso fondo bibliogr\u00e1fico.<\/li>\n<li>La <a href=\"http:\/\/bivaldioai.gva.es\/es\/cms\/elemento.cmd?id=estaticos\/paginas\/presentacion.html\">Biblioteca Valenciana Digital<\/a> (BIVALDI).<\/li>\n<li>El cat\u00e1logo de la <a href=\"http:\/\/catalogo.bne.es\/uhtbin\/webcat\">Biblioteca Nacional de Espa\u00f1a<\/a> (BNE).<\/li>\n<li>El portal institucional <a href=\"http:\/\/www.cervantesvirtual.com\/bib\/portal\/bne\/index.shtml\">Cl\u00e1sicos en la Biblioteca Nacional<\/a>.<\/li>\n<li>El buscador interno de la <a href=\"http:\/\/www.cervantesvirtual.com\/\">Biblioteca Virtual Miguel de Cervantes<\/a>.<\/li>\n<li>Los buscadores especializados <a href=\"http:\/\/scholar.google.es\/intl\/es\/scholar\/about.html\">Google Acad\u00e9mico<\/a> y <a href=\"http:\/\/books.google.es\/intl\/es\/googlebooks\/about.html\">Google Libros<\/a>.<\/li>\n<li>El portal <a href=\"http:\/\/www.europeana.eu\/portal\/\">Europeana<\/a>.<\/li>\n<li>El <a href=\"http:\/\/journals.cambridge.org\/action\/advanceSearch\">Cambridge Journals<\/a>, \u00fatil para ampliar horizontes.<\/li>\n<\/ul>\n<p style=\"text-align: justify\">Al principio no fue f\u00e1cil, hay que reconocerlo. En primer lugar tuvimos que establecer los l\u00edmites temporales del llamado\u00a0\u00absiglo de las Luces\u00bb espa\u00f1ol, porque de otro modo no hubi\u00e9ramos sabido en qu\u00e9 fechas ten\u00edamos que buscar. El libro <em><a href=\"https:\/\/blogs.ua.es\/ilustradosalicante\/2012\/12\/26\/la-ilustracion-despotica-en-espana\/\">La Espa\u00f1a de la Ilustraci\u00f3n (1700-1833)<\/a><\/em> nos vino como agua de mayo en ese sentido. Despu\u00e9s fue todo un descubrimiento, por inesperado, el libro de Armando Alberola y compa\u00f1\u00eda, <em><a href=\"https:\/\/blogs.ua.es\/ilustradosalicante\/2012\/12\/11\/de-manuel-marti-a-juan-sempere-guarinos\/\">Una historia con Luces y Sombras: Seminario Permanente de Historia de Alicante<\/a><\/em>. Y digo inesperado porque en un primer momento no lo encontr\u00e9 en el cat\u00e1logo de la UA, aunque estaba, sino ojeando en las estanter\u00edas de la biblioteca de Geograf\u00eda (en ese momento, curiosamente, no estaba buscando autores ilustrados, sino materiales especiales como planos y dibujos antiguos de Alicante). Recuerdo que unos d\u00edas antes, usando con m\u00e1s o menos acierto los <a href=\"http:\/\/dosei.who.int\/iBistro_helps\/Spanish\/tip7102.html\">operadores booleanos<\/a> aprendidos en clase, tecle\u00e9 en el buscador las palabras &#8220;Historia&#8221; <em>and<\/em> &#8220;Alicante&#8221;, y el libro, en efecto, apareci\u00f3 en la pantalla entre un total de cien, pero al no tener el registro bibliogr\u00e1fico un t\u00edtulo relacionado con la Ilustraci\u00f3n y carecer de descripci\u00f3n, lo descart\u00e9. A partir de ese libro, no obstante, solo tuvimos que tirar del hilo. Un libro nos llevaba a otro, como una cadena. As\u00ed, uno a uno fueron apareciendo los nombres de los <em>novatores<\/em>, ilustrados y eruditos alicantinos del siglo XVIII.<\/p>\n","protected":false},"excerpt":{"rendered":"<p>A lo largo de estos dos \u00faltimos y laboriosos meses hemos consultado una gran variedad de recursos. Si bien el libro impreso y de biblioteca ha sido quiz\u00e1 la fuente de informaci\u00f3n m\u00e1s utilizada (creemos que, sin subestimar la innovaci\u00f3n &hellip; <a href=\"https:\/\/blogs.ua.es\/ilustradosalicante\/recursos-consultados\/\">Continue reading <span class=\"meta-nav\">&rarr;<\/span><\/a><\/p>\n","protected":false},"author":2889,"featured_media":0,"parent":0,"menu_order":4,"comment_status":"open","ping_status":"open","template":"","meta":{"footnotes":""},"class_list":["post-100","page","type-page","status-publish","hentry"],"_links":{"self":[{"href":"https:\/\/blogs.ua.es\/ilustradosalicante\/wp-json\/wp\/v2\/pages\/100","targetHints":{"allow":["GET"]}}],"collection":[{"href":"https:\/\/blogs.ua.es\/ilustradosalicante\/wp-json\/wp\/v2\/pages"}],"about":[{"href":"https:\/\/blogs.ua.es\/ilustradosalicante\/wp-json\/wp\/v2\/types\/page"}],"author":[{"embeddable":true,"href":"https:\/\/blogs.ua.es\/ilustradosalicante\/wp-json\/wp\/v2\/users\/2889"}],"replies":[{"embeddable":true,"href":"https:\/\/blogs.ua.es\/ilustradosalicante\/wp-json\/wp\/v2\/comments?post=100"}],"version-history":[{"count":67,"href":"https:\/\/blogs.ua.es\/ilustradosalicante\/wp-json\/wp\/v2\/pages\/100\/revisions"}],"predecessor-version":[{"id":736,"href":"https:\/\/blogs.ua.es\/ilustradosalicante\/wp-json\/wp\/v2\/pages\/100\/revisions\/736"}],"wp:attachment":[{"href":"https:\/\/blogs.ua.es\/ilustradosalicante\/wp-json\/wp\/v2\/media?parent=100"}],"curies":[{"name":"wp","href":"https:\/\/api.w.org\/{rel}","templated":true}]}}