{"id":83,"date":"2012-12-09T01:03:17","date_gmt":"2012-12-09T01:03:17","guid":{"rendered":"https:\/\/blogs.ua.es\/ilustradosalicante\/?page_id=83"},"modified":"2013-01-28T11:33:20","modified_gmt":"2013-01-28T11:33:20","slug":"explicacion-general-del-tema","status":"publish","type":"page","link":"https:\/\/blogs.ua.es\/ilustradosalicante\/explicacion-general-del-tema\/","title":{"rendered":"Explicaci\u00f3n del tema"},"content":{"rendered":"<div id=\"attachment_1009\" style=\"width: 225px\" class=\"wp-caption alignleft\"><a href=\"https:\/\/blogs.ua.es\/ilustradosalicante\/files\/2012\/12\/Plano-Alicante-1803.-Sacado-de-Ramos-Vicente.-Cr\u00f3nica-de-la-provincia-de-Alicante-Diputaci\u00f3n-Provincial-de-Alicante-1979-Alicante-p\u00e1g.-33-copia.png\"><img loading=\"lazy\" decoding=\"async\" aria-describedby=\"caption-attachment-1009\" class=\" wp-image-1009      \" src=\"https:\/\/blogs.ua.es\/ilustradosalicante\/files\/2012\/12\/Plano-Alicante-1803.-Sacado-de-Ramos-Vicente.-Cr\u00f3nica-de-la-provincia-de-Alicante-Diputaci\u00f3n-Provincial-de-Alicante-1979-Alicante-p\u00e1g.-33-copia.png\" alt=\"\" width=\"215\" height=\"164\" srcset=\"https:\/\/blogs.ua.es\/ilustradosalicante\/files\/2012\/12\/Plano-Alicante-1803.-Sacado-de-Ramos-Vicente.-Cr\u00f3nica-de-la-provincia-de-Alicante-Diputaci\u00f3n-Provincial-de-Alicante-1979-Alicante-p\u00e1g.-33-copia.png 700w, https:\/\/blogs.ua.es\/ilustradosalicante\/files\/2012\/12\/Plano-Alicante-1803.-Sacado-de-Ramos-Vicente.-Cr\u00f3nica-de-la-provincia-de-Alicante-Diputaci\u00f3n-Provincial-de-Alicante-1979-Alicante-p\u00e1g.-33-copia-300x228.png 300w, https:\/\/blogs.ua.es\/ilustradosalicante\/files\/2012\/12\/Plano-Alicante-1803.-Sacado-de-Ramos-Vicente.-Cr\u00f3nica-de-la-provincia-de-Alicante-Diputaci\u00f3n-Provincial-de-Alicante-1979-Alicante-p\u00e1g.-33-copia-393x300.png 393w\" sizes=\"auto, (max-width: 215px) 100vw, 215px\" \/><\/a><p id=\"caption-attachment-1009\" class=\"wp-caption-text\">Plano extra\u00eddo de uno de los vol\u00famenes de &#8220;Cr\u00f3nica de la provincia de Alicante&#8221; de Vicente Ramos, 1979.<\/p><\/div>\n<p style=\"text-align: justify\">Este blog tiene por objetivo reunir y divulgar la \u00abvida y obra\u00bb de los ilustrados m\u00e1s representativos de la provincia de Alicante, as\u00ed como introducir al lector y a la lectora, si bien brevemente, en el contexto hist\u00f3rico alicantino de los siglos XVIII y principios del XIX.<\/p>\n<p style=\"text-align: justify\">En Alicante, la Ilustraci\u00f3n no fue tan intensa como en <a href=\"http:\/\/es.wikipedia.org\/wiki\/Ilustraci%C3%B3n_pol%C3%ADtica_en_Espa%C3%B1a\">otros lugares de Espa\u00f1a<\/a>, y menos a\u00fan como en otros pa\u00edses europeos (Francia e Inglaterra, naturalmente, son los paradigmas), pero no obstante su influencia fue relativamente notoria y determinante.<\/p>\n<p style=\"text-align: justify\">En este blog hablamos, por lo tanto, de esos hombres que a nuestro juicio fueron \u00abdeterminantes\u00bb en la historia moderna de Alicante y m\u00e1s en general en la historia de Europa (no olvidemos, en ese sentido, que <a href=\"http:\/\/www.uv.es\/dep235\/PUBLICACIONS_III\/PDF125.pdf\">Manuel Mart\u00ed<\/a>, Pedro Monteng\u00f3n y Juan Andr\u00e9s entre otros, vivieron muchos a\u00f1os en Italia). En orden de nacimiento, estos fueron -aunque no est\u00e1n todos los que son- el humanista preilustrado Manuel Mart\u00ed (1663-1737), el marino y cient\u00edfico Jorge Juan y Santacilia (1713-1773), el erudito Francisco Cerd\u00e1 y Rico (1739-1800), el historiador de la filosof\u00eda Juan Andr\u00e9s (1740-1817), el novelista ut\u00f3pico Pedro Monteng\u00f3n y Paret (1745-1824), el arque\u00f3logo Conde de Lumiares (1748-1808), el jurista preliberal Juan Sempere y Guarinos (1754-1830) y finalmente el cl\u00e9rigo anticlerical Antonio Bernabeu (1761-1825). Todos ellos vivieron, en promedio, cerca de 70 a\u00f1os. Pensemos, pues, cu\u00e1nta \u00abvida y obra\u00bb tenemos para analizar y cu\u00e1nto trabajo tenemos por delante.<\/p>\n<blockquote>\n<p style=\"text-align: justify\">En el fondo, nuestros humanistas del XVIII siguieron los ritmos europeos respecto a los planteamientos intelectuales de los ilustrados. A diverso ritmo, si queremos, y en diferentes grados de profundidad. Pero, en el fondo, las mismas ra\u00edces intelectuales. Una vez la actitud religiosa, otras las presiones pol\u00edticas, o la menor fuerza social de la burgues\u00eda, ser\u00e1n factores que expliquen los l\u00edmites intelectuales de nuestros ilustrados. Pero no podemos olvidar que los hombres de letras, <em><a href=\"http:\/\/en.wikipedia.org\/wiki\/Philosophes\">philosophes<\/a><\/em> o ilustrados eruditos, en su mayor\u00eda, vieron en los humanistas el inicio de la superaci\u00f3n del aristotelismo escol\u00e1stico, al mismo tiempo que admiraron y, en algunos casos, practicaron la erudici\u00f3n y la historia.<\/p>\n<p style=\"text-align: justify\">\n<\/blockquote>\n<ul>\n<li>Mestre Sanch\u00eds, Antonio. <em>Humanistas, pol\u00edticos e ilustrados.<\/em> San Vicente del Raspeig: Publicaciones de la Universidad de Alicante, 2002, p\u00e1g. 294.<\/li>\n<\/ul>\n","protected":false},"excerpt":{"rendered":"<p>Este blog tiene por objetivo reunir y divulgar la \u00abvida y obra\u00bb de los ilustrados m\u00e1s representativos de la provincia de Alicante, as\u00ed como introducir al lector y a la lectora, si bien brevemente, en el contexto hist\u00f3rico alicantino de &hellip; <a href=\"https:\/\/blogs.ua.es\/ilustradosalicante\/explicacion-general-del-tema\/\">Continue reading <span class=\"meta-nav\">&rarr;<\/span><\/a><\/p>\n","protected":false},"author":2889,"featured_media":0,"parent":0,"menu_order":2,"comment_status":"open","ping_status":"open","template":"","meta":{"footnotes":""},"class_list":["post-83","page","type-page","status-publish","hentry"],"_links":{"self":[{"href":"https:\/\/blogs.ua.es\/ilustradosalicante\/wp-json\/wp\/v2\/pages\/83","targetHints":{"allow":["GET"]}}],"collection":[{"href":"https:\/\/blogs.ua.es\/ilustradosalicante\/wp-json\/wp\/v2\/pages"}],"about":[{"href":"https:\/\/blogs.ua.es\/ilustradosalicante\/wp-json\/wp\/v2\/types\/page"}],"author":[{"embeddable":true,"href":"https:\/\/blogs.ua.es\/ilustradosalicante\/wp-json\/wp\/v2\/users\/2889"}],"replies":[{"embeddable":true,"href":"https:\/\/blogs.ua.es\/ilustradosalicante\/wp-json\/wp\/v2\/comments?post=83"}],"version-history":[{"count":62,"href":"https:\/\/blogs.ua.es\/ilustradosalicante\/wp-json\/wp\/v2\/pages\/83\/revisions"}],"predecessor-version":[{"id":329,"href":"https:\/\/blogs.ua.es\/ilustradosalicante\/wp-json\/wp\/v2\/pages\/83\/revisions\/329"}],"wp:attachment":[{"href":"https:\/\/blogs.ua.es\/ilustradosalicante\/wp-json\/wp\/v2\/media?parent=83"}],"curies":[{"name":"wp","href":"https:\/\/api.w.org\/{rel}","templated":true}]}}