{"id":98,"date":"2012-12-09T01:50:54","date_gmt":"2012-12-09T01:50:54","guid":{"rendered":"https:\/\/blogs.ua.es\/ilustradosalicante\/?page_id=98"},"modified":"2013-01-28T11:30:30","modified_gmt":"2013-01-28T11:30:30","slug":"metodologia","status":"publish","type":"page","link":"https:\/\/blogs.ua.es\/ilustradosalicante\/metodologia\/","title":{"rendered":"Metodolog\u00eda"},"content":{"rendered":"<p style=\"text-align: justify\"><img loading=\"lazy\" decoding=\"async\" class=\"alignleft\" src=\"http:\/\/www.iso.org\/iso\/2012_iso-logo_print.png\" alt=\"\" width=\"128\" height=\"117\" \/>Si en la p\u00e1gina anterior hemos hablado del qu\u00e9, en esta vamos a hablar del c\u00f3mo. En el fondo y en la forma, este blog es en s\u00ed mismo una <em>bibliograf\u00eda<\/em>, toda vez que pretende identificar el mayor n\u00famero posible de textos relacionados con el tema en el menor plazo de tiempo posible, describirlos y ponerlos a disposici\u00f3n de los usuarios y usuarias.<\/p>\n<p style=\"text-align: justify\">Para ello hemos hecho uso de la norma <a href=\"http:\/\/www.uc3m.es\/portal\/page\/portal\/biblioteca\/aprende_usar\/como_citar_bibliografia\">ISO 690<\/a>, que especifica qu\u00e9 elementos han de incluirse en una referencia bibliogr\u00e1fica y en qu\u00e9 orden. Una vez referenciado el material consultado al principio de cada entrada, seguida y brevemente hemos rese\u00f1ado su contenido, ya fuera el cap\u00edtulo de un libro o toda una revista, acompa\u00f1ado en la mayor\u00eda de los casos de im\u00e1genes (algunas de ellas in\u00e9ditas en Internet) y enlaces que sirven para ampliar informaci\u00f3n.<\/p>\n<p style=\"text-align: justify\">A continuaci\u00f3n podemos ver algunos ejemplos, aparecidos a lo largo del blog, de c\u00f3mo se deben citar las referencias siguiendo el modelo est\u00e1ndar:<\/p>\n<p style=\"text-align: justify\"><strong>Monograf\u00edas<\/strong>:<\/p>\n<ul>\n<li>APELLIDOS, Nombre. T\u00edtulo. (Otros colaboradores: traductor, editor, etc. se podr\u00edan hacer constar\u00a0con la forma directa de nombre APELLIDOS). Edici\u00f3n. Lugar: Editor, a\u00f1o. Extensi\u00f3n (opcional).\u00a0(Serie; n\u00ba). ISBN (n\u00famero que se utiliza internacionalmente para identificar un libro).<\/li>\n<\/ul>\n<p><strong>Parte de una monograf\u00eda<\/strong>:<\/p>\n<ul>\n<li>(Autor\/res de la parte) APELLIDOS, Nombre. T\u00edtulo de la parte. En: T\u00edtulo de la obra completa.\u00a0Edici\u00f3n. Lugar de edici\u00f3n: editor, a\u00f1o, pp. (p\u00e1ginas). ISBN.<\/li>\n<\/ul>\n<p style=\"text-align: justify\"><strong>Publicaciones en serie (revista completa):<\/strong><\/p>\n<ul>\n<li>T\u00edtulo de la revista. Responsabilidad (si fuera necesario para identificarla por tratarse de un t\u00edtulo\u00a0muy gen\u00e9rico. Ejem: Bolet\u00edn informativo). A\u00f1o de inicio-A\u00f1o de cierre (este \u00faltimo dato s\u00f3lo se\u00a0usa en el caso de revistas que han dejado de publicarse). ISSN.<\/li>\n<\/ul>\n<p style=\"text-align: justify\"><strong>Art\u00edculos de revistas<\/strong>:<\/p>\n<ul>\n<li>(Autor\/es de la contribuci\u00f3n) APELLIDOS, Nombre. T\u00edtulo del art\u00edculo. T\u00edtulo de la revista.\u00a0(Localizaci\u00f3n de la parte en el n\u00famero de la revista) A\u00f1o, volumen (n\u00ba), pp. ISSN.<\/li>\n<\/ul>\n<p style=\"text-align: justify\"><strong>Libros electr\u00f3nicos y monograf\u00edas en l\u00ednea<\/strong>:<\/p>\n<ul>\n<li>APELLIDOS, Nombre. T\u00edtulo [en l\u00ednea]. Lugar de publicaci\u00f3n: editor, fecha de publicaci\u00f3n\u00a0[consulta: fecha de consulta]. Formato (pdf, etc), tama\u00f1o del fichero (MB). Disponible en: http:\/\/<\/li>\n<\/ul>\n<p><strong>Parte de monograf\u00eda en l\u00ednea<\/strong>:<\/p>\n<ul>\n<li>(Autor\/es de la parte) APELLIDOS, Nombre. T\u00edtulo de la parte. En: T\u00edtulo de la obra completa [en\u00a0l\u00ednea]. Lugar de publicaci\u00f3n: editor, a\u00f1o, pp. [consulta: fecha de consulta]. Disponible en: http.\/\/<\/li>\n<\/ul>\n<p style=\"text-align: justify\"><strong>Revista en l\u00ednea<\/strong>:<\/p>\n<p style=\"text-align: justify\"><strong>1.<\/strong> Modelo de revista de un paquete de revistas electr\u00f3nicas con una base de datos com\u00fan:<\/p>\n<ul>\n<li>T\u00edtulo [en linea]. Lugar de edici\u00f3n: editor, fecha de publicaci\u00f3n, volumen, n\u00famero [consulta: fecha\u00a0de consulta]. Nombre de la base de datos. ISSN. Disponible en: http:\/\/<\/li>\n<\/ul>\n<p style=\"text-align: justify\"><strong>2.<\/strong> Modelo de revista con acceso en l\u00ednea individualizado:<\/p>\n<ul>\n<li>T\u00edtulo [en l\u00ednea]. Lugar de edici\u00f3n: editor, fecha de publicaci\u00f3n, volumen, n\u00famero [consulta: fecha\u00a0de consulta]. ISSN. Disponible en: http:\/\/<\/li>\n<\/ul>\n<p style=\"text-align: justify\"><strong>Art\u00edculo de revista en l\u00ednea<\/strong>:<\/p>\n<ul>\n<li>(Autor\/es del art\u00edculo) APELLIDOS, Nombre. T\u00edtulo del art\u00edculo. T\u00edtulo de la revista [en l\u00ednea].\u00a0Lugar: editor, fecha de publicaci\u00f3n, vol\u00famen, n\u00famero [consulta: fecha de consulta]. ISSN.\u00a0Disponible en: http:\/\/<\/li>\n<\/ul>\n","protected":false},"excerpt":{"rendered":"<p>Si en la p\u00e1gina anterior hemos hablado del qu\u00e9, en esta vamos a hablar del c\u00f3mo. En el fondo y en la forma, este blog es en s\u00ed mismo una bibliograf\u00eda, toda vez que pretende identificar el mayor n\u00famero posible &hellip; <a href=\"https:\/\/blogs.ua.es\/ilustradosalicante\/metodologia\/\">Continue reading <span class=\"meta-nav\">&rarr;<\/span><\/a><\/p>\n","protected":false},"author":2889,"featured_media":0,"parent":0,"menu_order":3,"comment_status":"open","ping_status":"open","template":"","meta":{"footnotes":""},"class_list":["post-98","page","type-page","status-publish","hentry"],"_links":{"self":[{"href":"https:\/\/blogs.ua.es\/ilustradosalicante\/wp-json\/wp\/v2\/pages\/98","targetHints":{"allow":["GET"]}}],"collection":[{"href":"https:\/\/blogs.ua.es\/ilustradosalicante\/wp-json\/wp\/v2\/pages"}],"about":[{"href":"https:\/\/blogs.ua.es\/ilustradosalicante\/wp-json\/wp\/v2\/types\/page"}],"author":[{"embeddable":true,"href":"https:\/\/blogs.ua.es\/ilustradosalicante\/wp-json\/wp\/v2\/users\/2889"}],"replies":[{"embeddable":true,"href":"https:\/\/blogs.ua.es\/ilustradosalicante\/wp-json\/wp\/v2\/comments?post=98"}],"version-history":[{"count":28,"href":"https:\/\/blogs.ua.es\/ilustradosalicante\/wp-json\/wp\/v2\/pages\/98\/revisions"}],"predecessor-version":[{"id":150,"href":"https:\/\/blogs.ua.es\/ilustradosalicante\/wp-json\/wp\/v2\/pages\/98\/revisions\/150"}],"wp:attachment":[{"href":"https:\/\/blogs.ua.es\/ilustradosalicante\/wp-json\/wp\/v2\/media?parent=98"}],"curies":[{"name":"wp","href":"https:\/\/api.w.org\/{rel}","templated":true}]}}