{"id":100,"date":"2013-01-26T12:25:24","date_gmt":"2013-01-26T12:25:24","guid":{"rendered":"https:\/\/blogs.ua.es\/impresoresvalencianosxviii\/?page_id=100"},"modified":"2013-01-26T12:25:24","modified_gmt":"2013-01-26T12:25:24","slug":"introduccion","status":"publish","type":"page","link":"https:\/\/blogs.ua.es\/impresoresvalencianosxviii\/introduccion\/","title":{"rendered":"Introducci\u00f3n"},"content":{"rendered":"<p>Bas Mart\u00edn, Nicol\u00e1s.\u00a0<em>Los<\/em>\u00a0<em>Orga: una dinast\u00eda de impresores en la Valencia del siglo XVIII<\/em>.\u00a0Madrid : Arco\/Libros, [2005]. 395 p.<br \/>\nSDB 655.11 (460.313 V.) BAS<\/p>\n<p>&nbsp;<\/p>\n<p>Valencia destac\u00f3 como una de las primeras ciudades hispanas en cobrar importancia el oficio de impresor. A lo largo de la Ilustraci\u00f3n, el desarrollo de la imprenta alcanz\u00f3 cotas de esplendor hasta el momento desconocidas.<\/p>\n<p>Entre todas las familias impresoras cabe destacar la familia Orga, que durante mas de un siglo fue la encargada de imprimir algunas de las mejores y mas importantes obras hasta el momento publicadas.<\/p>\n<p>Junto a Benito Monfort, Joaqu\u00edn Ibarra y la familia Bordazar, de quienes tambi\u00e9n hablaremos en el blog, formaron parte del m\u00e1s destacado grupo de impresores de la \u00e9poca<\/p>\n<p>&nbsp;<\/p>\n<p>&nbsp;<\/p>\n<p>&nbsp;<\/p>\n","protected":false},"excerpt":{"rendered":"<p>Bas Mart\u00edn, Nicol\u00e1s.\u00a0Los\u00a0Orga: una dinast\u00eda de impresores en la Valencia del siglo XVIII.\u00a0Madrid : Arco\/Libros, [2005]. 395 p. SDB 655.11 (460.313 V.) BAS &nbsp; Valencia destac\u00f3 como una de las primeras ciudades hispanas en cobrar importancia el oficio de impresor. A lo largo de la Ilustraci\u00f3n, el desarrollo de la imprenta alcanz\u00f3 cotas de esplendor [&hellip;]<\/p>\n","protected":false},"author":2989,"featured_media":0,"parent":0,"menu_order":0,"comment_status":"open","ping_status":"open","template":"","meta":{"footnotes":""},"class_list":["post-100","page","type-page","status-publish","hentry"],"_links":{"self":[{"href":"https:\/\/blogs.ua.es\/impresoresvalencianosxviii\/wp-json\/wp\/v2\/pages\/100","targetHints":{"allow":["GET"]}}],"collection":[{"href":"https:\/\/blogs.ua.es\/impresoresvalencianosxviii\/wp-json\/wp\/v2\/pages"}],"about":[{"href":"https:\/\/blogs.ua.es\/impresoresvalencianosxviii\/wp-json\/wp\/v2\/types\/page"}],"author":[{"embeddable":true,"href":"https:\/\/blogs.ua.es\/impresoresvalencianosxviii\/wp-json\/wp\/v2\/users\/2989"}],"replies":[{"embeddable":true,"href":"https:\/\/blogs.ua.es\/impresoresvalencianosxviii\/wp-json\/wp\/v2\/comments?post=100"}],"version-history":[{"count":1,"href":"https:\/\/blogs.ua.es\/impresoresvalencianosxviii\/wp-json\/wp\/v2\/pages\/100\/revisions"}],"predecessor-version":[{"id":101,"href":"https:\/\/blogs.ua.es\/impresoresvalencianosxviii\/wp-json\/wp\/v2\/pages\/100\/revisions\/101"}],"wp:attachment":[{"href":"https:\/\/blogs.ua.es\/impresoresvalencianosxviii\/wp-json\/wp\/v2\/media?parent=100"}],"curies":[{"name":"wp","href":"https:\/\/api.w.org\/{rel}","templated":true}]}}