{"id":106,"date":"2013-01-26T12:26:47","date_gmt":"2013-01-26T12:26:47","guid":{"rendered":"https:\/\/blogs.ua.es\/impresoresvalencianosxviii\/?page_id=106"},"modified":"2013-01-28T04:54:09","modified_gmt":"2013-01-28T04:54:09","slug":"valoracion-personal","status":"publish","type":"page","link":"https:\/\/blogs.ua.es\/impresoresvalencianosxviii\/valoracion-personal\/","title":{"rendered":"valoraci\u00f3n personal"},"content":{"rendered":"<p>Por mi parte, la realizaci\u00f3n de este blog ha sido bastante entretenida, ya que al tener que buscar informaci\u00f3n \u00a0sobre este tema seleccionado me ha servido \u00a0tambi\u00e9n para tener una idea sobre los impresores de la \u00e9poca, sobre todo de mi comunidad atendiendo as\u00ed como uno de los mas importantes dinast\u00edas de esta actividad.<\/p>\n<p>Por otro lado me ha sido algo dificultoso ya que nunca hab\u00eda trabajado un blog para la realizaci\u00f3n de trabajos, de este modo ya tendr\u00e9 idea a la hora de realizar otro blog.<\/p>\n<p>Realizado por Andrea Martinez.<\/p>\n","protected":false},"excerpt":{"rendered":"<p>Por mi parte, la realizaci\u00f3n de este blog ha sido bastante entretenida, ya que al tener que buscar informaci\u00f3n \u00a0sobre este tema seleccionado me ha servido \u00a0tambi\u00e9n para tener una idea sobre los impresores de la \u00e9poca, sobre todo de mi comunidad atendiendo as\u00ed como uno de los mas importantes dinast\u00edas de esta actividad. Por [&hellip;]<\/p>\n","protected":false},"author":2989,"featured_media":0,"parent":0,"menu_order":0,"comment_status":"open","ping_status":"open","template":"","meta":{"footnotes":""},"class_list":["post-106","page","type-page","status-publish","hentry"],"_links":{"self":[{"href":"https:\/\/blogs.ua.es\/impresoresvalencianosxviii\/wp-json\/wp\/v2\/pages\/106","targetHints":{"allow":["GET"]}}],"collection":[{"href":"https:\/\/blogs.ua.es\/impresoresvalencianosxviii\/wp-json\/wp\/v2\/pages"}],"about":[{"href":"https:\/\/blogs.ua.es\/impresoresvalencianosxviii\/wp-json\/wp\/v2\/types\/page"}],"author":[{"embeddable":true,"href":"https:\/\/blogs.ua.es\/impresoresvalencianosxviii\/wp-json\/wp\/v2\/users\/2989"}],"replies":[{"embeddable":true,"href":"https:\/\/blogs.ua.es\/impresoresvalencianosxviii\/wp-json\/wp\/v2\/comments?post=106"}],"version-history":[{"count":5,"href":"https:\/\/blogs.ua.es\/impresoresvalencianosxviii\/wp-json\/wp\/v2\/pages\/106\/revisions"}],"predecessor-version":[{"id":179,"href":"https:\/\/blogs.ua.es\/impresoresvalencianosxviii\/wp-json\/wp\/v2\/pages\/106\/revisions\/179"}],"wp:attachment":[{"href":"https:\/\/blogs.ua.es\/impresoresvalencianosxviii\/wp-json\/wp\/v2\/media?parent=106"}],"curies":[{"name":"wp","href":"https:\/\/api.w.org\/{rel}","templated":true}]}}