{"id":7,"date":"2012-12-07T12:09:06","date_gmt":"2012-12-07T12:09:06","guid":{"rendered":"https:\/\/blogs.ua.es\/impresoresvalencianosxviii\/?page_id=7"},"modified":"2013-01-09T10:46:54","modified_gmt":"2013-01-09T10:46:54","slug":"presentacion","status":"publish","type":"page","link":"https:\/\/blogs.ua.es\/impresoresvalencianosxviii\/presentacion\/","title":{"rendered":"Presentaci\u00f3n"},"content":{"rendered":"<p>Somos, Andrea Mart\u00ednez y Sara Garc\u00eda, alumnas de primero de grado en Historia y Geografia en la Universidad de Alicante. Nuestro bloq de la asignatura fuentes y documentos para la historia se titula: &#8220;Impresores Valencianos del siglo XVIII&#8221;. \u00a0Elegimos dicho tema por nuestro inter\u00e9s por los libros y sobretodo por la importancia de los autores valencianos en la historia espa\u00f1ola.<\/p>\n<p><a href=\"https:\/\/blogs.ua.es\/impresoresvalencianosxviii\/files\/2012\/12\/logo-ua.png\"><img loading=\"lazy\" decoding=\"async\" class=\"aligncenter size-full wp-image-10\" src=\"https:\/\/blogs.ua.es\/impresoresvalencianosxviii\/files\/2012\/12\/logo-ua.png\" alt=\"Universidad de Alicante\" width=\"263\" height=\"45\" \/><\/a><\/p>\n","protected":false},"excerpt":{"rendered":"<p>Somos, Andrea Mart\u00ednez y Sara Garc\u00eda, alumnas de primero de grado en Historia y Geografia en la Universidad de Alicante. Nuestro bloq de la asignatura fuentes y documentos para la historia se titula: &#8220;Impresores Valencianos del siglo XVIII&#8221;. \u00a0Elegimos dicho tema por nuestro inter\u00e9s por los libros y sobretodo por la importancia de los autores [&hellip;]<\/p>\n","protected":false},"author":2989,"featured_media":0,"parent":0,"menu_order":0,"comment_status":"open","ping_status":"open","template":"","meta":{"footnotes":""},"class_list":["post-7","page","type-page","status-publish","hentry"],"_links":{"self":[{"href":"https:\/\/blogs.ua.es\/impresoresvalencianosxviii\/wp-json\/wp\/v2\/pages\/7","targetHints":{"allow":["GET"]}}],"collection":[{"href":"https:\/\/blogs.ua.es\/impresoresvalencianosxviii\/wp-json\/wp\/v2\/pages"}],"about":[{"href":"https:\/\/blogs.ua.es\/impresoresvalencianosxviii\/wp-json\/wp\/v2\/types\/page"}],"author":[{"embeddable":true,"href":"https:\/\/blogs.ua.es\/impresoresvalencianosxviii\/wp-json\/wp\/v2\/users\/2989"}],"replies":[{"embeddable":true,"href":"https:\/\/blogs.ua.es\/impresoresvalencianosxviii\/wp-json\/wp\/v2\/comments?post=7"}],"version-history":[{"count":4,"href":"https:\/\/blogs.ua.es\/impresoresvalencianosxviii\/wp-json\/wp\/v2\/pages\/7\/revisions"}],"predecessor-version":[{"id":9,"href":"https:\/\/blogs.ua.es\/impresoresvalencianosxviii\/wp-json\/wp\/v2\/pages\/7\/revisions\/9"}],"wp:attachment":[{"href":"https:\/\/blogs.ua.es\/impresoresvalencianosxviii\/wp-json\/wp\/v2\/media?parent=7"}],"curies":[{"name":"wp","href":"https:\/\/api.w.org\/{rel}","templated":true}]}}