{"id":224,"date":"2012-01-09T19:36:47","date_gmt":"2012-01-09T19:36:47","guid":{"rendered":"https:\/\/blogs.ua.es\/incas\/?page_id=224"},"modified":"2012-01-09T19:36:47","modified_gmt":"2012-01-09T19:36:47","slug":"blbliografia","status":"publish","type":"page","link":"https:\/\/blogs.ua.es\/incas\/blbliografia\/","title":{"rendered":"blbliograf\u00eda"},"content":{"rendered":"<ul>\n<li><strong>Las antiguas culturas del Per\u00fa<\/strong>. Mason, John Alden.<\/li>\n<\/ul>\n<p>&nbsp;<\/p>\n<ul>\n<li><strong>Antig\u00fcedades del Per\u00fa. <\/strong>Urbano, Henrique.<\/li>\n<\/ul>\n<p>&nbsp;<\/p>\n<ul>\n<li><strong>Aztecas, incas y mayas.<\/strong>\u00a0Baquedano, Elizabeth.<\/li>\n<\/ul>\n<p>&nbsp;<\/p>\n<ul>\n<li><strong>La civilizaci\u00f3n inca en Cuzco<\/strong>.\u00a0Zuidema, R. Tom.<\/li>\n<\/ul>\n<p>&nbsp;<\/p>\n<ul>\n<li><strong>Comentarios reales de los Incas<\/strong>.\u00a0Garcilaso dela Vega.<\/li>\n<\/ul>\n<p>&nbsp;<\/p>\n<ul>\n<li><strong>La cultura incaica.<\/strong>\u00a0Horkheimer, Hans.<\/li>\n<\/ul>\n","protected":false},"excerpt":{"rendered":"<p>Las antiguas culturas del Per\u00fa. Mason, John Alden. &nbsp; Antig\u00fcedades del Per\u00fa. Urbano, Henrique. &nbsp; Aztecas, incas y mayas.\u00a0Baquedano, Elizabeth. &nbsp; La civilizaci\u00f3n inca en Cuzco.\u00a0Zuidema, R. Tom. &nbsp; Comentarios reales de los Incas.\u00a0Garcilaso dela Vega. &nbsp; La cultura incaica.\u00a0Horkheimer, Hans.<\/p>\n","protected":false},"author":2167,"featured_media":0,"parent":0,"menu_order":0,"comment_status":"open","ping_status":"open","template":"","meta":{"footnotes":""},"class_list":["post-224","page","type-page","status-publish","hentry"],"_links":{"self":[{"href":"https:\/\/blogs.ua.es\/incas\/wp-json\/wp\/v2\/pages\/224","targetHints":{"allow":["GET"]}}],"collection":[{"href":"https:\/\/blogs.ua.es\/incas\/wp-json\/wp\/v2\/pages"}],"about":[{"href":"https:\/\/blogs.ua.es\/incas\/wp-json\/wp\/v2\/types\/page"}],"author":[{"embeddable":true,"href":"https:\/\/blogs.ua.es\/incas\/wp-json\/wp\/v2\/users\/2167"}],"replies":[{"embeddable":true,"href":"https:\/\/blogs.ua.es\/incas\/wp-json\/wp\/v2\/comments?post=224"}],"version-history":[{"count":1,"href":"https:\/\/blogs.ua.es\/incas\/wp-json\/wp\/v2\/pages\/224\/revisions"}],"predecessor-version":[{"id":225,"href":"https:\/\/blogs.ua.es\/incas\/wp-json\/wp\/v2\/pages\/224\/revisions\/225"}],"wp:attachment":[{"href":"https:\/\/blogs.ua.es\/incas\/wp-json\/wp\/v2\/media?parent=224"}],"curies":[{"name":"wp","href":"https:\/\/api.w.org\/{rel}","templated":true}]}}