{"id":49,"date":"2012-01-09T16:34:06","date_gmt":"2012-01-09T16:34:06","guid":{"rendered":"https:\/\/blogs.ua.es\/incas\/?page_id=49"},"modified":"2012-01-09T19:38:36","modified_gmt":"2012-01-09T19:38:36","slug":"cronologia-historica-de-la-civilizacion-inca","status":"publish","type":"page","link":"https:\/\/blogs.ua.es\/incas\/cronologia-historica-de-la-civilizacion-inca\/","title":{"rendered":"Cronolog\u00eda"},"content":{"rendered":"<p>1099 -1170 Manco C\u00e1pac, fundador de la ciudad de Cuzco (1100).<\/p>\n<p>&nbsp;<\/p>\n<p>1438 -1453 Comienza el reinado de Pacacuti Inca Yupanqui, el que continu\u00f3 con la pol\u00edtica de expansi\u00f3n imperialista de los Incas. (1438 &#8211; 1471)<\/p>\n<p>1452 &#8211; 11475 Anexi\u00f3n del reino Chim\u00fa por el Inca T\u00fapac Yupanqui. Aparece el Tahuantisunyu, organizaci\u00f3n imperial Inca (1460)<\/p>\n<p>1493 &#8211; 1504 Inicio del reinado de Huayna C\u00e1pac (desde 1493 hasta 1525).<\/p>\n<p>1514 &#8211; 1527 Per\u00edodo de Guerra civil incaica. Atahualpa toma prisionero a Huascar (1425).<\/p>\n<p>1530 &#8211; 1532 Francisco Pizarro desembarca en Tumbes y funda San Miguel de Piura (1532).<\/p>\n<p>1533 &#8211; 1538 Atahualpa es capturado por Pizarro y muere ejecutado (1533)<\/p>\n<p>1767 &#8211; 1777 Revuelta de T\u00fapac Amaru durante el gobierno espa\u00f1ol del virrey Agust\u00edn de J\u00e1uregui (1780).<\/p>\n<p>1781 &#8211; 1785 \u00faltimo mandatario inca, T\u00fapac Amaru, ejecutado en la plaza Cuzco (1781).<\/p>\n","protected":false},"excerpt":{"rendered":"<p>1099 -1170 Manco C\u00e1pac, fundador de la ciudad de Cuzco (1100). &nbsp; 1438 -1453 Comienza el reinado de Pacacuti Inca Yupanqui, el que continu\u00f3 con la pol\u00edtica de expansi\u00f3n imperialista de los Incas. (1438 &#8211; 1471) 1452 &#8211; 11475 Anexi\u00f3n del reino Chim\u00fa por el Inca T\u00fapac Yupanqui. Aparece el Tahuantisunyu, organizaci\u00f3n imperial Inca (1460) [&hellip;]<\/p>\n","protected":false},"author":2167,"featured_media":0,"parent":0,"menu_order":0,"comment_status":"open","ping_status":"open","template":"","meta":{"footnotes":""},"class_list":["post-49","page","type-page","status-publish","hentry"],"_links":{"self":[{"href":"https:\/\/blogs.ua.es\/incas\/wp-json\/wp\/v2\/pages\/49","targetHints":{"allow":["GET"]}}],"collection":[{"href":"https:\/\/blogs.ua.es\/incas\/wp-json\/wp\/v2\/pages"}],"about":[{"href":"https:\/\/blogs.ua.es\/incas\/wp-json\/wp\/v2\/types\/page"}],"author":[{"embeddable":true,"href":"https:\/\/blogs.ua.es\/incas\/wp-json\/wp\/v2\/users\/2167"}],"replies":[{"embeddable":true,"href":"https:\/\/blogs.ua.es\/incas\/wp-json\/wp\/v2\/comments?post=49"}],"version-history":[{"count":2,"href":"https:\/\/blogs.ua.es\/incas\/wp-json\/wp\/v2\/pages\/49\/revisions"}],"predecessor-version":[{"id":226,"href":"https:\/\/blogs.ua.es\/incas\/wp-json\/wp\/v2\/pages\/49\/revisions\/226"}],"wp:attachment":[{"href":"https:\/\/blogs.ua.es\/incas\/wp-json\/wp\/v2\/media?parent=49"}],"curies":[{"name":"wp","href":"https:\/\/api.w.org\/{rel}","templated":true}]}}