{"id":55,"date":"2012-01-09T16:36:23","date_gmt":"2012-01-09T16:36:23","guid":{"rendered":"https:\/\/blogs.ua.es\/incas\/?page_id=55"},"modified":"2012-01-09T16:36:23","modified_gmt":"2012-01-09T16:36:23","slug":"presentacion-del-blog-2","status":"publish","type":"page","link":"https:\/\/blogs.ua.es\/incas\/presentacion-del-blog-2\/","title":{"rendered":"presentaci\u00f3n del blog"},"content":{"rendered":"<p>En el siguiente blog se estudiar\u00e1 la civilizaci\u00f3n Inca, veremos cosas de aquella rep\u00fablica que exist\u00eda antes de los espa\u00f1oles su origen y evoluci\u00f3n a lo largo de la historia, sus, reyes, sus conquistas y costumbres. Todo esto solamente sobre el Imperio de los Incas, sin entrar en otras monarqu\u00edas.<\/p>\n<p>&nbsp;<\/p>\n","protected":false},"excerpt":{"rendered":"<p>En el siguiente blog se estudiar\u00e1 la civilizaci\u00f3n Inca, veremos cosas de aquella rep\u00fablica que exist\u00eda antes de los espa\u00f1oles su origen y evoluci\u00f3n a lo largo de la historia, sus, reyes, sus conquistas y costumbres. Todo esto solamente sobre el Imperio de los Incas, sin entrar en otras monarqu\u00edas. &nbsp;<\/p>\n","protected":false},"author":2167,"featured_media":0,"parent":0,"menu_order":0,"comment_status":"open","ping_status":"open","template":"","meta":{"footnotes":""},"class_list":["post-55","page","type-page","status-publish","hentry"],"_links":{"self":[{"href":"https:\/\/blogs.ua.es\/incas\/wp-json\/wp\/v2\/pages\/55","targetHints":{"allow":["GET"]}}],"collection":[{"href":"https:\/\/blogs.ua.es\/incas\/wp-json\/wp\/v2\/pages"}],"about":[{"href":"https:\/\/blogs.ua.es\/incas\/wp-json\/wp\/v2\/types\/page"}],"author":[{"embeddable":true,"href":"https:\/\/blogs.ua.es\/incas\/wp-json\/wp\/v2\/users\/2167"}],"replies":[{"embeddable":true,"href":"https:\/\/blogs.ua.es\/incas\/wp-json\/wp\/v2\/comments?post=55"}],"version-history":[{"count":1,"href":"https:\/\/blogs.ua.es\/incas\/wp-json\/wp\/v2\/pages\/55\/revisions"}],"predecessor-version":[{"id":56,"href":"https:\/\/blogs.ua.es\/incas\/wp-json\/wp\/v2\/pages\/55\/revisions\/56"}],"wp:attachment":[{"href":"https:\/\/blogs.ua.es\/incas\/wp-json\/wp\/v2\/media?parent=55"}],"curies":[{"name":"wp","href":"https:\/\/api.w.org\/{rel}","templated":true}]}}