{"id":57,"date":"2012-01-09T16:37:48","date_gmt":"2012-01-09T16:37:48","guid":{"rendered":"https:\/\/blogs.ua.es\/incas\/?page_id=57"},"modified":"2012-01-09T16:37:48","modified_gmt":"2012-01-09T16:37:48","slug":"presentacion-del-tema","status":"publish","type":"page","link":"https:\/\/blogs.ua.es\/incas\/presentacion-del-tema\/","title":{"rendered":"presentaci\u00f3n del tema"},"content":{"rendered":"<p>Los incas, tribu peque\u00f1a en su origen, fueron conquistando Am\u00e9rica del Sur en su franja de tierra monta\u00f1osa que bordea el oc\u00e9ano Pac\u00edfico. Se hicieron con un gran imperio, donde habitaban incluso gentes que no eran incas.<\/p>\n<p>El imperio inca termin\u00f3 de formarse en el siglo XV. Centralizado y organizado desde Cuzco. Para realizar sus conquistas normalmente llegaban a acuerdos con los pa\u00edses peque\u00f1os, donde los sus jefes e instituciones se manten\u00edan, pero pasaban a formar parte del imperio inca.<\/p>\n","protected":false},"excerpt":{"rendered":"<p>Los incas, tribu peque\u00f1a en su origen, fueron conquistando Am\u00e9rica del Sur en su franja de tierra monta\u00f1osa que bordea el oc\u00e9ano Pac\u00edfico. Se hicieron con un gran imperio, donde habitaban incluso gentes que no eran incas. El imperio inca termin\u00f3 de formarse en el siglo XV. Centralizado y organizado desde Cuzco. Para realizar sus [&hellip;]<\/p>\n","protected":false},"author":2167,"featured_media":0,"parent":0,"menu_order":0,"comment_status":"open","ping_status":"open","template":"","meta":{"footnotes":""},"class_list":["post-57","page","type-page","status-publish","hentry"],"_links":{"self":[{"href":"https:\/\/blogs.ua.es\/incas\/wp-json\/wp\/v2\/pages\/57","targetHints":{"allow":["GET"]}}],"collection":[{"href":"https:\/\/blogs.ua.es\/incas\/wp-json\/wp\/v2\/pages"}],"about":[{"href":"https:\/\/blogs.ua.es\/incas\/wp-json\/wp\/v2\/types\/page"}],"author":[{"embeddable":true,"href":"https:\/\/blogs.ua.es\/incas\/wp-json\/wp\/v2\/users\/2167"}],"replies":[{"embeddable":true,"href":"https:\/\/blogs.ua.es\/incas\/wp-json\/wp\/v2\/comments?post=57"}],"version-history":[{"count":1,"href":"https:\/\/blogs.ua.es\/incas\/wp-json\/wp\/v2\/pages\/57\/revisions"}],"predecessor-version":[{"id":58,"href":"https:\/\/blogs.ua.es\/incas\/wp-json\/wp\/v2\/pages\/57\/revisions\/58"}],"wp:attachment":[{"href":"https:\/\/blogs.ua.es\/incas\/wp-json\/wp\/v2\/media?parent=57"}],"curies":[{"name":"wp","href":"https:\/\/api.w.org\/{rel}","templated":true}]}}