{"id":11,"date":"2010-10-26T13:49:41","date_gmt":"2010-10-26T13:49:41","guid":{"rendered":"https:\/\/blogs.ua.es\/indumentariamoderna\/"},"modified":"2010-11-03T09:42:55","modified_gmt":"2010-11-03T09:42:55","slug":"3-las-modas","status":"publish","type":"page","link":"https:\/\/blogs.ua.es\/indumentariamoderna\/3-las-modas\/","title":{"rendered":"3. Modas"},"content":{"rendered":"<p>El vestido de los espa\u00f1oles durante el reinado de Carlos V fue el resultado de dos corrientes distintas: nacionalismo por una parte, afluencia continua de modas extranjeras por otra.<\/p>\n<p>La conciencia de que exist\u00eda una moda nacional era ya clara entre los espa\u00f1oles al comenzar el siglo XVI. Cuando Carlos de Austria hizo su primera entrada en la pen\u00ednsula, el a\u00f1o 1517, para los espa\u00f1oles era un extranjero. Lo era por su educaci\u00f3n y por su lengua, pero lo era tambi\u00e9n por su traje.<\/p>\n<p>Es un hecho que en el siglo XVI existieron marcadas diferencias nacionales en el modo de vestir; pero si consideramos en conjunto la moda europea de aquel siglo, notaremos que mayores que las diferencias fueron las semejanzas. En l\u00edneas generales la moda sigui\u00f3 en toda Europa un mismo camino y sirvi\u00f3 a unos mismos gustos e ideales. Algunas novedades aparec\u00edan con sorprendente simultaneidad en varios pa\u00edses; de otras, por el contrario, es posible seguir su difusi\u00f3n en etapas sucesivas, desde la naci\u00f3n de origen al resto de Europa.<\/p>\n","protected":false},"excerpt":{"rendered":"<p>El vestido de los espa\u00f1oles durante el reinado de Carlos V fue el resultado de dos corrientes distintas: nacionalismo por una parte, afluencia continua de modas extranjeras por otra. La conciencia de que exist\u00eda una moda nacional era ya clara entre los espa\u00f1oles al comenzar el siglo XVI. Cuando Carlos de Austria hizo su primera [&hellip;]<\/p>\n","protected":false},"author":1838,"featured_media":0,"parent":0,"menu_order":0,"comment_status":"open","ping_status":"open","template":"","meta":{"footnotes":""},"class_list":["post-11","page","type-page","status-publish","hentry"],"_links":{"self":[{"href":"https:\/\/blogs.ua.es\/indumentariamoderna\/wp-json\/wp\/v2\/pages\/11","targetHints":{"allow":["GET"]}}],"collection":[{"href":"https:\/\/blogs.ua.es\/indumentariamoderna\/wp-json\/wp\/v2\/pages"}],"about":[{"href":"https:\/\/blogs.ua.es\/indumentariamoderna\/wp-json\/wp\/v2\/types\/page"}],"author":[{"embeddable":true,"href":"https:\/\/blogs.ua.es\/indumentariamoderna\/wp-json\/wp\/v2\/users\/1838"}],"replies":[{"embeddable":true,"href":"https:\/\/blogs.ua.es\/indumentariamoderna\/wp-json\/wp\/v2\/comments?post=11"}],"version-history":[{"count":4,"href":"https:\/\/blogs.ua.es\/indumentariamoderna\/wp-json\/wp\/v2\/pages\/11\/revisions"}],"predecessor-version":[{"id":101,"href":"https:\/\/blogs.ua.es\/indumentariamoderna\/wp-json\/wp\/v2\/pages\/11\/revisions\/101"}],"wp:attachment":[{"href":"https:\/\/blogs.ua.es\/indumentariamoderna\/wp-json\/wp\/v2\/media?parent=11"}],"curies":[{"name":"wp","href":"https:\/\/api.w.org\/{rel}","templated":true}]}}