{"id":15,"date":"2010-10-26T13:50:14","date_gmt":"2010-10-26T13:50:14","guid":{"rendered":"https:\/\/blogs.ua.es\/indumentariamoderna\/"},"modified":"2010-11-03T08:55:29","modified_gmt":"2010-11-03T08:55:29","slug":"5-trajes-regionales","status":"publish","type":"page","link":"https:\/\/blogs.ua.es\/indumentariamoderna\/5-trajes-regionales\/","title":{"rendered":"4. Trajes Regionales"},"content":{"rendered":"<p style=\"text-align: justify\">Aunque escasos, han quedado testimonios de la existencia de trajes caracter\u00edsticos de los diferentes territorios de la Pen\u00ednsula. En esta p\u00e1gina se van a exponer algunos de estos testimonios directos de la \u00e9poca y se va a fragmentar el territorio espa\u00f1ol para tratar las costumbres indumentales de cada regi\u00f3n.<\/p>\n","protected":false},"excerpt":{"rendered":"<p>Aunque escasos, han quedado testimonios de la existencia de trajes caracter\u00edsticos de los diferentes territorios de la Pen\u00ednsula. En esta p\u00e1gina se van a exponer algunos de estos testimonios directos de la \u00e9poca y se va a fragmentar el territorio espa\u00f1ol para tratar las costumbres indumentales de cada regi\u00f3n.<\/p>\n","protected":false},"author":1838,"featured_media":0,"parent":0,"menu_order":0,"comment_status":"open","ping_status":"open","template":"","meta":{"footnotes":""},"class_list":["post-15","page","type-page","status-publish","hentry"],"_links":{"self":[{"href":"https:\/\/blogs.ua.es\/indumentariamoderna\/wp-json\/wp\/v2\/pages\/15","targetHints":{"allow":["GET"]}}],"collection":[{"href":"https:\/\/blogs.ua.es\/indumentariamoderna\/wp-json\/wp\/v2\/pages"}],"about":[{"href":"https:\/\/blogs.ua.es\/indumentariamoderna\/wp-json\/wp\/v2\/types\/page"}],"author":[{"embeddable":true,"href":"https:\/\/blogs.ua.es\/indumentariamoderna\/wp-json\/wp\/v2\/users\/1838"}],"replies":[{"embeddable":true,"href":"https:\/\/blogs.ua.es\/indumentariamoderna\/wp-json\/wp\/v2\/comments?post=15"}],"version-history":[{"count":11,"href":"https:\/\/blogs.ua.es\/indumentariamoderna\/wp-json\/wp\/v2\/pages\/15\/revisions"}],"predecessor-version":[{"id":73,"href":"https:\/\/blogs.ua.es\/indumentariamoderna\/wp-json\/wp\/v2\/pages\/15\/revisions\/73"}],"wp:attachment":[{"href":"https:\/\/blogs.ua.es\/indumentariamoderna\/wp-json\/wp\/v2\/media?parent=15"}],"curies":[{"name":"wp","href":"https:\/\/api.w.org\/{rel}","templated":true}]}}