{"id":153,"date":"2010-11-03T11:22:51","date_gmt":"2010-11-03T11:22:51","guid":{"rendered":"https:\/\/blogs.ua.es\/indumentariamoderna\/"},"modified":"2010-11-30T14:52:01","modified_gmt":"2010-11-30T14:52:01","slug":"0-presentacion-y-bibliografia","status":"publish","type":"page","link":"https:\/\/blogs.ua.es\/indumentariamoderna\/0-presentacion-y-bibliografia\/","title":{"rendered":"Presentaci\u00f3n"},"content":{"rendered":"<h3 style=\"text-align: justify\">Hola a todos.<\/h3>\n<p style=\"text-align: justify\">\u00a0<\/p>\n<p style=\"text-align: justify\">Soy Cristina, alumna de 4\u00ba de Humanidades, y este blog es producto de\u00a0la asignatura de Historia Moderna de Espa\u00f1a.<\/p>\n<p style=\"text-align: justify\">En primer lugar dedicar mis agradecimientos a la autora,\u00a0CARMEN BERNIS,\u00a0por la cual se me ha facilitado tanto mi tarea en este tema que eleg\u00ed, ignorando\u00a0totalmente\u00a0su complejidad por falta de fuentes bibliogr\u00e1ficas\u00a0y estudios dedicados al mismo.<\/p>\n<p style=\"text-align: justify\">Dicho tema, que ya\u00a0conocereis si habeis curioseado por el blog y, sino,\u00a0os animo a hacerlo, trata\u00a0sobre la\u00a0Indumentaria en la Espa\u00f1a Moderna (siglo XVI). En un primer momento mi intenci\u00f3n fue hacer un estudio y plasmar una visi\u00f3n general de toda la \u00e9poca Moderna en Espa\u00f1a (siglos XVI-XVIII), pero m\u00e1s adelante comprov\u00e9 que ten\u00eda un buen trabajo (y mucho que hacer) con todo lo que encontr\u00e9 sobre el siglo XVI.<\/p>\n","protected":false},"excerpt":{"rendered":"<p>Hola a todos. \u00a0 Soy Cristina, alumna de 4\u00ba de Humanidades, y este blog es producto de\u00a0la asignatura de Historia Moderna de Espa\u00f1a. En primer lugar dedicar mis agradecimientos a la autora,\u00a0CARMEN BERNIS,\u00a0por la cual se me ha facilitado tanto mi tarea en este tema que eleg\u00ed, ignorando\u00a0totalmente\u00a0su complejidad por falta de fuentes bibliogr\u00e1ficas\u00a0y estudios [&hellip;]<\/p>\n","protected":false},"author":1838,"featured_media":0,"parent":0,"menu_order":0,"comment_status":"open","ping_status":"open","template":"","meta":{"footnotes":""},"class_list":["post-153","page","type-page","status-publish","hentry"],"_links":{"self":[{"href":"https:\/\/blogs.ua.es\/indumentariamoderna\/wp-json\/wp\/v2\/pages\/153","targetHints":{"allow":["GET"]}}],"collection":[{"href":"https:\/\/blogs.ua.es\/indumentariamoderna\/wp-json\/wp\/v2\/pages"}],"about":[{"href":"https:\/\/blogs.ua.es\/indumentariamoderna\/wp-json\/wp\/v2\/types\/page"}],"author":[{"embeddable":true,"href":"https:\/\/blogs.ua.es\/indumentariamoderna\/wp-json\/wp\/v2\/users\/1838"}],"replies":[{"embeddable":true,"href":"https:\/\/blogs.ua.es\/indumentariamoderna\/wp-json\/wp\/v2\/comments?post=153"}],"version-history":[{"count":4,"href":"https:\/\/blogs.ua.es\/indumentariamoderna\/wp-json\/wp\/v2\/pages\/153\/revisions"}],"predecessor-version":[{"id":170,"href":"https:\/\/blogs.ua.es\/indumentariamoderna\/wp-json\/wp\/v2\/pages\/153\/revisions\/170"}],"wp:attachment":[{"href":"https:\/\/blogs.ua.es\/indumentariamoderna\/wp-json\/wp\/v2\/media?parent=153"}],"curies":[{"name":"wp","href":"https:\/\/api.w.org\/{rel}","templated":true}]}}