{"id":61,"date":"2011-12-21T18:31:11","date_gmt":"2011-12-21T18:31:11","guid":{"rendered":"https:\/\/blogs.ua.es\/industriaartesanalsudamerica\/?page_id=61"},"modified":"2012-01-17T21:18:14","modified_gmt":"2012-01-17T20:18:14","slug":"explicacion-general","status":"publish","type":"page","link":"https:\/\/blogs.ua.es\/industriaartesanalsudamerica\/explicacion-general\/","title":{"rendered":"Explicaci\u00f3n General"},"content":{"rendered":"<p>Con este blog no pretendemos que la persona que lo lea se convierta autom\u00e1ticamente en un experto en arqueolog\u00eda y arte precolombino. Nuestro objetivo es ofrecer una serie de referencias bibliogr\u00e1ficas que os puedan ayudar a recopilar informaci\u00f3n.<\/p>\n<p>Para ello hemos tratado de utilizar fuentes totalmente confiables y accesibles para todo el mundo que disponga de una conexi\u00f3n a internet, cosa muy viable en estos tiempos, a su vez que necesario.<\/p>\n<p>Nuestro trabajo se ha basado en la b\u00fasqueda de documentos en la red pero sin olvidarnos de la consulta f\u00edsica de los libros a los que hemos podido tener acceso. Los art\u00edculos de revistas especializadas han tenido un especial protagonismo pues han sido una fuente inagotable de informaci\u00f3n, y es que ya sabemos la importancia que tiene actualmente el conseguir publicar tus trabajos en una revista.<\/p>\n<p>Es una l\u00e1stima que no se puedan consultar de manera gratuita las revistas m\u00e1s reconocidas por la comunidad cient\u00edfica y s\u00f3lo ofrezcan, o bien res\u00famenes, o simplemente sus portadas a trav\u00e9s de internet. As\u00ed que hemos focalizado nuestros esfuerzos en las publicaciones a las que pod\u00edamos tener acceso gratuitamente en la red, revistas menos consultadas y reconocidas pero no por ello menos rigurosas en sus publicaciones.<\/p>\n<p>Hemos querido renunciar a un exceso de im\u00e1genes y v\u00eddeos, pues como hemos explicado anteriormente nuestra finalidad ha sido primar las referencias bibliogr\u00e1ficas, ya que consideramos m\u00e1s eficiente la informaci\u00f3n que uno mismo pueda sacar de un art\u00edculo a la que puedan proporcionarle a trav\u00e9s de un v\u00eddeo.<\/p>\n<p>Por \u00faltimo, comentar que hemos centrado nuestro estudio en las civilizaciones que ocuparon el altiplano andino, el actual Per\u00fa b\u00e1sicamente, pues en esa zona surgieron una gran cantidad de culturas, de las cuales sobresali\u00f3 la Inca, seguramente por ser una de las \u00faltimas en aparecer, por tanto la cultura que los espa\u00f1oles encontraron en su llegada al Nuevo Mundo, as\u00ed como la m\u00e1s agresiva respecto a los dem\u00e1s pueblos de su tiempo, lo que les ayud\u00f3 a conseguir dominar el gran imperio que formaron y s\u00f3lo pudieron ser frenados por los espa\u00f1oles y la superioridad tecnol\u00f3gica de \u00e9stos.<\/p>\n","protected":false},"excerpt":{"rendered":"<p>Con este blog no pretendemos que la persona que lo lea se convierta autom\u00e1ticamente en un experto en arqueolog\u00eda y arte precolombino. Nuestro objetivo es ofrecer una serie de referencias bibliogr\u00e1ficas que os puedan ayudar a recopilar informaci\u00f3n. Para ello hemos tratado de utilizar fuentes totalmente confiables y accesibles para todo el mundo que disponga [&hellip;]<\/p>\n","protected":false},"author":2511,"featured_media":0,"parent":0,"menu_order":0,"comment_status":"open","ping_status":"open","template":"","meta":{"footnotes":""},"class_list":["post-61","page","type-page","status-publish","hentry"],"_links":{"self":[{"href":"https:\/\/blogs.ua.es\/industriaartesanalsudamerica\/wp-json\/wp\/v2\/pages\/61","targetHints":{"allow":["GET"]}}],"collection":[{"href":"https:\/\/blogs.ua.es\/industriaartesanalsudamerica\/wp-json\/wp\/v2\/pages"}],"about":[{"href":"https:\/\/blogs.ua.es\/industriaartesanalsudamerica\/wp-json\/wp\/v2\/types\/page"}],"author":[{"embeddable":true,"href":"https:\/\/blogs.ua.es\/industriaartesanalsudamerica\/wp-json\/wp\/v2\/users\/2511"}],"replies":[{"embeddable":true,"href":"https:\/\/blogs.ua.es\/industriaartesanalsudamerica\/wp-json\/wp\/v2\/comments?post=61"}],"version-history":[{"count":5,"href":"https:\/\/blogs.ua.es\/industriaartesanalsudamerica\/wp-json\/wp\/v2\/pages\/61\/revisions"}],"predecessor-version":[{"id":212,"href":"https:\/\/blogs.ua.es\/industriaartesanalsudamerica\/wp-json\/wp\/v2\/pages\/61\/revisions\/212"}],"wp:attachment":[{"href":"https:\/\/blogs.ua.es\/industriaartesanalsudamerica\/wp-json\/wp\/v2\/media?parent=61"}],"curies":[{"name":"wp","href":"https:\/\/api.w.org\/{rel}","templated":true}]}}