{"id":65,"date":"2011-12-21T18:32:53","date_gmt":"2011-12-21T18:32:53","guid":{"rendered":"https:\/\/blogs.ua.es\/industriaartesanalsudamerica\/?page_id=65"},"modified":"2012-01-19T11:24:36","modified_gmt":"2012-01-19T10:24:36","slug":"recursos-informacion-consultados","status":"publish","type":"page","link":"https:\/\/blogs.ua.es\/industriaartesanalsudamerica\/recursos-informacion-consultados\/","title":{"rendered":"Recursos Informaci\u00f3n Consultados"},"content":{"rendered":"<p>Para realizar este trabajo, y para obtener mejores conocimientos sobre el tema, se nos ha dado una lista con los mejores buscadores de informaci\u00f3n; con el objetivo de encontrar fuentes de mayor calidad; fuentes, en definitiva, m\u00e1s fiables. Los recursos que hemos utilizado han sido en su mayor\u00eda virtuales. A dos de ellos ten\u00e9is acceso directo mediante un enlace desde este blog, como son Dialnet y el cat\u00e1logo de la Biblioteca Americana de la Biblioteca virtual Miguel de Cervantes. Tambi\u00e9n hemos utilizado el cat\u00e1logo de la Biblioteca de la Universidad de Alicante, as\u00ed como el repositorio de \u00e9sta. Sin olvidarnos de las posibilidades que nos ha ofrecido google books y google acad\u00e9mico, recursos de informaci\u00f3n muy v\u00e1lidos.<\/p>\n<p>As\u00ed que como pod\u00e9is comprobar hemos tratado de utilizar recursos accesibles para todo el mundo con la finalidad de ofrecer un acceso sencillo a los contenidos que hemos publicado.<\/p>\n","protected":false},"excerpt":{"rendered":"<p>Para realizar este trabajo, y para obtener mejores conocimientos sobre el tema, se nos ha dado una lista con los mejores buscadores de informaci\u00f3n; con el objetivo de encontrar fuentes de mayor calidad; fuentes, en definitiva, m\u00e1s fiables. Los recursos que hemos utilizado han sido en su mayor\u00eda virtuales. A dos de ellos ten\u00e9is acceso [&hellip;]<\/p>\n","protected":false},"author":2511,"featured_media":0,"parent":0,"menu_order":0,"comment_status":"open","ping_status":"open","template":"","meta":{"footnotes":""},"class_list":["post-65","page","type-page","status-publish","hentry"],"_links":{"self":[{"href":"https:\/\/blogs.ua.es\/industriaartesanalsudamerica\/wp-json\/wp\/v2\/pages\/65","targetHints":{"allow":["GET"]}}],"collection":[{"href":"https:\/\/blogs.ua.es\/industriaartesanalsudamerica\/wp-json\/wp\/v2\/pages"}],"about":[{"href":"https:\/\/blogs.ua.es\/industriaartesanalsudamerica\/wp-json\/wp\/v2\/types\/page"}],"author":[{"embeddable":true,"href":"https:\/\/blogs.ua.es\/industriaartesanalsudamerica\/wp-json\/wp\/v2\/users\/2511"}],"replies":[{"embeddable":true,"href":"https:\/\/blogs.ua.es\/industriaartesanalsudamerica\/wp-json\/wp\/v2\/comments?post=65"}],"version-history":[{"count":6,"href":"https:\/\/blogs.ua.es\/industriaartesanalsudamerica\/wp-json\/wp\/v2\/pages\/65\/revisions"}],"predecessor-version":[{"id":218,"href":"https:\/\/blogs.ua.es\/industriaartesanalsudamerica\/wp-json\/wp\/v2\/pages\/65\/revisions\/218"}],"wp:attachment":[{"href":"https:\/\/blogs.ua.es\/industriaartesanalsudamerica\/wp-json\/wp\/v2\/media?parent=65"}],"curies":[{"name":"wp","href":"https:\/\/api.w.org\/{rel}","templated":true}]}}