{"id":69,"date":"2011-12-21T18:33:21","date_gmt":"2011-12-21T18:33:21","guid":{"rendered":"https:\/\/blogs.ua.es\/industriaartesanalsudamerica\/?page_id=69"},"modified":"2012-01-19T11:17:24","modified_gmt":"2012-01-19T10:17:24","slug":"valoracion-general","status":"publish","type":"page","link":"https:\/\/blogs.ua.es\/industriaartesanalsudamerica\/valoracion-general\/","title":{"rendered":"Valoraci\u00f3n General"},"content":{"rendered":"<p>Hemos de reconocer que la idea de hacer un blog no nos entusiasm\u00f3 al principio. Los dos eramos totalmente ne\u00f3fitos en el asunto y no conoc\u00edamos las grandes posibilidades que puede ofrecer un blog como modo de comunicaci\u00f3n y expresi\u00f3n de ideas. Nos ha parecido una herramienta muy \u00fatil, accesible, de f\u00e1cil manejo y que ofrece mucha frescura a la hora de compartir informaci\u00f3n.<\/p>\n<p>El trabajo tambi\u00e9n nos ha servido para conocer un poco m\u00e1s de las ocupaciones que existieron en uno de los lugares m\u00e1s prol\u00edficos en cuanto a culturas antiguas se refiere, y de las que conoc\u00edamos casi en exclusividad a la Inca, cuando fue la \u00faltima en surgir y la m\u00e1s ef\u00edmera en cuanto a tiempo de control de los territorios se refiere, pero ya sabemos todos la importancia que tuvieron y el gran Imperio que consiguieron dominar.<\/p>\n<p>En resumen, hemos quedado muy satisfechos con la experiencia y desde aqu\u00ed animamos a todo el mundo a que pruebe a crear su propio blog con el tema que m\u00e1s le interese o le guste, NO OS DEFRAUDAR\u00c1!!<\/p>\n","protected":false},"excerpt":{"rendered":"<p>Hemos de reconocer que la idea de hacer un blog no nos entusiasm\u00f3 al principio. Los dos eramos totalmente ne\u00f3fitos en el asunto y no conoc\u00edamos las grandes posibilidades que puede ofrecer un blog como modo de comunicaci\u00f3n y expresi\u00f3n de ideas. Nos ha parecido una herramienta muy \u00fatil, accesible, de f\u00e1cil manejo y que [&hellip;]<\/p>\n","protected":false},"author":2511,"featured_media":0,"parent":0,"menu_order":0,"comment_status":"open","ping_status":"open","template":"","meta":{"footnotes":""},"class_list":["post-69","page","type-page","status-publish","hentry"],"_links":{"self":[{"href":"https:\/\/blogs.ua.es\/industriaartesanalsudamerica\/wp-json\/wp\/v2\/pages\/69","targetHints":{"allow":["GET"]}}],"collection":[{"href":"https:\/\/blogs.ua.es\/industriaartesanalsudamerica\/wp-json\/wp\/v2\/pages"}],"about":[{"href":"https:\/\/blogs.ua.es\/industriaartesanalsudamerica\/wp-json\/wp\/v2\/types\/page"}],"author":[{"embeddable":true,"href":"https:\/\/blogs.ua.es\/industriaartesanalsudamerica\/wp-json\/wp\/v2\/users\/2511"}],"replies":[{"embeddable":true,"href":"https:\/\/blogs.ua.es\/industriaartesanalsudamerica\/wp-json\/wp\/v2\/comments?post=69"}],"version-history":[{"count":4,"href":"https:\/\/blogs.ua.es\/industriaartesanalsudamerica\/wp-json\/wp\/v2\/pages\/69\/revisions"}],"predecessor-version":[{"id":256,"href":"https:\/\/blogs.ua.es\/industriaartesanalsudamerica\/wp-json\/wp\/v2\/pages\/69\/revisions\/256"}],"wp:attachment":[{"href":"https:\/\/blogs.ua.es\/industriaartesanalsudamerica\/wp-json\/wp\/v2\/media?parent=69"}],"curies":[{"name":"wp","href":"https:\/\/api.w.org\/{rel}","templated":true}]}}