{"id":90,"date":"2012-01-12T16:46:24","date_gmt":"2012-01-12T16:46:24","guid":{"rendered":"https:\/\/blogs.ua.es\/industriacalsatvallvinalopo\/?page_id=90"},"modified":"2012-01-16T18:27:02","modified_gmt":"2012-01-16T18:27:02","slug":"presentacio-del-blog","status":"publish","type":"page","link":"https:\/\/blogs.ua.es\/industriacalsatvallvinalopo\/presentacio-del-blog\/","title":{"rendered":"Presentaci\u00f3 del blog"},"content":{"rendered":"<p style=\"text-align: left\">Alejandro i Gabriel:<\/p>\n<p style=\"text-align: left\">Sigueu tots benvinguts al present blog: la ind\u00fastria del cal\u00e7at a la Vall del Vinalop\u00f3. Un tema que sovint no coneixem i que\u00a0trobem en un gran marc com \u00e9s la ind\u00fastria en si mateixa. Malgrat aix\u00f2 a nivell regional aquesta ind\u00fastria \u00e9s de vital import\u00e0ncia, tant hist\u00f2ricament com en l&#8217;actualitat.<\/p>\n<p style=\"text-align: left\">En aquest blog trobem una petita presentaci\u00f3 de la situaci\u00f3 de la ind\u00fastria del cal\u00e7at a la Vall del Vinalop\u00f3, centrant la investigaci\u00f3 sobre tot en les principals ciutats especialitzades en el sector, com s\u00f3n Elx, Villena i Elda. S&#8217;abarquen temes de gran inter\u00e9s, desde els inicis del cal\u00e7at amb l&#8217;espart, passant per la globalitzaci\u00f3 de la ind\u00fastria i la deslocalitzaci\u00f3 de les empreses, fins a la situaci\u00f3 del treball i dels seus ocupants entre altres cosses.<\/p>\n<p style=\"text-align: left\">La informaci\u00f3 referenciada i publicada \u00e9s de total confian\u00e7a i veracitat, elaborada per importants i capacitats professionals i investigadors.<\/p>\n<p style=\"text-align: left\">Confiem que vos agrade i que vos siga d&#8217;utilitat.<\/p>\n<p style=\"text-align: left\">Gr\u00e0cies<\/p>\n","protected":false},"excerpt":{"rendered":"<p>Alejandro i Gabriel: Sigueu tots benvinguts al present blog: la ind\u00fastria del cal\u00e7at a la Vall del Vinalop\u00f3. Un tema que sovint no coneixem i que\u00a0trobem en un gran marc com \u00e9s la ind\u00fastria en si mateixa. Malgrat aix\u00f2 a nivell regional aquesta ind\u00fastria \u00e9s de vital import\u00e0ncia, tant hist\u00f2ricament com en l&#8217;actualitat. En aquest [&hellip;]<\/p>\n","protected":false},"author":2486,"featured_media":0,"parent":0,"menu_order":1,"comment_status":"open","ping_status":"closed","template":"","meta":{"footnotes":""},"class_list":["post-90","page","type-page","status-publish","hentry"],"_links":{"self":[{"href":"https:\/\/blogs.ua.es\/industriacalsatvallvinalopo\/wp-json\/wp\/v2\/pages\/90","targetHints":{"allow":["GET"]}}],"collection":[{"href":"https:\/\/blogs.ua.es\/industriacalsatvallvinalopo\/wp-json\/wp\/v2\/pages"}],"about":[{"href":"https:\/\/blogs.ua.es\/industriacalsatvallvinalopo\/wp-json\/wp\/v2\/types\/page"}],"author":[{"embeddable":true,"href":"https:\/\/blogs.ua.es\/industriacalsatvallvinalopo\/wp-json\/wp\/v2\/users\/2486"}],"replies":[{"embeddable":true,"href":"https:\/\/blogs.ua.es\/industriacalsatvallvinalopo\/wp-json\/wp\/v2\/comments?post=90"}],"version-history":[{"count":6,"href":"https:\/\/blogs.ua.es\/industriacalsatvallvinalopo\/wp-json\/wp\/v2\/pages\/90\/revisions"}],"predecessor-version":[{"id":102,"href":"https:\/\/blogs.ua.es\/industriacalsatvallvinalopo\/wp-json\/wp\/v2\/pages\/90\/revisions\/102"}],"wp:attachment":[{"href":"https:\/\/blogs.ua.es\/industriacalsatvallvinalopo\/wp-json\/wp\/v2\/media?parent=90"}],"curies":[{"name":"wp","href":"https:\/\/api.w.org\/{rel}","templated":true}]}}