{"id":94,"date":"2012-01-12T16:49:02","date_gmt":"2012-01-12T16:49:02","guid":{"rendered":"https:\/\/blogs.ua.es\/industriacalsatvallvinalopo\/?page_id=94"},"modified":"2012-01-18T16:22:28","modified_gmt":"2012-01-18T16:22:28","slug":"recursos-dinformacio","status":"publish","type":"page","link":"https:\/\/blogs.ua.es\/industriacalsatvallvinalopo\/recursos-dinformacio\/","title":{"rendered":"Recursos d&#8217;informaci\u00f3"},"content":{"rendered":"<p>D&#8217;Ilici a Elx. Una aventura de 2.500 anys d&#8217;hist\u00f2ria.<\/p>\n<p><a href=\"https:\/\/blogs.ua.es\/industriacalsatvallvinalopo\/files\/2012\/01\/dIliciaElx.jpg\"><img loading=\"lazy\" decoding=\"async\" class=\"aligncenter size-medium wp-image-140\" src=\"https:\/\/blogs.ua.es\/industriacalsatvallvinalopo\/files\/2012\/01\/dIliciaElx-220x300.jpg\" alt=\"\" width=\"220\" height=\"300\" srcset=\"https:\/\/blogs.ua.es\/industriacalsatvallvinalopo\/files\/2012\/01\/dIliciaElx-220x300.jpg 220w, https:\/\/blogs.ua.es\/industriacalsatvallvinalopo\/files\/2012\/01\/dIliciaElx.jpg 386w\" sizes=\"auto, (max-width: 220px) 100vw, 220px\" \/><\/a>VICENTE L\u00d3PEZ, Orlando. <em>D\u2019Ilici a Elx. Una aventura de 2.500 anys d\u2019hist\u00f2ria<\/em>. (Manuel GONZ\u00c1LEZ, David G\u00d3MEZ, Carlos VALERO). 1\u00aa Edici\u00f3. Elx: Ajuntament d\u2019Elx, 2006. ISBN.: 84-89479-81-1<\/p>\n<p>Es tracta d&#8217;una entretinguda historia en format c\u00f2mic que conta de forma rigurosa i amena amb els il\u00b7licitans com a protagonistes, les diferents etapes hist\u00f2riques per les quals ha passat Elx, desde la neolititzaci\u00f3, passant per la reconquesta i la guerra civil, fins als nostres dies.<\/p>\n<p>&#8212;&#8212;&#8212;&#8212;&#8212;&#8212;&#8212;&#8212;&#8212;&#8212;&#8212;&#8212;&#8212;&#8212;&#8212;&#8212;&#8212;&#8212;&#8212;&#8212;&#8212;&#8212;&#8212;&#8212;&#8212;&#8212;&#8212;&#8212;&#8211;<\/p>\n<p>El calzado en el Vinalop\u00f3, entre la continuidad y la ruptura<\/p>\n<p><a href=\"https:\/\/blogs.ua.es\/industriacalsatvallvinalopo\/files\/2012\/01\/Calzado-vinalop\u00f3.jpg\"><img loading=\"lazy\" decoding=\"async\" class=\"aligncenter size-medium wp-image-143\" src=\"https:\/\/blogs.ua.es\/industriacalsatvallvinalopo\/files\/2012\/01\/Calzado-vinalop\u00f3-211x300.jpg\" alt=\"\" width=\"211\" height=\"300\" srcset=\"https:\/\/blogs.ua.es\/industriacalsatvallvinalopo\/files\/2012\/01\/Calzado-vinalop\u00f3-211x300.jpg 211w, https:\/\/blogs.ua.es\/industriacalsatvallvinalopo\/files\/2012\/01\/Calzado-vinalop\u00f3.jpg 422w\" sizes=\"auto, (max-width: 211px) 100vw, 211px\" \/><\/a>YBARRA, Josep Antoni.<em> El calzado en el Vinalop\u00f3, entre la continuidad y la ruptura<\/em>. (Bego\u00f1a SAN MIGUEL, Jorge HURTADO, M\u00aa Jes\u00fas SANTA MAR\u00cdA). 1\u00aa Edici\u00f3. Universitat d&#8217;Alacant:\u00a0<span style=\"line-height: 24px\">Ayto de Elche;\u00a0<\/span><span style=\"line-height: 24px\">I.D.E.L.S.A;\u00a0<\/span><span style=\"line-height: 24px\">Ayto de Petrer, 2004. \u00a0<\/span><\/p>\n<p>Intessant investigaci\u00f3 sobre economia i treball de la ind\u00fastria del cal\u00e7at on s&#8217;abarquen temes com ara la situaci\u00f3 de la dona en el sector, l&#8217;impacte que suposa la immigraci\u00f3 i l&#8217;economia submergida.<\/p>\n<p>&#8212;&#8212;&#8212;&#8212;&#8212;&#8212;&#8212;&#8212;&#8212;&#8212;&#8212;&#8212;&#8212;&#8212;&#8212;&#8212;&#8212;&#8212;&#8212;&#8212;&#8212;&#8212;&#8212;&#8212;&#8212;&#8212;&#8212;&#8212;&#8212;<\/p>\n<p>Elx i la ind\u00fastria espanyola del cal\u00e7at<\/p>\n<p><a href=\"https:\/\/blogs.ua.es\/industriacalsatvallvinalopo\/files\/2012\/01\/elxcal\u00e7atindustria.jpg\"><img loading=\"lazy\" decoding=\"async\" class=\"aligncenter size-medium wp-image-170\" src=\"https:\/\/blogs.ua.es\/industriacalsatvallvinalopo\/files\/2012\/01\/elxcal\u00e7atindustria-213x300.jpg\" alt=\"\" width=\"213\" height=\"300\" srcset=\"https:\/\/blogs.ua.es\/industriacalsatvallvinalopo\/files\/2012\/01\/elxcal\u00e7atindustria-213x300.jpg 213w, https:\/\/blogs.ua.es\/industriacalsatvallvinalopo\/files\/2012\/01\/elxcal\u00e7atindustria.jpg 380w\" sizes=\"auto, (max-width: 213px) 100vw, 213px\" \/><\/a><\/p>\n<p>MIRANDA ENCARNACI\u00d3N, Jos\u00e9 Antonio. <em>Elx i la ind\u00fastria espanyola del cal\u00e7at<\/em>. 1\u00aa edici\u00f3. Elx: Ajuntament d&#8217;Elx, 1995. (Temes d&#8217;Elx; n\u00ba 21). ISBN.:84-89479-05-4<\/p>\n<p>En aquest llibre es fa un important an\u00e0lisi a trav\u00e9s del temps, des de guerra civil espanyola fins al final de l&#8217;autarquia franquista, de l&#8217;evoluci\u00f3 de la ind\u00fastria del cal\u00e7at i les decicions pol\u00edtiques que tingueren alguna repercussi\u00f3 en el desenvolupament del sector.<\/p>\n<p>&#8212;&#8212;&#8212;&#8212;&#8212;&#8212;&#8212;&#8212;&#8212;&#8212;&#8212;&#8212;&#8212;&#8212;&#8212;&#8212;&#8212;&#8212;&#8212;&#8212;&#8212;&#8212;&#8212;&#8212;&#8212;&#8212;&#8212;&#8212;&#8211;<\/p>\n<p>La industria del calzado en el Valle del Vinalop\u00f3<\/p>\n<p>&nbsp;<\/p>\n<p><a href=\"https:\/\/blogs.ua.es\/industriacalsatvallvinalopo\/files\/2012\/01\/indusvallvinapolo.jpg\"><img loading=\"lazy\" decoding=\"async\" class=\"aligncenter size-medium wp-image-229\" src=\"https:\/\/blogs.ua.es\/industriacalsatvallvinalopo\/files\/2012\/01\/indusvallvinapolo-225x300.jpg\" alt=\"\" width=\"225\" height=\"300\" srcset=\"https:\/\/blogs.ua.es\/industriacalsatvallvinalopo\/files\/2012\/01\/indusvallvinapolo-225x300.jpg 225w, https:\/\/blogs.ua.es\/industriacalsatvallvinalopo\/files\/2012\/01\/indusvallvinapolo.jpg 480w\" sizes=\"auto, (max-width: 225px) 100vw, 225px\" \/><\/a><\/p>\n<p>BERNABEU MAESTRE, JOS\u00c9 M. <em>La industria del calzado en el Valle del Vinalop\u00f3<\/em>. 1\u00aa edici\u00f3n. Departamento de Geograf\u00eda, Universidad de Valencia: Cooperativa Caja de Cr\u00e9dito de Petrel, Ayto de Petrel, F.I.C.I.A., 1976. ISBN: 84-600-0554-2<\/p>\n<p>&nbsp;<\/p>\n<p>&#8212;&#8212;&#8212;&#8212;&#8212;&#8212;&#8212;&#8212;&#8212;&#8212;&#8212;&#8212;&#8212;&#8212;&#8212;&#8212;&#8212;&#8212;&#8212;&#8212;&#8212;&#8212;&#8212;&#8212;&#8212;&#8212;&#8212;&#8212;&#8211;<\/p>\n<p>P\u00e0gina wew del museo del Cal\u00e7at<\/p>\n<figure id=\"attachment_147\" aria-describedby=\"caption-attachment-147\" style=\"width: 300px\" class=\"wp-caption aligncenter\"><a href=\"https:\/\/blogs.ua.es\/industriacalsatvallvinalopo\/files\/2012\/01\/museocalzadoelda.jpg\"><img loading=\"lazy\" decoding=\"async\" class=\"size-medium wp-image-147\" src=\"https:\/\/blogs.ua.es\/industriacalsatvallvinalopo\/files\/2012\/01\/museocalzadoelda-300x220.jpg\" alt=\"\" width=\"300\" height=\"220\" srcset=\"https:\/\/blogs.ua.es\/industriacalsatvallvinalopo\/files\/2012\/01\/museocalzadoelda-300x220.jpg 300w, https:\/\/blogs.ua.es\/industriacalsatvallvinalopo\/files\/2012\/01\/museocalzadoelda.jpg 1004w\" sizes=\"auto, (max-width: 300px) 100vw, 300px\" \/><\/a><figcaption id=\"caption-attachment-147\" class=\"wp-caption-text\">P\u00e0gina principal de la web<\/figcaption><\/figure>\n<p><em>Museo del Calzado<\/em>. Ayuntamiento de Elda, 2002[consulta: 13-01-2012]. Disponible en: http:\/\/www.museocalzado.com\/index.php<\/p>\n<p>Atraien p\u00e0gina sobre el cal\u00e7at a Elda que informa de diferents noticies, activitats, concursos i exposicions relacionades amb aquest sector.<\/p>\n<p>&#8212;&#8212;&#8212;&#8212;&#8212;&#8212;&#8212;&#8212;&#8212;&#8212;&#8212;&#8212;&#8212;&#8212;&#8212;&#8212;&#8212;&#8212;&#8212;&#8212;&#8212;&#8212;&#8212;&#8212;&#8212;&#8212;&#8212;&#8212;&#8212;&#8212;<\/p>\n<p>P\u00e0gina web Memoria digital de Elche<\/p>\n<figure id=\"attachment_177\" aria-describedby=\"caption-attachment-177\" style=\"width: 300px\" class=\"wp-caption aligncenter\"><a href=\"https:\/\/blogs.ua.es\/industriacalsatvallvinalopo\/files\/2012\/01\/memoridigielx.jpg\"><img loading=\"lazy\" decoding=\"async\" class=\"size-medium wp-image-177\" src=\"https:\/\/blogs.ua.es\/industriacalsatvallvinalopo\/files\/2012\/01\/memoridigielx-300x231.jpg\" alt=\"\" width=\"300\" height=\"231\" srcset=\"https:\/\/blogs.ua.es\/industriacalsatvallvinalopo\/files\/2012\/01\/memoridigielx-300x231.jpg 300w, https:\/\/blogs.ua.es\/industriacalsatvallvinalopo\/files\/2012\/01\/memoridigielx.jpg 969w\" sizes=\"auto, (max-width: 300px) 100vw, 300px\" \/><\/a><figcaption id=\"caption-attachment-177\" class=\"wp-caption-text\">P\u00e0gina principal de la web<\/figcaption><\/figure>\n<p><em>Memoria digital de Elche, Rescatando la memoria de los ilicitanos<\/em>. UMH d&#8217;Elx, 2011 [consulta: 17-01-2012]. Disponible en\u00a0http:\/\/www.elche.me\/<\/p>\n<p>Immensa p\u00e1gina que recopila informaci\u00f3 de la ciutat d&#8217;Elx, tant biografies de personalitats importans o fotografies de l&#8217;entorn il\u00b7licit\u00e0 com imatges hist\u00f2riques d&#8217;aquesta mil\u00b7lenaria ciutat.<\/p>\n<p>&#8212;&#8212;&#8212;&#8212;&#8212;&#8212;&#8212;&#8212;&#8212;&#8212;&#8212;&#8212;&#8212;&#8212;&#8212;&#8212;&#8212;&#8212;&#8212;&#8212;&#8212;&#8212;&#8212;&#8212;&#8212;&#8212;&#8212;&#8212;&#8212;&#8212;<\/p>\n<p>P\u00e0gina web Economia Elche<\/p>\n<p><a href=\"https:\/\/blogs.ua.es\/industriacalsatvallvinalopo\/files\/2012\/01\/economia-elche.jpg\"><img loading=\"lazy\" decoding=\"async\" class=\"aligncenter size-medium wp-image-190\" src=\"https:\/\/blogs.ua.es\/industriacalsatvallvinalopo\/files\/2012\/01\/economia-elche-300x238.jpg\" alt=\"P\u00e0gina principal de la web\" width=\"300\" height=\"238\" srcset=\"https:\/\/blogs.ua.es\/industriacalsatvallvinalopo\/files\/2012\/01\/economia-elche-300x238.jpg 300w, https:\/\/blogs.ua.es\/industriacalsatvallvinalopo\/files\/2012\/01\/economia-elche.jpg 814w\" sizes=\"auto, (max-width: 300px) 100vw, 300px\" \/><\/a><\/p>\n<p><em>Economia Elche<\/em>. Ajuntament d&#8217;Elx, 2004 [consulta: 17-01-2012]. Disponible en\u00a0<a href=\"http:\/\/economiaelche.com\/\">http:\/\/economiaelche.com\/<\/a><\/p>\n<p>&nbsp;<\/p>\n<p>&nbsp;<\/p>\n","protected":false},"excerpt":{"rendered":"<p>D&#8217;Ilici a Elx. Una aventura de 2.500 anys d&#8217;hist\u00f2ria. VICENTE L\u00d3PEZ, Orlando. D\u2019Ilici a Elx. Una aventura de 2.500 anys d\u2019hist\u00f2ria. (Manuel GONZ\u00c1LEZ, David G\u00d3MEZ, Carlos VALERO). 1\u00aa Edici\u00f3. Elx: Ajuntament d\u2019Elx, 2006. ISBN.: 84-89479-81-1 Es tracta d&#8217;una entretinguda historia en format c\u00f2mic que conta de forma rigurosa i amena amb els il\u00b7licitans com a [&hellip;]<\/p>\n","protected":false},"author":2486,"featured_media":0,"parent":0,"menu_order":4,"comment_status":"open","ping_status":"closed","template":"","meta":{"footnotes":""},"class_list":["post-94","page","type-page","status-publish","hentry"],"_links":{"self":[{"href":"https:\/\/blogs.ua.es\/industriacalsatvallvinalopo\/wp-json\/wp\/v2\/pages\/94","targetHints":{"allow":["GET"]}}],"collection":[{"href":"https:\/\/blogs.ua.es\/industriacalsatvallvinalopo\/wp-json\/wp\/v2\/pages"}],"about":[{"href":"https:\/\/blogs.ua.es\/industriacalsatvallvinalopo\/wp-json\/wp\/v2\/types\/page"}],"author":[{"embeddable":true,"href":"https:\/\/blogs.ua.es\/industriacalsatvallvinalopo\/wp-json\/wp\/v2\/users\/2486"}],"replies":[{"embeddable":true,"href":"https:\/\/blogs.ua.es\/industriacalsatvallvinalopo\/wp-json\/wp\/v2\/comments?post=94"}],"version-history":[{"count":16,"href":"https:\/\/blogs.ua.es\/industriacalsatvallvinalopo\/wp-json\/wp\/v2\/pages\/94\/revisions"}],"predecessor-version":[{"id":124,"href":"https:\/\/blogs.ua.es\/industriacalsatvallvinalopo\/wp-json\/wp\/v2\/pages\/94\/revisions\/124"}],"wp:attachment":[{"href":"https:\/\/blogs.ua.es\/industriacalsatvallvinalopo\/wp-json\/wp\/v2\/media?parent=94"}],"curies":[{"name":"wp","href":"https:\/\/api.w.org\/{rel}","templated":true}]}}